{"id":62536,"date":"2022-03-14T15:12:05","date_gmt":"2022-03-14T14:12:05","guid":{"rendered":"https:\/\/dev.autohome-official.com\/perche-autohome\/mechanical-safety-tents\/"},"modified":"2022-03-15T09:06:40","modified_gmt":"2022-03-15T08:06:40","slug":"mechanical-safety-tents","status":"publish","type":"page","link":"https:\/\/dev.autohome-official.com\/fr\/perche-autohome\/mechanical-safety-tents\/","title":{"rendered":"Mechanical Safety &#8211; Tents"},"content":{"rendered":"<p>[vc_row][vc_column offset=\u00a0\u00bbvc_hidden-lg vc_hidden-md vc_hidden-sm\u00a0\u00bb][vc_empty_space height=\u00a0\u00bb0px\u00a0\u00bb][\/vc_column][\/vc_row][vc_row][vc_column offset=\u00a0\u00bbvc_hidden-lg vc_hidden-md vc_hidden-xs\u00a0\u00bb][vc_empty_space height=\u00a0\u00bb0px\u00a0\u00bb][\/vc_column][\/vc_row][vc_row][vc_column][vc_empty_space height=\u00a0\u00bb\u00a0\u00bb]<div class=\"breadcrumb-wrapper\"><ul class=\"breadcrumbs no-link\"><li><a href=\"https:\/\/dev.autohome-official.com\/fr\/\">Home<\/a> <span><i class=\"icon-right-open\"><\/i><\/span><\/li><li><a href=\"https:\/\/dev.autohome-official.com:443\/fr\/wp-json\/wp\/v2\/pages\/62536\/\"><\/a><\/li><\/ul><\/div>[vc_raw_html el_class=\u00a0\u00bbstory-skin-white mobileNoPadding\u00a0\u00bb css=\u00a0\u00bb.vc_custom_1647331464687{margin-bottom: 0px !important;padding-right: 5% !important;padding-left: 5% !important;}\u00a0\u00bb]JTNDcCUzRU5vdXMlMjBhdm9ucyUyMGxlJTIwcGxhaXNpciUyMGRlJTIwdm91cyUyMGluZm9ybWVyJTIwcXVlJTIwQXV0b2hvbWUlQzIlQUUlMjBhJTIwcGFzcyVDMyVBOSUyMGF2ZWMlMjBzdWNjJUMzJUE4cyUyMGxlcyUyMHRlc3RzJTIwQXV0b21vYmlsZSUyMHN1aXZhbnRzJTIwciVDMyVBOWFsaXMlQzMlQTlzJTIwcGFyJTIwbCUyN2VudGl0JUMzJUE5JTIwZW4lMjBjaGFyZ2UlMjBkZSUyMFQlQzMlOUNWJTIwUyVDMyU5Q0QuJTNDJTJGcCUzRQ==[\/vc_raw_html][\/vc_column][\/vc_row][vc_row equal_height=\u00a0\u00bbyes\u00a0\u00bb el_class=\u00a0\u00bbstory-skin-white mobileNoPadding\u00a0\u00bb css=\u00a0\u00bb.vc_custom_1646383768662{padding-right: 5% !important;padding-left: 5% !important;}\u00a0\u00bb][vc_column offset=\u00a0\u00bbvc_hidden-xs\u00a0\u00bb][vc_single_image image=\u00a0\u00bb62459&Prime; img_size=\u00a0\u00bbfull\u00a0\u00bb css=\u00a0\u00bb.vc_custom_1647330749758{margin-bottom: 25px !important;}\u00a0\u00bb][\/vc_column][\/vc_row][vc_row full_width=\u00a0\u00bbstretch_row\u00a0\u00bb equal_height=\u00a0\u00bbyes\u00a0\u00bb el_class=\u00a0\u00bbstory-skin-white mobileNoPadding\u00a0\u00bb css=\u00a0\u00bb.vc_custom_1646382933589{padding-right: 5% !important;padding-left: 5% !important;}\u00a0\u00bb][vc_column offset=\u00a0\u00bbvc_hidden-lg vc_hidden-md vc_hidden-sm\u00a0\u00bb][vc_single_image image=\u00a0\u00bb62483&Prime; img_size=\u00a0\u00bbfull\u00a0\u00bb][\/vc_column][\/vc_row][vc_row equal_height=\u00a0\u00bbyes\u00a0\u00bb el_class=\u00a0\u00bbstory-skin-white mobileNoPadding\u00a0\u00bb css=\u00a0\u00bb.vc_custom_1646384799674{padding-right: 5% !important;padding-left: 5% !important;}\u00a0\u00bb][vc_column][vc_raw_html css=\u00a0\u00bb.vc_custom_1647331477541{margin-bottom: 20px !important;}\u00a0\u00bb]JTNDaDIlM0VFU1NBSVMlMjBERSUyMFMlQzMlODlDVVJJVCVDMyU4OSUyME1FQ0FOSVFVRSUyMFNVUiUyMFRFTlRFUyUyMERFJTIwVE9JVCUzQyUyRmgyJTNFJTBBJTNDcCUzRUZvcm11bGFpcmUlMjAlM0ElMjBJVEFfRl8wOS4wMUUlM0NiciUyRiUzRVJBUFBPUlQlMjBEJTI3RVNTQUklMjBOJUMyJUIwJTIwTUVTMTgzMDc2MkEwMVRSJTNDJTJGcCUzRSUwQQ==[\/vc_raw_html][vc_raw_html css=\u00a0\u00bb.vc_custom_1647331488921{margin-bottom: 0px !important;}\u00a0\u00bb]JTNDaDQlM0VEVVJBQklMSVRZJTIwVEVTVCUzQyUyRmg0JTNFJTBBJTNDaDMlM0VURVNUJTIwREUlMjBEVVJBQklMSVQlQzMlODklMjBPVVZFUlRVUkUlMkMlMjBGRVJNRVRVUkUlMjBFVCUyMEdMSVNTSSVDMyU4OFJFUyUyMCUyODMwMCUyMEZPSVMlMjklM0MlMkZoMyUzRQ==[\/vc_raw_html][\/vc_column][\/vc_row][vc_row][vc_column offset=\u00a0\u00bbvc_hidden-xs\u00a0\u00bb][vc_single_image image=\u00a0\u00bb62501&Prime; img_size=\u00a0\u00bbfull\u00a0\u00bb alignment=\u00a0\u00bbcenter\u00a0\u00bb][\/vc_column][\/vc_row][vc_row][vc_column offset=\u00a0\u00bbvc_hidden-lg vc_hidden-md vc_hidden-sm\u00a0\u00bb][vc_single_image image=\u00a0\u00bb62525&Prime; img_size=\u00a0\u00bbfull\u00a0\u00bb alignment=\u00a0\u00bbcenter\u00a0\u00bb][vc_single_image image=\u00a0\u00bb62529&Prime; img_size=\u00a0\u00bbfull\u00a0\u00bb][vc_single_image image=\u00a0\u00bb62513&Prime; img_size=\u00a0\u00bbfull\u00a0\u00bb][\/vc_column][\/vc_row][vc_row css=\u00a0\u00bb.vc_custom_1646229943605{padding-right: 5% !important;padding-left: 5% !important;}\u00a0\u00bb][vc_column][vc_column_text]Le test consiste \u00e0 effectuer la proc\u00e9dure pour 300 cycles de d\u00e9verrouillage de la tente &#8211; ouverture de la tente &#8211; fermeture de la tente &#8211; verrouillage de la tente.<\/p>\n<p>Verrouillage, ouverture, fermeture et verrouillage de la tente + glissi\u00e8re est consid\u00e9r\u00e9 comme 1 cycle.<\/p>\n<p>L&rsquo;essai a \u00e9t\u00e9 effectu\u00e9 par un op\u00e9rateur qui a accompli manuellement les 300 cycles requis.<\/p>\n<p>Le test a \u00e9t\u00e9 effectu\u00e9 avec un r\u00e9sultat positif, \u00e0 la fin du test, aucun dommage ou rupture qui pourrait causer des dysfonctionnements du produit n&rsquo;a \u00e9t\u00e9 d\u00e9tect\u00e9<\/p>\n<p>R\u00e9sultat du test : <strong>R\u00c9USSITE<\/strong>[\/vc_column_text][vc_separator][\/vc_column][\/vc_row][vc_row el_class=\u00a0\u00bbstory-skin-white mobileNoPadding\u00a0\u00bb css=\u00a0\u00bb.vc_custom_1646229958375{padding-right: 5% !important;padding-left: 5% !important;}\u00a0\u00bb][vc_column][vc_raw_html css=\u00a0\u00bb.vc_custom_1647331523522{margin-bottom: 0px !important;}\u00a0\u00bb]JTNDaDQlM0VWRVJUSUNBTCUyMFRFU1QlM0MlMkZoNCUzRSUwQSUzQ2gzJTNFVEVTVCUyMERFJTIwQ0hVVEUlMjBEVSUyMFNPTU1FVCUyMCUzQyUyRmgzJTNF[\/vc_raw_html][\/vc_column][\/vc_row][vc_row css=\u00a0\u00bb.vc_custom_1646229967953{padding-right: 5% !important;padding-left: 5% !important;}\u00a0\u00bb][vc_column offset=\u00a0\u00bbvc_hidden-xs\u00a0\u00bb][vc_single_image image=\u00a0\u00bb62505&Prime; img_size=\u00a0\u00bbfull\u00a0\u00bb alignment=\u00a0\u00bbcenter\u00a0\u00bb][vc_column_text]<strong>L&rsquo;essai a \u00e9t\u00e9 effectu\u00e9 \u00e0 partir d&rsquo;une hauteur de 1500 mm. Deux impacts ont \u00e9t\u00e9 enregistr\u00e9s: <\/strong><\/p>\n<p>&#8211; Un sur le c\u00f4t\u00e9 long<br \/>\n&#8211; Un sur le c\u00f4t\u00e9 court<\/p>\n<p>\u00c0 la fin des impacts, un dommage a \u00e9t\u00e9 d\u00e9tect\u00e9 au point d&rsquo;impact et le produit est l\u00e9g\u00e8rement d\u00e9form\u00e9.<br \/>\nCependant, les fonctionnalit\u00e9s pour lesquelles le produit est fabriqu\u00e9 ont \u00e9t\u00e9 conserv\u00e9es.<\/p>\n<p>R\u00e9sultat du test: <strong>R\u00c9USSITE<\/strong>[\/vc_column_text][vc_separator][\/vc_column][\/vc_row][vc_row css=\u00a0\u00bb.vc_custom_1646229967953{padding-right: 5% !important;padding-left: 5% !important;}\u00a0\u00bb][vc_column offset=\u00a0\u00bbvc_hidden-lg vc_hidden-md vc_hidden-sm\u00a0\u00bb][vc_single_image image=\u00a0\u00bb62517&Prime; img_size=\u00a0\u00bbfull\u00a0\u00bb alignment=\u00a0\u00bbcenter\u00a0\u00bb][vc_column_text]<strong>L&rsquo;essai a \u00e9t\u00e9 effectu\u00e9 \u00e0 partir d&rsquo;une hauteur de 1500 mm. Deux impacts ont \u00e9t\u00e9 enregistr\u00e9s: <\/strong><\/p>\n<p>&#8211; Un sur le c\u00f4t\u00e9 long<br \/>\n&#8211; Un sur le c\u00f4t\u00e9 court<\/p>\n<p>\u00c0 la fin des impacts, un dommage a \u00e9t\u00e9 d\u00e9tect\u00e9 au point d&rsquo;impact et le produit est l\u00e9g\u00e8rement d\u00e9form\u00e9.<br \/>\nCependant, les fonctionnalit\u00e9s pour lesquelles le produit est fabriqu\u00e9 ont \u00e9t\u00e9 conserv\u00e9es.<\/p>\n<p>R\u00e9sultat du test: <strong>R\u00c9USSITE<\/strong>[\/vc_column_text][vc_separator][\/vc_column][\/vc_row][vc_row el_class=\u00a0\u00bbstory-skin-white mobileNoPadding\u00a0\u00bb css=\u00a0\u00bb.vc_custom_1646229980145{padding-right: 5% !important;padding-left: 5% !important;}\u00a0\u00bb][vc_column][vc_raw_html css=\u00a0\u00bb.vc_custom_1647331574093{margin-bottom: 0px !important;}\u00a0\u00bb]JTNDaDQlM0VBU1NFTUJMWSUyMERVUkFUSU9OJTIwVEVTVCUzQyUyRmg0JTNFJTBBJTNDaDMlM0VURVNUJTIwREUlMjBEVVIlQzMlODlFJTIwRFUlMjBNT05UQUdFJTNDJTJGaDMlM0U=[\/vc_raw_html][\/vc_column][\/vc_row][vc_row][vc_column offset=\u00a0\u00bbvc_hidden-xs\u00a0\u00bb][vc_single_image image=\u00a0\u00bb62509&Prime; img_size=\u00a0\u00bbfull\u00a0\u00bb alignment=\u00a0\u00bbcenter\u00a0\u00bb][\/vc_column][\/vc_row][vc_row][vc_column offset=\u00a0\u00bbvc_hidden-lg vc_hidden-md vc_hidden-sm\u00a0\u00bb][vc_single_image image=\u00a0\u00bb62521&Prime; img_size=\u00a0\u00bbfull\u00a0\u00bb alignment=\u00a0\u00bbcenter\u00a0\u00bb][\/vc_column][\/vc_row][vc_row css=\u00a0\u00bb.vc_custom_1646229987556{padding-right: 5% !important;padding-left: 5% !important;}\u00a0\u00bb][vc_column][vc_column_text]Le test consiste \u00e0 monter et d\u00e9monter la tente sur les barres de toit selon les instructions de montage.<br \/>\nLe test doit \u00eatre effectu\u00e9 50 fois.<\/p>\n<p>Nous avons d\u00e9tect\u00e9 une l\u00e9g\u00e8re d\u00e9formation de la pince.<\/p>\n<p>R\u00e9sultat du test: <strong>R\u00c9USSITE<\/strong>[\/vc_column_text][\/vc_column][\/vc_row][vc_row][vc_column][\/vc_column][\/vc_row]<\/p>\n","protected":false},"excerpt":{"rendered":"<p>[vc_row][vc_column offset=\u00a0\u00bbvc_hidden-lg vc_hidden-md vc_hidden-sm\u00a0\u00bb][vc_empty_space height=\u00a0\u00bb0px\u00a0\u00bb][\/vc_column][\/vc_row][vc_row][vc_column offset=\u00a0\u00bbvc_hidden-lg vc_hidden-md vc_hidden-xs\u00a0\u00bb][vc_empty_space height=\u00a0\u00bb0px\u00a0\u00bb][\/vc_column][\/vc_row][vc_row][vc_column][vc_empty_space height=\u00a0\u00bb\u00a0\u00bb][vc_raw_html el_class=\u00a0\u00bbstory-skin-white mobileNoPadding\u00a0\u00bb css=\u00a0\u00bb.vc_custom_1647331464687{margin-bottom: 0px !important;padding-right: 5% !important;padding-left: 5% !important;}\u00a0\u00bb]JTNDcCUzRU5vdXMlMjBhdm9ucyUyMGxlJTIwcGxhaXNpciUyMGRlJTIwdm91cyUyMGluZm9ybWVyJTIwcXVlJTIwQXV0b2hvbWUlQzIlQUUlMjBhJTIwcGFzcyVDMyVBOSUyMGF2ZWMlMjBzdWNjJUMzJUE4cyUyMGxlcyUyMHRlc3RzJTIwQXV0b21vYmlsZSUyMHN1aXZhbnRzJTIwciVDMyVBOWFsaXMlQzMlQTlzJTIwcGFyJTIwbCUyN2VudGl0JUMzJUE5JTIwZW4lMjBjaGFyZ2UlMjBkZSUyMFQlQzMlOUNWJTIwUyVDMyU5Q0QuJTNDJTJGcCUzRQ==[\/vc_raw_html][\/vc_column][\/vc_row][vc_row equal_height=\u00a0\u00bbyes\u00a0\u00bb el_class=\u00a0\u00bbstory-skin-white mobileNoPadding\u00a0\u00bb css=\u00a0\u00bb.vc_custom_1646383768662{padding-right: 5% !important;padding-left: 5%<span class=\"excerpt-hellip\"> [\u2026]<\/span><\/p>\n","protected":false},"author":4,"featured_media":0,"parent":62448,"menu_order":0,"comment_status":"closed","ping_status":"closed","template":"","meta":[],"yoast_head":"<!-- This site is optimized with the Yoast SEO Premium plugin v18.6 (Yoast SEO v19.2) - https:\/\/yoast.com\/wordpress\/plugins\/seo\/ -->\n<title>Mechanical Safety - Tents - Autohome<\/title>\n<meta name=\"robots\" content=\"noindex, follow, max-snippet:-1, max-image-preview:large, max-video-preview:-1\" \/>\n<meta property=\"og:locale\" content=\"fr_FR\" \/>\n<meta property=\"og:type\" content=\"article\" \/>\n<meta property=\"og:title\" content=\"Mechanical Safety - Tents\" \/>\n<meta property=\"og:description\" content=\"[vc_row][vc_column offset=\u00a0\u00bbvc_hidden-lg vc_hidden-md vc_hidden-sm\u00a0\u00bb][vc_empty_space height=\u00a0\u00bb0px\u00a0\u00bb][\/vc_column][\/vc_row][vc_row][vc_column offset=\u00a0\u00bbvc_hidden-lg vc_hidden-md vc_hidden-xs\u00a0\u00bb][vc_empty_space height=\u00a0\u00bb0px\u00a0\u00bb][\/vc_column][\/vc_row][vc_row][vc_column][vc_empty_space height=\u00a0\u00bb\u00a0\u00bb][vc_raw_html el_class=\u00a0\u00bbstory-skin-white mobileNoPadding\u00a0\u00bb css=\u00a0\u00bb.vc_custom_1647331464687{margin-bottom: 0px !important;padding-right: 5% !important;padding-left: 5% !important;}\u00a0\u00bb]JTNDcCUzRU5vdXMlMjBhdm9ucyUyMGxlJTIwcGxhaXNpciUyMGRlJTIwdm91cyUyMGluZm9ybWVyJTIwcXVlJTIwQXV0b2hvbWUlQzIlQUUlMjBhJTIwcGFzcyVDMyVBOSUyMGF2ZWMlMjBzdWNjJUMzJUE4cyUyMGxlcyUyMHRlc3RzJTIwQXV0b21vYmlsZSUyMHN1aXZhbnRzJTIwciVDMyVBOWFsaXMlQzMlQTlzJTIwcGFyJTIwbCUyN2VudGl0JUMzJUE5JTIwZW4lMjBjaGFyZ2UlMjBkZSUyMFQlQzMlOUNWJTIwUyVDMyU5Q0QuJTNDJTJGcCUzRQ==[\/vc_raw_html][\/vc_column][\/vc_row][vc_row equal_height=\u00a0\u00bbyes\u00a0\u00bb el_class=\u00a0\u00bbstory-skin-white mobileNoPadding\u00a0\u00bb css=\u00a0\u00bb.vc_custom_1646383768662{padding-right: 5% !important;padding-left: 5% [\u2026]\" \/>\n<meta property=\"og:url\" content=\"https:\/\/dev.autohome-official.com\/fr\/perche-autohome\/mechanical-safety-tents\/\" \/>\n<meta property=\"og:site_name\" content=\"Autohome\" \/>\n<meta property=\"article:publisher\" content=\"https:\/\/www.facebook.com\/Autohome.Official.Page\" \/>\n<meta property=\"article:modified_time\" content=\"2022-03-15T08:06:40+00:00\" \/>\n<meta name=\"author\" content=\"Amministratore Autohome\" \/>\n<meta name=\"twitter:card\" content=\"summary\" \/>\n<meta name=\"twitter:label1\" content=\"Dur\u00e9e de lecture estim\u00e9e\" \/>\n\t<meta name=\"twitter:data1\" content=\"3 minutes\" \/>\n<script type=\"application\/ld+json\" class=\"yoast-schema-graph\">{\"@context\":\"https:\/\/schema.org\",\"@graph\":[{\"@type\":\"Organization\",\"@id\":\"https:\/\/dev.autohome-official.com\/#organization\",\"name\":\"Autohome\",\"url\":\"https:\/\/dev.autohome-official.com\/\",\"sameAs\":[\"https:\/\/www.instagram.com\/autohome_official\/\",\"http:\/\/www.youtube.com\/user\/AutohomeOfficial\",\"https:\/\/www.facebook.com\/Autohome.Official.Page\"],\"logo\":{\"@type\":\"ImageObject\",\"inLanguage\":\"fr-FR\",\"@id\":\"https:\/\/dev.autohome-official.com\/#\/schema\/logo\/image\/\",\"url\":\"https:\/\/dev.autohome-official.com\/wp-content\/uploads\/2016\/10\/logo.png\",\"contentUrl\":\"https:\/\/dev.autohome-official.com\/wp-content\/uploads\/2016\/10\/logo.png\",\"width\":295,\"height\":80,\"caption\":\"Autohome\"},\"image\":{\"@id\":\"https:\/\/dev.autohome-official.com\/#\/schema\/logo\/image\/\"}},{\"@type\":\"WebSite\",\"@id\":\"https:\/\/dev.autohome-official.com\/#website\",\"url\":\"https:\/\/dev.autohome-official.com\/\",\"name\":\"Autohome\",\"description\":\"Tende da tetto - Dachzelte - Roof Top Tents - Tentes de Toit\",\"publisher\":{\"@id\":\"https:\/\/dev.autohome-official.com\/#organization\"},\"potentialAction\":[{\"@type\":\"SearchAction\",\"target\":{\"@type\":\"EntryPoint\",\"urlTemplate\":\"https:\/\/dev.autohome-official.com\/?s={search_term_string}\"},\"query-input\":\"required name=search_term_string\"}],\"inLanguage\":\"fr-FR\"},{\"@type\":\"WebPage\",\"@id\":\"https:\/\/dev.autohome-official.com\/fr\/perche-autohome\/mechanical-safety-tents\/#webpage\",\"url\":\"https:\/\/dev.autohome-official.com\/fr\/perche-autohome\/mechanical-safety-tents\/\",\"name\":\"Mechanical Safety - Tents - Autohome\",\"isPartOf\":{\"@id\":\"https:\/\/dev.autohome-official.com\/#website\"},\"datePublished\":\"2022-03-14T14:12:05+00:00\",\"dateModified\":\"2022-03-15T08:06:40+00:00\",\"breadcrumb\":{\"@id\":\"https:\/\/dev.autohome-official.com\/fr\/perche-autohome\/mechanical-safety-tents\/#breadcrumb\"},\"inLanguage\":\"fr-FR\",\"potentialAction\":[{\"@type\":\"ReadAction\",\"target\":[\"https:\/\/dev.autohome-official.com\/fr\/perche-autohome\/mechanical-safety-tents\/\"]}]},{\"@type\":\"BreadcrumbList\",\"@id\":\"https:\/\/dev.autohome-official.com\/fr\/perche-autohome\/mechanical-safety-tents\/#breadcrumb\",\"itemListElement\":[{\"@type\":\"ListItem\",\"position\":1,\"name\":\"Home\",\"item\":\"https:\/\/dev.autohome-official.com\/fr\/\"},{\"@type\":\"ListItem\",\"position\":2,\"name\":\"Pourquoi Autohome\",\"item\":\"https:\/\/dev.autohome-official.com\/fr\/perche-autohome\/\"},{\"@type\":\"ListItem\",\"position\":3,\"name\":\"Mechanical Safety &#8211; Tents\"}]}]}<\/script>\n<!-- \/ Yoast SEO Premium plugin. -->","yoast_head_json":{"title":"Mechanical Safety - Tents - Autohome","robots":{"index":"noindex","follow":"follow","max-snippet":"max-snippet:-1","max-image-preview":"max-image-preview:large","max-video-preview":"max-video-preview:-1"},"og_locale":"fr_FR","og_type":"article","og_title":"Mechanical Safety - Tents","og_description":"[vc_row][vc_column offset=\u00a0\u00bbvc_hidden-lg vc_hidden-md vc_hidden-sm\u00a0\u00bb][vc_empty_space height=\u00a0\u00bb0px\u00a0\u00bb][\/vc_column][\/vc_row][vc_row][vc_column offset=\u00a0\u00bbvc_hidden-lg vc_hidden-md vc_hidden-xs\u00a0\u00bb][vc_empty_space height=\u00a0\u00bb0px\u00a0\u00bb][\/vc_column][\/vc_row][vc_row][vc_column][vc_empty_space height=\u00a0\u00bb\u00a0\u00bb][vc_raw_html el_class=\u00a0\u00bbstory-skin-white mobileNoPadding\u00a0\u00bb css=\u00a0\u00bb.vc_custom_1647331464687{margin-bottom: 0px !important;padding-right: 5% !important;padding-left: 5% !important;}\u00a0\u00bb]JTNDcCUzRU5vdXMlMjBhdm9ucyUyMGxlJTIwcGxhaXNpciUyMGRlJTIwdm91cyUyMGluZm9ybWVyJTIwcXVlJTIwQXV0b2hvbWUlQzIlQUUlMjBhJTIwcGFzcyVDMyVBOSUyMGF2ZWMlMjBzdWNjJUMzJUE4cyUyMGxlcyUyMHRlc3RzJTIwQXV0b21vYmlsZSUyMHN1aXZhbnRzJTIwciVDMyVBOWFsaXMlQzMlQTlzJTIwcGFyJTIwbCUyN2VudGl0JUMzJUE5JTIwZW4lMjBjaGFyZ2UlMjBkZSUyMFQlQzMlOUNWJTIwUyVDMyU5Q0QuJTNDJTJGcCUzRQ==[\/vc_raw_html][\/vc_column][\/vc_row][vc_row equal_height=\u00a0\u00bbyes\u00a0\u00bb el_class=\u00a0\u00bbstory-skin-white mobileNoPadding\u00a0\u00bb css=\u00a0\u00bb.vc_custom_1646383768662{padding-right: 5% !important;padding-left: 5% [\u2026]","og_url":"https:\/\/dev.autohome-official.com\/fr\/perche-autohome\/mechanical-safety-tents\/","og_site_name":"Autohome","article_publisher":"https:\/\/www.facebook.com\/Autohome.Official.Page","article_modified_time":"2022-03-15T08:06:40+00:00","author":"Amministratore Autohome","twitter_card":"summary","twitter_misc":{"Dur\u00e9e de lecture estim\u00e9e":"3 minutes"},"schema":{"@context":"https:\/\/schema.org","@graph":[{"@type":"Organization","@id":"https:\/\/dev.autohome-official.com\/#organization","name":"Autohome","url":"https:\/\/dev.autohome-official.com\/","sameAs":["https:\/\/www.instagram.com\/autohome_official\/","http:\/\/www.youtube.com\/user\/AutohomeOfficial","https:\/\/www.facebook.com\/Autohome.Official.Page"],"logo":{"@type":"ImageObject","inLanguage":"fr-FR","@id":"https:\/\/dev.autohome-official.com\/#\/schema\/logo\/image\/","url":"https:\/\/dev.autohome-official.com\/wp-content\/uploads\/2016\/10\/logo.png","contentUrl":"https:\/\/dev.autohome-official.com\/wp-content\/uploads\/2016\/10\/logo.png","width":295,"height":80,"caption":"Autohome"},"image":{"@id":"https:\/\/dev.autohome-official.com\/#\/schema\/logo\/image\/"}},{"@type":"WebSite","@id":"https:\/\/dev.autohome-official.com\/#website","url":"https:\/\/dev.autohome-official.com\/","name":"Autohome","description":"Tende da tetto - Dachzelte - Roof Top Tents - Tentes de Toit","publisher":{"@id":"https:\/\/dev.autohome-official.com\/#organization"},"potentialAction":[{"@type":"SearchAction","target":{"@type":"EntryPoint","urlTemplate":"https:\/\/dev.autohome-official.com\/?s={search_term_string}"},"query-input":"required name=search_term_string"}],"inLanguage":"fr-FR"},{"@type":"WebPage","@id":"https:\/\/dev.autohome-official.com\/fr\/perche-autohome\/mechanical-safety-tents\/#webpage","url":"https:\/\/dev.autohome-official.com\/fr\/perche-autohome\/mechanical-safety-tents\/","name":"Mechanical Safety - Tents - Autohome","isPartOf":{"@id":"https:\/\/dev.autohome-official.com\/#website"},"datePublished":"2022-03-14T14:12:05+00:00","dateModified":"2022-03-15T08:06:40+00:00","breadcrumb":{"@id":"https:\/\/dev.autohome-official.com\/fr\/perche-autohome\/mechanical-safety-tents\/#breadcrumb"},"inLanguage":"fr-FR","potentialAction":[{"@type":"ReadAction","target":["https:\/\/dev.autohome-official.com\/fr\/perche-autohome\/mechanical-safety-tents\/"]}]},{"@type":"BreadcrumbList","@id":"https:\/\/dev.autohome-official.com\/fr\/perche-autohome\/mechanical-safety-tents\/#breadcrumb","itemListElement":[{"@type":"ListItem","position":1,"name":"Home","item":"https:\/\/dev.autohome-official.com\/fr\/"},{"@type":"ListItem","position":2,"name":"Pourquoi Autohome","item":"https:\/\/dev.autohome-official.com\/fr\/perche-autohome\/"},{"@type":"ListItem","position":3,"name":"Mechanical Safety &#8211; Tents"}]}]}},"_links":{"self":[{"href":"https:\/\/dev.autohome-official.com\/fr\/wp-json\/wp\/v2\/pages\/62536"}],"collection":[{"href":"https:\/\/dev.autohome-official.com\/fr\/wp-json\/wp\/v2\/pages"}],"about":[{"href":"https:\/\/dev.autohome-official.com\/fr\/wp-json\/wp\/v2\/types\/page"}],"author":[{"embeddable":true,"href":"https:\/\/dev.autohome-official.com\/fr\/wp-json\/wp\/v2\/users\/4"}],"replies":[{"embeddable":true,"href":"https:\/\/dev.autohome-official.com\/fr\/wp-json\/wp\/v2\/comments?post=62536"}],"version-history":[{"count":1,"href":"https:\/\/dev.autohome-official.com\/fr\/wp-json\/wp\/v2\/pages\/62536\/revisions"}],"predecessor-version":[{"id":62539,"href":"https:\/\/dev.autohome-official.com\/fr\/wp-json\/wp\/v2\/pages\/62536\/revisions\/62539"}],"up":[{"embeddable":true,"href":"https:\/\/dev.autohome-official.com\/fr\/wp-json\/wp\/v2\/pages\/62448"}],"wp:attachment":[{"href":"https:\/\/dev.autohome-official.com\/fr\/wp-json\/wp\/v2\/media?parent=62536"}],"curies":[{"name":"wp","href":"https:\/\/api.w.org\/{rel}","templated":true}]}}