{"id":50900,"date":"2020-10-29T08:53:38","date_gmt":"2020-10-29T07:53:38","guid":{"rendered":"https:\/\/dev.autohome-official.com\/?page_id=50900"},"modified":"2022-01-31T09:35:16","modified_gmt":"2022-01-31T08:35:16","slug":"land-rover-barcolana","status":"publish","type":"page","link":"https:\/\/dev.autohome-official.com\/fr\/experience\/land-rover-barcolana\/","title":{"rendered":"Land Rover &#8211; Barcolana"},"content":{"rendered":"<p>[vc_row full_width=\u00a0\u00bbstretch_row\u00a0\u00bb equal_height=\u00a0\u00bbyes\u00a0\u00bb el_class=\u00a0\u00bbmb0 story-skin-white\u00a0\u00bb][vc_column offset=\u00a0\u00bbvc_hidden-lg vc_hidden-md vc_hidden-sm\u00a0\u00bb]<div class=\"breadcrumb-wrapper\"><ul class=\"breadcrumbs no-link\"><li><a href=\"https:\/\/dev.autohome-official.com\/fr\/\">Home<\/a> <span><i class=\"icon-right-open\"><\/i><\/span><\/li><li><a href=\"https:\/\/dev.autohome-official.com:443\/fr\/wp-json\/wp\/v2\/pages\/50900\/\"><\/a><\/li><\/ul><\/div>[vc_raw_html el_class=\u00a0\u00bbbtop p0bottom\u00a0\u00bb]JTNDaDElMjBzdHlsZSUzRCUyMmZvbnQtc2l6ZSUzQSUyMDQwcHglM0IlMjIlM0VBVkVOVFVSRSUyQyUyMFNUWUxFJTIwRVQlMjBQQVNTSU9OLiUyMCUzQyUyRmJyJTNFJTIwRU5UUkUlMjBURVJSRSUyMEVUJTIwTUVSJTNBJTIwTEFORCUyMFJPVkVSJTIwRVNUJTIwTCVDMyU4MCUyMCUyMSUzQyUyRmgxJTNFJTBBJTNDcCUzRSUwQUxhJTIwNTIlQzMlQThtZSUyMCVDMyVBOWRpdGlvbiUyMGRlJTIwbGElMjBCYXJjb2xhbmElMkMlMjBsYSUyMHBsdXMlMjBncmFuZGUlMjBldCUyMGxhJTIwcGx1cyUyMGFuY2llbm5lJTIwciVDMyVBOWdhdGUlMjBkZSUyMHZvaWxlJTIwYXUlMjBtb25kZSUyQyUyMGElMjB2dSUyMGNvbW1lJTIwR29sZCUyMFNwb25zb3IlMjBMYW5kJTIwUm92ZXIlMkMlMjBxdWklMjBhJTIwYWluc2klMjByJUMzJUE5YWZmaXJtJUMzJUE5JTIwc2ElMjB2b2NhdGlvbiUyMCVDMyVBMCUyMGNvbWJpbmVyJTIwbGUlMjBzdHlsZSUyMGV0JTIwbGElMjBuYXR1cmUlMkMlMjBsYSUyMHRlcnJlJTIwZXQlMjBsYSUyMG1lci4lMjBBdXglMjBjJUMzJUI0dCVDMyVBOXMlMjBkJTI3QXV0b2hvbWUlMkMlMjBxdWklMjBhJTIwciVDMyVBOWl0JUMzJUE5ciVDMyVBOSUyMGRhbnMlMjB1biUyMGNvbnRleHRlJTIwZXhjZXB0aW9ubmVsJTIwbGElMjBjb2xsYWJvcmF0aW9uJTIwYXZlYyUyMGxlJTIwJUUyJTgwJTlDbXl0aGUlRTIlODAlOUQlMjBkdSUyMHRvdXQtdGVycmFpbiUyMG1vbmRpYWwuJTBBJTNDJTJGcCUzRQ==[\/vc_raw_html][\/vc_column][\/vc_row][vc_row full_width=\u00a0\u00bbstretch_row\u00a0\u00bb equal_height=\u00a0\u00bbyes\u00a0\u00bb el_class=\u00a0\u00bbmb0 story-skin-white\u00a0\u00bb][vc_column width=\u00a0\u00bb2\/3&Prime; offset=\u00a0\u00bbvc_hidden-sm vc_hidden-xs\u00a0\u00bb]<div class=\"breadcrumb-wrapper\"><ul class=\"breadcrumbs no-link\"><li><a href=\"https:\/\/dev.autohome-official.com\/fr\/\">Home<\/a> <span><i class=\"icon-right-open\"><\/i><\/span><\/li><li><a href=\"https:\/\/dev.autohome-official.com:443\/fr\/wp-json\/wp\/v2\/pages\/50900\/\"><\/a><\/li><\/ul><\/div>[vc_raw_html el_class=\u00a0\u00bbp0bottom btop mobileSquareBlock\u00a0\u00bb]JTNDaDElMjBzdHlsZSUzRCUyMmZvbnQtc2l6ZSUzQSUyMDQwcHglM0IlMjIlM0VBVkVOVFVSRSUyQyUyMFNUWUxFJTIwRVQlMjBQQVNTSU9OLiUyMCUzQyUyRmJyJTNFJTIwRU5UUkUlMjBURVJSRSUyMEVUJTIwTUVSJTNBJTIwTEFORCUyMFJPVkVSJTIwRVNUJTIwTCVDMyU4MCUyMCUyMSUzQyUyRmgxJTNFJTBBJTBBJTNDcCUzRSUwQUxhJTIwNTIlQzMlQThtZSUyMCVDMyVBOWRpdGlvbiUyMGRlJTIwbGElMjBCYXJjb2xhbmElMkMlMjBsYSUyMHBsdXMlMjBncmFuZGUlMjBldCUyMGxhJTIwcGx1cyUyMGFuY2llbm5lJTIwciVDMyVBOWdhdGUlMjBkZSUyMHZvaWxlJTIwYXUlMjBtb25kZSUyQyUyMGElMjB2dSUyMGNvbW1lJTIwR29sZCUyMFNwb25zb3IlMjBMYW5kJTIwUm92ZXIlMkMlMjBxdWklMjBhJTIwYWluc2klMjByJUMzJUE5YWZmaXJtJUMzJUE5JTIwc2ElMjB2b2NhdGlvbiUyMCVDMyVBMCUyMGNvbWJpbmVyJTIwbGUlMjBzdHlsZSUyMGV0JTIwbGElMjBuYXR1cmUlMkMlMjBsYSUyMHRlcnJlJTIwZXQlMjBsYSUyMG1lci4lMjBBdXglMjBjJUMzJUI0dCVDMyVBOXMlMjBkJTI3QXV0b2hvbWUlMkMlMjBxdWklMjBhJTIwciVDMyVBOWl0JUMzJUE5ciVDMyVBOSUyMGRhbnMlMjB1biUyMGNvbnRleHRlJTIwZXhjZXB0aW9ubmVsJTIwbGElMjBjb2xsYWJvcmF0aW9uJTIwYXZlYyUyMGxlJTIwJUUyJTgwJTlDbXl0aGUlRTIlODAlOUQlMjBkdSUyMHRvdXQtdGVycmFpbiUyMG1vbmRpYWwuJTBBJTNDJTJGcCUzRSUwQSUzQ3AlM0UlM0MlMkZwJTNFJTBB[\/vc_raw_html][\/vc_column][vc_column width=\u00a0\u00bb1\/3&Prime; offset=\u00a0\u00bbvc_hidden-sm\u00a0\u00bb][vc_single_image image=\u00a0\u00bb53053&Prime; img_size=\u00a0\u00bbfull\u00a0\u00bb onclick=\u00a0\u00bbcustom_link\u00a0\u00bb link=\u00a0\u00bbhttps:\/\/www.landrover.it\/index.html\u00a0\u00bb][\/vc_column][\/vc_row][vc_row full_width=\u00a0\u00bbstretch_row\u00a0\u00bb equal_height=\u00a0\u00bbyes\u00a0\u00bb el_class=\u00a0\u00bbmb0 story-skin-white\u00a0\u00bb][vc_column width=\u00a0\u00bb2\/3&Prime; offset=\u00a0\u00bbvc_hidden-lg vc_hidden-md vc_hidden-xs\u00a0\u00bb]<div class=\"breadcrumb-wrapper\"><ul class=\"breadcrumbs no-link\"><li><a href=\"https:\/\/dev.autohome-official.com\/fr\/\">Home<\/a> <span><i class=\"icon-right-open\"><\/i><\/span><\/li><li><a href=\"https:\/\/dev.autohome-official.com:443\/fr\/wp-json\/wp\/v2\/pages\/50900\/\"><\/a><\/li><\/ul><\/div>[vc_raw_html el_class=\u00a0\u00bbp0bottom btop mobileSquareBlock\u00a0\u00bb]JTNDaDElMjBzdHlsZSUzRCUyMmZvbnQtc2l6ZSUzQSUyMDMwcHglM0IlMjIlM0VBVkVOVFVSRSUyQyUyMFNUWUxFJTIwRVQlMjBQQVNTSU9OLiUyMCUzQyUyRmJyJTNFJTIwRU5UUkUlMjBURVJSRSUyMEVUJTIwTUVSJTNBJTIwTEFORCUyMFJPVkVSJTIwRVNUJTIwTCVDMyU4MCUyMCUyMSUzQyUyRmgxJTNFJTBBJTBBJTNDcCUzRSUwQUxhJTIwNTIlQzMlQThtZSUyMCVDMyVBOWRpdGlvbiUyMGRlJTIwbGElMjBCYXJjb2xhbmElMkMlMjBsYSUyMHBsdXMlMjBncmFuZGUlMjBldCUyMGxhJTIwcGx1cyUyMGFuY2llbm5lJTIwciVDMyVBOWdhdGUlMjBkZSUyMHZvaWxlJTIwYXUlMjBtb25kZSUyQyUyMGElMjB2dSUyMGNvbW1lJTIwR29sZCUyMFNwb25zb3IlMjBMYW5kJTIwUm92ZXIlMkMlMjBxdWklMjBhJTIwYWluc2klMjByJUMzJUE5YWZmaXJtJUMzJUE5JTIwc2ElMjB2b2NhdGlvbiUyMCVDMyVBMCUyMGNvbWJpbmVyJTIwbGUlMjBzdHlsZSUyMGV0JTIwbGElMjBuYXR1cmUlMkMlMjBsYSUyMHRlcnJlJTIwZXQlMjBsYSUyMG1lci4lMjBBdXglMjBjJUMzJUI0dCVDMyVBOXMlMjBkJTI3QXV0b2hvbWUlMkMlMjBxdWklMjBhJTIwciVDMyVBOWl0JUMzJUE5ciVDMyVBOSUyMGRhbnMlMjB1biUyMGNvbnRleHRlJTIwZXhjZXB0aW9ubmVsJTIwbGElMjBjb2xsYWJvcmF0aW9uJTIwYXZlYyUyMGxlJTIwJUUyJTgwJTlDbXl0aGUlRTIlODAlOUQlMjBkdSUyMHRvdXQtdGVycmFpbiUyMG1vbmRpYWwuJTBBJTNDJTJGcCUzRSUwQQ==[\/vc_raw_html][\/vc_column][vc_column width=\u00a0\u00bb1\/3&Prime; offset=\u00a0\u00bbvc_hidden-lg vc_hidden-md vc_hidden-xs\u00a0\u00bb][vc_single_image image=\u00a0\u00bb53053&Prime; img_size=\u00a0\u00bbfull\u00a0\u00bb onclick=\u00a0\u00bbcustom_link\u00a0\u00bb link=\u00a0\u00bbhttps:\/\/www.landrover.it\/index.html\u00a0\u00bb][\/vc_column][\/vc_row][vc_row full_width=\u00a0\u00bbstretch_row\u00a0\u00bb equal_height=\u00a0\u00bbyes\u00a0\u00bb el_class=\u00a0\u00bbmb0 story-skin-white\u00a0\u00bb][vc_column width=\u00a0\u00bb2\/3&Prime; offset=\u00a0\u00bbvc_hidden-xs\u00a0\u00bb][vc_single_image image=\u00a0\u00bb50906&Prime; img_size=\u00a0\u00bbfull\u00a0\u00bb][\/vc_column][vc_column width=\u00a0\u00bb1\/3&Prime; el_class=\u00a0\u00bbstory-skin-white\u00a0\u00bb][vc_single_image image=\u00a0\u00bb50910&Prime; img_size=\u00a0\u00bbfull\u00a0\u00bb][\/vc_column][\/vc_row][vc_row full_width=\u00a0\u00bbstretch_row\u00a0\u00bb equal_height=\u00a0\u00bbyes\u00a0\u00bb el_class=\u00a0\u00bbmb0 story-skin-white\u00a0\u00bb][vc_column width=\u00a0\u00bb2\/3&Prime; offset=\u00a0\u00bbvc_hidden-sm vc_hidden-xs\u00a0\u00bb][vc_single_image image=\u00a0\u00bb50914&Prime; img_size=\u00a0\u00bbfull\u00a0\u00bb][\/vc_column][vc_column width=\u00a0\u00bb1\/3&Prime; el_class=\u00a0\u00bbstory-skin-white\u00a0\u00bb offset=\u00a0\u00bbvc_hidden-sm\u00a0\u00bb][vc_raw_html 0=\u00a0\u00bb\u00a0\u00bb el_class=\u00a0\u00bbmobileSquareBlock\u00a0\u00bb]JTNDcCUzRUR1JTIwMyUyMGF1JTIwMTElMjBvY3RvYnJlJTJDJTIwbGUlMjBnb2xmZSUyMGRlJTIwVHJpZXN0ZSUyMGElMjAlQzMlQTl0JUMzJUE5JTIwYW5pbSVDMyVBOSUyMHBhciUyMGRlJTIwbm9tYnJldXglMjAlQzMlQTl2JUMzJUE5bmVtZW50cyUyMHF1aSUyMG9udCUyMHNlcnZpJTIwZGUlMjBwbGFuJTIwcHJlc3RpZ2lldXglMjBkZSUyMGxhJTIwQmFyY29sYW5hLiUyMEwlMjclQzMlQTl2JUMzJUE5bmVtZW50JTIwYSUyMGVucmVnaXN0ciVDMyVBOSUyMHBsdXMlMjBkZSUyMDMwJTIwMDAwJTIwcHIlQzMlQTlzZW5jZXMlMjBzdXIlMjBsZSUyMHF1YWklMjBkZSUyMFRyaWVzdGUlMjBldCUyMGRhbnMlMjBkJTI3YXV0cmVzJTIwZW5kcm9pdHMlMjBkZSUyMGxhJTIwdmlsbGUlMkMlMjB1biUyMHIlQzMlQTlzdWx0YXQlMjBleHRyYW9yZGluYWlyZSUyMHF1aSUyMGElMjByZWNvbmZpcm0lQzMlQTklMjBsYSUyMEJhcmNvbGFuYSUyMGVuJTIwdGFudCUyMHF1ZSUyMGxlJTIwcGx1cyUyMGdyYW5kJTIwJUMzJUE5diVDMyVBOW5lbWVudCUyMGRlJTIwdm9pbGUlMjBzdXIlMjBsZSUyMGNhbGVuZHJpZXIuJTIwTGUlMjBwdWJsaWMlMjBjaWJsZSUyMGVzdCUyMCVDMyVBOWdhbGVtZW50JTIwaW1wb3J0YW50JTIwJTNBJTIwbGVzJTIwYW1hdGV1cnMlMjBkZSUyMG1lciUyQyUyMGRlJTIwc3BvcnQlMjBldCUyMGQlMjdhdmVudHVyZSUyQyUyMHRyJUMzJUE4cyUyMGludCVDMyVBOXJlc3MlQzMlQTlzJTIwcGFyJTIwbGElMjBwcm9wb3NpdGlvbiUyMExhbmQlMjBSb3Zlci4lMEElM0MlMkZwJTNF[\/vc_raw_html][\/vc_column][vc_column width=\u00a0\u00bb2\/3&Prime; offset=\u00a0\u00bbvc_hidden-lg vc_hidden-md vc_hidden-sm\u00a0\u00bb][vc_single_image image=\u00a0\u00bb50918&Prime; img_size=\u00a0\u00bbfull\u00a0\u00bb][\/vc_column][\/vc_row][vc_row full_width=\u00a0\u00bbstretch_row\u00a0\u00bb equal_height=\u00a0\u00bbyes\u00a0\u00bb el_class=\u00a0\u00bbmb0 story-skin-white\u00a0\u00bb][vc_column width=\u00a0\u00bb2\/3&Prime; offset=\u00a0\u00bbvc_hidden-lg vc_hidden-md vc_hidden-xs\u00a0\u00bb][vc_single_image image=\u00a0\u00bb50914&Prime; img_size=\u00a0\u00bbfull\u00a0\u00bb][\/vc_column][vc_column width=\u00a0\u00bb1\/3&Prime; el_class=\u00a0\u00bbstory-skin-white\u00a0\u00bb offset=\u00a0\u00bbvc_hidden-lg vc_hidden-md vc_hidden-xs\u00a0\u00bb css=\u00a0\u00bb.vc_custom_1643617770663{margin-right: -5px !important;margin-left: -5px !important;}\u00a0\u00bb][vc_raw_html 0=\u00a0\u00bb\u00a0\u00bb css=\u00a0\u00bb.vc_custom_1643617416832{margin-top: 10px !important;margin-right: -10px !important;margin-bottom: -10px !important;margin-left: -10px !important;}\u00a0\u00bb]JTNDcCUzRUR1JTIwMyUyMGF1JTIwMTElMjBvY3RvYnJlJTJDJTIwbGUlMjBnb2xmZSUyMGRlJTIwVHJpZXN0ZSUyMGElMjAlQzMlQTl0JUMzJUE5JTIwYW5pbSVDMyVBOSUyMHBhciUyMGRlJTIwbm9tYnJldXglMjAlQzMlQTl2JUMzJUE5bmVtZW50cyUyMHF1aSUyMG9udCUyMHNlcnZpJTIwZGUlMjBwbGFuJTIwcHJlc3RpZ2lldXglMjBkZSUyMGxhJTIwQmFyY29sYW5hLiUyMEwlMjclQzMlQTl2JUMzJUE5bmVtZW50JTIwYSUyMGVucmVnaXN0ciVDMyVBOSUyMHBsdXMlMjBkZSUyMDMwJTIwMDAwJTIwcHIlQzMlQTlzZW5jZXMlMjBzdXIlMjBsZSUyMHF1YWklMjBkZSUyMFRyaWVzdGUlMjBldCUyMGRhbnMlMjBkJTI3YXV0cmVzJTIwZW5kcm9pdHMlMjBkZSUyMGxhJTIwdmlsbGUlMkMlMjB1biUyMHIlQzMlQTlzdWx0YXQlMjBleHRyYW9yZGluYWlyZSUyMHF1aSUyMGElMjByZWNvbmZpcm0lQzMlQTklMjBsYSUyMEJhcmNvbGFuYSUyMGVuJTIwdGFudCUyMHF1ZSUyMGxlJTIwcGx1cyUyMGdyYW5kJTIwJUMzJUE5diVDMyVBOW5lbWVudCUyMGRlJTIwdm9pbGUlMjBzdXIlMjBsZSUyMGNhbGVuZHJpZXIuJTIwTGUlMjBwdWJsaWMlMjBjaWJsZSUyMGVzdCUyMCVDMyVBOWdhbGVtZW50JTIwaW1wb3J0YW50JTIwJTNBJTIwbGVzJTIwYW1hdGV1cnMlMjBkZSUyMG1lciUyQyUyMGRlJTIwc3BvcnQlMjBldCUyMGQlMjdhdmVudHVyZSUyQyUyMHRyJUMzJUE4cyUyMGludCVDMyVBOXJlc3MlQzMlQTlzJTIwcGFyJTIwbGElMjBwcm9wb3NpdGlvbiUyMExhbmQlMjBSb3Zlci4lMEElM0MlMkZwJTNF[\/vc_raw_html][\/vc_column][\/vc_row][vc_row full_width=\u00a0\u00bbstretch_row_content_no_spaces\u00a0\u00bb equal_height=\u00a0\u00bbyes\u00a0\u00bb el_class=\u00a0\u00bbmb0 story-skin-white\u00a0\u00bb][vc_column width=\u00a0\u00bb1\/3&Prime; offset=\u00a0\u00bbvc_hidden-sm\u00a0\u00bb][vc_single_image image=\u00a0\u00bb50926&Prime; img_size=\u00a0\u00bbfull\u00a0\u00bb][\/vc_column][vc_column width=\u00a0\u00bb1\/3&Prime; el_class=\u00a0\u00bbstory-skin-white\u00a0\u00bb offset=\u00a0\u00bbvc_hidden-sm\u00a0\u00bb][vc_raw_html 0=\u00a0\u00bb\u00a0\u00bb el_class=\u00a0\u00bbmobileSquareBlock\u00a0\u00bb]JTNDcCUzRVJlZ2FyZHMlMjBzdXIlMjBsZSUyMG1hamVzdHVldXglMjBEZWZlbmRlciUyMDExMCUyQyUyMHN0cmF0JUMzJUE5Z2lxdWVtZW50JTIwc2l0dSVDMyVBOSUyMGRhbnMlMjBsYSUyMHpvbmUlMjBkJTI3ZXhwb3NpdGlvbiUyMHNhbG9uJTIwTGFuZCUyMFJvdmVyJTJDJTIwZW4lMjBwbGVpbiUyMGMlQzUlOTN1ciUyMGRlJTIwbCVFMiU4MCU5OSVDMyVBOXYlQzMlQTluZW1lbnQlMjAlM0ElMjBsYSUyMGpldCVDMyVBOWUlMjBCZXJzYWdsaWVyaS4lMjBVbmUlMjBwciVDMyVBOXNlbnRhdGlvbiUyMHJlbmR1ZSUyMGVuY29yZSUyMHBsdXMlMjBhdHRyYXlhbnRlJTIwZ3IlQzMlQTJjZSUyMCVDMyVBMCUyMGxhJTIwdGVudGUlMjBBdXRvaG9tZSUyMGQlQzMlQTlkaSVDMyVBOWUlMjBzcCVDMyVBOWNpZmlxdWVtZW50JTIwJUMzJUEwJTIwTGFuZCUyMFJvdmVyJTJDJTIwcXVpJTIwYSUyMGFtJUMzJUE5bGlvciVDMyVBOSUyMGwlRTIlODAlOTlpbXBhY3QlMjAlQzMlQTltb3Rpb25uZWwlMjBkdSUyMHYlQzMlQTloaWN1bGUuJTIwSWwlMjB5JTIwYXZhaXQlMjBhdXNzaSUyMGxhJTIwbm91dmVhdXQlQzMlQTklM0ElMjBsZSUyMERlZmVuZGVyJTIwOTAlMjB0YW50JTIwYXR0ZW5kdSUyQyUyMHByJUMzJUFBdCUyMCVDMyVBMCUyMGRlJTIwbm91dmVsbGVzJTIwYXZlbnR1cmVzJTIwc3VyJTIwbGVzJTIwcm91dGVzJTIwZGUlMjB0b3VzJTIwbGVzJTIwY29udGluZW50cy4lMjAlMEElM0MlMkZwJTNF[\/vc_raw_html][\/vc_column][vc_column width=\u00a0\u00bb1\/3&Prime; offset=\u00a0\u00bbvc_hidden-sm\u00a0\u00bb][vc_single_image image=\u00a0\u00bb50930&Prime; img_size=\u00a0\u00bbfull\u00a0\u00bb][\/vc_column][\/vc_row][vc_row full_width=\u00a0\u00bbstretch_row_content_no_spaces\u00a0\u00bb equal_height=\u00a0\u00bbyes\u00a0\u00bb el_class=\u00a0\u00bbmb0 story-skin-white\u00a0\u00bb][vc_column width=\u00a0\u00bb1\/3&Prime; offset=\u00a0\u00bbvc_hidden-lg vc_hidden-md vc_hidden-xs\u00a0\u00bb][vc_single_image image=\u00a0\u00bb50926&Prime; img_size=\u00a0\u00bbfull\u00a0\u00bb][\/vc_column][vc_column width=\u00a0\u00bb1\/3&Prime; el_class=\u00a0\u00bbstory-skin-white\u00a0\u00bb offset=\u00a0\u00bbvc_hidden-lg vc_hidden-md vc_hidden-xs\u00a0\u00bb][vc_raw_html 0=\u00a0\u00bb\u00a0\u00bb el_class=\u00a0\u00bbmobileSquareBlock\u00a0\u00bb css=\u00a0\u00bb.vc_custom_1643618090638{margin-top: 20px !important;margin-right: -10px !important;margin-bottom: -10px !important;margin-left: -10px !important;}\u00a0\u00bb]JTNDcCUzRVJlZ2FyZHMlMjBzdXIlMjBsZSUyMG1hamVzdHVldXglMjBEZWZlbmRlciUyMDExMCUyQyUyMHN0cmF0JUMzJUE5Z2lxdWVtZW50JTIwc2l0dSVDMyVBOSUyMGRhbnMlMjBsYSUyMHpvbmUlMjBkJTI3ZXhwb3NpdGlvbiUyMHNhbG9uJTIwTGFuZCUyMFJvdmVyJTJDJTIwZW4lMjBwbGVpbiUyMGMlQzUlOTN1ciUyMGRlJTIwbCVFMiU4MCU5OSVDMyVBOXYlQzMlQTluZW1lbnQlMjAlM0ElMjBsYSUyMGpldCVDMyVBOWUlMjBCZXJzYWdsaWVyaS4lMjBVbmUlMjBwciVDMyVBOXNlbnRhdGlvbiUyMHJlbmR1ZSUyMGVuY29yZSUyMHBsdXMlMjBhdHRyYXlhbnRlJTIwZ3IlQzMlQTJjZSUyMCVDMyVBMCUyMGxhJTIwdGVudGUlMjBBdXRvaG9tZSUyMGQlQzMlQTlkaSVDMyVBOWUlMjBzcCVDMyVBOWNpZmlxdWVtZW50JTIwJUMzJUEwJTIwTGFuZCUyMFJvdmVyJTJDJTIwcXVpJTIwYSUyMGFtJUMzJUE5bGlvciVDMyVBOSUyMGwlRTIlODAlOTlpbXBhY3QlMjAlQzMlQTltb3Rpb25uZWwlMjBkdSUyMHYlQzMlQTloaWN1bGUuJTIwSWwlMjB5JTIwYXZhaXQlMjBhdXNzaSUyMGxhJTIwbm91dmVhdXQlQzMlQTklM0ElMjBsZSUyMERlZmVuZGVyJTIwOTAlMjB0YW50JTIwYXR0ZW5kdSUyQyUyMHByJUMzJUFBdCUyMCVDMyVBMCUyMGRlJTIwbm91dmVsbGVzJTIwYXZlbnR1cmVzJTIwc3VyJTIwbGVzJTIwcm91dGVzJTIwZGUlMjB0b3VzJTIwbGVzJTIwY29udGluZW50cy4lMjAlM0MlMkZwJTNF[\/vc_raw_html][\/vc_column][vc_column width=\u00a0\u00bb1\/3&Prime; offset=\u00a0\u00bbvc_hidden-lg vc_hidden-md vc_hidden-xs\u00a0\u00bb][vc_single_image image=\u00a0\u00bb50930&Prime; img_size=\u00a0\u00bbfull\u00a0\u00bb][\/vc_column][\/vc_row]<\/p>\n","protected":false},"excerpt":{"rendered":"<p>[vc_row full_width=\u00a0\u00bbstretch_row\u00a0\u00bb equal_height=\u00a0\u00bbyes\u00a0\u00bb el_class=\u00a0\u00bbmb0 story-skin-white\u00a0\u00bb][vc_column offset=\u00a0\u00bbvc_hidden-lg vc_hidden-md vc_hidden-sm\u00a0\u00bb][vc_raw_html el_class=\u00a0\u00bbbtop p0bottom\u00a0\u00bb]JTNDaDElMjBzdHlsZSUzRCUyMmZvbnQtc2l6ZSUzQSUyMDQwcHglM0IlMjIlM0VBVkVOVFVSRSUyQyUyMFNUWUxFJTIwRVQlMjBQQVNTSU9OLiUyMCUzQyUyRmJyJTNFJTIwRU5UUkUlMjBURVJSRSUyMEVUJTIwTUVSJTNBJTIwTEFORCUyMFJPVkVSJTIwRVNUJTIwTCVDMyU4MCUyMCUyMSUzQyUyRmgxJTNFJTBBJTNDcCUzRSUwQUxhJTIwNTIlQzMlQThtZSUyMCVDMyVBOWRpdGlvbiUyMGRlJTIwbGElMjBCYXJjb2xhbmElMkMlMjBsYSUyMHBsdXMlMjBncmFuZGUlMjBldCUyMGxhJTIwcGx1cyUyMGFuY2llbm5lJTIwciVDMyVBOWdhdGUlMjBkZSUyMHZvaWxlJTIwYXUlMjBtb25kZSUyQyUyMGElMjB2dSUyMGNvbW1lJTIwR29sZCUyMFNwb25zb3IlMjBMYW5kJTIwUm92ZXIlMkMlMjBxdWklMjBhJTIwYWluc2klMjByJUMzJUE5YWZmaXJtJUMzJUE5JTIwc2ElMjB2b2NhdGlvbiUyMCVDMyVBMCUyMGNvbWJpbmVyJTIwbGUlMjBzdHlsZSUyMGV0JTIwbGElMjBuYXR1cmUlMkMlMjBsYSUyMHRlcnJlJTIwZXQlMjBsYSUyMG1lci4lMjBBdXglMjBjJUMzJUI0dCVDMyVBOXMlMjBkJTI3QXV0b2hvbWUlMkMlMjBxdWklMjBhJTIwciVDMyVBOWl0JUMzJUE5ciVDMyVBOSUyMGRhbnMlMjB1biUyMGNvbnRleHRlJTIwZXhjZXB0aW9ubmVsJTIwbGElMjBjb2xsYWJvcmF0aW9uJTIwYXZlYyUyMGxlJTIwJUUyJTgwJTlDbXl0aGUlRTIlODAlOUQlMjBkdSUyMHRvdXQtdGVycmFpbiUyMG1vbmRpYWwuJTBBJTNDJTJGcCUzRQ==[\/vc_raw_html][\/vc_column][\/vc_row][vc_row full_width=\u00a0\u00bbstretch_row\u00a0\u00bb equal_height=\u00a0\u00bbyes\u00a0\u00bb el_class=\u00a0\u00bbmb0 story-skin-white\u00a0\u00bb][vc_column width=\u00a0\u00bb2\/3&Prime; offset=\u00a0\u00bbvc_hidden-sm vc_hidden-xs\u00a0\u00bb][vc_raw_html el_class=\u00a0\u00bbp0bottom btop mobileSquareBlock\u00a0\u00bb]JTNDaDElMjBzdHlsZSUzRCUyMmZvbnQtc2l6ZSUzQSUyMDQwcHglM0IlMjIlM0VBVkVOVFVSRSUyQyUyMFNUWUxFJTIwRVQlMjBQQVNTSU9OLiUyMCUzQyUyRmJyJTNFJTIwRU5UUkUlMjBURVJSRSUyMEVUJTIwTUVSJTNBJTIwTEFORCUyMFJPVkVSJTIwRVNUJTIwTCVDMyU4MCUyMCUyMSUzQyUyRmgxJTNFJTBBJTBBJTNDcCUzRSUwQUxhJTIwNTIlQzMlQThtZSUyMCVDMyVBOWRpdGlvbiUyMGRlJTIwbGElMjBCYXJjb2xhbmElMkMlMjBsYSUyMHBsdXMlMjBncmFuZGUlMjBldCUyMGxhJTIwcGx1cyUyMGFuY2llbm5lJTIwciVDMyVBOWdhdGUlMjBkZSUyMHZvaWxlJTIwYXUlMjBtb25kZSUyQyUyMGElMjB2dSUyMGNvbW1lJTIwR29sZCUyMFNwb25zb3IlMjBMYW5kJTIwUm92ZXIlMkMlMjBxdWklMjBhJTIwYWluc2klMjByJUMzJUE5YWZmaXJtJUMzJUE5JTIwc2ElMjB2b2NhdGlvbiUyMCVDMyVBMCUyMGNvbWJpbmVyJTIwbGUlMjBzdHlsZSUyMGV0JTIwbGElMjBuYXR1cmUlMkMlMjBsYSUyMHRlcnJlJTIwZXQlMjBsYSUyMG1lci4lMjBBdXglMjBjJUMzJUI0dCVDMyVBOXMlMjBkJTI3QXV0b2hvbWUlMkMlMjBxdWklMjBhJTIwciVDMyVBOWl0JUMzJUE5ciVDMyVBOSUyMGRhbnMlMjB1biUyMGNvbnRleHRlJTIwZXhjZXB0aW9ubmVsJTIwbGElMjBjb2xsYWJvcmF0aW9uJTIwYXZlYyUyMGxlJTIwJUUyJTgwJTlDbXl0aGUlRTIlODAlOUQlMjBkdSUyMHRvdXQtdGVycmFpbiUyMG1vbmRpYWwuJTBBJTNDJTJGcCUzRSUwQSUzQ3AlM0UlM0MlMkZwJTNFJTBB[\/vc_raw_html][\/vc_column][vc_column width=\u00a0\u00bb1\/3&Prime; offset=\u00a0\u00bbvc_hidden-sm\u00a0\u00bb][vc_single_image image=\u00a0\u00bb53053&Prime; img_size=\u00a0\u00bbfull\u00a0\u00bb onclick=\u00a0\u00bbcustom_link\u00a0\u00bb link=\u00a0\u00bbhttps:\/\/www.landrover.it\/index.html\u00a0\u00bb][\/vc_column][\/vc_row][vc_row<span class=\"excerpt-hellip\"> [\u2026]<\/span><\/p>\n","protected":false},"author":4,"featured_media":0,"parent":14755,"menu_order":0,"comment_status":"closed","ping_status":"closed","template":"template-experience.php","meta":[],"yoast_head":"<!-- This site is optimized with the Yoast SEO Premium plugin v18.6 (Yoast SEO v19.2) - https:\/\/yoast.com\/wordpress\/plugins\/seo\/ -->\n<title>Autohome x Land Rover - Barcolana<\/title>\n<meta name=\"description\" content=\"La 52\u00e8me \u00e9dition de la Barcolana, la plus grande et la plus ancienne r\u00e9gate de voile au monde, a vu comme Gold Sponsor Land Rover. Aux c\u00f4t\u00e9s d&#039;Autohome, qui a r\u00e9it\u00e9r\u00e9 dans un contexte exceptionnel la collaboration avec le \u201cmythe\u201d du tout-terrain mondial.\" \/>\n<meta name=\"robots\" content=\"noindex, follow, max-snippet:-1, max-image-preview:large, max-video-preview:-1\" \/>\n<meta property=\"og:locale\" content=\"fr_FR\" \/>\n<meta property=\"og:type\" content=\"article\" \/>\n<meta property=\"og:title\" content=\"Land Rover - Barcolana\" \/>\n<meta property=\"og:description\" content=\"La 52\u00e8me \u00e9dition de la Barcolana, la plus grande et la plus ancienne r\u00e9gate de voile au monde, a vu comme Gold Sponsor Land Rover. Aux c\u00f4t\u00e9s d&#039;Autohome, qui a r\u00e9it\u00e9r\u00e9 dans un contexte exceptionnel la collaboration avec le \u201cmythe\u201d du tout-terrain mondial.\" \/>\n<meta property=\"og:url\" content=\"https:\/\/dev.autohome-official.com\/fr\/experience\/land-rover-barcolana\/\" \/>\n<meta property=\"og:site_name\" content=\"Autohome\" \/>\n<meta property=\"article:publisher\" content=\"https:\/\/www.facebook.com\/Autohome.Official.Page\" \/>\n<meta property=\"article:modified_time\" content=\"2022-01-31T08:35:16+00:00\" \/>\n<meta name=\"author\" content=\"Amministratore Autohome\" \/>\n<meta name=\"twitter:card\" content=\"summary\" \/>\n<meta name=\"twitter:label1\" content=\"Dur\u00e9e de lecture estim\u00e9e\" \/>\n\t<meta name=\"twitter:data1\" content=\"5 minutes\" \/>\n<script type=\"application\/ld+json\" class=\"yoast-schema-graph\">{\"@context\":\"https:\/\/schema.org\",\"@graph\":[{\"@type\":\"Organization\",\"@id\":\"https:\/\/dev.autohome-official.com\/#organization\",\"name\":\"Autohome\",\"url\":\"https:\/\/dev.autohome-official.com\/\",\"sameAs\":[\"https:\/\/www.instagram.com\/autohome_official\/\",\"http:\/\/www.youtube.com\/user\/AutohomeOfficial\",\"https:\/\/www.facebook.com\/Autohome.Official.Page\"],\"logo\":{\"@type\":\"ImageObject\",\"inLanguage\":\"fr-FR\",\"@id\":\"https:\/\/dev.autohome-official.com\/#\/schema\/logo\/image\/\",\"url\":\"https:\/\/dev.autohome-official.com\/wp-content\/uploads\/2016\/10\/logo.png\",\"contentUrl\":\"https:\/\/dev.autohome-official.com\/wp-content\/uploads\/2016\/10\/logo.png\",\"width\":295,\"height\":80,\"caption\":\"Autohome\"},\"image\":{\"@id\":\"https:\/\/dev.autohome-official.com\/#\/schema\/logo\/image\/\"}},{\"@type\":\"WebSite\",\"@id\":\"https:\/\/dev.autohome-official.com\/#website\",\"url\":\"https:\/\/dev.autohome-official.com\/\",\"name\":\"Autohome\",\"description\":\"Tende da tetto - Dachzelte - Roof Top Tents - Tentes de Toit\",\"publisher\":{\"@id\":\"https:\/\/dev.autohome-official.com\/#organization\"},\"potentialAction\":[{\"@type\":\"SearchAction\",\"target\":{\"@type\":\"EntryPoint\",\"urlTemplate\":\"https:\/\/dev.autohome-official.com\/?s={search_term_string}\"},\"query-input\":\"required name=search_term_string\"}],\"inLanguage\":\"fr-FR\"},{\"@type\":\"WebPage\",\"@id\":\"https:\/\/dev.autohome-official.com\/fr\/experience\/land-rover-barcolana\/#webpage\",\"url\":\"https:\/\/dev.autohome-official.com\/fr\/experience\/land-rover-barcolana\/\",\"name\":\"Autohome x Land Rover - Barcolana\",\"isPartOf\":{\"@id\":\"https:\/\/dev.autohome-official.com\/#website\"},\"datePublished\":\"2020-10-29T07:53:38+00:00\",\"dateModified\":\"2022-01-31T08:35:16+00:00\",\"description\":\"La 52\u00e8me \u00e9dition de la Barcolana, la plus grande et la plus ancienne r\u00e9gate de voile au monde, a vu comme Gold Sponsor Land Rover. Aux c\u00f4t\u00e9s d'Autohome, qui a r\u00e9it\u00e9r\u00e9 dans un contexte exceptionnel la collaboration avec le \u201cmythe\u201d du tout-terrain mondial.\",\"breadcrumb\":{\"@id\":\"https:\/\/dev.autohome-official.com\/fr\/experience\/land-rover-barcolana\/#breadcrumb\"},\"inLanguage\":\"fr-FR\",\"potentialAction\":[{\"@type\":\"ReadAction\",\"target\":[\"https:\/\/dev.autohome-official.com\/fr\/experience\/land-rover-barcolana\/\"]}]},{\"@type\":\"BreadcrumbList\",\"@id\":\"https:\/\/dev.autohome-official.com\/fr\/experience\/land-rover-barcolana\/#breadcrumb\",\"itemListElement\":[{\"@type\":\"ListItem\",\"position\":1,\"name\":\"Home\",\"item\":\"https:\/\/dev.autohome-official.com\/fr\/\"},{\"@type\":\"ListItem\",\"position\":2,\"name\":\"Experience\",\"item\":\"https:\/\/dev.autohome-official.com\/fr\/experience\/\"},{\"@type\":\"ListItem\",\"position\":3,\"name\":\"Land Rover &#8211; Barcolana\"}]}]}<\/script>\n<!-- \/ Yoast SEO Premium plugin. -->","yoast_head_json":{"title":"Autohome x Land Rover - Barcolana","description":"La 52\u00e8me \u00e9dition de la Barcolana, la plus grande et la plus ancienne r\u00e9gate de voile au monde, a vu comme Gold Sponsor Land Rover. Aux c\u00f4t\u00e9s d'Autohome, qui a r\u00e9it\u00e9r\u00e9 dans un contexte exceptionnel la collaboration avec le \u201cmythe\u201d du tout-terrain mondial.","robots":{"index":"noindex","follow":"follow","max-snippet":"max-snippet:-1","max-image-preview":"max-image-preview:large","max-video-preview":"max-video-preview:-1"},"og_locale":"fr_FR","og_type":"article","og_title":"Land Rover - Barcolana","og_description":"La 52\u00e8me \u00e9dition de la Barcolana, la plus grande et la plus ancienne r\u00e9gate de voile au monde, a vu comme Gold Sponsor Land Rover. Aux c\u00f4t\u00e9s d'Autohome, qui a r\u00e9it\u00e9r\u00e9 dans un contexte exceptionnel la collaboration avec le \u201cmythe\u201d du tout-terrain mondial.","og_url":"https:\/\/dev.autohome-official.com\/fr\/experience\/land-rover-barcolana\/","og_site_name":"Autohome","article_publisher":"https:\/\/www.facebook.com\/Autohome.Official.Page","article_modified_time":"2022-01-31T08:35:16+00:00","author":"Amministratore Autohome","twitter_card":"summary","twitter_misc":{"Dur\u00e9e de lecture estim\u00e9e":"5 minutes"},"schema":{"@context":"https:\/\/schema.org","@graph":[{"@type":"Organization","@id":"https:\/\/dev.autohome-official.com\/#organization","name":"Autohome","url":"https:\/\/dev.autohome-official.com\/","sameAs":["https:\/\/www.instagram.com\/autohome_official\/","http:\/\/www.youtube.com\/user\/AutohomeOfficial","https:\/\/www.facebook.com\/Autohome.Official.Page"],"logo":{"@type":"ImageObject","inLanguage":"fr-FR","@id":"https:\/\/dev.autohome-official.com\/#\/schema\/logo\/image\/","url":"https:\/\/dev.autohome-official.com\/wp-content\/uploads\/2016\/10\/logo.png","contentUrl":"https:\/\/dev.autohome-official.com\/wp-content\/uploads\/2016\/10\/logo.png","width":295,"height":80,"caption":"Autohome"},"image":{"@id":"https:\/\/dev.autohome-official.com\/#\/schema\/logo\/image\/"}},{"@type":"WebSite","@id":"https:\/\/dev.autohome-official.com\/#website","url":"https:\/\/dev.autohome-official.com\/","name":"Autohome","description":"Tende da tetto - Dachzelte - Roof Top Tents - Tentes de Toit","publisher":{"@id":"https:\/\/dev.autohome-official.com\/#organization"},"potentialAction":[{"@type":"SearchAction","target":{"@type":"EntryPoint","urlTemplate":"https:\/\/dev.autohome-official.com\/?s={search_term_string}"},"query-input":"required name=search_term_string"}],"inLanguage":"fr-FR"},{"@type":"WebPage","@id":"https:\/\/dev.autohome-official.com\/fr\/experience\/land-rover-barcolana\/#webpage","url":"https:\/\/dev.autohome-official.com\/fr\/experience\/land-rover-barcolana\/","name":"Autohome x Land Rover - Barcolana","isPartOf":{"@id":"https:\/\/dev.autohome-official.com\/#website"},"datePublished":"2020-10-29T07:53:38+00:00","dateModified":"2022-01-31T08:35:16+00:00","description":"La 52\u00e8me \u00e9dition de la Barcolana, la plus grande et la plus ancienne r\u00e9gate de voile au monde, a vu comme Gold Sponsor Land Rover. Aux c\u00f4t\u00e9s d'Autohome, qui a r\u00e9it\u00e9r\u00e9 dans un contexte exceptionnel la collaboration avec le \u201cmythe\u201d du tout-terrain mondial.","breadcrumb":{"@id":"https:\/\/dev.autohome-official.com\/fr\/experience\/land-rover-barcolana\/#breadcrumb"},"inLanguage":"fr-FR","potentialAction":[{"@type":"ReadAction","target":["https:\/\/dev.autohome-official.com\/fr\/experience\/land-rover-barcolana\/"]}]},{"@type":"BreadcrumbList","@id":"https:\/\/dev.autohome-official.com\/fr\/experience\/land-rover-barcolana\/#breadcrumb","itemListElement":[{"@type":"ListItem","position":1,"name":"Home","item":"https:\/\/dev.autohome-official.com\/fr\/"},{"@type":"ListItem","position":2,"name":"Experience","item":"https:\/\/dev.autohome-official.com\/fr\/experience\/"},{"@type":"ListItem","position":3,"name":"Land Rover &#8211; Barcolana"}]}]}},"_links":{"self":[{"href":"https:\/\/dev.autohome-official.com\/fr\/wp-json\/wp\/v2\/pages\/50900"}],"collection":[{"href":"https:\/\/dev.autohome-official.com\/fr\/wp-json\/wp\/v2\/pages"}],"about":[{"href":"https:\/\/dev.autohome-official.com\/fr\/wp-json\/wp\/v2\/types\/page"}],"author":[{"embeddable":true,"href":"https:\/\/dev.autohome-official.com\/fr\/wp-json\/wp\/v2\/users\/4"}],"replies":[{"embeddable":true,"href":"https:\/\/dev.autohome-official.com\/fr\/wp-json\/wp\/v2\/comments?post=50900"}],"version-history":[{"count":2,"href":"https:\/\/dev.autohome-official.com\/fr\/wp-json\/wp\/v2\/pages\/50900\/revisions"}],"predecessor-version":[{"id":61424,"href":"https:\/\/dev.autohome-official.com\/fr\/wp-json\/wp\/v2\/pages\/50900\/revisions\/61424"}],"up":[{"embeddable":true,"href":"https:\/\/dev.autohome-official.com\/fr\/wp-json\/wp\/v2\/pages\/14755"}],"wp:attachment":[{"href":"https:\/\/dev.autohome-official.com\/fr\/wp-json\/wp\/v2\/media?parent=50900"}],"curies":[{"name":"wp","href":"https:\/\/api.w.org\/{rel}","templated":true}]}}