{"id":24332,"date":"2017-08-03T19:31:40","date_gmt":"2017-08-03T17:31:40","guid":{"rendered":"https:\/\/dev.autohome-official.com\/?page_id=24332\/"},"modified":"2021-12-23T15:10:27","modified_gmt":"2021-12-23T14:10:27","slug":"smukfest-gallery","status":"publish","type":"page","link":"https:\/\/dev.autohome-official.com\/fr\/gallery\/smukfest-gallery\/","title":{"rendered":"Smukfest Gallery"},"content":{"rendered":"<p>[vc_row el_class=\u00a0\u00bbsubslider row-full hide-in-subpage\u00a0\u00bb][vc_column][vc_custom_heading text=\u00a0\u00bbSMUKFEST GALLERY\u00a0\u00bb font_container=\u00a0\u00bbtag:h1|text_align:left\u00a0\u00bb use_theme_fonts=\u00a0\u00bbyes\u00a0\u00bb][\/vc_column][\/vc_row][vc_row el_class=\u00a0\u00bbmb0 story-skin-video\u00a0\u00bb][vc_column]<div class=\"breadcrumb-wrapper\"><ul class=\"breadcrumbs no-link\"><li><a href=\"https:\/\/dev.autohome-official.com\/fr\/\">Home<\/a> <span><i class=\"icon-right-open\"><\/i><\/span><\/li><li><a href=\"https:\/\/dev.autohome-official.com:443\/fr\/wp-json\/wp\/v2\/pages\/24332\/\"><\/a><\/li><\/ul><\/div>[\/vc_column][\/vc_row][vc_row css=\u00a0\u00bb.vc_custom_1480096674555{margin-right: 5% !important;margin-left: 5% !important;}\u00a0\u00bb el_class=\u00a0\u00bbstory-skin-video\u00a0\u00bb][vc_column][vc_media_grid element_width=\u00a0\u00bb2&Prime; gap=\u00a0\u00bb15&Prime; item=\u00a0\u00bb10954&Prime; initial_loading_animation=\u00a0\u00bbnone\u00a0\u00bb grid_id=\u00a0\u00bbvc_gid:1501778966536-43766161-70fc-2&Prime; include=\u00a0\u00bb24333,24337,24341,24345,24349,24353,24357,24361,24365,24369,24373,24377,24381,24385,24389,24393,24397,24401,24405,24409,24413,24417,24421,24425,24429,24433,24437,24441,24445,24449,24453,24457,24461,24465,24469,24473,24477,24481,24485,24489,24493,24497,24501,24505,24509,24513,24517,24521,24525,24529,24533,24537,24541,24545,24549,24553,24557,24561,24565&Prime;][\/vc_column][\/vc_row]<\/p>\n","protected":false},"excerpt":{"rendered":"<p>[vc_row el_class=\u00a0\u00bbsubslider row-full hide-in-subpage\u00a0\u00bb][vc_column][vc_custom_heading text=\u00a0\u00bbSMUKFEST GALLERY\u00a0\u00bb font_container=\u00a0\u00bbtag:h1|text_align:left\u00a0\u00bb use_theme_fonts=\u00a0\u00bbyes\u00a0\u00bb][\/vc_column][\/vc_row][vc_row el_class=\u00a0\u00bbmb0 story-skin-video\u00a0\u00bb][vc_column][\/vc_column][\/vc_row][vc_row css=\u00a0\u00bb.vc_custom_1480096674555{margin-right: 5% !important;margin-left: 5% !important;}\u00a0\u00bb el_class=\u00a0\u00bbstory-skin-video\u00a0\u00bb][vc_column][vc_media_grid element_width=\u00a0\u00bb2&Prime; gap=\u00a0\u00bb15&Prime; item=\u00a0\u00bb10954&Prime; initial_loading_animation=\u00a0\u00bbnone\u00a0\u00bb grid_id=\u00a0\u00bbvc_gid:1501778966536-43766161-70fc-2&Prime; include=\u00a0\u00bb24333,24337,24341,24345,24349,24353,24357,24361,24365,24369,24373,24377,24381,24385,24389,24393,24397,24401,24405,24409,24413,24417,24421,24425,24429,24433,24437,24441,24445,24449,24453,24457,24461,24465,24469,24473,24477,24481,24485,24489,24493,24497,24501,24505,24509,24513,24517,24521,24525,24529,24533,24537,24541,24545,24549,24553,24557,24561,24565&Prime;][\/vc_column][\/vc_row]<\/p>\n","protected":false},"author":2,"featured_media":53838,"parent":14771,"menu_order":0,"comment_status":"closed","ping_status":"closed","template":"template-gallery.php","meta":[],"yoast_head":"<!-- This site is optimized with the Yoast SEO Premium plugin v18.6 (Yoast SEO v19.2) - https:\/\/yoast.com\/wordpress\/plugins\/seo\/ -->\n<title>Galerie photos du Smukfest<\/title>\n<meta name=\"description\" content=\"Tentes de toit Autohome install\u00e9es au sol lors du prestigieux festival de la bi\u00e8re de l&#039;Europe du nord. D\u00e9couvrez tous les d\u00e9tails sur notre site !\" \/>\n<meta name=\"robots\" content=\"noindex, follow, max-snippet:-1, max-image-preview:large, max-video-preview:-1\" \/>\n<meta property=\"og:locale\" content=\"fr_FR\" \/>\n<meta property=\"og:type\" content=\"article\" \/>\n<meta property=\"og:title\" content=\"Smukfest Gallery\" \/>\n<meta property=\"og:description\" content=\"Tentes de toit Autohome install\u00e9es au sol lors du prestigieux festival de la bi\u00e8re de l&#039;Europe du nord. D\u00e9couvrez tous les d\u00e9tails sur notre site !\" \/>\n<meta property=\"og:url\" content=\"https:\/\/dev.autohome-official.com\/fr\/gallery\/smukfest-gallery\/\" \/>\n<meta property=\"og:site_name\" content=\"Autohome\" \/>\n<meta property=\"article:publisher\" content=\"https:\/\/www.facebook.com\/Autohome.Official.Page\" \/>\n<meta property=\"article:modified_time\" content=\"2021-12-23T14:10:27+00:00\" \/>\n<meta property=\"og:image\" content=\"https:\/\/dev.autohome-official.com\/wp-content\/uploads\/2021\/01\/SmukFest-gallery-Autohome-Official.jpg\" \/>\n\t<meta property=\"og:image:width\" content=\"800\" \/>\n\t<meta property=\"og:image:height\" content=\"533\" \/>\n\t<meta property=\"og:image:type\" content=\"image\/jpeg\" \/>\n<meta name=\"author\" content=\"Valentina Daina\" \/>\n<meta name=\"twitter:card\" content=\"summary\" \/>\n<script type=\"application\/ld+json\" class=\"yoast-schema-graph\">{\"@context\":\"https:\/\/schema.org\",\"@graph\":[{\"@type\":\"Organization\",\"@id\":\"https:\/\/dev.autohome-official.com\/#organization\",\"name\":\"Autohome\",\"url\":\"https:\/\/dev.autohome-official.com\/\",\"sameAs\":[\"https:\/\/www.instagram.com\/autohome_official\/\",\"http:\/\/www.youtube.com\/user\/AutohomeOfficial\",\"https:\/\/www.facebook.com\/Autohome.Official.Page\"],\"logo\":{\"@type\":\"ImageObject\",\"inLanguage\":\"fr-FR\",\"@id\":\"https:\/\/dev.autohome-official.com\/#\/schema\/logo\/image\/\",\"url\":\"https:\/\/dev.autohome-official.com\/wp-content\/uploads\/2016\/10\/logo.png\",\"contentUrl\":\"https:\/\/dev.autohome-official.com\/wp-content\/uploads\/2016\/10\/logo.png\",\"width\":295,\"height\":80,\"caption\":\"Autohome\"},\"image\":{\"@id\":\"https:\/\/dev.autohome-official.com\/#\/schema\/logo\/image\/\"}},{\"@type\":\"WebSite\",\"@id\":\"https:\/\/dev.autohome-official.com\/#website\",\"url\":\"https:\/\/dev.autohome-official.com\/\",\"name\":\"Autohome\",\"description\":\"Tende da tetto - Dachzelte - Roof Top Tents - Tentes de Toit\",\"publisher\":{\"@id\":\"https:\/\/dev.autohome-official.com\/#organization\"},\"potentialAction\":[{\"@type\":\"SearchAction\",\"target\":{\"@type\":\"EntryPoint\",\"urlTemplate\":\"https:\/\/dev.autohome-official.com\/?s={search_term_string}\"},\"query-input\":\"required name=search_term_string\"}],\"inLanguage\":\"fr-FR\"},{\"@type\":\"ImageObject\",\"inLanguage\":\"fr-FR\",\"@id\":\"https:\/\/dev.autohome-official.com\/fr\/gallery\/smukfest-gallery\/#primaryimage\",\"url\":\"https:\/\/dev.autohome-official.com\/wp-content\/uploads\/2021\/01\/SmukFest-gallery-Autohome-Official.jpg\",\"contentUrl\":\"https:\/\/dev.autohome-official.com\/wp-content\/uploads\/2021\/01\/SmukFest-gallery-Autohome-Official.jpg\",\"width\":800,\"height\":533,\"caption\":\"SmukFest gallery Autohome Official\"},{\"@type\":\"WebPage\",\"@id\":\"https:\/\/dev.autohome-official.com\/fr\/gallery\/smukfest-gallery\/#webpage\",\"url\":\"https:\/\/dev.autohome-official.com\/fr\/gallery\/smukfest-gallery\/\",\"name\":\"Galerie photos du Smukfest\",\"isPartOf\":{\"@id\":\"https:\/\/dev.autohome-official.com\/#website\"},\"primaryImageOfPage\":{\"@id\":\"https:\/\/dev.autohome-official.com\/fr\/gallery\/smukfest-gallery\/#primaryimage\"},\"datePublished\":\"2017-08-03T17:31:40+00:00\",\"dateModified\":\"2021-12-23T14:10:27+00:00\",\"description\":\"Tentes de toit Autohome install\u00e9es au sol lors du prestigieux festival de la bi\u00e8re de l'Europe du nord. D\u00e9couvrez tous les d\u00e9tails sur notre site !\",\"breadcrumb\":{\"@id\":\"https:\/\/dev.autohome-official.com\/fr\/gallery\/smukfest-gallery\/#breadcrumb\"},\"inLanguage\":\"fr-FR\",\"potentialAction\":[{\"@type\":\"ReadAction\",\"target\":[\"https:\/\/dev.autohome-official.com\/fr\/gallery\/smukfest-gallery\/\"]}]},{\"@type\":\"BreadcrumbList\",\"@id\":\"https:\/\/dev.autohome-official.com\/fr\/gallery\/smukfest-gallery\/#breadcrumb\",\"itemListElement\":[{\"@type\":\"ListItem\",\"position\":1,\"name\":\"Home\",\"item\":\"https:\/\/dev.autohome-official.com\/fr\/\"},{\"@type\":\"ListItem\",\"position\":2,\"name\":\"Gallery\",\"item\":\"https:\/\/dev.autohome-official.com\/fr\/gallery\/\"},{\"@type\":\"ListItem\",\"position\":3,\"name\":\"Smukfest Gallery\"}]}]}<\/script>\n<!-- \/ Yoast SEO Premium plugin. -->","yoast_head_json":{"title":"Galerie photos du Smukfest","description":"Tentes de toit Autohome install\u00e9es au sol lors du prestigieux festival de la bi\u00e8re de l'Europe du nord. D\u00e9couvrez tous les d\u00e9tails sur notre site !","robots":{"index":"noindex","follow":"follow","max-snippet":"max-snippet:-1","max-image-preview":"max-image-preview:large","max-video-preview":"max-video-preview:-1"},"og_locale":"fr_FR","og_type":"article","og_title":"Smukfest Gallery","og_description":"Tentes de toit Autohome install\u00e9es au sol lors du prestigieux festival de la bi\u00e8re de l'Europe du nord. D\u00e9couvrez tous les d\u00e9tails sur notre site !","og_url":"https:\/\/dev.autohome-official.com\/fr\/gallery\/smukfest-gallery\/","og_site_name":"Autohome","article_publisher":"https:\/\/www.facebook.com\/Autohome.Official.Page","article_modified_time":"2021-12-23T14:10:27+00:00","og_image":[{"width":800,"height":533,"url":"https:\/\/dev.autohome-official.com\/wp-content\/uploads\/2021\/01\/SmukFest-gallery-Autohome-Official.jpg","type":"image\/jpeg"}],"author":"Valentina Daina","twitter_card":"summary","schema":{"@context":"https:\/\/schema.org","@graph":[{"@type":"Organization","@id":"https:\/\/dev.autohome-official.com\/#organization","name":"Autohome","url":"https:\/\/dev.autohome-official.com\/","sameAs":["https:\/\/www.instagram.com\/autohome_official\/","http:\/\/www.youtube.com\/user\/AutohomeOfficial","https:\/\/www.facebook.com\/Autohome.Official.Page"],"logo":{"@type":"ImageObject","inLanguage":"fr-FR","@id":"https:\/\/dev.autohome-official.com\/#\/schema\/logo\/image\/","url":"https:\/\/dev.autohome-official.com\/wp-content\/uploads\/2016\/10\/logo.png","contentUrl":"https:\/\/dev.autohome-official.com\/wp-content\/uploads\/2016\/10\/logo.png","width":295,"height":80,"caption":"Autohome"},"image":{"@id":"https:\/\/dev.autohome-official.com\/#\/schema\/logo\/image\/"}},{"@type":"WebSite","@id":"https:\/\/dev.autohome-official.com\/#website","url":"https:\/\/dev.autohome-official.com\/","name":"Autohome","description":"Tende da tetto - Dachzelte - Roof Top Tents - Tentes de Toit","publisher":{"@id":"https:\/\/dev.autohome-official.com\/#organization"},"potentialAction":[{"@type":"SearchAction","target":{"@type":"EntryPoint","urlTemplate":"https:\/\/dev.autohome-official.com\/?s={search_term_string}"},"query-input":"required name=search_term_string"}],"inLanguage":"fr-FR"},{"@type":"ImageObject","inLanguage":"fr-FR","@id":"https:\/\/dev.autohome-official.com\/fr\/gallery\/smukfest-gallery\/#primaryimage","url":"https:\/\/dev.autohome-official.com\/wp-content\/uploads\/2021\/01\/SmukFest-gallery-Autohome-Official.jpg","contentUrl":"https:\/\/dev.autohome-official.com\/wp-content\/uploads\/2021\/01\/SmukFest-gallery-Autohome-Official.jpg","width":800,"height":533,"caption":"SmukFest gallery Autohome Official"},{"@type":"WebPage","@id":"https:\/\/dev.autohome-official.com\/fr\/gallery\/smukfest-gallery\/#webpage","url":"https:\/\/dev.autohome-official.com\/fr\/gallery\/smukfest-gallery\/","name":"Galerie photos du Smukfest","isPartOf":{"@id":"https:\/\/dev.autohome-official.com\/#website"},"primaryImageOfPage":{"@id":"https:\/\/dev.autohome-official.com\/fr\/gallery\/smukfest-gallery\/#primaryimage"},"datePublished":"2017-08-03T17:31:40+00:00","dateModified":"2021-12-23T14:10:27+00:00","description":"Tentes de toit Autohome install\u00e9es au sol lors du prestigieux festival de la bi\u00e8re de l'Europe du nord. D\u00e9couvrez tous les d\u00e9tails sur notre site !","breadcrumb":{"@id":"https:\/\/dev.autohome-official.com\/fr\/gallery\/smukfest-gallery\/#breadcrumb"},"inLanguage":"fr-FR","potentialAction":[{"@type":"ReadAction","target":["https:\/\/dev.autohome-official.com\/fr\/gallery\/smukfest-gallery\/"]}]},{"@type":"BreadcrumbList","@id":"https:\/\/dev.autohome-official.com\/fr\/gallery\/smukfest-gallery\/#breadcrumb","itemListElement":[{"@type":"ListItem","position":1,"name":"Home","item":"https:\/\/dev.autohome-official.com\/fr\/"},{"@type":"ListItem","position":2,"name":"Gallery","item":"https:\/\/dev.autohome-official.com\/fr\/gallery\/"},{"@type":"ListItem","position":3,"name":"Smukfest Gallery"}]}]}},"_links":{"self":[{"href":"https:\/\/dev.autohome-official.com\/fr\/wp-json\/wp\/v2\/pages\/24332"}],"collection":[{"href":"https:\/\/dev.autohome-official.com\/fr\/wp-json\/wp\/v2\/pages"}],"about":[{"href":"https:\/\/dev.autohome-official.com\/fr\/wp-json\/wp\/v2\/types\/page"}],"author":[{"embeddable":true,"href":"https:\/\/dev.autohome-official.com\/fr\/wp-json\/wp\/v2\/users\/2"}],"replies":[{"embeddable":true,"href":"https:\/\/dev.autohome-official.com\/fr\/wp-json\/wp\/v2\/comments?post=24332"}],"version-history":[{"count":1,"href":"https:\/\/dev.autohome-official.com\/fr\/wp-json\/wp\/v2\/pages\/24332\/revisions"}],"predecessor-version":[{"id":60892,"href":"https:\/\/dev.autohome-official.com\/fr\/wp-json\/wp\/v2\/pages\/24332\/revisions\/60892"}],"up":[{"embeddable":true,"href":"https:\/\/dev.autohome-official.com\/fr\/wp-json\/wp\/v2\/pages\/14771"}],"wp:featuredmedia":[{"embeddable":true,"href":"https:\/\/dev.autohome-official.com\/fr\/wp-json\/wp\/v2\/media\/53838"}],"wp:attachment":[{"href":"https:\/\/dev.autohome-official.com\/fr\/wp-json\/wp\/v2\/media?parent=24332"}],"curies":[{"name":"wp","href":"https:\/\/api.w.org\/{rel}","templated":true}]}}