{"id":17672,"date":"2017-07-10T23:47:27","date_gmt":"2017-07-10T21:47:27","guid":{"rendered":"https:\/\/dev.autohome-official.com\/?page_id=17672\/"},"modified":"2022-02-02T13:58:30","modified_gmt":"2022-02-02T12:58:30","slug":"smukfest","status":"publish","type":"page","link":"https:\/\/dev.autohome-official.com\/fr\/experience\/smukfest\/","title":{"rendered":"SmukFest"},"content":{"rendered":"<p>[vc_row full_width=\u00a0\u00bbstretch_row\u00a0\u00bb equal_height=\u00a0\u00bbyes\u00a0\u00bb el_class=\u00a0\u00bbmb0 story-skin-white\u00a0\u00bb][vc_column width=\u00a0\u00bb2\/3&Prime;]<div class=\"breadcrumb-wrapper\"><ul class=\"breadcrumbs no-link\"><li><a href=\"https:\/\/dev.autohome-official.com\/fr\/\">Home<\/a> <span><i class=\"icon-right-open\"><\/i><\/span><\/li><li><a href=\"https:\/\/dev.autohome-official.com:443\/fr\/wp-json\/wp\/v2\/pages\/17672\/\"><\/a><\/li><\/ul><\/div>[vc_raw_html el_class=\u00a0\u00bbp0bottom btop mobileSquareBlock\u00a0\u00bb]JTNDaDElM0VURU5USE9VU0UlM0MlMkZoMSUzRSUwQSUwQSUzQ3AlM0UlMEFUZW50aG91c2UlMjBlc3QlMjB1bmUlMjB2ZXJzaW9uJTIwc3AlQzMlQTljaWFsZSUyMGRlJTIwVGVudGUlMjBBdXRvaG9tZSUyMGNyJUMzJUE5JUMzJUE5ZSUyMGVuJTIwY29sbGFib3JhdGlvbiUyMGF2ZWMlMjBsZSUyMHBlcnNvbm5lbCUyMGRlJTIwU01VS0ZFU1QlMjBhZmluJTIwZGUlMjBwZXJtZXR0cmUlMjBhdSUyMGdyYW5kJTIwcHVibGljJTIwZGUlMjBjYW1wZXIlMjBjb25mb3J0YWJsZW1lbnQlMjBwZW5kYW50JTIwbGUlMjBjJUMzJUE5bCVDMyVBOGJyZSUyMGZlc3RpdmFsJTIwZGUlMjBsYSUyMGJpJUMzJUE4cmUlMjBxdWklMjBzZSUyMHRpZW50JTIwY2hhcXVlJTIwYW5uJUMzJUE5ZSUyMCVDMyVBMCUyMFNrYW5kZXJib3JnJTJDJTIwYXUlMjBEYW5lbWFyay4lMEElM0MlMkZwJTNFJTBBJTNDYSUyMGNsYXNzJTNEJTIybGlua21vcmUlMjIlMjBocmVmJTNEJTIyJTJGZnIlMkZnYWxsZXJ5JTJGc211a2Zlc3QtZ2FsbGVyeSUyRiUyMiUzRU1PUkUlMjBTTVVLRkVTVCUyMEdBTExFUlklM0MlMkZhJTNF[\/vc_raw_html][\/vc_column][vc_column width=\u00a0\u00bb1\/3&Prime;][vc_single_image image=\u00a0\u00bb17673&Prime; img_size=\u00a0\u00bbfull\u00a0\u00bb onclick=\u00a0\u00bbcustom_link\u00a0\u00bb link=\u00a0\u00bbhttps:\/\/www.smukfest.dk\/\u00a0\u00bb][\/vc_column][\/vc_row][vc_row full_width=\u00a0\u00bbstretch_row\u00a0\u00bb equal_height=\u00a0\u00bbyes\u00a0\u00bb content_placement=\u00a0\u00bbmiddle\u00a0\u00bb el_class=\u00a0\u00bbmb0 story-skin-white\u00a0\u00bb][vc_column width=\u00a0\u00bb2\/3&Prime; offset=\u00a0\u00bbvc_hidden-xs\u00a0\u00bb][vc_single_image image=\u00a0\u00bb17681&Prime; img_size=\u00a0\u00bbfull\u00a0\u00bb][\/vc_column][vc_column width=\u00a0\u00bb1\/3&Prime; el_class=\u00a0\u00bbstory-skin-white\u00a0\u00bb][vc_raw_html 0=\u00a0\u00bb\u00a0\u00bb el_class=\u00a0\u00bbmobileSquareBlock\u00a0\u00bb]JTNDcCUzRSUzQ3NwYW4lMjBjbGFzcyUzRCUyMnN1YnRpdGxlLWJveCUyMiUzRVFVQU5EJTIwVk9VUyUyMExPVUVaJTIwVU5FJTIwVEVOVEhPVVNFJTJDJTIwVk9VUyUyME9CVEVORVolM0ElM0MlMkZzcGFuJTNFJTNDJTJGcCUzRSUwQSUwQSUzQ3AlM0UtJTIwVW5lJTIwdGVudGUlMjBzb3VsZXYlQzMlQTllJTIwZHUlMjBzb2wlMjAlMjhlbnZpcm9uJTIwMzAlMjBjbSUyOSUyMGF2ZWMlMjB1biUyMG1hdGVsYXMlMjBkZSUyMDEzNSUyMHglMjAyMDAlMjBjbSUzQyUyRnAlM0UlMEElMEElM0NwJTNFLSUyMCVDMyU4OWNsYWlyYWdlJTIwaW50JUMzJUE5cmlldXIlMjBhdmVjJTIwcHJpc2UlMjBkZSUyMGNoYXJnZSUyMHQlQzMlQTlsJUMzJUE5cGhvbmlxdWUlMkMlMjBldGMlM0MlMkZwJTNFJTBBJTBBJTNDcCUzRS0lMjBBbXBsZSUyMGVzcGFjZSUyMHBvdXIlMjBsZXMlMjBhY2Nlc3NvaXJlcyUzQyUyRnAlM0UlMEElMEElM0NwJTNFLSUyMFBldGl0ZSUyMGFybW9pcmUlMjB2ZXJyb3VpbGxhYmxlJTIwJUMzJUEwJTIwbCUyN2ludCVDMyVBOXJpZXVyJTIwZGUlMjBsYSUyMHRlbnRlJTBBJTNDJTJGcCUzRQ==[\/vc_raw_html][\/vc_column][vc_column width=\u00a0\u00bb2\/3&Prime; offset=\u00a0\u00bbvc_hidden-lg vc_hidden-md vc_hidden-sm\u00a0\u00bb][vc_single_image image=\u00a0\u00bb28599&Prime; img_size=\u00a0\u00bbfull\u00a0\u00bb][\/vc_column][\/vc_row][vc_row full_width=\u00a0\u00bbstretch_row\u00a0\u00bb equal_height=\u00a0\u00bbyes\u00a0\u00bb content_placement=\u00a0\u00bbmiddle\u00a0\u00bb el_class=\u00a0\u00bbmb0 story-skin-white\u00a0\u00bb][vc_column width=\u00a0\u00bb1\/3&Prime; el_class=\u00a0\u00bbstory-skin-white\u00a0\u00bb][vc_raw_html 0=\u00a0\u00bb\u00a0\u00bb el_class=\u00a0\u00bbmobileSquareBlock\u00a0\u00bb]JTNDcCUzRSUzQ3NwYW4lMjBjbGFzcyUzRCUyMnN1YnRpdGxlLWJveCUyMiUzRUFVVE9IT01FJTIwRVNUJTIwUFIlQzMlODlTRU5UJTIwJUMzJTgwJTIwU01VS0ZFU1QlMjBERVBVSVMlMjAyMDA4JTNDJTJGc3BhbiUzRSUzQyUyRnAlM0UlMEElMEElM0NwJTNFJTBBRW4lMjBtb3llbm5lJTJDJTIwcGx1cyUyMGRlJTIwNDUwJTIwdGVudGVzJTIwcGFyZmFpdGVtZW50JTIwcGVyc29ubmFsaXMlQzMlQTllcyUyMHNvbnQlMjBpbnN0YWxsJUMzJUE5ZXMlMjBhdSUyMHNvbCUyMGRhbnMlMjBsZSUyMGdyYW5kJTIwcGFyYyUyMHByJUMzJUE4cyUyMGRlJTIwbGElMjBmb3IlQzMlQUF0LiUyMCUwQSUzQ2JyJTJGJTNFJTBBRCUyN2F1dHJlcyUyMHRlbnRlcyUyMHNvbnQlMjBpbnN0YWxsJUMzJUE5ZXMlMjBzdXIlMjBsZXMlMjB0b2l0cyUyMGRlcyUyMHZvaXR1cmVzJTIwcG91ciUyMGFjY3VlaWxsaXIlMjBsZSUyMHBlcnNvbm5lbCUyMGNoYXJnJUMzJUE5JTIwZGUlMjBsJTI3b3JnYW5pc2F0aW9uJTIwZHUlMjBGZXN0aXZhbC4lMEElM0MlMkZwJTNF[\/vc_raw_html][\/vc_column][vc_column width=\u00a0\u00bb2\/3&Prime; offset=\u00a0\u00bbvc_hidden-xs\u00a0\u00bb][vc_single_image image=\u00a0\u00bb17685&Prime; img_size=\u00a0\u00bbfull\u00a0\u00bb][\/vc_column][vc_column width=\u00a0\u00bb2\/3&Prime; offset=\u00a0\u00bbvc_hidden-lg vc_hidden-md vc_hidden-sm\u00a0\u00bb][vc_single_image image=\u00a0\u00bb28603&Prime; img_size=\u00a0\u00bbfull\u00a0\u00bb][\/vc_column][\/vc_row][vc_row full_width=\u00a0\u00bbstretch_row\u00a0\u00bb equal_height=\u00a0\u00bbyes\u00a0\u00bb content_placement=\u00a0\u00bbmiddle\u00a0\u00bb el_class=\u00a0\u00bbmb0 story-skin-white\u00a0\u00bb][vc_column width=\u00a0\u00bb2\/3&Prime; offset=\u00a0\u00bbvc_hidden-xs\u00a0\u00bb][vc_single_image image=\u00a0\u00bb17689&Prime; img_size=\u00a0\u00bbfull\u00a0\u00bb][\/vc_column][vc_column width=\u00a0\u00bb1\/3&Prime; el_class=\u00a0\u00bbstory-skin-white\u00a0\u00bb][vc_raw_html 0=\u00a0\u00bb\u00a0\u00bb el_class=\u00a0\u00bbmobileSquareBlock\u00a0\u00bb]JTNDcCUzRSUzQ3NwYW4lMjBjbGFzcyUzRCUyMnN1YnRpdGxlLWJveCUyMiUzRVNtdWtmZXN0JTNDJTJGc3Ryb25nJTNFJTNDJTJGcCUzRSUwQSUzQ3AlM0UlMEFVbmUlMjBncmFuZGUlMjBhc3NvY2lhdGlvbiUyQyUyMGQlQzMlQTl0ZW51ZSUyMCVDMyVBMCUyMDEwMCUyNSUyMHBhciUyMFNrYW5kZXJib3JnJTIwRmVzdGl2YWxrbHViJTJDJTIwcXVpJTIwY29tcHRlJTIwMTQuMDAwJTIwbWVtYnJlcyUyMGF5YW50JTIwbGUlMjBkcm9pdCUyMGRlJTIwdm90ZSUyMCVDMyVBMCUyMGwlMjdhc3NlbWJsJUMzJUE5ZS4lMEElM0NiciUyRiUzRSUwQURlcyUyMG1pbGxpZXJzJTIwZGUlMjBiJUMzJUE5biVDMyVBOXZvbGVzJTIwY3IlQzMlQTllbnQlMjBldCUyMG9yZ2FuaXNlbnQlMjBsZSUyMEZlc3RpdmFsJTIwZGUlMjBTa2FuZGVyYm9yZyUyMGF2ZWMlMjBwYXNzaW9uJTIwZXQlMjBlbnRob3VzaWFzbWUlMkMlMjBzYW5zJTIwYnV0JTIwbHVjcmF0aWYuJTBBJTNDJTJGcCUzRQ==[\/vc_raw_html][\/vc_column][vc_column width=\u00a0\u00bb2\/3&Prime; offset=\u00a0\u00bbvc_hidden-lg vc_hidden-md vc_hidden-sm\u00a0\u00bb][vc_single_image image=\u00a0\u00bb28607&Prime; img_size=\u00a0\u00bbfull\u00a0\u00bb][\/vc_column][\/vc_row][vc_row full_width=\u00a0\u00bbstretch_row\u00a0\u00bb equal_height=\u00a0\u00bbyes\u00a0\u00bb content_placement=\u00a0\u00bbmiddle\u00a0\u00bb el_class=\u00a0\u00bbmb0 story-skin-white\u00a0\u00bb][vc_column width=\u00a0\u00bb1\/3&Prime; el_class=\u00a0\u00bbstory-skin-white\u00a0\u00bb][vc_raw_html 0=\u00a0\u00bb\u00a0\u00bb el_class=\u00a0\u00bbmobileSquareBlock\u00a0\u00bb]JTNDcCUzRSUzQ3NwYW4lMjBjbGFzcyUzRCUyMnN1YnRpdGxlLWJveCUyMiUzRVZJU0lURVVSUyUzQyUyRnNwYW4lM0UlM0MlMkZwJTNFJTBBJTBBJTNDcCUzRSUwQVRvdWpvdXJzJTIwZW4lMjBjcm9pc3NhbmNlJTJDJTIwY2hhcXVlJTIwYW5uJUMzJUE5ZSUyMGxlcyUyMGJpbGxldHMlMjBzb250JTIwdmVuZHVzJTIwcHJlc3F1ZSUyMHRvdWpvdXJzJTIwMSUyMG1vaXMlMjBhdmFudCUyMGxlJTIwZCVDMyVBOWJ1dCUyMGR1JTIwZmVzdGl2YWwlMkMlMjBldCUyMGxlcyUyMHIlQzMlQTlzZXJ2YXRpb25zJTIwZGUlMjBsYSUyMFRlbnRob3VzZSUyMHNvbnQlMjByYXBpZGVtZW50JTIwdGVybWluJUMzJUE5ZXMlMjBkYW5zJTIwcXVlbHF1ZXMlMjBqb3Vycy4lMEElM0MlMkZwJTNF[\/vc_raw_html][\/vc_column][vc_column width=\u00a0\u00bb2\/3&Prime; offset=\u00a0\u00bbvc_hidden-xs\u00a0\u00bb][vc_single_image image=\u00a0\u00bb17693&Prime; img_size=\u00a0\u00bbfull\u00a0\u00bb][\/vc_column][vc_column width=\u00a0\u00bb2\/3&Prime; offset=\u00a0\u00bbvc_hidden-lg vc_hidden-md vc_hidden-sm\u00a0\u00bb][vc_single_image image=\u00a0\u00bb28611&Prime; img_size=\u00a0\u00bbfull\u00a0\u00bb][\/vc_column][\/vc_row][vc_row full_width=\u00a0\u00bbstretch_row_content_no_spaces\u00a0\u00bb equal_height=\u00a0\u00bbyes\u00a0\u00bb content_placement=\u00a0\u00bbmiddle\u00a0\u00bb el_class=\u00a0\u00bbmb0 story-skin-white\u00a0\u00bb][vc_column width=\u00a0\u00bb1\/3&Prime;][vc_single_image image=\u00a0\u00bb17697&Prime; img_size=\u00a0\u00bbfull\u00a0\u00bb][\/vc_column][vc_column width=\u00a0\u00bb1\/3&Prime; el_class=\u00a0\u00bbstory-skin-white\u00a0\u00bb][vc_raw_html 0=\u00a0\u00bb\u00a0\u00bb el_class=\u00a0\u00bbmobileSquareBlock\u00a0\u00bb]JTNDcCUzRSUzQ3NwYW4lMjBjbGFzcyUzRCUyMnN1YnRpdGxlLWJveCUyMiUzRVMlQzMlODlDVVJJVCVDMyU4OSUzQyUyRnN0cm9uZyUzRSUzQyUyRnAlM0UlMEElM0NwJTNFJTBBTGElMjBzJUMzJUE5Y3VyaXQlQzMlQTklMjBlc3QlMjAlQzMlQTlnYWxlbWVudCUyMG9yZ2FuaXMlQzMlQTllJTIwc3VyJTIwdW5lJTIwYmFzZSUyMHZvbG9udGFpcmUuLiUwQSUzQ2JyJTJGJTNFJTBBTGUlMjBwZXJzb25uZWwlMjB0ciVDMyVBOHMlMjBiaWVuJTIwcHIlQzMlQTlwYXIlQzMlQTklMjBldCUyMHNvdXJpYW50JTIwZyVDMyVBOHJlJTIwbGUlMjBzZXJ2aWNlJTIwZGUlMjBzJUMzJUE5Y3VyaXQlQzMlQTklMjBlbnZlcnMlMjB0b3VzJTIwbGVzJTIwdmlzaXRldXJzJTJDJTIwaW1wb3NhbnQlMjBkZXMlMjBub3JtZXMlMjBkZSUyMGNvbXBvcnRlbWVudCUyMGV0JTIwdW5lJTIwcG9saXRpcXVlJTIwZCUyN2FsY29vbCUyMHN0cmljdGUuJTBBJTNDJTJGcCUzRQ==[\/vc_raw_html][\/vc_column][vc_column width=\u00a0\u00bb1\/3&Prime;][vc_single_image image=\u00a0\u00bb17701&Prime; img_size=\u00a0\u00bbfull\u00a0\u00bb][\/vc_column][\/vc_row][vc_row full_width=\u00a0\u00bbstretch_row\u00a0\u00bb equal_height=\u00a0\u00bbyes\u00a0\u00bb el_class=\u00a0\u00bbmb0 story-skin-white\u00a0\u00bb][vc_column width=\u00a0\u00bb2\/3&Prime; offset=\u00a0\u00bbvc_hidden-xs\u00a0\u00bb][vc_single_image image=\u00a0\u00bb17705&Prime; img_size=\u00a0\u00bbfull\u00a0\u00bb][\/vc_column][vc_column width=\u00a0\u00bb1\/3&Prime;][vc_single_image image=\u00a0\u00bb17709&Prime; img_size=\u00a0\u00bbfull\u00a0\u00bb][\/vc_column][vc_column width=\u00a0\u00bb2\/3&Prime; offset=\u00a0\u00bbvc_hidden-lg vc_hidden-md vc_hidden-sm\u00a0\u00bb][vc_single_image image=\u00a0\u00bb28615&Prime; img_size=\u00a0\u00bbfull\u00a0\u00bb][\/vc_column][\/vc_row]<\/p>\n","protected":false},"excerpt":{"rendered":"<p>[vc_row full_width=\u00a0\u00bbstretch_row\u00a0\u00bb equal_height=\u00a0\u00bbyes\u00a0\u00bb el_class=\u00a0\u00bbmb0 story-skin-white\u00a0\u00bb][vc_column width=\u00a0\u00bb2\/3&Prime;][vc_raw_html el_class=\u00a0\u00bbp0bottom btop mobileSquareBlock\u00a0\u00bb]JTNDaDElM0VURU5USE9VU0UlM0MlMkZoMSUzRSUwQSUwQSUzQ3AlM0UlMEFUZW50aG91c2UlMjBlc3QlMjB1bmUlMjB2ZXJzaW9uJTIwc3AlQzMlQTljaWFsZSUyMGRlJTIwVGVudGUlMjBBdXRvaG9tZSUyMGNyJUMzJUE5JUMzJUE5ZSUyMGVuJTIwY29sbGFib3JhdGlvbiUyMGF2ZWMlMjBsZSUyMHBlcnNvbm5lbCUyMGRlJTIwU01VS0ZFU1QlMjBhZmluJTIwZGUlMjBwZXJtZXR0cmUlMjBhdSUyMGdyYW5kJTIwcHVibGljJTIwZGUlMjBjYW1wZXIlMjBjb25mb3J0YWJsZW1lbnQlMjBwZW5kYW50JTIwbGUlMjBjJUMzJUE5bCVDMyVBOGJyZSUyMGZlc3RpdmFsJTIwZGUlMjBsYSUyMGJpJUMzJUE4cmUlMjBxdWklMjBzZSUyMHRpZW50JTIwY2hhcXVlJTIwYW5uJUMzJUE5ZSUyMCVDMyVBMCUyMFNrYW5kZXJib3JnJTJDJTIwYXUlMjBEYW5lbWFyay4lMEElM0MlMkZwJTNFJTBBJTNDYSUyMGNsYXNzJTNEJTIybGlua21vcmUlMjIlMjBocmVmJTNEJTIyJTJGZnIlMkZnYWxsZXJ5JTJGc211a2Zlc3QtZ2FsbGVyeSUyRiUyMiUzRU1PUkUlMjBTTVVLRkVTVCUyMEdBTExFUlklM0MlMkZhJTNF[\/vc_raw_html][\/vc_column][vc_column width=\u00a0\u00bb1\/3&Prime;][vc_single_image image=\u00a0\u00bb17673&Prime; img_size=\u00a0\u00bbfull\u00a0\u00bb onclick=\u00a0\u00bbcustom_link\u00a0\u00bb link=\u00a0\u00bbhttps:\/\/www.smukfest.dk\/\u00a0\u00bb][\/vc_column][\/vc_row][vc_row full_width=\u00a0\u00bbstretch_row\u00a0\u00bb equal_height=\u00a0\u00bbyes\u00a0\u00bb content_placement=\u00a0\u00bbmiddle\u00a0\u00bb el_class=\u00a0\u00bbmb0 story-skin-white\u00a0\u00bb][vc_column width=\u00a0\u00bb2\/3&Prime; offset=\u00a0\u00bbvc_hidden-xs\u00a0\u00bb][vc_single_image image=\u00a0\u00bb17681&Prime; img_size=\u00a0\u00bbfull\u00a0\u00bb][\/vc_column][vc_column width=\u00a0\u00bb1\/3&Prime; el_class=\u00a0\u00bbstory-skin-white\u00a0\u00bb][vc_raw_html 0=\u00a0\u00bb\u00a0\u00bb<span class=\"excerpt-hellip\"> [\u2026]<\/span><\/p>\n","protected":false},"author":2,"featured_media":53771,"parent":14755,"menu_order":0,"comment_status":"closed","ping_status":"closed","template":"template-experience.php","meta":[],"yoast_head":"<!-- This site is optimized with the Yoast SEO Premium plugin v18.6 (Yoast SEO v19.2) - https:\/\/yoast.com\/wordpress\/plugins\/seo\/ -->\n<title>SmukFest TentHouse - Autohome<\/title>\n<meta name=\"description\" content=\"Tenthouse est une version sp\u00e9ciale de Tente Autohome cr\u00e9\u00e9e en collaboration avec le personnel de SMUKFEST afin de permettre au grand public de camper confortablement pendant le c\u00e9l\u00e8bre festival de la bi\u00e8re qui se tient chaque ann\u00e9e \u00e0 Skanderborg, au Danemark.\" \/>\n<meta name=\"robots\" content=\"noindex, follow, max-snippet:-1, max-image-preview:large, max-video-preview:-1\" \/>\n<meta property=\"og:locale\" content=\"fr_FR\" \/>\n<meta property=\"og:type\" content=\"article\" \/>\n<meta property=\"og:title\" content=\"SmukFest\" \/>\n<meta property=\"og:description\" content=\"Tenthouse est une version sp\u00e9ciale de Tente Autohome cr\u00e9\u00e9e en collaboration avec le personnel de SMUKFEST afin de permettre au grand public de camper confortablement pendant le c\u00e9l\u00e8bre festival de la bi\u00e8re qui se tient chaque ann\u00e9e \u00e0 Skanderborg, au Danemark.\" \/>\n<meta property=\"og:url\" content=\"https:\/\/dev.autohome-official.com\/fr\/experience\/smukfest\/\" \/>\n<meta property=\"og:site_name\" content=\"Autohome\" \/>\n<meta property=\"article:publisher\" content=\"https:\/\/www.facebook.com\/Autohome.Official.Page\" \/>\n<meta property=\"article:modified_time\" content=\"2022-02-02T12:58:30+00:00\" \/>\n<meta property=\"og:image\" content=\"https:\/\/dev.autohome-official.com\/wp-content\/uploads\/2021\/01\/SmukFest-Autohome-Official.jpg\" \/>\n\t<meta property=\"og:image:width\" content=\"800\" \/>\n\t<meta property=\"og:image:height\" content=\"533\" \/>\n\t<meta property=\"og:image:type\" content=\"image\/jpeg\" \/>\n<meta name=\"author\" content=\"Valentina Daina\" \/>\n<meta name=\"twitter:card\" content=\"summary\" \/>\n<meta name=\"twitter:label1\" content=\"Dur\u00e9e de lecture estim\u00e9e\" \/>\n\t<meta name=\"twitter:data1\" content=\"4 minutes\" \/>\n<script type=\"application\/ld+json\" class=\"yoast-schema-graph\">{\"@context\":\"https:\/\/schema.org\",\"@graph\":[{\"@type\":\"Organization\",\"@id\":\"https:\/\/dev.autohome-official.com\/#organization\",\"name\":\"Autohome\",\"url\":\"https:\/\/dev.autohome-official.com\/\",\"sameAs\":[\"https:\/\/www.instagram.com\/autohome_official\/\",\"http:\/\/www.youtube.com\/user\/AutohomeOfficial\",\"https:\/\/www.facebook.com\/Autohome.Official.Page\"],\"logo\":{\"@type\":\"ImageObject\",\"inLanguage\":\"fr-FR\",\"@id\":\"https:\/\/dev.autohome-official.com\/#\/schema\/logo\/image\/\",\"url\":\"https:\/\/dev.autohome-official.com\/wp-content\/uploads\/2016\/10\/logo.png\",\"contentUrl\":\"https:\/\/dev.autohome-official.com\/wp-content\/uploads\/2016\/10\/logo.png\",\"width\":295,\"height\":80,\"caption\":\"Autohome\"},\"image\":{\"@id\":\"https:\/\/dev.autohome-official.com\/#\/schema\/logo\/image\/\"}},{\"@type\":\"WebSite\",\"@id\":\"https:\/\/dev.autohome-official.com\/#website\",\"url\":\"https:\/\/dev.autohome-official.com\/\",\"name\":\"Autohome\",\"description\":\"Tende da tetto - Dachzelte - Roof Top Tents - Tentes de Toit\",\"publisher\":{\"@id\":\"https:\/\/dev.autohome-official.com\/#organization\"},\"potentialAction\":[{\"@type\":\"SearchAction\",\"target\":{\"@type\":\"EntryPoint\",\"urlTemplate\":\"https:\/\/dev.autohome-official.com\/?s={search_term_string}\"},\"query-input\":\"required name=search_term_string\"}],\"inLanguage\":\"fr-FR\"},{\"@type\":\"ImageObject\",\"inLanguage\":\"fr-FR\",\"@id\":\"https:\/\/dev.autohome-official.com\/fr\/experience\/smukfest\/#primaryimage\",\"url\":\"https:\/\/dev.autohome-official.com\/wp-content\/uploads\/2021\/01\/SmukFest-Autohome-Official.jpg\",\"contentUrl\":\"https:\/\/dev.autohome-official.com\/wp-content\/uploads\/2021\/01\/SmukFest-Autohome-Official.jpg\",\"width\":800,\"height\":533,\"caption\":\"SmukFest Autohome Official\"},{\"@type\":\"WebPage\",\"@id\":\"https:\/\/dev.autohome-official.com\/fr\/experience\/smukfest\/#webpage\",\"url\":\"https:\/\/dev.autohome-official.com\/fr\/experience\/smukfest\/\",\"name\":\"SmukFest TentHouse - Autohome\",\"isPartOf\":{\"@id\":\"https:\/\/dev.autohome-official.com\/#website\"},\"primaryImageOfPage\":{\"@id\":\"https:\/\/dev.autohome-official.com\/fr\/experience\/smukfest\/#primaryimage\"},\"datePublished\":\"2017-07-10T21:47:27+00:00\",\"dateModified\":\"2022-02-02T12:58:30+00:00\",\"description\":\"Tenthouse est une version sp\u00e9ciale de Tente Autohome cr\u00e9\u00e9e en collaboration avec le personnel de SMUKFEST afin de permettre au grand public de camper confortablement pendant le c\u00e9l\u00e8bre festival de la bi\u00e8re qui se tient chaque ann\u00e9e \u00e0 Skanderborg, au Danemark.\",\"breadcrumb\":{\"@id\":\"https:\/\/dev.autohome-official.com\/fr\/experience\/smukfest\/#breadcrumb\"},\"inLanguage\":\"fr-FR\",\"potentialAction\":[{\"@type\":\"ReadAction\",\"target\":[\"https:\/\/dev.autohome-official.com\/fr\/experience\/smukfest\/\"]}]},{\"@type\":\"BreadcrumbList\",\"@id\":\"https:\/\/dev.autohome-official.com\/fr\/experience\/smukfest\/#breadcrumb\",\"itemListElement\":[{\"@type\":\"ListItem\",\"position\":1,\"name\":\"Home\",\"item\":\"https:\/\/dev.autohome-official.com\/fr\/\"},{\"@type\":\"ListItem\",\"position\":2,\"name\":\"Experience\",\"item\":\"https:\/\/dev.autohome-official.com\/fr\/experience\/\"},{\"@type\":\"ListItem\",\"position\":3,\"name\":\"SmukFest\"}]}]}<\/script>\n<!-- \/ Yoast SEO Premium plugin. -->","yoast_head_json":{"title":"SmukFest TentHouse - Autohome","description":"Tenthouse est une version sp\u00e9ciale de Tente Autohome cr\u00e9\u00e9e en collaboration avec le personnel de SMUKFEST afin de permettre au grand public de camper confortablement pendant le c\u00e9l\u00e8bre festival de la bi\u00e8re qui se tient chaque ann\u00e9e \u00e0 Skanderborg, au Danemark.","robots":{"index":"noindex","follow":"follow","max-snippet":"max-snippet:-1","max-image-preview":"max-image-preview:large","max-video-preview":"max-video-preview:-1"},"og_locale":"fr_FR","og_type":"article","og_title":"SmukFest","og_description":"Tenthouse est une version sp\u00e9ciale de Tente Autohome cr\u00e9\u00e9e en collaboration avec le personnel de SMUKFEST afin de permettre au grand public de camper confortablement pendant le c\u00e9l\u00e8bre festival de la bi\u00e8re qui se tient chaque ann\u00e9e \u00e0 Skanderborg, au Danemark.","og_url":"https:\/\/dev.autohome-official.com\/fr\/experience\/smukfest\/","og_site_name":"Autohome","article_publisher":"https:\/\/www.facebook.com\/Autohome.Official.Page","article_modified_time":"2022-02-02T12:58:30+00:00","og_image":[{"width":800,"height":533,"url":"https:\/\/dev.autohome-official.com\/wp-content\/uploads\/2021\/01\/SmukFest-Autohome-Official.jpg","type":"image\/jpeg"}],"author":"Valentina Daina","twitter_card":"summary","twitter_misc":{"Dur\u00e9e de lecture estim\u00e9e":"4 minutes"},"schema":{"@context":"https:\/\/schema.org","@graph":[{"@type":"Organization","@id":"https:\/\/dev.autohome-official.com\/#organization","name":"Autohome","url":"https:\/\/dev.autohome-official.com\/","sameAs":["https:\/\/www.instagram.com\/autohome_official\/","http:\/\/www.youtube.com\/user\/AutohomeOfficial","https:\/\/www.facebook.com\/Autohome.Official.Page"],"logo":{"@type":"ImageObject","inLanguage":"fr-FR","@id":"https:\/\/dev.autohome-official.com\/#\/schema\/logo\/image\/","url":"https:\/\/dev.autohome-official.com\/wp-content\/uploads\/2016\/10\/logo.png","contentUrl":"https:\/\/dev.autohome-official.com\/wp-content\/uploads\/2016\/10\/logo.png","width":295,"height":80,"caption":"Autohome"},"image":{"@id":"https:\/\/dev.autohome-official.com\/#\/schema\/logo\/image\/"}},{"@type":"WebSite","@id":"https:\/\/dev.autohome-official.com\/#website","url":"https:\/\/dev.autohome-official.com\/","name":"Autohome","description":"Tende da tetto - Dachzelte - Roof Top Tents - Tentes de Toit","publisher":{"@id":"https:\/\/dev.autohome-official.com\/#organization"},"potentialAction":[{"@type":"SearchAction","target":{"@type":"EntryPoint","urlTemplate":"https:\/\/dev.autohome-official.com\/?s={search_term_string}"},"query-input":"required name=search_term_string"}],"inLanguage":"fr-FR"},{"@type":"ImageObject","inLanguage":"fr-FR","@id":"https:\/\/dev.autohome-official.com\/fr\/experience\/smukfest\/#primaryimage","url":"https:\/\/dev.autohome-official.com\/wp-content\/uploads\/2021\/01\/SmukFest-Autohome-Official.jpg","contentUrl":"https:\/\/dev.autohome-official.com\/wp-content\/uploads\/2021\/01\/SmukFest-Autohome-Official.jpg","width":800,"height":533,"caption":"SmukFest Autohome Official"},{"@type":"WebPage","@id":"https:\/\/dev.autohome-official.com\/fr\/experience\/smukfest\/#webpage","url":"https:\/\/dev.autohome-official.com\/fr\/experience\/smukfest\/","name":"SmukFest TentHouse - Autohome","isPartOf":{"@id":"https:\/\/dev.autohome-official.com\/#website"},"primaryImageOfPage":{"@id":"https:\/\/dev.autohome-official.com\/fr\/experience\/smukfest\/#primaryimage"},"datePublished":"2017-07-10T21:47:27+00:00","dateModified":"2022-02-02T12:58:30+00:00","description":"Tenthouse est une version sp\u00e9ciale de Tente Autohome cr\u00e9\u00e9e en collaboration avec le personnel de SMUKFEST afin de permettre au grand public de camper confortablement pendant le c\u00e9l\u00e8bre festival de la bi\u00e8re qui se tient chaque ann\u00e9e \u00e0 Skanderborg, au Danemark.","breadcrumb":{"@id":"https:\/\/dev.autohome-official.com\/fr\/experience\/smukfest\/#breadcrumb"},"inLanguage":"fr-FR","potentialAction":[{"@type":"ReadAction","target":["https:\/\/dev.autohome-official.com\/fr\/experience\/smukfest\/"]}]},{"@type":"BreadcrumbList","@id":"https:\/\/dev.autohome-official.com\/fr\/experience\/smukfest\/#breadcrumb","itemListElement":[{"@type":"ListItem","position":1,"name":"Home","item":"https:\/\/dev.autohome-official.com\/fr\/"},{"@type":"ListItem","position":2,"name":"Experience","item":"https:\/\/dev.autohome-official.com\/fr\/experience\/"},{"@type":"ListItem","position":3,"name":"SmukFest"}]}]}},"_links":{"self":[{"href":"https:\/\/dev.autohome-official.com\/fr\/wp-json\/wp\/v2\/pages\/17672"}],"collection":[{"href":"https:\/\/dev.autohome-official.com\/fr\/wp-json\/wp\/v2\/pages"}],"about":[{"href":"https:\/\/dev.autohome-official.com\/fr\/wp-json\/wp\/v2\/types\/page"}],"author":[{"embeddable":true,"href":"https:\/\/dev.autohome-official.com\/fr\/wp-json\/wp\/v2\/users\/2"}],"replies":[{"embeddable":true,"href":"https:\/\/dev.autohome-official.com\/fr\/wp-json\/wp\/v2\/comments?post=17672"}],"version-history":[{"count":2,"href":"https:\/\/dev.autohome-official.com\/fr\/wp-json\/wp\/v2\/pages\/17672\/revisions"}],"predecessor-version":[{"id":61594,"href":"https:\/\/dev.autohome-official.com\/fr\/wp-json\/wp\/v2\/pages\/17672\/revisions\/61594"}],"up":[{"embeddable":true,"href":"https:\/\/dev.autohome-official.com\/fr\/wp-json\/wp\/v2\/pages\/14755"}],"wp:featuredmedia":[{"embeddable":true,"href":"https:\/\/dev.autohome-official.com\/fr\/wp-json\/wp\/v2\/media\/53771"}],"wp:attachment":[{"href":"https:\/\/dev.autohome-official.com\/fr\/wp-json\/wp\/v2\/media?parent=17672"}],"curies":[{"name":"wp","href":"https:\/\/api.w.org\/{rel}","templated":true}]}}