{"id":16217,"date":"2017-07-09T12:27:12","date_gmt":"2017-07-09T10:27:12","guid":{"rendered":"https:\/\/dev.autohome-official.com\/?page_id=16217\/"},"modified":"2020-10-22T16:03:07","modified_gmt":"2020-10-22T14:03:07","slug":"demande-dinformation","status":"publish","type":"page","link":"https:\/\/dev.autohome-official.com\/fr\/demande-dinformation\/","title":{"rendered":"Demande d&rsquo;information"},"content":{"rendered":"<p>[vc_row el_class=\u00a0\u00bbmb0 story-skin-white mobileMarginTop80&Prime;][vc_column]<div class=\"breadcrumb-wrapper\"><ul class=\"breadcrumbs no-link\"><li><a href=\"https:\/\/dev.autohome-official.com\/fr\/\">Home<\/a> <span><i class=\"icon-right-open\"><\/i><\/span><\/li><li><a href=\"https:\/\/dev.autohome-official.com:443\/fr\/wp-json\/wp\/v2\/pages\/16217\/\"><\/a><\/li><\/ul><\/div>[\/vc_column][\/vc_row][vc_row el_class=\u00a0\u00bbstory-skin-white\u00a0\u00bb css=\u00a0\u00bb.vc_custom_1480934181833{padding-right: 5% !important;padding-left: 5% !important;}\u00a0\u00bb][vc_column][vc_raw_html]JTNDaDElMjBzdHlsZSUzRCUyMmZvbnQtc2l6ZSUzQSUyMDQwcHglM0IlMjIlM0VEZW1hbmRlJTIwZCUyN2luZm9ybWF0aW9uJTNDJTJGaDElM0UlMEElM0NoMyUzRSUyMFNFUlZJQ0UlMjBDTElFTlQlMjBBVVRPSE9NRSUyMElUQUxZJTIwJTNDJTJGSDMlM0UlMEElM0NoMyUzRSUzQ2klMjBjbGFzcyUzRCUyMmZhJTIwZmEtcGhvbmUlMjIlM0UlM0MlMkZpJTNFJTIwMDAzOSUyMDAzNzYlMjA5OTU5MCUzQ2gzJTNFJTBBJTNDcCUzRSUyMCUyOCUyMEx1biUyMC0lMjBWZW4lMjA5JTNBMDAlMjAlMkYlMjAxNyUzQTMwJTIwJTI5JTIwJTNDJTJGcCUzRQ==[\/vc_raw_html][\/vc_column][\/vc_row][vc_row css=\u00a0\u00bb.vc_custom_1480934171941{padding-right: 5% !important;padding-left: 5% !important;}\u00a0\u00bb el_class=\u00a0\u00bbmb0 story-skin-white\u00a0\u00bb][vc_column width=\u00a0\u00bb2\/3&Prime;]<div role=\"form\" class=\"wpcf7\" id=\"wpcf7-f16213-o1\" lang=\"it-IT\" dir=\"ltr\">\n<div class=\"screen-reader-response\"><p role=\"status\" aria-live=\"polite\" aria-atomic=\"true\"><\/p> <ul><\/ul><\/div>\n<form action=\"\/fr\/wp-json\/wp\/v2\/pages\/16217\/#wpcf7-f16213-o1\" method=\"post\" class=\"wpcf7-form init wpcf7-acceptance-as-validation\" novalidate=\"novalidate\" data-status=\"init\">\n<div style=\"display: none;\">\n<input type=\"hidden\" name=\"_wpcf7\" value=\"16213\" \/>\n<input type=\"hidden\" name=\"_wpcf7_version\" value=\"5.6\" \/>\n<input type=\"hidden\" name=\"_wpcf7_locale\" value=\"it_IT\" \/>\n<input type=\"hidden\" name=\"_wpcf7_unit_tag\" value=\"wpcf7-f16213-o1\" \/>\n<input type=\"hidden\" name=\"_wpcf7_container_post\" value=\"0\" \/>\n<input type=\"hidden\" name=\"_wpcf7_posted_data_hash\" value=\"\" \/>\n<input type=\"hidden\" name=\"_wpcf7cf_hidden_group_fields\" value=\"[]\" \/>\n<input type=\"hidden\" name=\"_wpcf7cf_hidden_groups\" value=\"[]\" \/>\n<input type=\"hidden\" name=\"_wpcf7cf_visible_groups\" value=\"[]\" \/>\n<input type=\"hidden\" name=\"_wpcf7cf_repeaters\" value=\"[]\" \/>\n<input type=\"hidden\" name=\"_wpcf7cf_steps\" value=\"{}\" \/>\n<input type=\"hidden\" name=\"_wpcf7cf_options\" value=\"{&quot;form_id&quot;:16213,&quot;conditions&quot;:[],&quot;settings&quot;:{&quot;animation&quot;:&quot;yes&quot;,&quot;animation_intime&quot;:200,&quot;animation_outtime&quot;:200,&quot;conditions_ui&quot;:&quot;normal&quot;,&quot;notice_dismissed&quot;:false}}\" \/>\n<\/div>\n<link rel=\"stylesheet\" href=\"https:\/\/dev.autohome-official.com\/wp-content\/plugins\/pdf-forms-for-contact-form-7\/css\/frontend.css\" \/><script type=\"text\/javascript\" src=\"https:\/\/dev.autohome-official.com\/wp-content\/plugins\/pdf-forms-for-contact-form-7\/js\/frontend.js?ver=2.2.5\"><\/script><div class=\"uacf7-form-wrapper-container uacf7-form-16213  \">\n<div class=\"vc_row-flex\">\n<div class=\"vc_col-sm-10\"><\/div>\n<\/div>\n<div class=\"vc_row-flex\">\n<div class=\"vc_col-sm-4\"><label for=\"ctrl-your-email\">E-Mail*<\/label><\/div>\n<div class=\"vc_col-sm-8\"><span class=\"wpcf7-form-control-wrap\" data-name=\"your-email\"><input type=\"email\" name=\"your-email\" value=\"\" size=\"40\" class=\"wpcf7-form-control wpcf7-text wpcf7-email wpcf7-validates-as-required wpcf7-validates-as-email\" id=\"ctrl-your-email\" aria-required=\"true\" aria-invalid=\"false\" placeholder=\"*\" \/><\/span><\/div>\n<\/div>\n<div class=\"vc_row-flex\">\n<div class=\"vc_col-sm-4\"><label for=\"ctrl-your-first-name\">Pr\u00e9nom<\/label><\/div>\n<div class=\"vc_col-sm-8\"><span class=\"wpcf7-form-control-wrap\" data-name=\"your-first-name\"><input type=\"text\" name=\"your-first-name\" value=\"\" size=\"40\" class=\"wpcf7-form-control wpcf7-text wpcf7-validates-as-required\" id=\"ctrl-your-first-name\" aria-required=\"true\" aria-invalid=\"false\" placeholder=\"*\" \/><\/span><\/div>\n<\/div>\n<div class=\"vc_row-flex\">\n<div class=\"vc_col-sm-4\"><label for=\"ctrl-your-last-name\">Nom<\/label><\/div>\n<div class=\"vc_col-sm-8\"><span class=\"wpcf7-form-control-wrap\" data-name=\"your-last-name\"><input type=\"text\" name=\"your-last-name\" value=\"\" size=\"40\" class=\"wpcf7-form-control wpcf7-text wpcf7-validates-as-required\" id=\"ctrl-your-last-name\" aria-required=\"true\" aria-invalid=\"false\" placeholder=\"*\" \/><\/span><\/div>\n<\/div>\n<div class=\"vc_row-flex\">\n<div class=\"vc_col-sm-4\"><label for=\"ctrl-phone\">T\u00e9l\u00e9phone<\/label><\/div>\n<div class=\"vc_col-sm-8\"><span class=\"wpcf7-form-control-wrap\" data-name=\"phone\"><input type=\"text\" name=\"phone\" value=\"\" size=\"40\" class=\"wpcf7-form-control wpcf7-text wpcf7-validates-as-required\" id=\"ctrl-phone\" aria-required=\"true\" aria-invalid=\"false\" placeholder=\"*\" \/><\/span><\/div>\n<\/div>\n<div class=\"vc_row-flex\">\n<div class=\"vc_col-sm-4\"><label for=\"ctrl-your-country\">Pays*<\/label><\/div>\n<div class=\"vc_col-sm-8\"><span class=\"wpcf7-form-control-wrap\" data-name=\"your-country\"><select name=\"your-country\" class=\"wpcf7-form-control wpcf7-select wpcf7-validates-as-required\" id=\"ctrl-your-country\" aria-required=\"true\" aria-invalid=\"false\"><option value=\"\">Scegliere ...<\/option><\/select><\/span><\/div>\n<\/div>\n<div class=\"vc_row-flex\">\n<div class=\"vc_col-sm-4\"><label for=\"ctrl-your-country\">Demande d'information*<\/label><\/div>\n<div class=\"vc_col-sm-8\"><span class=\"wpcf7-form-control-wrap\" data-name=\"textarea-416\"><textarea name=\"textarea-416\" cols=\"40\" rows=\"10\" class=\"wpcf7-form-control wpcf7-textarea wpcf7-validates-as-required\" aria-required=\"true\" aria-invalid=\"false\"><\/textarea><\/span><\/div>\n<\/div>\n<div class=\"vc_row-flex\">\n<div class=\"vc_col-sm-12\"><i>Les champs marqu\u00e9s par (*) sont obligatoires.<\/i><\/div>\n<\/div>\n<p>&nbsp;<\/p>\n<p>&nbsp;<\/p>\n<hr\/>\n<p>&nbsp;<\/p>\n<div class=\"vc_row-flex\">\n<div class=\"vc_col-sm-1\"><span class=\"wpcf7-form-control-wrap\" data-name=\"acceptance\"><span class=\"wpcf7-form-control wpcf7-acceptance\"><span class=\"wpcf7-list-item\"><input type=\"checkbox\" name=\"acceptance\" value=\"1\" aria-invalid=\"false\" class=\"tip-on-right\" id=\"ctrl-acceptance\" \/><\/span><\/span><\/span><\/div>\n<div class=\"vc_col-sm-11\"><label for=\"ctrl-acceptance\">Je consens au traitement de mes donn\u00e9es et j'autorise Zifer Italia s.r.l. et son r\u00e9seau commercial pour l'utilisation de mes donn\u00e9es *<\/label><\/div>\n<p><\/br><br \/>\n<\/br>\n<\/div>\n<div class=\"vc_row-flex\">\n<div class=\"vc_col-sm-12\">\n<p>Protection des donn\u00e9es: conform\u00e9ment au D\u00e9cret L\u00e9gislatif 196\/03, les donn\u00e9es collect\u00e9es seront exclusivement utilis\u00e9es pour informer p\u00e9riodiquement sur les activit\u00e9s et les initiatives de Zifer Italia s.r.l. et ne seront pas divulgu\u00e9es \u00e0 des tiers.<br \/>\nLa fourniture de donn\u00e9es est facultative, mais sans r\u00e9f\u00e9rences personnelles, il ne sera pas possible de fournir les services demand\u00e9s. L'int\u00e9ress\u00e9 peut exercer le droit vis\u00e9 \u00e0 l'art. 7 du D\u00e9cret L\u00e9gislatif 196\/03. Le responsable du traitement est Zifer Italia s.r.l. - Viale Risorgimento, 23 - 46017 Rivarolo Mantovano (Mantova) - ITALIE.<\/p>\n<\/div>\n<\/div>\n<p>&nbsp;<\/p>\n<div class=\"vc_row-flex\">\n<div class=\"vc_col-sm-12\">\n<\/div>\n<\/div>\n<p><span id=\"wpcf7-69e04e22421e5-wrapper\" class=\"wpcf7-form-control-wrap location-681-wrap\" ><label for=\"wpcf7-69e04e22421e5-field\" class=\"hp-message\">lasciare vuoto questo campo.<\/label><input id=\"wpcf7-69e04e22421e5-field\"  placeholder=\"location\"  class=\"wpcf7-form-control wpcf7-text\" type=\"text\" name=\"location-681\" value=\"\" size=\"40\" tabindex=\"-1\" autocomplete=\"off\" \/><\/span><\/p>\n<p>&nbsp;<\/p>\n<div class=\"vc_row-flex\">\n<div class=\"vc_col-sm-4\"><\/div>\n<div class=\"vc_col-sm-4\"><\/div>\n<div class=\"vc_col-sm-4\"><input type=\"submit\" value=\"ENVOYER\" class=\"wpcf7-form-control has-spinner wpcf7-submit vc_general vc_btn3 vc_btn3-size-md vc_btn3-shape-square vc_btn3-style-flat vc_btn3-color-danger vc_btn3-block text-center\" \/><\/div>\n<\/div>\n<\/div>\n<input type='hidden' class='wpcf7-pum' value='{\"closepopup\":false,\"closedelay\":0,\"openpopup\":false,\"openpopup_id\":0}' \/><div class=\"wpcf7-response-output\" aria-hidden=\"true\"><\/div><\/form><\/div>[\/vc_column][vc_column width=\u00a0\u00bb1\/3&Prime;][\/vc_column][\/vc_row]<\/p>\n","protected":false},"excerpt":{"rendered":"<p>[vc_row el_class=\u00a0\u00bbmb0 story-skin-white mobileMarginTop80&Prime;][vc_column][\/vc_column][\/vc_row][vc_row el_class=\u00a0\u00bbstory-skin-white\u00a0\u00bb css=\u00a0\u00bb.vc_custom_1480934181833{padding-right: 5% !important;padding-left: 5% !important;}\u00a0\u00bb][vc_column][vc_raw_html]JTNDaDElMjBzdHlsZSUzRCUyMmZvbnQtc2l6ZSUzQSUyMDQwcHglM0IlMjIlM0VEZW1hbmRlJTIwZCUyN2luZm9ybWF0aW9uJTNDJTJGaDElM0UlMEElM0NoMyUzRSUyMFNFUlZJQ0UlMjBDTElFTlQlMjBBVVRPSE9NRSUyMElUQUxZJTIwJTNDJTJGSDMlM0UlMEElM0NoMyUzRSUzQ2klMjBjbGFzcyUzRCUyMmZhJTIwZmEtcGhvbmUlMjIlM0UlM0MlMkZpJTNFJTIwMDAzOSUyMDAzNzYlMjA5OTU5MCUzQ2gzJTNFJTBBJTNDcCUzRSUyMCUyOCUyMEx1biUyMC0lMjBWZW4lMjA5JTNBMDAlMjAlMkYlMjAxNyUzQTMwJTIwJTI5JTIwJTNDJTJGcCUzRQ==[\/vc_raw_html][\/vc_column][\/vc_row][vc_row css=\u00a0\u00bb.vc_custom_1480934171941{padding-right: 5% !important;padding-left: 5% !important;}\u00a0\u00bb el_class=\u00a0\u00bbmb0 story-skin-white\u00a0\u00bb][vc_column width=\u00a0\u00bb2\/3&Prime;][\/vc_column][vc_column width=\u00a0\u00bb1\/3&Prime;][\/vc_column][\/vc_row]<\/p>\n","protected":false},"author":2,"featured_media":53862,"parent":0,"menu_order":0,"comment_status":"closed","ping_status":"closed","template":"","meta":[],"yoast_head":"<!-- This site is optimized with the Yoast SEO Premium plugin v18.6 (Yoast SEO v19.2) - https:\/\/yoast.com\/wordpress\/plugins\/seo\/ -->\n<title>Contacts - Demande d&#039;information - Autohome original<\/title>\n<meta name=\"description\" content=\"Renseignements et assistance garantie avec l&#039;Autohome Call Center: T\u00e9l\u00e9phone 0039 0376 99590 du lundi au vendredi de 9h \u00e0 17h30. E-mail: info@autohome.it\" \/>\n<meta name=\"robots\" content=\"noindex, follow, max-snippet:-1, max-image-preview:large, max-video-preview:-1\" \/>\n<meta property=\"og:locale\" content=\"fr_FR\" \/>\n<meta property=\"og:type\" content=\"article\" \/>\n<meta property=\"og:title\" content=\"Demande d&#039;information\" \/>\n<meta property=\"og:description\" content=\"Renseignements et assistance garantie avec l&#039;Autohome Call Center: T\u00e9l\u00e9phone 0039 0376 99590 du lundi au vendredi de 9h \u00e0 17h30. E-mail: info@autohome.it\" \/>\n<meta property=\"og:url\" content=\"https:\/\/dev.autohome-official.com\/fr\/demande-dinformation\/\" \/>\n<meta property=\"og:site_name\" content=\"Autohome\" \/>\n<meta property=\"article:publisher\" content=\"https:\/\/www.facebook.com\/Autohome.Official.Page\" \/>\n<meta property=\"article:modified_time\" content=\"2020-10-22T14:03:07+00:00\" \/>\n<meta property=\"og:image\" content=\"https:\/\/dev.autohome-official.com\/wp-content\/uploads\/2021\/01\/Contact-Autohome-Official.jpg\" \/>\n\t<meta property=\"og:image:width\" content=\"800\" \/>\n\t<meta property=\"og:image:height\" content=\"533\" \/>\n\t<meta property=\"og:image:type\" content=\"image\/jpeg\" \/>\n<meta name=\"author\" content=\"Valentina Daina\" \/>\n<meta name=\"twitter:card\" content=\"summary\" \/>\n<meta name=\"twitter:label1\" content=\"Dur\u00e9e de lecture estim\u00e9e\" \/>\n\t<meta name=\"twitter:data1\" content=\"1 minute\" \/>\n<script type=\"application\/ld+json\" class=\"yoast-schema-graph\">{\"@context\":\"https:\/\/schema.org\",\"@graph\":[{\"@type\":\"Organization\",\"@id\":\"https:\/\/dev.autohome-official.com\/#organization\",\"name\":\"Autohome\",\"url\":\"https:\/\/dev.autohome-official.com\/\",\"sameAs\":[\"https:\/\/www.instagram.com\/autohome_official\/\",\"http:\/\/www.youtube.com\/user\/AutohomeOfficial\",\"https:\/\/www.facebook.com\/Autohome.Official.Page\"],\"logo\":{\"@type\":\"ImageObject\",\"inLanguage\":\"fr-FR\",\"@id\":\"https:\/\/dev.autohome-official.com\/#\/schema\/logo\/image\/\",\"url\":\"https:\/\/dev.autohome-official.com\/wp-content\/uploads\/2016\/10\/logo.png\",\"contentUrl\":\"https:\/\/dev.autohome-official.com\/wp-content\/uploads\/2016\/10\/logo.png\",\"width\":295,\"height\":80,\"caption\":\"Autohome\"},\"image\":{\"@id\":\"https:\/\/dev.autohome-official.com\/#\/schema\/logo\/image\/\"}},{\"@type\":\"WebSite\",\"@id\":\"https:\/\/dev.autohome-official.com\/#website\",\"url\":\"https:\/\/dev.autohome-official.com\/\",\"name\":\"Autohome\",\"description\":\"Tende da tetto - Dachzelte - Roof Top Tents - Tentes de Toit\",\"publisher\":{\"@id\":\"https:\/\/dev.autohome-official.com\/#organization\"},\"potentialAction\":[{\"@type\":\"SearchAction\",\"target\":{\"@type\":\"EntryPoint\",\"urlTemplate\":\"https:\/\/dev.autohome-official.com\/?s={search_term_string}\"},\"query-input\":\"required name=search_term_string\"}],\"inLanguage\":\"fr-FR\"},{\"@type\":\"ImageObject\",\"inLanguage\":\"fr-FR\",\"@id\":\"https:\/\/dev.autohome-official.com\/fr\/demande-dinformation\/#primaryimage\",\"url\":\"https:\/\/dev.autohome-official.com\/wp-content\/uploads\/2021\/01\/Contact-Autohome-Official.jpg\",\"contentUrl\":\"https:\/\/dev.autohome-official.com\/wp-content\/uploads\/2021\/01\/Contact-Autohome-Official.jpg\",\"width\":800,\"height\":533,\"caption\":\"Contact Autohome Official\"},{\"@type\":\"WebPage\",\"@id\":\"https:\/\/dev.autohome-official.com\/fr\/demande-dinformation\/#webpage\",\"url\":\"https:\/\/dev.autohome-official.com\/fr\/demande-dinformation\/\",\"name\":\"Contacts - Demande d'information - Autohome original\",\"isPartOf\":{\"@id\":\"https:\/\/dev.autohome-official.com\/#website\"},\"primaryImageOfPage\":{\"@id\":\"https:\/\/dev.autohome-official.com\/fr\/demande-dinformation\/#primaryimage\"},\"datePublished\":\"2017-07-09T10:27:12+00:00\",\"dateModified\":\"2020-10-22T14:03:07+00:00\",\"description\":\"Renseignements et assistance garantie avec l'Autohome Call Center: T\u00e9l\u00e9phone 0039 0376 99590 du lundi au vendredi de 9h \u00e0 17h30. E-mail: info@autohome.it\",\"breadcrumb\":{\"@id\":\"https:\/\/dev.autohome-official.com\/fr\/demande-dinformation\/#breadcrumb\"},\"inLanguage\":\"fr-FR\",\"potentialAction\":[{\"@type\":\"ReadAction\",\"target\":[\"https:\/\/dev.autohome-official.com\/fr\/demande-dinformation\/\"]}]},{\"@type\":\"BreadcrumbList\",\"@id\":\"https:\/\/dev.autohome-official.com\/fr\/demande-dinformation\/#breadcrumb\",\"itemListElement\":[{\"@type\":\"ListItem\",\"position\":1,\"name\":\"Home\",\"item\":\"https:\/\/dev.autohome-official.com\/fr\/\"},{\"@type\":\"ListItem\",\"position\":2,\"name\":\"Demande d&#8217;information\"}]}]}<\/script>\n<!-- \/ Yoast SEO Premium plugin. -->","yoast_head_json":{"title":"Contacts - Demande d'information - Autohome original","description":"Renseignements et assistance garantie avec l'Autohome Call Center: T\u00e9l\u00e9phone 0039 0376 99590 du lundi au vendredi de 9h \u00e0 17h30. E-mail: info@autohome.it","robots":{"index":"noindex","follow":"follow","max-snippet":"max-snippet:-1","max-image-preview":"max-image-preview:large","max-video-preview":"max-video-preview:-1"},"og_locale":"fr_FR","og_type":"article","og_title":"Demande d'information","og_description":"Renseignements et assistance garantie avec l'Autohome Call Center: T\u00e9l\u00e9phone 0039 0376 99590 du lundi au vendredi de 9h \u00e0 17h30. E-mail: info@autohome.it","og_url":"https:\/\/dev.autohome-official.com\/fr\/demande-dinformation\/","og_site_name":"Autohome","article_publisher":"https:\/\/www.facebook.com\/Autohome.Official.Page","article_modified_time":"2020-10-22T14:03:07+00:00","og_image":[{"width":800,"height":533,"url":"https:\/\/dev.autohome-official.com\/wp-content\/uploads\/2021\/01\/Contact-Autohome-Official.jpg","type":"image\/jpeg"}],"author":"Valentina Daina","twitter_card":"summary","twitter_misc":{"Dur\u00e9e de lecture estim\u00e9e":"1 minute"},"schema":{"@context":"https:\/\/schema.org","@graph":[{"@type":"Organization","@id":"https:\/\/dev.autohome-official.com\/#organization","name":"Autohome","url":"https:\/\/dev.autohome-official.com\/","sameAs":["https:\/\/www.instagram.com\/autohome_official\/","http:\/\/www.youtube.com\/user\/AutohomeOfficial","https:\/\/www.facebook.com\/Autohome.Official.Page"],"logo":{"@type":"ImageObject","inLanguage":"fr-FR","@id":"https:\/\/dev.autohome-official.com\/#\/schema\/logo\/image\/","url":"https:\/\/dev.autohome-official.com\/wp-content\/uploads\/2016\/10\/logo.png","contentUrl":"https:\/\/dev.autohome-official.com\/wp-content\/uploads\/2016\/10\/logo.png","width":295,"height":80,"caption":"Autohome"},"image":{"@id":"https:\/\/dev.autohome-official.com\/#\/schema\/logo\/image\/"}},{"@type":"WebSite","@id":"https:\/\/dev.autohome-official.com\/#website","url":"https:\/\/dev.autohome-official.com\/","name":"Autohome","description":"Tende da tetto - Dachzelte - Roof Top Tents - Tentes de Toit","publisher":{"@id":"https:\/\/dev.autohome-official.com\/#organization"},"potentialAction":[{"@type":"SearchAction","target":{"@type":"EntryPoint","urlTemplate":"https:\/\/dev.autohome-official.com\/?s={search_term_string}"},"query-input":"required name=search_term_string"}],"inLanguage":"fr-FR"},{"@type":"ImageObject","inLanguage":"fr-FR","@id":"https:\/\/dev.autohome-official.com\/fr\/demande-dinformation\/#primaryimage","url":"https:\/\/dev.autohome-official.com\/wp-content\/uploads\/2021\/01\/Contact-Autohome-Official.jpg","contentUrl":"https:\/\/dev.autohome-official.com\/wp-content\/uploads\/2021\/01\/Contact-Autohome-Official.jpg","width":800,"height":533,"caption":"Contact Autohome Official"},{"@type":"WebPage","@id":"https:\/\/dev.autohome-official.com\/fr\/demande-dinformation\/#webpage","url":"https:\/\/dev.autohome-official.com\/fr\/demande-dinformation\/","name":"Contacts - Demande d'information - Autohome original","isPartOf":{"@id":"https:\/\/dev.autohome-official.com\/#website"},"primaryImageOfPage":{"@id":"https:\/\/dev.autohome-official.com\/fr\/demande-dinformation\/#primaryimage"},"datePublished":"2017-07-09T10:27:12+00:00","dateModified":"2020-10-22T14:03:07+00:00","description":"Renseignements et assistance garantie avec l'Autohome Call Center: T\u00e9l\u00e9phone 0039 0376 99590 du lundi au vendredi de 9h \u00e0 17h30. E-mail: info@autohome.it","breadcrumb":{"@id":"https:\/\/dev.autohome-official.com\/fr\/demande-dinformation\/#breadcrumb"},"inLanguage":"fr-FR","potentialAction":[{"@type":"ReadAction","target":["https:\/\/dev.autohome-official.com\/fr\/demande-dinformation\/"]}]},{"@type":"BreadcrumbList","@id":"https:\/\/dev.autohome-official.com\/fr\/demande-dinformation\/#breadcrumb","itemListElement":[{"@type":"ListItem","position":1,"name":"Home","item":"https:\/\/dev.autohome-official.com\/fr\/"},{"@type":"ListItem","position":2,"name":"Demande d&#8217;information"}]}]}},"_links":{"self":[{"href":"https:\/\/dev.autohome-official.com\/fr\/wp-json\/wp\/v2\/pages\/16217"}],"collection":[{"href":"https:\/\/dev.autohome-official.com\/fr\/wp-json\/wp\/v2\/pages"}],"about":[{"href":"https:\/\/dev.autohome-official.com\/fr\/wp-json\/wp\/v2\/types\/page"}],"author":[{"embeddable":true,"href":"https:\/\/dev.autohome-official.com\/fr\/wp-json\/wp\/v2\/users\/2"}],"replies":[{"embeddable":true,"href":"https:\/\/dev.autohome-official.com\/fr\/wp-json\/wp\/v2\/comments?post=16217"}],"version-history":[{"count":0,"href":"https:\/\/dev.autohome-official.com\/fr\/wp-json\/wp\/v2\/pages\/16217\/revisions"}],"wp:featuredmedia":[{"embeddable":true,"href":"https:\/\/dev.autohome-official.com\/fr\/wp-json\/wp\/v2\/media\/53862"}],"wp:attachment":[{"href":"https:\/\/dev.autohome-official.com\/fr\/wp-json\/wp\/v2\/media?parent=16217"}],"curies":[{"name":"wp","href":"https:\/\/api.w.org\/{rel}","templated":true}]}}