{"id":14376,"date":"2016-09-22T16:39:47","date_gmt":"2016-09-22T14:39:47","guid":{"rendered":"https:\/\/dev.autohome-official.com\/privacy-policy\/"},"modified":"2021-09-27T14:29:34","modified_gmt":"2021-09-27T12:29:34","slug":"politique-de-confidentialite","status":"publish","type":"page","link":"https:\/\/dev.autohome-official.com\/fr\/politique-de-confidentialite\/","title":{"rendered":"POLITIQUE DE CONFIDENTIALITE"},"content":{"rendered":"<p>[vc_row el_class=\u00a0\u00bbstory-skin-white mb0&Prime; css=\u00a0\u00bb.vc_custom_1484143920958{padding-top: 78px !important;}\u00a0\u00bb][vc_column]<div class=\"breadcrumb-wrapper\"><ul class=\"breadcrumbs no-link\"><li><a href=\"https:\/\/dev.autohome-official.com\/fr\/\">Home<\/a> <span><i class=\"icon-right-open\"><\/i><\/span><\/li><li><a href=\"https:\/\/dev.autohome-official.com:443\/fr\/wp-json\/wp\/v2\/pages\/14376\/\"><\/a><\/li><\/ul><\/div>[\/vc_column][\/vc_row][vc_row el_class=\u00a0\u00bbstory-skin-white row-90&Prime;][vc_column][vc_column_text]<\/p>\n<h1>PRIVACY POLICY<\/h1>\n<h2>INFORMATIONS POUR LE TRAITEMENT DES DONN\u00c9ES \u00c0 CARACT\u00c8RE PERSONNEL CONFORM\u00c9MENT AUX ARTICLES 13 \u00c0 14 DU R\u00c8GLEMENT (UE) 2016\/679 ET DU D\u00c9CRET L\u00c9GISLATIF 196\/2003<\/h2>\n<p><strong> I. INFORMATIONS RELATIVES \u00c0 LA POLITIQUE DE CONFIDENTIALIT\u00c9 DU SITE<\/strong><br \/>\n<strong> 1. <\/strong> Le but de cette politique est de d\u00e9crire comment g\u00e9rer le site dev.autohome-official.com et www.shop.autohome-official.com en r\u00e9f\u00e9rence au traitement des donn\u00e9es personnelles des utilisateurs qui le consultent. Ces informations sont fournies conform\u00e9ment au r\u00e8glement de l&rsquo;Union europ\u00e9enne n \u00b0 679\/2016 (RGPD) et au d\u00e9cret l\u00e9gislatif 196\/03 (Code de protection des donn\u00e9es personnelles).<br \/>\n<strong> 2. <\/strong> Cette politique est r\u00e9dig\u00e9e uniquement pour le site susmentionn\u00e9 et non pour d&rsquo;autres sites Web qui peuvent \u00eatre consult\u00e9s par l&rsquo;utilisateur via des liens appropri\u00e9s. Notre site peut contenir des liens vers d&rsquo;autres sites qui ne sont pas d\u00e9tenus ou contr\u00f4l\u00e9s par ZIFER ITALIA SRL. Il peut s&rsquo;agir, par exemple, de plateformes ou de services de m\u00e9dias sociaux. ZIFER ITALIA SRL n&rsquo;est pas responsable des pratiques de confidentialit\u00e9 de ces sites, donc si vous avez des questions \u00e0 leur sujet, vous devez les contacter directement.<br \/>\n<strong> 3. <\/strong> Cette politique peut \u00e9voluer au fil du temps (\u00e9galement en relation avec l&rsquo;entr\u00e9e en vigueur \u00e9ventuelle de nouvelles r\u00e9glementations dans le secteur, la mise \u00e0 jour ou la fourniture de nouveaux services ou innovations technologiques), l\u2019utilisateur est donc invit\u00e9 \u00e0 consulter p\u00e9riodiquement cette page.<\/p>\n<p><strong> II. RESPONSABLE DU TRAITEMENT DES DONN\u00c9ES ET COMMUNICATION DES DONN\u00c9ES \u00c0 DES TIERS <\/strong><\/p>\n<p><strong> 1. <\/strong> Le responsable du traitement des donn\u00e9es est ZIFER ITALIA SRL, en la personne de son repr\u00e9sentant l\u00e9gal pro tempore, bas\u00e9 \u00e0 Rivarolo Mantovano (MN), Viale Risorgimento n. 23 (Code de la TVA et des imp\u00f4ts : 01329850208) L\u2019utilisateur peut contacter ZIFER ITALIA SRL \u00e0 l&rsquo;adresse e-mail <a href=\"mailto:info@autohome.it\"> info@autohome.it <\/a> ou par courrier postal en \u00e9crivant au si\u00e8ge social de la soci\u00e9t\u00e9 \u00e0 Rivarolo Mantovano (MN), Viale Risorgimento n. 23.<br \/>\n<strong> 2. <\/strong> Les donn\u00e9es personnelles que l\u2019utilisateur d\u00e9cide de communiquer \u00e0 ZIFER ITALIA SRL peuvent \u00eatre trait\u00e9es par ce dernier (en tant que responsable du traitement des donn\u00e9es), par ses employ\u00e9s (en tant que sujets autoris\u00e9s pour le traitement), ainsi que par les sous-traitants de donn\u00e9es nomm\u00e9s par le responsable du traitement des donn\u00e9es.<br \/>\n<strong> 3. <\/strong> ZIFER ITALIA SRL travaille avec plusieurs op\u00e9rateurs de confiance pour s&rsquo;assurer de fournir aux utilisateurs, \u00e0 ses partenaires commerciaux et \u00e0 ses employ\u00e9s les meilleures exp\u00e9riences possibles. Cela signifie qu&rsquo;en plus du propri\u00e9taire, dans certains cas, d&rsquo;autres parties impliqu\u00e9es dans l&rsquo;organisation du site web dev.autohome-official.com (administrateurs administratifs, commerciaux, marketing, juridiques, syst\u00e8me) ou des parties externes (telles que des prestataires de services techniques tiers, des techniciens de maintenance, des fournisseurs d&rsquo;h\u00e9bergement, des soci\u00e9t\u00e9s informatiques, des agences de communication) peuvent \u00e9galement avoir acc\u00e8s aux donn\u00e9es. La liste mise \u00e0 jour des responsables du traitement des donn\u00e9es peut toujours \u00eatre demand\u00e9e au responsable du traitement des donn\u00e9es. Dans tous les cas, la s\u00e9curit\u00e9 logique et physique des donn\u00e9es et, en g\u00e9n\u00e9ral, la confidentialit\u00e9 des donn\u00e9es \u00e0 caract\u00e8re personnel trait\u00e9es seront garanties, en mettant en place toutes les mesures techniques et organisationnelles n\u00e9cessaires pour garantir leur s\u00e9curit\u00e9.<br \/>\n<strong> 4. <\/strong> Les donn\u00e9es \u00e0 caract\u00e8re personnel collect\u00e9es peuvent \u00eatre transf\u00e9r\u00e9es \u00e0 l&rsquo;\u00e9tranger, m\u00eame en dehors de l&rsquo;Union europ\u00e9enne, \u00e0 des personnes qui fournissent une assistance dans la vente des produits de ZIFER ITALIA SRL ou en tout \u00e9tat de cause impliqu\u00e9es dans l&rsquo;organisation de la soci\u00e9t\u00e9 de cette derni\u00e8re. Dans de tels cas, le traitement des donn\u00e9es se fait dans le respect des r\u00e9glementations l\u00e9gales en vigueur et avec l&rsquo;application des garanties jug\u00e9es les plus appropri\u00e9es de temps \u00e0 autre pour garantir les droits des personnes concern\u00e9es, telles que les d\u00e9cisions d&rsquo;ad\u00e9quation et les clauses contractuelles types.<br \/>\n<strong> 5. Seulement pour commandes avec adresses de facturation allemandes et autrichiennes. <\/strong><br \/>\nAfin de vous proposer les options de paiement de Klarna, nous pourrions \u00eatre amen\u00e9s \u00e0 transmettre \u00e0 Klarna vos donn\u00e9es personnelles comprenant vos coordonn\u00e9es et les d\u00e9tails de votre commande, afin que Klarna puisse \u00e9valuer si vous remplissez les conditions requises pour en b\u00e9n\u00e9ficier et adapter ces derni\u00e8res \u00e0 vos besoins. Vos donn\u00e9es personnelles transf\u00e9r\u00e9es seront trait\u00e9es conform\u00e9ment la politique de confidentialit\u00e9 de Klarna.<\/p>\n<p><strong> III. MODE ET LIEU DE TRAITEMENT DES DONN\u00c9ES<\/strong><\/p>\n<p><strong> 1. <\/strong> ZIFER ITALIA SRL prot\u00e8ge les donn\u00e9es collect\u00e9es avec des mesures de s\u00e9curit\u00e9 appropri\u00e9es, en tenant compte de l&rsquo;\u00e9tat de la technique, ainsi que de la nature, de l&rsquo;objet, du contexte et des buts du traitement, ainsi que du risque de probabilit\u00e9 et de gravit\u00e9 de violation des droits et libert\u00e9s des personnes physiques. Toutes les donn\u00e9es personnelles que l\u2019utilisateur d\u00e9cide de communiquer \u00e0 ZIFER ITALIA SRL sont conserv\u00e9es au si\u00e8ge social de cette derni\u00e8re \u00e0 Rivarolo Mantovano (Mn), Viale Risorgimento n. 23.<br \/>\n<strong> 2. <\/strong> Toutes les donn\u00e9es personnelles sont trait\u00e9es dans le plein respect de la loi et en toute s\u00e9curit\u00e9. ZIFER ITALIA SRL garantit que les donn\u00e9es personnelles stock\u00e9es seront : exactes, pertinentes et non excessives, mises \u00e0 jour, stock\u00e9es pendant le temps strictement n\u00e9cessaire \u00e0 la fourniture des services demand\u00e9s par l&rsquo;utilisateur (sans pr\u00e9judice des d\u00e9lais de conservation maximaux pr\u00e9vus par la loi) et conserv\u00e9es en toute s\u00e9curit\u00e9 afin d&#8217;emp\u00eacher l&rsquo;acc\u00e8s \u00e0 des tiers.<\/p>\n<p><strong> IV. TYPE DE DONN\u00c9ES TRAIT\u00c9ES <\/strong><br \/>\nLes donn\u00e9es personnelles qui peuvent \u00eatre collect\u00e9es sont les suivantes :<br \/>\n<strong> i) Donn\u00e9es de navigation <\/strong><br \/>\nLes syst\u00e8mes informatiques et les proc\u00e9dures logicielles utilis\u00e9s pour exploiter le site dev.autohome-official.com acqui\u00e8rent, en fonctionnement normal, certaines donn\u00e9es personnelles qui sont ensuite transmises implicitement dans l&rsquo;utilisation des protocoles de communication Internet. Ces informations pourraient par nature, par le biais d&rsquo;associations et de traitements avec des donn\u00e9es d\u00e9tenues par des tiers, permettre d&rsquo;identifier les utilisateurs (ex : adresse IP, noms de domaine des ordinateurs utilis\u00e9s par les utilisateurs se connectant au site, temps d&rsquo;acc\u00e8s sur le site, temps de navigation sur chaque page, analyse de flux de clics, etc.).<br \/>\nCes donn\u00e9es sont utilis\u00e9es uniquement dans le but d&rsquo;obtenir des informations statistiques (donc anonymes) et de v\u00e9rifier le bon fonctionnement du site.<br \/>\n<strong> ii) Donn\u00e9es personnelles fournies volontairement par l&rsquo;utilisateur<\/strong><br \/>\nLe suddette informazioni sono test rate in forma automatizzata e raccolte in forma esclusivamente aggregata al fine di verificare il corretto funzionamento del sito e per motivi di sicurezza. Tali informazioni saranno test rate in base ai legittimi interessi del titolare.<br \/>\n<strong> 1. <\/strong> La fourniture de donn\u00e9es \u00e0 caract\u00e8re personnel doit \u00eatre consid\u00e9r\u00e9e comme facultative, mais le fait de ne pas les fournir peut entra\u00eener le d\u00e9faut de fournir les services demand\u00e9s \u00e0 l&rsquo;entreprise. Les donn\u00e9es personnelles que l\u2019utilisateur doit fournir pour s&rsquo;inscrire sur le site dev.autohome-official.com sont les suivantes : nom, pr\u00e9nom, date et lieu de naissance, domicile\/bureau, num\u00e9ro de t\u00e9l\u00e9phone, adresse \u00e9lectronique, mot de passe. L&rsquo;enregistrement est obligatoire lors de l&rsquo;achat d&rsquo;un produit, mais en tout \u00e9tat de cause il n&rsquo;est pas contraignant pour l&rsquo;achat.<br \/>\n<strong> 2. <\/strong> Toutes ces informations peuvent \u00eatre g\u00e9r\u00e9es et \u00e9dit\u00e9es directement par l&rsquo;utilisateur dans la section Compte du site BOUTIQUE; \u00e0 l&rsquo;heure actuelle, il n&rsquo;est pas possible pour l&rsquo;utilisateur de supprimer de mani\u00e8re autonome les donn\u00e9es obligatoires n\u00e9cessaires pour proc\u00e9der \u00e0 l&rsquo;achat, c&rsquo;est pourquoi il est essentiel de les signaler au propri\u00e9taire (Zifer Italia s.r.l.) du site boutique, par le biais d&rsquo;une demande sp\u00e9cifique par courriel \u00e0 l\u2019adresse : info@autohome.it.<br \/>\n<strong> iii) Cookie <\/strong><br \/>\nLe site Web dev.autohome-official.com utilise des outils de suivi. Pour plus de d\u00e9tails, il faut se r\u00e9f\u00e9rer \u00e0 la Politique sur les cookies sur le site lui-m\u00eame.<\/p>\n<p><strong> V. BUT DU TRAITEMENT<\/strong><\/p>\n<p><strong> 1. <\/strong>Conform\u00e9ment \u00e0 la l\u00e9gislation en vigueur sur la protection des donn\u00e9es personnelles, les donn\u00e9es seront stock\u00e9es, collect\u00e9es et trait\u00e9es par le responsable du traitement aux fins de service suivantes :<br \/>\n&#8211; la gestion des demandes des utilisateurs ;<br \/>\n&#8211; l&rsquo;optimisation de la convivialit\u00e9 du site ;<br \/>\n&#8211; les activit\u00e9s internes de recherche et de d\u00e9veloppement (par exemple, permettre \u00e0 ZIFER ITALIA SRL de r\u00e9aliser des enqu\u00eates visant \u00e0 am\u00e9liorer la qualit\u00e9 des produits et services fournis) ;<br \/>\n&#8211; les activit\u00e9s de marketing (par exemple, l&rsquo;envoi de communications commerciales et\/ou promotionnelles sur les produits et services de ZIFER ITALIA SRL \u00e9galement par l&rsquo;envoi gratuit de lettres d&rsquo;information, de catalogues et\/ou de listes de prix par courrier \u00e9lectronique ou par courrier ordinaire) ;<br \/>\n&#8211; les activit\u00e9s de profilage (par exemple, l&rsquo;analyse des comportements, habitudes et tendances des consommateurs \u00e0 r\u00e9pondre aux besoins sp\u00e9cifiques des clients) ;<br \/>\n&#8211; le respect des obligations l\u00e9gales ;<br \/>\n&#8211; la protection de la s\u00e9curit\u00e9 des r\u00e9seaux et des donn\u00e9es en cas d&rsquo;actes illicites (par exemple, perte, vol, dommage, acc\u00e8s non autoris\u00e9) ;<br \/>\n&#8211; l&rsquo;\u00e9tablissement, l&rsquo;exercice ou la d\u00e9fense d&rsquo;un droit devant un tribunal ou \u00e0 la demande des autorit\u00e9s ;<\/p>\n<p><strong> 2. <\/strong> Les donn\u00e9es peuvent \u00eatre trait\u00e9es par voie papier, automatis\u00e9e ou \u00e9lectronique et, en particulier, par courrier ordinaire ou courriel, t\u00e9l\u00e9phone (par exemple, appels automatis\u00e9s, SMS, MMS), t\u00e9l\u00e9copie et tout autre canal informatique (par exemple, sites Web, applications mobiles).<\/p>\n<p><strong> VI. CONSERVATION DE DONN\u00c9ES<\/strong><\/p>\n<p><strong> 1. <\/strong> Sauf si l&rsquo;intention de les supprimer est explicitement exprim\u00e9e (sauf dans les cas o\u00f9 le traitement a lieu sur une base juridique autre que le consentement), les donn\u00e9es personnelles de la personne concern\u00e9e seront conserv\u00e9es jusqu&rsquo;\u00e0 ce qu&rsquo;elles soient n\u00e9cessaires au regard des finalit\u00e9s l\u00e9gitimes pour lesquelles elles ont \u00e9t\u00e9 collect\u00e9es. ZIFER ITALIA SRL peut en tout \u00e9tat de cause continuer \u00e0 stocker ces donn\u00e9es pendant une p\u00e9riode plus longue afin de pouvoir traiter tout litige et\/ou litige, ainsi que de mener toute enqu\u00eate sur les crimes informatiques contre le site.<br \/>\n<strong> 2. <\/strong> Les crit\u00e8res suivis pour \u00e9tablir les conditions de conservation des donn\u00e9es sont les suivants: les informations fournies \u00e0 l&rsquo;utilisateur \u00e0 cet \u00e9gard, sur le site Web ou dans les conditions d&rsquo;utilisation de ce dernier, ainsi que les r\u00e8gles contractuelles pertinentes en vigueur, les d\u00e9lais obligatoires par la loi, les obligations r\u00e9glementaires pertinentes et les normes de l&rsquo;industrie.<\/p>\n<p><strong> VII. DROITS DE L\u2019UTILISATEUR<\/strong><\/p>\n<p><strong> 1. <\/strong> Il est possible d\u2019exercer les droits suivants \u00e0 tout moment :<br \/>\n&#8211; droit d&rsquo;acc\u00e8s aux donn\u00e9es \u00e0 caract\u00e8re personnel : il appartient \u00e0 l&rsquo;utilisateur d&rsquo;obtenir confirmation ou non du traitement des donn\u00e9es le concernant et, dans ce cas, de recevoir les informations y aff\u00e9rentes telles que : finalit\u00e9 du traitement, cat\u00e9gories de donn\u00e9es \u00e0 caract\u00e8re personnel trait\u00e9es, dur\u00e9e de conservation des donn\u00e9es trait\u00e9es, destinataires auxquels celles-ci peuvent \u00eatre communiqu\u00e9es (article 15 du RGPD) ;<br \/>\n&#8211; droit de rectification : c&rsquo;est le droit de l&rsquo;utilisateur de rectifier ou de conserver des donn\u00e9es personnelles inexactes le concernant et l&rsquo;int\u00e9gration de donn\u00e9es personnelles incompl\u00e8tes (article 16 du RGPD) ;<br \/>\n&#8211; droit \u00e0 l&rsquo;oubli : il appartient \u00e0 l&rsquo;utilisateur d&rsquo;obtenir la suppression des donn\u00e9es \u00e0 caract\u00e8re personnel le concernant, dans les cas pr\u00e9vus par le RGPD (article 17 du RGPD) ;<br \/>\n&#8211; droit de limitation du traitement : il appartient \u00e0 l&rsquo;utilisateur d&rsquo;obtenir du responsable du traitement la limitation du traitement des donn\u00e9es dans les cas pr\u00e9vus par le RGPD (article 18 du RGPD) ;<br \/>\n&#8211; droit d&rsquo;opposition : c&rsquo;est le droit de l&rsquo;utilisateur de s&rsquo;opposer au traitement des donn\u00e9es, sauf s&rsquo;il existe des raisons l\u00e9gitimes pour que le responsable du traitement poursuive le traitement (article 21 du RGPD) ;<br \/>\n&#8211; droit \u00e0 la portabilit\u00e9 des donn\u00e9es : c&rsquo;est le droit de l&rsquo;utilisateur de recevoir dans un format structur\u00e9, couramment utilis\u00e9 et lisible par machine les donn\u00e9es \u00e0 caract\u00e8re personnel fournies au responsable du traitement, ainsi que de les transmettre \u00e0 un autre responsable du traitement sans entrave, dans les cas pr\u00e9vus par le RGPD (article 20 du RGPD) ;<br \/>\n&#8211; droit d&rsquo;opposition : le droit de l&rsquo;utilisateur de retirer son consentement \u00e0 certains types de traitement de donn\u00e9es (par exemple \u00e0 des fins de marketing). L&rsquo;exercice de ce droit n&rsquo;affecte en rien la l\u00e9galit\u00e9 du traitement effectu\u00e9 avant la r\u00e9vocation ;<br \/>\n&#8211; droit de d\u00e9poser une plainte : il appartient \u00e0 l&rsquo;utilisateur de d\u00e9poser une plainte aupr\u00e8s de l&rsquo;autorit\u00e9 de contr\u00f4le comp\u00e9tente sur la base de la r\u00e9sidence habituelle, du lieu de travail ou du lieu de violation des droits ; pour l&rsquo;Italie, le garant de la protection des donn\u00e9es \u00e0 caract\u00e8re personnel est comp\u00e9tent, qui peut \u00eatre contact\u00e9 via les coordonn\u00e9es figurant sur le site http:\/\/www.garanteprivacy.it.<br \/>\n<strong> 2. <\/strong> L\u2019Utilisateur peut exercer les droits \u00e9num\u00e9r\u00e9s ci-dessus en \u00e9crivant \u00e0 ZIFER ITALIA SRL, Rivarolo Mantovano (MN) \u00e0 Viale Risorgimento n. 23, ou \u00e0 l&rsquo;adresse e-mail info@autohome.it.[\/vc_column_text][\/vc_column][\/vc_row]<\/p>\n","protected":false},"excerpt":{"rendered":"<p>[vc_row el_class=\u00a0\u00bbstory-skin-white mb0&Prime; css=\u00a0\u00bb.vc_custom_1484143920958{padding-top: 78px !important;}\u00a0\u00bb][vc_column][\/vc_column][\/vc_row][vc_row el_class=\u00a0\u00bbstory-skin-white row-90&Prime;][vc_column][vc_column_text] PRIVACY POLICY INFORMATIONS POUR LE TRAITEMENT DES DONN\u00c9ES \u00c0 CARACT\u00c8RE PERSONNEL CONFORM\u00c9MENT AUX ARTICLES 13 \u00c0 14 DU<span class=\"excerpt-hellip\"> [\u2026]<\/span><\/p>\n","protected":false},"author":4,"featured_media":0,"parent":0,"menu_order":0,"comment_status":"closed","ping_status":"closed","template":"","meta":[],"yoast_head":"<!-- This site is optimized with the Yoast SEO Premium plugin v18.6 (Yoast SEO v19.2) - https:\/\/yoast.com\/wordpress\/plugins\/seo\/ -->\n<title>POLITIQUE DE CONFIDENTIALITE - Autohome<\/title>\n<meta name=\"robots\" content=\"noindex, follow, max-snippet:-1, max-image-preview:large, max-video-preview:-1\" \/>\n<meta property=\"og:locale\" content=\"fr_FR\" \/>\n<meta property=\"og:type\" content=\"article\" \/>\n<meta property=\"og:title\" content=\"POLITIQUE DE CONFIDENTIALITE\" \/>\n<meta property=\"og:description\" content=\"[vc_row el_class=\u00a0\u00bbstory-skin-white mb0&Prime; css=\u00a0\u00bb.vc_custom_1484143920958{padding-top: 78px !important;}\u00a0\u00bb][vc_column][\/vc_column][\/vc_row][vc_row el_class=\u00a0\u00bbstory-skin-white row-90&Prime;][vc_column][vc_column_text] PRIVACY POLICY INFORMATIONS POUR LE TRAITEMENT DES DONN\u00c9ES \u00c0 CARACT\u00c8RE PERSONNEL CONFORM\u00c9MENT AUX ARTICLES 13 \u00c0 14 DU [\u2026]\" \/>\n<meta property=\"og:url\" content=\"https:\/\/dev.autohome-official.com\/fr\/politique-de-confidentialite\/\" \/>\n<meta property=\"og:site_name\" content=\"Autohome\" \/>\n<meta property=\"article:publisher\" content=\"https:\/\/www.facebook.com\/Autohome.Official.Page\" \/>\n<meta property=\"article:modified_time\" content=\"2021-09-27T12:29:34+00:00\" \/>\n<meta name=\"author\" content=\"Amministratore Autohome\" \/>\n<meta name=\"twitter:card\" content=\"summary\" \/>\n<meta name=\"twitter:label1\" content=\"Dur\u00e9e de lecture estim\u00e9e\" \/>\n\t<meta name=\"twitter:data1\" content=\"9 minutes\" \/>\n<script type=\"application\/ld+json\" class=\"yoast-schema-graph\">{\"@context\":\"https:\/\/schema.org\",\"@graph\":[{\"@type\":\"Organization\",\"@id\":\"https:\/\/dev.autohome-official.com\/#organization\",\"name\":\"Autohome\",\"url\":\"https:\/\/dev.autohome-official.com\/\",\"sameAs\":[\"https:\/\/www.instagram.com\/autohome_official\/\",\"http:\/\/www.youtube.com\/user\/AutohomeOfficial\",\"https:\/\/www.facebook.com\/Autohome.Official.Page\"],\"logo\":{\"@type\":\"ImageObject\",\"inLanguage\":\"fr-FR\",\"@id\":\"https:\/\/dev.autohome-official.com\/#\/schema\/logo\/image\/\",\"url\":\"https:\/\/dev.autohome-official.com\/wp-content\/uploads\/2016\/10\/logo.png\",\"contentUrl\":\"https:\/\/dev.autohome-official.com\/wp-content\/uploads\/2016\/10\/logo.png\",\"width\":295,\"height\":80,\"caption\":\"Autohome\"},\"image\":{\"@id\":\"https:\/\/dev.autohome-official.com\/#\/schema\/logo\/image\/\"}},{\"@type\":\"WebSite\",\"@id\":\"https:\/\/dev.autohome-official.com\/#website\",\"url\":\"https:\/\/dev.autohome-official.com\/\",\"name\":\"Autohome\",\"description\":\"Tende da tetto - Dachzelte - Roof Top Tents - Tentes de Toit\",\"publisher\":{\"@id\":\"https:\/\/dev.autohome-official.com\/#organization\"},\"potentialAction\":[{\"@type\":\"SearchAction\",\"target\":{\"@type\":\"EntryPoint\",\"urlTemplate\":\"https:\/\/dev.autohome-official.com\/?s={search_term_string}\"},\"query-input\":\"required name=search_term_string\"}],\"inLanguage\":\"fr-FR\"},{\"@type\":\"WebPage\",\"@id\":\"https:\/\/dev.autohome-official.com\/fr\/politique-de-confidentialite\/#webpage\",\"url\":\"https:\/\/dev.autohome-official.com\/fr\/politique-de-confidentialite\/\",\"name\":\"POLITIQUE DE CONFIDENTIALITE - Autohome\",\"isPartOf\":{\"@id\":\"https:\/\/dev.autohome-official.com\/#website\"},\"datePublished\":\"2016-09-22T14:39:47+00:00\",\"dateModified\":\"2021-09-27T12:29:34+00:00\",\"breadcrumb\":{\"@id\":\"https:\/\/dev.autohome-official.com\/fr\/politique-de-confidentialite\/#breadcrumb\"},\"inLanguage\":\"fr-FR\",\"potentialAction\":[{\"@type\":\"ReadAction\",\"target\":[\"https:\/\/dev.autohome-official.com\/fr\/politique-de-confidentialite\/\"]}]},{\"@type\":\"BreadcrumbList\",\"@id\":\"https:\/\/dev.autohome-official.com\/fr\/politique-de-confidentialite\/#breadcrumb\",\"itemListElement\":[{\"@type\":\"ListItem\",\"position\":1,\"name\":\"Home\",\"item\":\"https:\/\/dev.autohome-official.com\/fr\/\"},{\"@type\":\"ListItem\",\"position\":2,\"name\":\"POLITIQUE DE CONFIDENTIALITE\"}]}]}<\/script>\n<!-- \/ Yoast SEO Premium plugin. -->","yoast_head_json":{"title":"POLITIQUE DE CONFIDENTIALITE - Autohome","robots":{"index":"noindex","follow":"follow","max-snippet":"max-snippet:-1","max-image-preview":"max-image-preview:large","max-video-preview":"max-video-preview:-1"},"og_locale":"fr_FR","og_type":"article","og_title":"POLITIQUE DE CONFIDENTIALITE","og_description":"[vc_row el_class=\u00a0\u00bbstory-skin-white mb0&Prime; css=\u00a0\u00bb.vc_custom_1484143920958{padding-top: 78px !important;}\u00a0\u00bb][vc_column][\/vc_column][\/vc_row][vc_row el_class=\u00a0\u00bbstory-skin-white row-90&Prime;][vc_column][vc_column_text] PRIVACY POLICY INFORMATIONS POUR LE TRAITEMENT DES DONN\u00c9ES \u00c0 CARACT\u00c8RE PERSONNEL CONFORM\u00c9MENT AUX ARTICLES 13 \u00c0 14 DU [\u2026]","og_url":"https:\/\/dev.autohome-official.com\/fr\/politique-de-confidentialite\/","og_site_name":"Autohome","article_publisher":"https:\/\/www.facebook.com\/Autohome.Official.Page","article_modified_time":"2021-09-27T12:29:34+00:00","author":"Amministratore Autohome","twitter_card":"summary","twitter_misc":{"Dur\u00e9e de lecture estim\u00e9e":"9 minutes"},"schema":{"@context":"https:\/\/schema.org","@graph":[{"@type":"Organization","@id":"https:\/\/dev.autohome-official.com\/#organization","name":"Autohome","url":"https:\/\/dev.autohome-official.com\/","sameAs":["https:\/\/www.instagram.com\/autohome_official\/","http:\/\/www.youtube.com\/user\/AutohomeOfficial","https:\/\/www.facebook.com\/Autohome.Official.Page"],"logo":{"@type":"ImageObject","inLanguage":"fr-FR","@id":"https:\/\/dev.autohome-official.com\/#\/schema\/logo\/image\/","url":"https:\/\/dev.autohome-official.com\/wp-content\/uploads\/2016\/10\/logo.png","contentUrl":"https:\/\/dev.autohome-official.com\/wp-content\/uploads\/2016\/10\/logo.png","width":295,"height":80,"caption":"Autohome"},"image":{"@id":"https:\/\/dev.autohome-official.com\/#\/schema\/logo\/image\/"}},{"@type":"WebSite","@id":"https:\/\/dev.autohome-official.com\/#website","url":"https:\/\/dev.autohome-official.com\/","name":"Autohome","description":"Tende da tetto - Dachzelte - Roof Top Tents - Tentes de Toit","publisher":{"@id":"https:\/\/dev.autohome-official.com\/#organization"},"potentialAction":[{"@type":"SearchAction","target":{"@type":"EntryPoint","urlTemplate":"https:\/\/dev.autohome-official.com\/?s={search_term_string}"},"query-input":"required name=search_term_string"}],"inLanguage":"fr-FR"},{"@type":"WebPage","@id":"https:\/\/dev.autohome-official.com\/fr\/politique-de-confidentialite\/#webpage","url":"https:\/\/dev.autohome-official.com\/fr\/politique-de-confidentialite\/","name":"POLITIQUE DE CONFIDENTIALITE - Autohome","isPartOf":{"@id":"https:\/\/dev.autohome-official.com\/#website"},"datePublished":"2016-09-22T14:39:47+00:00","dateModified":"2021-09-27T12:29:34+00:00","breadcrumb":{"@id":"https:\/\/dev.autohome-official.com\/fr\/politique-de-confidentialite\/#breadcrumb"},"inLanguage":"fr-FR","potentialAction":[{"@type":"ReadAction","target":["https:\/\/dev.autohome-official.com\/fr\/politique-de-confidentialite\/"]}]},{"@type":"BreadcrumbList","@id":"https:\/\/dev.autohome-official.com\/fr\/politique-de-confidentialite\/#breadcrumb","itemListElement":[{"@type":"ListItem","position":1,"name":"Home","item":"https:\/\/dev.autohome-official.com\/fr\/"},{"@type":"ListItem","position":2,"name":"POLITIQUE DE CONFIDENTIALITE"}]}]}},"_links":{"self":[{"href":"https:\/\/dev.autohome-official.com\/fr\/wp-json\/wp\/v2\/pages\/14376"}],"collection":[{"href":"https:\/\/dev.autohome-official.com\/fr\/wp-json\/wp\/v2\/pages"}],"about":[{"href":"https:\/\/dev.autohome-official.com\/fr\/wp-json\/wp\/v2\/types\/page"}],"author":[{"embeddable":true,"href":"https:\/\/dev.autohome-official.com\/fr\/wp-json\/wp\/v2\/users\/4"}],"replies":[{"embeddable":true,"href":"https:\/\/dev.autohome-official.com\/fr\/wp-json\/wp\/v2\/comments?post=14376"}],"version-history":[{"count":1,"href":"https:\/\/dev.autohome-official.com\/fr\/wp-json\/wp\/v2\/pages\/14376\/revisions"}],"predecessor-version":[{"id":58967,"href":"https:\/\/dev.autohome-official.com\/fr\/wp-json\/wp\/v2\/pages\/14376\/revisions\/58967"}],"wp:attachment":[{"href":"https:\/\/dev.autohome-official.com\/fr\/wp-json\/wp\/v2\/media?parent=14376"}],"curies":[{"name":"wp","href":"https:\/\/api.w.org\/{rel}","templated":true}]}}