{"id":14370,"date":"2016-12-05T11:32:57","date_gmt":"2016-12-05T10:32:57","guid":{"rendered":"https:\/\/dev.autohome-official.com\/newsletter\/"},"modified":"2020-04-22T14:25:58","modified_gmt":"2020-04-22T12:25:58","slug":"newsletter","status":"publish","type":"page","link":"https:\/\/dev.autohome-official.com\/fr\/newsletter\/","title":{"rendered":"Newsletter"},"content":{"rendered":"<p>[vc_row el_class=\u00a0\u00bbmb0 story-skin-white\u00a0\u00bb css=\u00a0\u00bb.vc_custom_1480933882350{padding-top: 72px !important;}\u00a0\u00bb][vc_column]<div class=\"breadcrumb-wrapper\"><ul class=\"breadcrumbs no-link\"><li><a href=\"https:\/\/dev.autohome-official.com\/fr\/\">Home<\/a> <span><i class=\"icon-right-open\"><\/i><\/span><\/li><li><a href=\"https:\/\/dev.autohome-official.com:443\/fr\/wp-json\/wp\/v2\/pages\/14370\/\"><\/a><\/li><\/ul><\/div>[\/vc_column][\/vc_row][vc_row el_class=\u00a0\u00bbstory-skin-white mobileNoPadding\u00a0\u00bb css=\u00a0\u00bb.vc_custom_1587558354608{padding-right: 5% !important;padding-left: 5% !important;}\u00a0\u00bb][vc_column][vc_raw_html]JTNDaDElM0VORVdTTEVUVEVSJTNDJTJGaDElM0U=[\/vc_raw_html][\/vc_column][\/vc_row][vc_row css=\u00a0\u00bb.vc_custom_1480934171941{padding-right: 5% !important;padding-left: 5% !important;}\u00a0\u00bb el_class=\u00a0\u00bbmb0 story-skin-white\u00a0\u00bb][vc_column width=\u00a0\u00bb2\/3&Prime;]<div role=\"form\" class=\"wpcf7\" id=\"wpcf7-f14369-o1\" lang=\"it-IT\" dir=\"ltr\">\n<div class=\"screen-reader-response\"><p role=\"status\" aria-live=\"polite\" aria-atomic=\"true\"><\/p> <ul><\/ul><\/div>\n<form action=\"\/fr\/wp-json\/wp\/v2\/pages\/14370\/#wpcf7-f14369-o1\" method=\"post\" class=\"wpcf7-form init wpcf7-acceptance-as-validation\" novalidate=\"novalidate\" data-status=\"init\">\n<div style=\"display: none;\">\n<input type=\"hidden\" name=\"_wpcf7\" value=\"14369\" \/>\n<input type=\"hidden\" name=\"_wpcf7_version\" value=\"5.6\" \/>\n<input type=\"hidden\" name=\"_wpcf7_locale\" value=\"it_IT\" \/>\n<input type=\"hidden\" name=\"_wpcf7_unit_tag\" value=\"wpcf7-f14369-o1\" \/>\n<input type=\"hidden\" name=\"_wpcf7_container_post\" value=\"0\" \/>\n<input type=\"hidden\" name=\"_wpcf7_posted_data_hash\" value=\"\" \/>\n<input type=\"hidden\" name=\"_wpcf7cf_hidden_group_fields\" value=\"[]\" \/>\n<input type=\"hidden\" name=\"_wpcf7cf_hidden_groups\" value=\"[]\" \/>\n<input type=\"hidden\" name=\"_wpcf7cf_visible_groups\" value=\"[]\" \/>\n<input type=\"hidden\" name=\"_wpcf7cf_repeaters\" value=\"[]\" \/>\n<input type=\"hidden\" name=\"_wpcf7cf_steps\" value=\"{}\" \/>\n<input type=\"hidden\" name=\"_wpcf7cf_options\" value=\"{&quot;form_id&quot;:14369,&quot;conditions&quot;:[],&quot;settings&quot;:{&quot;animation&quot;:&quot;yes&quot;,&quot;animation_intime&quot;:200,&quot;animation_outtime&quot;:200,&quot;conditions_ui&quot;:&quot;normal&quot;,&quot;notice_dismissed&quot;:false}}\" \/>\n<\/div>\n<link rel=\"stylesheet\" href=\"https:\/\/dev.autohome-official.com\/wp-content\/plugins\/pdf-forms-for-contact-form-7\/css\/frontend.css\" \/><script type=\"text\/javascript\" src=\"https:\/\/dev.autohome-official.com\/wp-content\/plugins\/pdf-forms-for-contact-form-7\/js\/frontend.js?ver=2.2.5\"><\/script><div class=\"uacf7-form-wrapper-container uacf7-form-14369  \">\n<div class=\"vc_row-flex\">\n<div class=\"vc_col-sm-10\"><\/div>\n<\/div>\n<div class=\"vc_row-flex\">\n<div class=\"vc_col-sm-4\"><label for=\"ctrl-your-email\">E-Mail*<\/label><\/div>\n<div class=\"vc_col-sm-8\"><span class=\"wpcf7-form-control-wrap\" data-name=\"your-email\"><input type=\"email\" name=\"your-email\" value=\"\" size=\"40\" class=\"wpcf7-form-control wpcf7-text wpcf7-email wpcf7-validates-as-required wpcf7-validates-as-email\" id=\"ctrl-your-email\" aria-required=\"true\" aria-invalid=\"false\" placeholder=\"*\" \/><\/span><\/div>\n<\/div>\n<div class=\"vc_row-flex\">\n<div class=\"vc_col-sm-4\"><label for=\"ctrl-your-first-name\">Pr\u00e9nom*<\/label><\/div>\n<div class=\"vc_col-sm-8\"><span class=\"wpcf7-form-control-wrap\" data-name=\"your-first-name\"><input type=\"text\" name=\"your-first-name\" value=\"\" size=\"40\" class=\"wpcf7-form-control wpcf7-text wpcf7-validates-as-required\" id=\"ctrl-your-first-name\" aria-required=\"true\" aria-invalid=\"false\" placeholder=\"*\" \/><\/span><\/div>\n<\/div>\n<div class=\"vc_row-flex\">\n<div class=\"vc_col-sm-4\"><label for=\"ctrl-your-last-name\">Nom*<\/label><\/div>\n<div class=\"vc_col-sm-8\"><span class=\"wpcf7-form-control-wrap\" data-name=\"your-last-name\"><input type=\"text\" name=\"your-last-name\" value=\"\" size=\"40\" class=\"wpcf7-form-control wpcf7-text wpcf7-validates-as-required\" id=\"ctrl-your-last-name\" aria-required=\"true\" aria-invalid=\"false\" placeholder=\"*\" \/><\/span><\/div>\n<\/div>\n<div class=\"vc_row-flex\">\n<div class=\"vc_col-sm-4\"><label for=\"ctrl-your-address\">Rue, N\u00b0*<\/label><\/div>\n<div class=\"vc_col-sm-8\"><span class=\"wpcf7-form-control-wrap\" data-name=\"your-address\"><input type=\"text\" name=\"your-address\" value=\"\" size=\"40\" class=\"wpcf7-form-control wpcf7-text wpcf7-validates-as-required\" id=\"ctrl-your-address\" aria-required=\"true\" aria-invalid=\"false\" placeholder=\"*\" \/><\/span><\/div>\n<\/div>\n<div class=\"vc_row-flex\">\n<div class=\"vc_col-sm-4\"><label for=\"ctrl-your-cap\">CAP*<\/label><\/div>\n<div class=\"vc_col-sm-8\"><span class=\"wpcf7-form-control-wrap\" data-name=\"your-cap\"><input type=\"text\" name=\"your-cap\" value=\"\" size=\"40\" class=\"wpcf7-form-control wpcf7-text wpcf7-validates-as-required\" id=\"ctrl-your-cap\" aria-required=\"true\" aria-invalid=\"false\" placeholder=\"*\" \/><\/span><\/div>\n<\/div>\n<div class=\"vc_row-flex\">\n<div class=\"vc_col-sm-4\"><label for=\"ctrl-your-town\">Ville*<\/label><\/div>\n<div class=\"vc_col-sm-8\"><span class=\"wpcf7-form-control-wrap\" data-name=\"your-town\"><input type=\"text\" name=\"your-town\" value=\"\" size=\"40\" class=\"wpcf7-form-control wpcf7-text wpcf7-validates-as-required\" id=\"ctrl-your-town\" aria-required=\"true\" aria-invalid=\"false\" placeholder=\"*\" \/><\/span><\/div>\n<\/div>\n<div class=\"vc_row-flex\">\n<div class=\"vc_col-sm-4\"><label for=\"ctrl-your-country\">Pays*<\/label><\/div>\n<div class=\"vc_col-sm-8\"><span class=\"wpcf7-form-control-wrap\" data-name=\"your-country\"><select name=\"your-country\" class=\"wpcf7-form-control wpcf7-select wpcf7-validates-as-required\" id=\"ctrl-your-country\" aria-required=\"true\" aria-invalid=\"false\"><option value=\"\">Scegliere ...<\/option><\/select><\/span><\/div>\n<\/div>\n<div class=\"vc_row-flex\">\n<div class=\"vc_col-sm-12\"><i>Les champs marqu\u00e9s avec (*) sont requis<\/i><\/div>\n<\/div>\n<p>&nbsp;<\/p>\n<p>&nbsp;<\/p>\n<hr\/>\n<p>&nbsp;<\/p>\n<div class=\"vc_row-flex\">\n<div class=\"vc_col-sm-12\">\n<p>PRIVACY: Selon le D\u00e9cret 196\/03, les donn\u00e9es recueillies ne peuvent \u00eatre utilis\u00e9es que pour fournir p\u00e9riodiquement des informations quant aux activit\u00e9s et aux initiatives de la soci\u00e9t\u00e9 Autohome et ne pourront en aucun cas \u00eatre c\u00e9d\u00e9es \u00e0 des tiers. Fournir vos donn\u00e9es personnelles est facultatif, toutefois sans r\u00e9f\u00e9rences personnelles, nous ne serons pas en mesure de fournir les informations demand\u00e9es. L'int\u00e9ress\u00e9 peut exercer son droit selon l'art. 7 du D\u00e9cret 196\/03. Le titulaire du traitement des donn\u00e9es est Autohome \u2013 Viale Risorgimento, 23 \u2013 46017 Rivarolo Mantovano (Mantova) - Italie.\n<\/p>\n<\/div>\n<\/div>\n<div class=\"vc_row-flex\">\n<div class=\"vc_col-sm-12 mobileAcceptance\"><span class=\"wpcf7-form-control-wrap\" data-name=\"acceptance\"><span class=\"wpcf7-form-control wpcf7-acceptance\"><span class=\"wpcf7-list-item\"><input type=\"checkbox\" name=\"acceptance\" value=\"1\" aria-invalid=\"false\" class=\"tip-on-right\" id=\"ctrl-acceptance\" \/><\/span><\/span><\/span><label for=\"ctrl-acceptance\">Je consens au traitement des donn\u00e9es et j\u2019autorise Zifer Italia s.r.l. \u00e0 transmettre mes donn\u00e9es au revendeur de mon secteur afin qu\u2019il puisse me contacter.*<\/label><\/div>\n<\/div>\n<p>&nbsp;<\/p>\n<div class=\"vc_row-flex\">\n<div class=\"vc_col-sm-12\">\n<\/div>\n<\/div>\n<p><span id=\"wpcf7-69e04df673dd0-wrapper\" class=\"wpcf7-form-control-wrap location-350-wrap\" ><label for=\"wpcf7-69e04df673dd0-field\" class=\"hp-message\">lasciare vuoto questo campo.<\/label><input id=\"wpcf7-69e04df673dd0-field\"  placeholder=\"location\"  class=\"wpcf7-form-control wpcf7-text\" type=\"text\" name=\"location-350\" value=\"\" size=\"40\" tabindex=\"-1\" autocomplete=\"off\" \/><\/span><\/p>\n<p>&nbsp;<\/p>\n<div class=\"vc_row-flex\">\n<div class=\"vc_col-sm-4\"><\/div>\n<div class=\"vc_col-sm-4\"><\/div>\n<div class=\"vc_col-sm-4\"><input type=\"submit\" value=\"ENREGISTR\u00c9\" class=\"wpcf7-form-control has-spinner wpcf7-submit vc_general vc_btn3 vc_btn3-size-md vc_btn3-shape-square vc_btn3-style-flat vc_btn3-color-danger vc_btn3-block text-center\" \/><\/div>\n<\/div>\n<\/div>\n<input type='hidden' class='wpcf7-pum' value='{\"closepopup\":false,\"closedelay\":0,\"openpopup\":false,\"openpopup_id\":0}' \/><div class=\"wpcf7-response-output\" aria-hidden=\"true\"><\/div><\/form><\/div>[\/vc_column][vc_column width=\u00a0\u00bb1\/3&Prime;][\/vc_column][\/vc_row]<\/p>\n","protected":false},"excerpt":{"rendered":"<p>[vc_row el_class=\u00a0\u00bbmb0 story-skin-white\u00a0\u00bb css=\u00a0\u00bb.vc_custom_1480933882350{padding-top: 72px !important;}\u00a0\u00bb][vc_column][\/vc_column][\/vc_row][vc_row el_class=\u00a0\u00bbstory-skin-white mobileNoPadding\u00a0\u00bb css=\u00a0\u00bb.vc_custom_1587558354608{padding-right: 5% !important;padding-left: 5% !important;}\u00a0\u00bb][vc_column][vc_raw_html]JTNDaDElM0VORVdTTEVUVEVSJTNDJTJGaDElM0U=[\/vc_raw_html][\/vc_column][\/vc_row][vc_row css=\u00a0\u00bb.vc_custom_1480934171941{padding-right: 5% !important;padding-left: 5% !important;}\u00a0\u00bb el_class=\u00a0\u00bbmb0 story-skin-white\u00a0\u00bb][vc_column width=\u00a0\u00bb2\/3&Prime;][\/vc_column][vc_column width=\u00a0\u00bb1\/3&Prime;][\/vc_column][\/vc_row]<\/p>\n","protected":false},"author":4,"featured_media":0,"parent":0,"menu_order":0,"comment_status":"closed","ping_status":"closed","template":"","meta":[],"yoast_head":"<!-- This site is optimized with the Yoast SEO Premium plugin v18.6 (Yoast SEO v19.2) - https:\/\/yoast.com\/wordpress\/plugins\/seo\/ -->\n<title>Newsletter Magazine \u2013 Autohome<\/title>\n<meta name=\"description\" content=\"Recueil d&#039;articles des plus prestigieuses et importantes revues internationales qui ont parl\u00e9 des tentes de toit Autohome. D\u00e9couvrez-les ici !\" \/>\n<meta name=\"robots\" content=\"noindex, follow, max-snippet:-1, max-image-preview:large, max-video-preview:-1\" \/>\n<meta property=\"og:locale\" content=\"fr_FR\" \/>\n<meta property=\"og:type\" content=\"article\" \/>\n<meta property=\"og:title\" content=\"Newsletter\" \/>\n<meta property=\"og:description\" content=\"Recueil d&#039;articles des plus prestigieuses et importantes revues internationales qui ont parl\u00e9 des tentes de toit Autohome. D\u00e9couvrez-les ici !\" \/>\n<meta property=\"og:url\" content=\"https:\/\/dev.autohome-official.com\/fr\/newsletter\/\" \/>\n<meta property=\"og:site_name\" content=\"Autohome\" \/>\n<meta property=\"article:publisher\" content=\"https:\/\/www.facebook.com\/Autohome.Official.Page\" \/>\n<meta property=\"article:modified_time\" content=\"2020-04-22T12:25:58+00:00\" \/>\n<meta name=\"author\" content=\"Amministratore Autohome\" \/>\n<meta name=\"twitter:card\" content=\"summary\" \/>\n<script type=\"application\/ld+json\" class=\"yoast-schema-graph\">{\"@context\":\"https:\/\/schema.org\",\"@graph\":[{\"@type\":\"Organization\",\"@id\":\"https:\/\/dev.autohome-official.com\/#organization\",\"name\":\"Autohome\",\"url\":\"https:\/\/dev.autohome-official.com\/\",\"sameAs\":[\"https:\/\/www.instagram.com\/autohome_official\/\",\"http:\/\/www.youtube.com\/user\/AutohomeOfficial\",\"https:\/\/www.facebook.com\/Autohome.Official.Page\"],\"logo\":{\"@type\":\"ImageObject\",\"inLanguage\":\"fr-FR\",\"@id\":\"https:\/\/dev.autohome-official.com\/#\/schema\/logo\/image\/\",\"url\":\"https:\/\/dev.autohome-official.com\/wp-content\/uploads\/2016\/10\/logo.png\",\"contentUrl\":\"https:\/\/dev.autohome-official.com\/wp-content\/uploads\/2016\/10\/logo.png\",\"width\":295,\"height\":80,\"caption\":\"Autohome\"},\"image\":{\"@id\":\"https:\/\/dev.autohome-official.com\/#\/schema\/logo\/image\/\"}},{\"@type\":\"WebSite\",\"@id\":\"https:\/\/dev.autohome-official.com\/#website\",\"url\":\"https:\/\/dev.autohome-official.com\/\",\"name\":\"Autohome\",\"description\":\"Tende da tetto - Dachzelte - Roof Top Tents - Tentes de Toit\",\"publisher\":{\"@id\":\"https:\/\/dev.autohome-official.com\/#organization\"},\"potentialAction\":[{\"@type\":\"SearchAction\",\"target\":{\"@type\":\"EntryPoint\",\"urlTemplate\":\"https:\/\/dev.autohome-official.com\/?s={search_term_string}\"},\"query-input\":\"required name=search_term_string\"}],\"inLanguage\":\"fr-FR\"},{\"@type\":\"WebPage\",\"@id\":\"https:\/\/dev.autohome-official.com\/fr\/newsletter\/#webpage\",\"url\":\"https:\/\/dev.autohome-official.com\/fr\/newsletter\/\",\"name\":\"Newsletter Magazine \u2013 Autohome\",\"isPartOf\":{\"@id\":\"https:\/\/dev.autohome-official.com\/#website\"},\"datePublished\":\"2016-12-05T10:32:57+00:00\",\"dateModified\":\"2020-04-22T12:25:58+00:00\",\"description\":\"Recueil d'articles des plus prestigieuses et importantes revues internationales qui ont parl\u00e9 des tentes de toit Autohome. D\u00e9couvrez-les ici !\",\"breadcrumb\":{\"@id\":\"https:\/\/dev.autohome-official.com\/fr\/newsletter\/#breadcrumb\"},\"inLanguage\":\"fr-FR\",\"potentialAction\":[{\"@type\":\"ReadAction\",\"target\":[\"https:\/\/dev.autohome-official.com\/fr\/newsletter\/\"]}]},{\"@type\":\"BreadcrumbList\",\"@id\":\"https:\/\/dev.autohome-official.com\/fr\/newsletter\/#breadcrumb\",\"itemListElement\":[{\"@type\":\"ListItem\",\"position\":1,\"name\":\"Home\",\"item\":\"https:\/\/dev.autohome-official.com\/fr\/\"},{\"@type\":\"ListItem\",\"position\":2,\"name\":\"Newsletter\"}]}]}<\/script>\n<!-- \/ Yoast SEO Premium plugin. -->","yoast_head_json":{"title":"Newsletter Magazine \u2013 Autohome","description":"Recueil d'articles des plus prestigieuses et importantes revues internationales qui ont parl\u00e9 des tentes de toit Autohome. D\u00e9couvrez-les ici !","robots":{"index":"noindex","follow":"follow","max-snippet":"max-snippet:-1","max-image-preview":"max-image-preview:large","max-video-preview":"max-video-preview:-1"},"og_locale":"fr_FR","og_type":"article","og_title":"Newsletter","og_description":"Recueil d'articles des plus prestigieuses et importantes revues internationales qui ont parl\u00e9 des tentes de toit Autohome. D\u00e9couvrez-les ici !","og_url":"https:\/\/dev.autohome-official.com\/fr\/newsletter\/","og_site_name":"Autohome","article_publisher":"https:\/\/www.facebook.com\/Autohome.Official.Page","article_modified_time":"2020-04-22T12:25:58+00:00","author":"Amministratore Autohome","twitter_card":"summary","schema":{"@context":"https:\/\/schema.org","@graph":[{"@type":"Organization","@id":"https:\/\/dev.autohome-official.com\/#organization","name":"Autohome","url":"https:\/\/dev.autohome-official.com\/","sameAs":["https:\/\/www.instagram.com\/autohome_official\/","http:\/\/www.youtube.com\/user\/AutohomeOfficial","https:\/\/www.facebook.com\/Autohome.Official.Page"],"logo":{"@type":"ImageObject","inLanguage":"fr-FR","@id":"https:\/\/dev.autohome-official.com\/#\/schema\/logo\/image\/","url":"https:\/\/dev.autohome-official.com\/wp-content\/uploads\/2016\/10\/logo.png","contentUrl":"https:\/\/dev.autohome-official.com\/wp-content\/uploads\/2016\/10\/logo.png","width":295,"height":80,"caption":"Autohome"},"image":{"@id":"https:\/\/dev.autohome-official.com\/#\/schema\/logo\/image\/"}},{"@type":"WebSite","@id":"https:\/\/dev.autohome-official.com\/#website","url":"https:\/\/dev.autohome-official.com\/","name":"Autohome","description":"Tende da tetto - Dachzelte - Roof Top Tents - Tentes de Toit","publisher":{"@id":"https:\/\/dev.autohome-official.com\/#organization"},"potentialAction":[{"@type":"SearchAction","target":{"@type":"EntryPoint","urlTemplate":"https:\/\/dev.autohome-official.com\/?s={search_term_string}"},"query-input":"required name=search_term_string"}],"inLanguage":"fr-FR"},{"@type":"WebPage","@id":"https:\/\/dev.autohome-official.com\/fr\/newsletter\/#webpage","url":"https:\/\/dev.autohome-official.com\/fr\/newsletter\/","name":"Newsletter Magazine \u2013 Autohome","isPartOf":{"@id":"https:\/\/dev.autohome-official.com\/#website"},"datePublished":"2016-12-05T10:32:57+00:00","dateModified":"2020-04-22T12:25:58+00:00","description":"Recueil d'articles des plus prestigieuses et importantes revues internationales qui ont parl\u00e9 des tentes de toit Autohome. D\u00e9couvrez-les ici !","breadcrumb":{"@id":"https:\/\/dev.autohome-official.com\/fr\/newsletter\/#breadcrumb"},"inLanguage":"fr-FR","potentialAction":[{"@type":"ReadAction","target":["https:\/\/dev.autohome-official.com\/fr\/newsletter\/"]}]},{"@type":"BreadcrumbList","@id":"https:\/\/dev.autohome-official.com\/fr\/newsletter\/#breadcrumb","itemListElement":[{"@type":"ListItem","position":1,"name":"Home","item":"https:\/\/dev.autohome-official.com\/fr\/"},{"@type":"ListItem","position":2,"name":"Newsletter"}]}]}},"_links":{"self":[{"href":"https:\/\/dev.autohome-official.com\/fr\/wp-json\/wp\/v2\/pages\/14370"}],"collection":[{"href":"https:\/\/dev.autohome-official.com\/fr\/wp-json\/wp\/v2\/pages"}],"about":[{"href":"https:\/\/dev.autohome-official.com\/fr\/wp-json\/wp\/v2\/types\/page"}],"author":[{"embeddable":true,"href":"https:\/\/dev.autohome-official.com\/fr\/wp-json\/wp\/v2\/users\/4"}],"replies":[{"embeddable":true,"href":"https:\/\/dev.autohome-official.com\/fr\/wp-json\/wp\/v2\/comments?post=14370"}],"version-history":[{"count":0,"href":"https:\/\/dev.autohome-official.com\/fr\/wp-json\/wp\/v2\/pages\/14370\/revisions"}],"wp:attachment":[{"href":"https:\/\/dev.autohome-official.com\/fr\/wp-json\/wp\/v2\/media?parent=14370"}],"curies":[{"name":"wp","href":"https:\/\/api.w.org\/{rel}","templated":true}]}}