{"id":14363,"date":"2016-09-19T15:57:07","date_gmt":"2016-09-19T13:57:07","guid":{"rendered":"https:\/\/dev.autohome-official.com\/societe\/responsabilita\/"},"modified":"2021-12-22T13:53:44","modified_gmt":"2021-12-22T12:53:44","slug":"responsabilita","status":"publish","type":"page","link":"https:\/\/dev.autohome-official.com\/fr\/societe\/responsabilita\/","title":{"rendered":"Responsabilit\u00e9"},"content":{"rendered":"<p>[vc_row el_class=\u00a0\u00bbstory-skin-white mb0&Prime; css=\u00a0\u00bb.vc_custom_1484313952130{padding-top: 0px !important;}\u00a0\u00bb][vc_column]<div class=\"breadcrumb-wrapper\"><ul class=\"breadcrumbs false\"><li><a href=\"https:\/\/dev.autohome-official.com\/fr\/\">Home<\/a> <span><i class=\"icon-right-open\"><\/i><\/span><\/li><li><a href=\"https:\/\/dev.autohome-official.com:443\/fr\/wp-json\/wp\/v2\/pages\/14363\/\"><\/a><\/li><\/ul><\/div>[\/vc_column][\/vc_row][vc_row el_class=\u00a0\u00bbstory-skin-white row-90&Prime;][vc_column width=\u00a0\u00bb1\/2&Prime; el_class=\u00a0\u00bbresp-info-col\u00a0\u00bb][vc_raw_html el_class=\u00a0\u00bbresponsabilita\u00a0\u00bb]JTNDaDElMjBzdHlsZSUzRCUyMmZvbnQtc2l6ZSUzQSUyMDQwcHglM0IlMjIlM0VSRVNQT05TQUJJTElUJUMzJTg5JTIwJTI2bmJzcCUzQiUyNm5ic3AlM0IlMjZuYnNwJTNCJTIwJTNDaW1nJTIwY2xhc3MlM0QlMjJzaXplLWZ1bGwlMjB3cC1pbWFnZS0xMDgyNyUyMGFsaWdubm9uZSUyMiUyMHNyYyUzRCUyMmh0dHAlM0ElMkYlMkZ3d3cuYXV0b2hvbWUtb2ZmaWNpYWwuY29tJTJGd3AtY29udGVudCUyRnVwbG9hZHMlMkYyMDE2JTJGMDklMkZib2xsby5wbmclMjIlMjBhbHQlM0QlMjJib2xsbyUyMiUyMHdpZHRoJTNEJTIyMzUlMjIlMjBoZWlnaHQlM0QlMjIzNSUyMiUyMCUyRiUzRSUzQyUyRmgxJTNFJTBBJTNDYnIlM0UlM0NiciUzRSUzQ3AlM0VBVVRPSE9NRSVDMiVBRSUzQ2JyJTNFJTBBVW5lJTIwU29jaSVDMyVBOXQlQzMlQTklMjBJdGFsaWVubmUlMjBxdWklMjBlbWJyYXNzZSUyMHVuZSUyMHBoaWxvc29waGllJTIwaW5kdXN0cmllbGxlJTIwcHIlQzMlQTljaXNlJTNDYnIlMkYlM0UlMjBiYXMlQzMlQTllJTIwc3VyJTIwZGUlMjBzb2xpZGVzJTIwdmFsZXVycyUyMGRlJTIwY29oJUMzJUE5cmVuY2UlMkMlMjBkZSUyMHMlQzMlQTlyaWV1eCUyMGV0JTIwZGUlMjB0cmFuc3BhcmVuY2UuLiUzQyUyRnAlM0U=[\/vc_raw_html]<div class=\"infobox\" ><div class=\"infobox_wrapper\"><\/p>\n<ul>\n<li>Soutient le Made in Italy<\/li>\n<li>Valorise la recherche technologique<\/li>\n<li>Ne choisit que des mati\u00e8res premi\u00e8res de premi\u00e8re qualit\u00e9<\/li>\n<li>Fabrique dans le respect de l\u2019environnement<\/li>\n<li>Projette avec et pour les professionnels de l\u2019aventure<\/li>\n<li>Promeut la beaut\u00e9 et le design<\/li>\n<li>Inspire l\u2019aventure et la vie en plein air.<\/li>\n<li>Produits originaux garantis de et couverts par la certification de qualit\u00e9 de produit de T\u00dcV-ID: 0000024461<\/li>\n<li>Autohome\u00ae International Trade Mark N\u00b0886239<\/li>\n<\/ul>\n<p><\/div><\/div>\n[\/vc_column][vc_column width=\u00a0\u00bb1\/2&Prime;][vc_single_image image=\u00a0\u00bb10831&Prime; img_size=\u00a0\u00bbfull\u00a0\u00bb][\/vc_column][\/vc_row]<\/p>\n","protected":false},"excerpt":{"rendered":"<p>[vc_row el_class=\u00a0\u00bbstory-skin-white mb0&Prime; css=\u00a0\u00bb.vc_custom_1484313952130{padding-top: 0px !important;}\u00a0\u00bb][vc_column][\/vc_column][\/vc_row][vc_row el_class=\u00a0\u00bbstory-skin-white row-90&Prime;][vc_column width=\u00a0\u00bb1\/2&Prime; el_class=\u00a0\u00bbresp-info-col\u00a0\u00bb][vc_raw_html el_class=\u00a0\u00bbresponsabilita\u00a0\u00bb]JTNDaDElMjBzdHlsZSUzRCUyMmZvbnQtc2l6ZSUzQSUyMDQwcHglM0IlMjIlM0VSRVNQT05TQUJJTElUJUMzJTg5JTIwJTI2bmJzcCUzQiUyNm5ic3AlM0IlMjZuYnNwJTNCJTIwJTNDaW1nJTIwY2xhc3MlM0QlMjJzaXplLWZ1bGwlMjB3cC1pbWFnZS0xMDgyNyUyMGFsaWdubm9uZSUyMiUyMHNyYyUzRCUyMmh0dHAlM0ElMkYlMkZ3d3cuYXV0b2hvbWUtb2ZmaWNpYWwuY29tJTJGd3AtY29udGVudCUyRnVwbG9hZHMlMkYyMDE2JTJGMDklMkZib2xsby5wbmclMjIlMjBhbHQlM0QlMjJib2xsbyUyMiUyMHdpZHRoJTNEJTIyMzUlMjIlMjBoZWlnaHQlM0QlMjIzNSUyMiUyMCUyRiUzRSUzQyUyRmgxJTNFJTBBJTNDYnIlM0UlM0NiciUzRSUzQ3AlM0VBVVRPSE9NRSVDMiVBRSUzQ2JyJTNFJTBBVW5lJTIwU29jaSVDMyVBOXQlQzMlQTklMjBJdGFsaWVubmUlMjBxdWklMjBlbWJyYXNzZSUyMHVuZSUyMHBoaWxvc29waGllJTIwaW5kdXN0cmllbGxlJTIwcHIlQzMlQTljaXNlJTNDYnIlMkYlM0UlMjBiYXMlQzMlQTllJTIwc3VyJTIwZGUlMjBzb2xpZGVzJTIwdmFsZXVycyUyMGRlJTIwY29oJUMzJUE5cmVuY2UlMkMlMjBkZSUyMHMlQzMlQTlyaWV1eCUyMGV0JTIwZGUlMjB0cmFuc3BhcmVuY2UuLiUzQyUyRnAlM0U=[\/vc_raw_html][\/vc_column][vc_column width=\u00a0\u00bb1\/2&Prime;][vc_single_image image=\u00a0\u00bb10831&Prime; img_size=\u00a0\u00bbfull\u00a0\u00bb][\/vc_column][\/vc_row]<\/p>\n","protected":false},"author":4,"featured_media":53086,"parent":13968,"menu_order":0,"comment_status":"closed","ping_status":"closed","template":"template-azienda.php","meta":[],"yoast_head":"<!-- This site is optimized with the Yoast SEO Premium plugin v18.6 (Yoast SEO v19.2) - https:\/\/yoast.com\/wordpress\/plugins\/seo\/ -->\n<title>Responsabilit\u00e9 - Les meilleures tentes de toit au monde, certifi\u00e9e TUV<\/title>\n<meta name=\"description\" content=\"Nous concevons et fabriquons les meilleures tentes de toit au monde, la seule qualit\u00e9 certifi\u00e9e TUV. D\u00e9couvrez tous les d\u00e9tails!\" \/>\n<meta name=\"robots\" content=\"noindex, follow, max-snippet:-1, max-image-preview:large, max-video-preview:-1\" \/>\n<meta property=\"og:locale\" content=\"fr_FR\" \/>\n<meta property=\"og:type\" content=\"article\" \/>\n<meta property=\"og:title\" content=\"Responsabilit\u00e9\" \/>\n<meta property=\"og:description\" content=\"Nous concevons et fabriquons les meilleures tentes de toit au monde, la seule qualit\u00e9 certifi\u00e9e TUV. D\u00e9couvrez tous les d\u00e9tails!\" \/>\n<meta property=\"og:url\" content=\"https:\/\/dev.autohome-official.com\/fr\/societe\/responsabilita\/\" \/>\n<meta property=\"og:site_name\" content=\"Autohome\" \/>\n<meta property=\"article:publisher\" content=\"https:\/\/www.facebook.com\/Autohome.Official.Page\" \/>\n<meta property=\"article:modified_time\" content=\"2021-12-22T12:53:44+00:00\" \/>\n<meta property=\"og:image\" content=\"https:\/\/dev.autohome-official.com\/wp-content\/uploads\/2020\/11\/Responsabilita\u0300-Responsibility-Responsabilite\u0301-Verantwortung.jpg\" \/>\n\t<meta property=\"og:image:width\" content=\"800\" \/>\n\t<meta property=\"og:image:height\" content=\"533\" \/>\n\t<meta property=\"og:image:type\" content=\"image\/jpeg\" \/>\n<meta name=\"author\" content=\"Amministratore Autohome\" \/>\n<meta name=\"twitter:card\" content=\"summary\" \/>\n<meta name=\"twitter:label1\" content=\"Dur\u00e9e de lecture estim\u00e9e\" \/>\n\t<meta name=\"twitter:data1\" content=\"1 minute\" \/>\n<script type=\"application\/ld+json\" class=\"yoast-schema-graph\">{\"@context\":\"https:\/\/schema.org\",\"@graph\":[{\"@type\":\"Organization\",\"@id\":\"https:\/\/dev.autohome-official.com\/#organization\",\"name\":\"Autohome\",\"url\":\"https:\/\/dev.autohome-official.com\/\",\"sameAs\":[\"https:\/\/www.instagram.com\/autohome_official\/\",\"http:\/\/www.youtube.com\/user\/AutohomeOfficial\",\"https:\/\/www.facebook.com\/Autohome.Official.Page\"],\"logo\":{\"@type\":\"ImageObject\",\"inLanguage\":\"fr-FR\",\"@id\":\"https:\/\/dev.autohome-official.com\/#\/schema\/logo\/image\/\",\"url\":\"https:\/\/dev.autohome-official.com\/wp-content\/uploads\/2016\/10\/logo.png\",\"contentUrl\":\"https:\/\/dev.autohome-official.com\/wp-content\/uploads\/2016\/10\/logo.png\",\"width\":295,\"height\":80,\"caption\":\"Autohome\"},\"image\":{\"@id\":\"https:\/\/dev.autohome-official.com\/#\/schema\/logo\/image\/\"}},{\"@type\":\"WebSite\",\"@id\":\"https:\/\/dev.autohome-official.com\/#website\",\"url\":\"https:\/\/dev.autohome-official.com\/\",\"name\":\"Autohome\",\"description\":\"Tende da tetto - Dachzelte - Roof Top Tents - Tentes de Toit\",\"publisher\":{\"@id\":\"https:\/\/dev.autohome-official.com\/#organization\"},\"potentialAction\":[{\"@type\":\"SearchAction\",\"target\":{\"@type\":\"EntryPoint\",\"urlTemplate\":\"https:\/\/dev.autohome-official.com\/?s={search_term_string}\"},\"query-input\":\"required name=search_term_string\"}],\"inLanguage\":\"fr-FR\"},{\"@type\":\"ImageObject\",\"inLanguage\":\"fr-FR\",\"@id\":\"https:\/\/dev.autohome-official.com\/fr\/societe\/responsabilita\/#primaryimage\",\"url\":\"https:\/\/dev.autohome-official.com\/wp-content\/uploads\/2020\/11\/Responsabilita\u0300-Responsibility-Responsabilite\u0301-Verantwortung.jpg\",\"contentUrl\":\"https:\/\/dev.autohome-official.com\/wp-content\/uploads\/2020\/11\/Responsabilita\u0300-Responsibility-Responsabilite\u0301-Verantwortung.jpg\",\"width\":800,\"height\":533,\"caption\":\"Responsabilite\u0301\"},{\"@type\":\"WebPage\",\"@id\":\"https:\/\/dev.autohome-official.com\/fr\/societe\/responsabilita\/#webpage\",\"url\":\"https:\/\/dev.autohome-official.com\/fr\/societe\/responsabilita\/\",\"name\":\"Responsabilit\u00e9 - Les meilleures tentes de toit au monde, certifi\u00e9e TUV\",\"isPartOf\":{\"@id\":\"https:\/\/dev.autohome-official.com\/#website\"},\"primaryImageOfPage\":{\"@id\":\"https:\/\/dev.autohome-official.com\/fr\/societe\/responsabilita\/#primaryimage\"},\"datePublished\":\"2016-09-19T13:57:07+00:00\",\"dateModified\":\"2021-12-22T12:53:44+00:00\",\"description\":\"Nous concevons et fabriquons les meilleures tentes de toit au monde, la seule qualit\u00e9 certifi\u00e9e TUV. D\u00e9couvrez tous les d\u00e9tails!\",\"breadcrumb\":{\"@id\":\"https:\/\/dev.autohome-official.com\/fr\/societe\/responsabilita\/#breadcrumb\"},\"inLanguage\":\"fr-FR\",\"potentialAction\":[{\"@type\":\"ReadAction\",\"target\":[\"https:\/\/dev.autohome-official.com\/fr\/societe\/responsabilita\/\"]}]},{\"@type\":\"BreadcrumbList\",\"@id\":\"https:\/\/dev.autohome-official.com\/fr\/societe\/responsabilita\/#breadcrumb\",\"itemListElement\":[{\"@type\":\"ListItem\",\"position\":1,\"name\":\"Home\",\"item\":\"https:\/\/dev.autohome-official.com\/fr\/\"},{\"@type\":\"ListItem\",\"position\":2,\"name\":\"Soci\u00e9t\u00e9\",\"item\":\"https:\/\/dev.autohome-official.com\/fr\/societe\/\"},{\"@type\":\"ListItem\",\"position\":3,\"name\":\"Responsabilit\u00e9\"}]}]}<\/script>\n<!-- \/ Yoast SEO Premium plugin. -->","yoast_head_json":{"title":"Responsabilit\u00e9 - Les meilleures tentes de toit au monde, certifi\u00e9e TUV","description":"Nous concevons et fabriquons les meilleures tentes de toit au monde, la seule qualit\u00e9 certifi\u00e9e TUV. D\u00e9couvrez tous les d\u00e9tails!","robots":{"index":"noindex","follow":"follow","max-snippet":"max-snippet:-1","max-image-preview":"max-image-preview:large","max-video-preview":"max-video-preview:-1"},"og_locale":"fr_FR","og_type":"article","og_title":"Responsabilit\u00e9","og_description":"Nous concevons et fabriquons les meilleures tentes de toit au monde, la seule qualit\u00e9 certifi\u00e9e TUV. D\u00e9couvrez tous les d\u00e9tails!","og_url":"https:\/\/dev.autohome-official.com\/fr\/societe\/responsabilita\/","og_site_name":"Autohome","article_publisher":"https:\/\/www.facebook.com\/Autohome.Official.Page","article_modified_time":"2021-12-22T12:53:44+00:00","og_image":[{"width":800,"height":533,"url":"https:\/\/dev.autohome-official.com\/wp-content\/uploads\/2020\/11\/Responsabilita\u0300-Responsibility-Responsabilite\u0301-Verantwortung.jpg","type":"image\/jpeg"}],"author":"Amministratore Autohome","twitter_card":"summary","twitter_misc":{"Dur\u00e9e de lecture estim\u00e9e":"1 minute"},"schema":{"@context":"https:\/\/schema.org","@graph":[{"@type":"Organization","@id":"https:\/\/dev.autohome-official.com\/#organization","name":"Autohome","url":"https:\/\/dev.autohome-official.com\/","sameAs":["https:\/\/www.instagram.com\/autohome_official\/","http:\/\/www.youtube.com\/user\/AutohomeOfficial","https:\/\/www.facebook.com\/Autohome.Official.Page"],"logo":{"@type":"ImageObject","inLanguage":"fr-FR","@id":"https:\/\/dev.autohome-official.com\/#\/schema\/logo\/image\/","url":"https:\/\/dev.autohome-official.com\/wp-content\/uploads\/2016\/10\/logo.png","contentUrl":"https:\/\/dev.autohome-official.com\/wp-content\/uploads\/2016\/10\/logo.png","width":295,"height":80,"caption":"Autohome"},"image":{"@id":"https:\/\/dev.autohome-official.com\/#\/schema\/logo\/image\/"}},{"@type":"WebSite","@id":"https:\/\/dev.autohome-official.com\/#website","url":"https:\/\/dev.autohome-official.com\/","name":"Autohome","description":"Tende da tetto - Dachzelte - Roof Top Tents - Tentes de Toit","publisher":{"@id":"https:\/\/dev.autohome-official.com\/#organization"},"potentialAction":[{"@type":"SearchAction","target":{"@type":"EntryPoint","urlTemplate":"https:\/\/dev.autohome-official.com\/?s={search_term_string}"},"query-input":"required name=search_term_string"}],"inLanguage":"fr-FR"},{"@type":"ImageObject","inLanguage":"fr-FR","@id":"https:\/\/dev.autohome-official.com\/fr\/societe\/responsabilita\/#primaryimage","url":"https:\/\/dev.autohome-official.com\/wp-content\/uploads\/2020\/11\/Responsabilita\u0300-Responsibility-Responsabilite\u0301-Verantwortung.jpg","contentUrl":"https:\/\/dev.autohome-official.com\/wp-content\/uploads\/2020\/11\/Responsabilita\u0300-Responsibility-Responsabilite\u0301-Verantwortung.jpg","width":800,"height":533,"caption":"Responsabilite\u0301"},{"@type":"WebPage","@id":"https:\/\/dev.autohome-official.com\/fr\/societe\/responsabilita\/#webpage","url":"https:\/\/dev.autohome-official.com\/fr\/societe\/responsabilita\/","name":"Responsabilit\u00e9 - Les meilleures tentes de toit au monde, certifi\u00e9e TUV","isPartOf":{"@id":"https:\/\/dev.autohome-official.com\/#website"},"primaryImageOfPage":{"@id":"https:\/\/dev.autohome-official.com\/fr\/societe\/responsabilita\/#primaryimage"},"datePublished":"2016-09-19T13:57:07+00:00","dateModified":"2021-12-22T12:53:44+00:00","description":"Nous concevons et fabriquons les meilleures tentes de toit au monde, la seule qualit\u00e9 certifi\u00e9e TUV. D\u00e9couvrez tous les d\u00e9tails!","breadcrumb":{"@id":"https:\/\/dev.autohome-official.com\/fr\/societe\/responsabilita\/#breadcrumb"},"inLanguage":"fr-FR","potentialAction":[{"@type":"ReadAction","target":["https:\/\/dev.autohome-official.com\/fr\/societe\/responsabilita\/"]}]},{"@type":"BreadcrumbList","@id":"https:\/\/dev.autohome-official.com\/fr\/societe\/responsabilita\/#breadcrumb","itemListElement":[{"@type":"ListItem","position":1,"name":"Home","item":"https:\/\/dev.autohome-official.com\/fr\/"},{"@type":"ListItem","position":2,"name":"Soci\u00e9t\u00e9","item":"https:\/\/dev.autohome-official.com\/fr\/societe\/"},{"@type":"ListItem","position":3,"name":"Responsabilit\u00e9"}]}]}},"_links":{"self":[{"href":"https:\/\/dev.autohome-official.com\/fr\/wp-json\/wp\/v2\/pages\/14363"}],"collection":[{"href":"https:\/\/dev.autohome-official.com\/fr\/wp-json\/wp\/v2\/pages"}],"about":[{"href":"https:\/\/dev.autohome-official.com\/fr\/wp-json\/wp\/v2\/types\/page"}],"author":[{"embeddable":true,"href":"https:\/\/dev.autohome-official.com\/fr\/wp-json\/wp\/v2\/users\/4"}],"replies":[{"embeddable":true,"href":"https:\/\/dev.autohome-official.com\/fr\/wp-json\/wp\/v2\/comments?post=14363"}],"version-history":[{"count":1,"href":"https:\/\/dev.autohome-official.com\/fr\/wp-json\/wp\/v2\/pages\/14363\/revisions"}],"predecessor-version":[{"id":60665,"href":"https:\/\/dev.autohome-official.com\/fr\/wp-json\/wp\/v2\/pages\/14363\/revisions\/60665"}],"up":[{"embeddable":true,"href":"https:\/\/dev.autohome-official.com\/fr\/wp-json\/wp\/v2\/pages\/13968"}],"wp:featuredmedia":[{"embeddable":true,"href":"https:\/\/dev.autohome-official.com\/fr\/wp-json\/wp\/v2\/media\/53086"}],"wp:attachment":[{"href":"https:\/\/dev.autohome-official.com\/fr\/wp-json\/wp\/v2\/media?parent=14363"}],"curies":[{"name":"wp","href":"https:\/\/api.w.org\/{rel}","templated":true}]}}