{"id":14361,"date":"2016-09-19T15:57:21","date_gmt":"2016-09-19T13:57:21","guid":{"rendered":"https:\/\/dev.autohome-official.com\/societe\/dove-siamo\/"},"modified":"2022-03-07T13:34:58","modified_gmt":"2022-03-07T12:34:58","slug":"ou-sommes-nous","status":"publish","type":"page","link":"https:\/\/dev.autohome-official.com\/fr\/societe\/ou-sommes-nous\/","title":{"rendered":"O\u00f9 sommes-nous"},"content":{"rendered":"<p>[vc_row][vc_column][vc_empty_space height=\u00a0\u00bb50px\u00a0\u00bb][\/vc_column][\/vc_row][vc_row el_class=\u00a0\u00bbstory-skin-white mb0 mobileMarginTop80&Prime; css=\u00a0\u00bb.vc_custom_1646652180650{padding-right: 5% !important;padding-left: 5% !important;}\u00a0\u00bb][vc_column]<div class=\"breadcrumb-wrapper\"><ul class=\"breadcrumbs false\"><li><a href=\"https:\/\/dev.autohome-official.com\/fr\/\">Home<\/a> <span><i class=\"icon-right-open\"><\/i><\/span><\/li><li><a href=\"https:\/\/dev.autohome-official.com:443\/fr\/wp-json\/wp\/v2\/pages\/14361\/\"><\/a><\/li><\/ul><\/div>[\/vc_column][\/vc_row][vc_row el_class=\u00a0\u00bbstory-skin-white row-90&Prime;][vc_column][vc_raw_html]JTNDaDElM0VPJUMzJUI5JTIwc29tbWVzLW5vdXMlM0MlMkZoMSUzRQ==[\/vc_raw_html][\/vc_column][\/vc_row][vc_row el_class=\u00a0\u00bbstory-skin-white row-90&Prime;][vc_column width=\u00a0\u00bb1\/2&Prime; el_class=\u00a0\u00bbcol-mappa\u00a0\u00bb][vc_raw_html]JTNDaWZyYW1lJTIwc3JjJTNEJTIyaHR0cHMlM0ElMkYlMkZ3d3cuZ29vZ2xlLmNvbSUyRm1hcHMlMkZlbWJlZCUzRnBiJTNEJTIxMW0xNCUyMTFtOCUyMTFtMyUyMTFkMTEyNzAuNzY3OTQzNTkyMzEzJTIxMmQxMC40NDQ1NDIlMjEzZDQ1LjA3MTc1OSUyMTNtMiUyMTFpMTAyNCUyMTJpNzY4JTIxNGYxMy4xJTIxM20zJTIxMW0yJTIxMXMweDAlMjUzQTB4YmZjZTA3MjBjMzg5ZjgzZSUyMTJzQVVUT0hPTUUlMjE1ZTAlMjEzbTIlMjExc2l0JTIxMnNpdCUyMTR2MTU1NTU5MzA5MjI5MCUyMTVtMiUyMTFzaXQlMjEyc2l0JTIyJTIwd2lkdGglM0QlMjI3NjglMjIlMjBoZWlnaHQlM0QlMjI2NDAlMjIlMjBmcmFtZWJvcmRlciUzRCUyMjAlMjIlMjBzdHlsZSUzRCUyMmJvcmRlciUzQTAlMjIlMjBhbGxvd2Z1bGxzY3JlZW4lM0UlM0MlMkZpZnJhbWUlM0U=[\/vc_raw_html][\/vc_column][vc_column width=\u00a0\u00bb1\/2&Prime;][vc_raw_html]JTNDaDMlMjBjbGFzcyUzRCUyMnBhZ2Utc3ViaGVhZGluZyUyMiUzRVNvcnRpZXMlMjBkJTI3YXV0b3JvdXRlcyUyMGNvbnNlaWxsJUMzJUE5ZXMlM0ElM0MlMkZoMyUzRSUwQSUzQ3AlM0VFbiUyMHByb3ZlbmFuY2UlMjBkdSUyME5vcmQlMjBFc3QlM0ElQzIlQTAlM0NzdHJvbmclM0VNYW50b3VlJTIwTm9yZCUzQyUyRnN0cm9uZyUzRSUzQ2JyJTNFRGlyZWN0aW9uJTIwQ3JlbW9uZSUyQyUyMENhc3RlbGx1Y2NoaW8lMkMlMjBCb3p6b2xvJTNDJTJGcCUzRSUwQSUzQ3AlM0VFbiUyMHByb3ZlbmFuY2UlMjBkdSUyME5vcmQlMjBPdWVzdCUzQSUyMCUzQ3N0cm9uZyUzRUNyZW1vbmUlM0MlMkZzdHJvbmclM0UlM0NiciUzRSUyMERpcmVjdGlvbiUyME1hbnRvdWUlMkMlMjBQaWFkZW5hJTJDJTIwQm96em9sbyUzQyUyRnAlM0UlMEElM0NwJTNFRW4lMjBwcm92ZW5hbmNlJTIwZHUlMjBTdWQlM0ElMjAlM0NzdHJvbmclM0VQYXJtZSUzQyUyRnN0cm9uZyUzRSUzQ2JyJTNFJTIwRGlyZWN0aW9uJTIwQ3JlbW9uYSUyQyUyMENvbG9ybm8lMkMlMjBDYXNhbG1hZ2dpb3JlJTJDJTIwVmlsbGFub3ZhJTNDJTJGYnIlM0UlM0MlMkZwJTNFJTBBJTNDaDMlMjBjbGFzcyUzRCUyMnBhZ2Utc3ViaGVhZGluZyUyMiUzRUElQzMlQTlyb3BvcnRzJTIwbGVzJTIwcGx1cyUyMHByb2NoZXMlM0ElM0MlMkZoMyUzRSUwQSUzQ3AlM0UlM0NzdHJvbmclM0VWZXJvbmUlMjBWaWxsYWZyYW5jYSUzQyUyRnN0cm9uZyUzRSUyMCUyODYwJTIwa20lMjklM0NiciUzRSUzQ3N0cm9uZyUzRUJvbG9nbmUlM0MlMkZzdHJvbmclM0UlMjAlMjgxMTklMjBrbSUyOSUzQ2JyJTNFJTNDc3Ryb25nJTNFTWlsYW4lMjBMaW5hdGUlM0MlMkZzdHJvbmclM0UlMjAlMjgxMjglMjBrbSUyOSUzQ2JyJTNFJTNDc3Ryb25nJTNFQmVyZ2FtZSUyME9yaW8lMjBhbCUyMFNlcmlvJTNDJTJGc3Ryb25nJTNFJTIwJTI4MTMzJTIwa20lMjklM0NiciUzRSUzQ3N0cm9uZyUzRU1pbGFuJTIwTWFscGVuc2ElM0MlMkZzdHJvbmclM0UlMjAlMjgxODUlMjBrbSUyOSUzQyUyRmJyJTNFJTNDJTJGcCUzRSUwQSUzQ2gzJTIwY2xhc3MlM0QlMjJwYWdlLXN1YmhlYWRpbmclMjIlM0VQT1NJVElPTiUyMEdQUyUzQSUzQyUyRmgzJTNFJTBBJTNDcCUzRTQ1JUMyJUIwJTIwNCUyNyUyMDE5JTI3JTI3JTIwTm9ydGglM0NiciUzRTEwJUMyJUIwJTIwMjYlMjclMjA0MCUyNyUyNyUyMEVhc3QlM0MlMkZwJTNF[\/vc_raw_html][\/vc_column][\/vc_row]<\/p>\n","protected":false},"excerpt":{"rendered":"<p>[vc_row][vc_column][vc_empty_space height=\u00a0\u00bb50px\u00a0\u00bb][\/vc_column][\/vc_row][vc_row el_class=\u00a0\u00bbstory-skin-white mb0 mobileMarginTop80&Prime; css=\u00a0\u00bb.vc_custom_1646652180650{padding-right: 5% !important;padding-left: 5% !important;}\u00a0\u00bb][vc_column][\/vc_column][\/vc_row][vc_row el_class=\u00a0\u00bbstory-skin-white row-90&Prime;][vc_column][vc_raw_html]JTNDaDElM0VPJUMzJUI5JTIwc29tbWVzLW5vdXMlM0MlMkZoMSUzRQ==[\/vc_raw_html][\/vc_column][\/vc_row][vc_row el_class=\u00a0\u00bbstory-skin-white row-90&Prime;][vc_column width=\u00a0\u00bb1\/2&Prime; el_class=\u00a0\u00bbcol-mappa\u00a0\u00bb][vc_raw_html]JTNDaWZyYW1lJTIwc3JjJTNEJTIyaHR0cHMlM0ElMkYlMkZ3d3cuZ29vZ2xlLmNvbSUyRm1hcHMlMkZlbWJlZCUzRnBiJTNEJTIxMW0xNCUyMTFtOCUyMTFtMyUyMTFkMTEyNzAuNzY3OTQzNTkyMzEzJTIxMmQxMC40NDQ1NDIlMjEzZDQ1LjA3MTc1OSUyMTNtMiUyMTFpMTAyNCUyMTJpNzY4JTIxNGYxMy4xJTIxM20zJTIxMW0yJTIxMXMweDAlMjUzQTB4YmZjZTA3MjBjMzg5ZjgzZSUyMTJzQVVUT0hPTUUlMjE1ZTAlMjEzbTIlMjExc2l0JTIxMnNpdCUyMTR2MTU1NTU5MzA5MjI5MCUyMTVtMiUyMTFzaXQlMjEyc2l0JTIyJTIwd2lkdGglM0QlMjI3NjglMjIlMjBoZWlnaHQlM0QlMjI2NDAlMjIlMjBmcmFtZWJvcmRlciUzRCUyMjAlMjIlMjBzdHlsZSUzRCUyMmJvcmRlciUzQTAlMjIlMjBhbGxvd2Z1bGxzY3JlZW4lM0UlM0MlMkZpZnJhbWUlM0U=[\/vc_raw_html][\/vc_column][vc_column width=\u00a0\u00bb1\/2&Prime;][vc_raw_html]JTNDaDMlMjBjbGFzcyUzRCUyMnBhZ2Utc3ViaGVhZGluZyUyMiUzRVNvcnRpZXMlMjBkJTI3YXV0b3JvdXRlcyUyMGNvbnNlaWxsJUMzJUE5ZXMlM0ElM0MlMkZoMyUzRSUwQSUzQ3AlM0VFbiUyMHByb3ZlbmFuY2UlMjBkdSUyME5vcmQlMjBFc3QlM0ElQzIlQTAlM0NzdHJvbmclM0VNYW50b3VlJTIwTm9yZCUzQyUyRnN0cm9uZyUzRSUzQ2JyJTNFRGlyZWN0aW9uJTIwQ3JlbW9uZSUyQyUyMENhc3RlbGx1Y2NoaW8lMkMlMjBCb3p6b2xvJTNDJTJGcCUzRSUwQSUzQ3AlM0VFbiUyMHByb3ZlbmFuY2UlMjBkdSUyME5vcmQlMjBPdWVzdCUzQSUyMCUzQ3N0cm9uZyUzRUNyZW1vbmUlM0MlMkZzdHJvbmclM0UlM0NiciUzRSUyMERpcmVjdGlvbiUyME1hbnRvdWUlMkMlMjBQaWFkZW5hJTJDJTIwQm96em9sbyUzQyUyRnAlM0UlMEElM0NwJTNFRW4lMjBwcm92ZW5hbmNlJTIwZHUlMjBTdWQlM0ElMjAlM0NzdHJvbmclM0VQYXJtZSUzQyUyRnN0cm9uZyUzRSUzQ2JyJTNFJTIwRGlyZWN0aW9uJTIwQ3JlbW9uYSUyQyUyMENvbG9ybm8lMkMlMjBDYXNhbG1hZ2dpb3JlJTJDJTIwVmlsbGFub3ZhJTNDJTJGYnIlM0UlM0MlMkZwJTNFJTBBJTNDaDMlMjBjbGFzcyUzRCUyMnBhZ2Utc3ViaGVhZGluZyUyMiUzRUElQzMlQTlyb3BvcnRzJTIwbGVzJTIwcGx1cyUyMHByb2NoZXMlM0ElM0MlMkZoMyUzRSUwQSUzQ3AlM0UlM0NzdHJvbmclM0VWZXJvbmUlMjBWaWxsYWZyYW5jYSUzQyUyRnN0cm9uZyUzRSUyMCUyODYwJTIwa20lMjklM0NiciUzRSUzQ3N0cm9uZyUzRUJvbG9nbmUlM0MlMkZzdHJvbmclM0UlMjAlMjgxMTklMjBrbSUyOSUzQ2JyJTNFJTNDc3Ryb25nJTNFTWlsYW4lMjBMaW5hdGUlM0MlMkZzdHJvbmclM0UlMjAlMjgxMjglMjBrbSUyOSUzQ2JyJTNFJTNDc3Ryb25nJTNFQmVyZ2FtZSUyME9yaW8lMjBhbCUyMFNlcmlvJTNDJTJGc3Ryb25nJTNFJTIwJTI4MTMzJTIwa20lMjklM0NiciUzRSUzQ3N0cm9uZyUzRU1pbGFuJTIwTWFscGVuc2ElM0MlMkZzdHJvbmclM0UlMjAlMjgxODUlMjBrbSUyOSUzQyUyRmJyJTNFJTNDJTJGcCUzRSUwQSUzQ2gzJTIwY2xhc3MlM0QlMjJwYWdlLXN1YmhlYWRpbmclMjIlM0VQT1NJVElPTiUyMEdQUyUzQSUzQyUyRmgzJTNFJTBBJTNDcCUzRTQ1JUMyJUIwJTIwNCUyNyUyMDE5JTI3JTI3JTIwTm9ydGglM0NiciUzRTEwJUMyJUIwJTIwMjYlMjclMjA0MCUyNyUyNyUyMEVhc3QlM0MlMkZwJTNF[\/vc_raw_html][\/vc_column][\/vc_row]<\/p>\n","protected":false},"author":4,"featured_media":53081,"parent":13968,"menu_order":0,"comment_status":"closed","ping_status":"closed","template":"template-azienda.php","meta":[],"yoast_head":"<!-- This site is optimized with the Yoast SEO Premium plugin v18.6 (Yoast SEO v19.2) - https:\/\/yoast.com\/wordpress\/plugins\/seo\/ -->\n<title>O\u00f9 sommes-nous - Venez d\u00e9couvrir le tente de toit Autohome original<\/title>\n<meta name=\"description\" content=\"O\u00f9 sommes-nous: venez d\u00e9couvrir o\u00f9, depuis 1958, nous r\u00e9alisons le innovant tente de toit de voiture, original et leader sur le march\u00e9.\" \/>\n<meta name=\"robots\" content=\"noindex, follow, max-snippet:-1, max-image-preview:large, max-video-preview:-1\" \/>\n<meta property=\"og:locale\" content=\"fr_FR\" \/>\n<meta property=\"og:type\" content=\"article\" \/>\n<meta property=\"og:title\" content=\"O\u00f9 sommes-nous\" \/>\n<meta property=\"og:description\" content=\"O\u00f9 sommes-nous: venez d\u00e9couvrir o\u00f9, depuis 1958, nous r\u00e9alisons le innovant tente de toit de voiture, original et leader sur le march\u00e9.\" \/>\n<meta property=\"og:url\" content=\"https:\/\/dev.autohome-official.com\/fr\/societe\/ou-sommes-nous\/\" \/>\n<meta property=\"og:site_name\" content=\"Autohome\" \/>\n<meta property=\"article:publisher\" content=\"https:\/\/www.facebook.com\/Autohome.Official.Page\" \/>\n<meta property=\"article:modified_time\" content=\"2022-03-07T12:34:58+00:00\" \/>\n<meta property=\"og:image\" content=\"https:\/\/dev.autohome-official.com\/wp-content\/uploads\/2020\/11\/Hier-finden-Ou\u0300-sommes-nous-Sie-uns-location-dove-siamo-.jpg\" \/>\n\t<meta property=\"og:image:width\" content=\"800\" \/>\n\t<meta property=\"og:image:height\" content=\"533\" \/>\n\t<meta property=\"og:image:type\" content=\"image\/jpeg\" \/>\n<meta name=\"author\" content=\"Amministratore Autohome\" \/>\n<meta name=\"twitter:card\" content=\"summary\" \/>\n<meta name=\"twitter:label1\" content=\"Dur\u00e9e de lecture estim\u00e9e\" \/>\n\t<meta name=\"twitter:data1\" content=\"1 minute\" \/>\n<script type=\"application\/ld+json\" class=\"yoast-schema-graph\">{\"@context\":\"https:\/\/schema.org\",\"@graph\":[{\"@type\":\"Organization\",\"@id\":\"https:\/\/dev.autohome-official.com\/#organization\",\"name\":\"Autohome\",\"url\":\"https:\/\/dev.autohome-official.com\/\",\"sameAs\":[\"https:\/\/www.instagram.com\/autohome_official\/\",\"http:\/\/www.youtube.com\/user\/AutohomeOfficial\",\"https:\/\/www.facebook.com\/Autohome.Official.Page\"],\"logo\":{\"@type\":\"ImageObject\",\"inLanguage\":\"fr-FR\",\"@id\":\"https:\/\/dev.autohome-official.com\/#\/schema\/logo\/image\/\",\"url\":\"https:\/\/dev.autohome-official.com\/wp-content\/uploads\/2016\/10\/logo.png\",\"contentUrl\":\"https:\/\/dev.autohome-official.com\/wp-content\/uploads\/2016\/10\/logo.png\",\"width\":295,\"height\":80,\"caption\":\"Autohome\"},\"image\":{\"@id\":\"https:\/\/dev.autohome-official.com\/#\/schema\/logo\/image\/\"}},{\"@type\":\"WebSite\",\"@id\":\"https:\/\/dev.autohome-official.com\/#website\",\"url\":\"https:\/\/dev.autohome-official.com\/\",\"name\":\"Autohome\",\"description\":\"Tende da tetto - Dachzelte - Roof Top Tents - Tentes de Toit\",\"publisher\":{\"@id\":\"https:\/\/dev.autohome-official.com\/#organization\"},\"potentialAction\":[{\"@type\":\"SearchAction\",\"target\":{\"@type\":\"EntryPoint\",\"urlTemplate\":\"https:\/\/dev.autohome-official.com\/?s={search_term_string}\"},\"query-input\":\"required name=search_term_string\"}],\"inLanguage\":\"fr-FR\"},{\"@type\":\"ImageObject\",\"inLanguage\":\"fr-FR\",\"@id\":\"https:\/\/dev.autohome-official.com\/fr\/societe\/ou-sommes-nous\/#primaryimage\",\"url\":\"https:\/\/dev.autohome-official.com\/wp-content\/uploads\/2020\/11\/Hier-finden-Ou\u0300-sommes-nous-Sie-uns-location-dove-siamo-.jpg\",\"contentUrl\":\"https:\/\/dev.autohome-official.com\/wp-content\/uploads\/2020\/11\/Hier-finden-Ou\u0300-sommes-nous-Sie-uns-location-dove-siamo-.jpg\",\"width\":800,\"height\":533,\"caption\":\"Ou\u0300 sommes-nous\"},{\"@type\":\"WebPage\",\"@id\":\"https:\/\/dev.autohome-official.com\/fr\/societe\/ou-sommes-nous\/#webpage\",\"url\":\"https:\/\/dev.autohome-official.com\/fr\/societe\/ou-sommes-nous\/\",\"name\":\"O\u00f9 sommes-nous - Venez d\u00e9couvrir le tente de toit Autohome original\",\"isPartOf\":{\"@id\":\"https:\/\/dev.autohome-official.com\/#website\"},\"primaryImageOfPage\":{\"@id\":\"https:\/\/dev.autohome-official.com\/fr\/societe\/ou-sommes-nous\/#primaryimage\"},\"datePublished\":\"2016-09-19T13:57:21+00:00\",\"dateModified\":\"2022-03-07T12:34:58+00:00\",\"description\":\"O\u00f9 sommes-nous: venez d\u00e9couvrir o\u00f9, depuis 1958, nous r\u00e9alisons le innovant tente de toit de voiture, original et leader sur le march\u00e9.\",\"breadcrumb\":{\"@id\":\"https:\/\/dev.autohome-official.com\/fr\/societe\/ou-sommes-nous\/#breadcrumb\"},\"inLanguage\":\"fr-FR\",\"potentialAction\":[{\"@type\":\"ReadAction\",\"target\":[\"https:\/\/dev.autohome-official.com\/fr\/societe\/ou-sommes-nous\/\"]}]},{\"@type\":\"BreadcrumbList\",\"@id\":\"https:\/\/dev.autohome-official.com\/fr\/societe\/ou-sommes-nous\/#breadcrumb\",\"itemListElement\":[{\"@type\":\"ListItem\",\"position\":1,\"name\":\"Home\",\"item\":\"https:\/\/dev.autohome-official.com\/fr\/\"},{\"@type\":\"ListItem\",\"position\":2,\"name\":\"Soci\u00e9t\u00e9\",\"item\":\"https:\/\/dev.autohome-official.com\/fr\/societe\/\"},{\"@type\":\"ListItem\",\"position\":3,\"name\":\"O\u00f9 sommes-nous\"}]}]}<\/script>\n<!-- \/ Yoast SEO Premium plugin. -->","yoast_head_json":{"title":"O\u00f9 sommes-nous - Venez d\u00e9couvrir le tente de toit Autohome original","description":"O\u00f9 sommes-nous: venez d\u00e9couvrir o\u00f9, depuis 1958, nous r\u00e9alisons le innovant tente de toit de voiture, original et leader sur le march\u00e9.","robots":{"index":"noindex","follow":"follow","max-snippet":"max-snippet:-1","max-image-preview":"max-image-preview:large","max-video-preview":"max-video-preview:-1"},"og_locale":"fr_FR","og_type":"article","og_title":"O\u00f9 sommes-nous","og_description":"O\u00f9 sommes-nous: venez d\u00e9couvrir o\u00f9, depuis 1958, nous r\u00e9alisons le innovant tente de toit de voiture, original et leader sur le march\u00e9.","og_url":"https:\/\/dev.autohome-official.com\/fr\/societe\/ou-sommes-nous\/","og_site_name":"Autohome","article_publisher":"https:\/\/www.facebook.com\/Autohome.Official.Page","article_modified_time":"2022-03-07T12:34:58+00:00","og_image":[{"width":800,"height":533,"url":"https:\/\/dev.autohome-official.com\/wp-content\/uploads\/2020\/11\/Hier-finden-Ou\u0300-sommes-nous-Sie-uns-location-dove-siamo-.jpg","type":"image\/jpeg"}],"author":"Amministratore Autohome","twitter_card":"summary","twitter_misc":{"Dur\u00e9e de lecture estim\u00e9e":"1 minute"},"schema":{"@context":"https:\/\/schema.org","@graph":[{"@type":"Organization","@id":"https:\/\/dev.autohome-official.com\/#organization","name":"Autohome","url":"https:\/\/dev.autohome-official.com\/","sameAs":["https:\/\/www.instagram.com\/autohome_official\/","http:\/\/www.youtube.com\/user\/AutohomeOfficial","https:\/\/www.facebook.com\/Autohome.Official.Page"],"logo":{"@type":"ImageObject","inLanguage":"fr-FR","@id":"https:\/\/dev.autohome-official.com\/#\/schema\/logo\/image\/","url":"https:\/\/dev.autohome-official.com\/wp-content\/uploads\/2016\/10\/logo.png","contentUrl":"https:\/\/dev.autohome-official.com\/wp-content\/uploads\/2016\/10\/logo.png","width":295,"height":80,"caption":"Autohome"},"image":{"@id":"https:\/\/dev.autohome-official.com\/#\/schema\/logo\/image\/"}},{"@type":"WebSite","@id":"https:\/\/dev.autohome-official.com\/#website","url":"https:\/\/dev.autohome-official.com\/","name":"Autohome","description":"Tende da tetto - Dachzelte - Roof Top Tents - Tentes de Toit","publisher":{"@id":"https:\/\/dev.autohome-official.com\/#organization"},"potentialAction":[{"@type":"SearchAction","target":{"@type":"EntryPoint","urlTemplate":"https:\/\/dev.autohome-official.com\/?s={search_term_string}"},"query-input":"required name=search_term_string"}],"inLanguage":"fr-FR"},{"@type":"ImageObject","inLanguage":"fr-FR","@id":"https:\/\/dev.autohome-official.com\/fr\/societe\/ou-sommes-nous\/#primaryimage","url":"https:\/\/dev.autohome-official.com\/wp-content\/uploads\/2020\/11\/Hier-finden-Ou\u0300-sommes-nous-Sie-uns-location-dove-siamo-.jpg","contentUrl":"https:\/\/dev.autohome-official.com\/wp-content\/uploads\/2020\/11\/Hier-finden-Ou\u0300-sommes-nous-Sie-uns-location-dove-siamo-.jpg","width":800,"height":533,"caption":"Ou\u0300 sommes-nous"},{"@type":"WebPage","@id":"https:\/\/dev.autohome-official.com\/fr\/societe\/ou-sommes-nous\/#webpage","url":"https:\/\/dev.autohome-official.com\/fr\/societe\/ou-sommes-nous\/","name":"O\u00f9 sommes-nous - Venez d\u00e9couvrir le tente de toit Autohome original","isPartOf":{"@id":"https:\/\/dev.autohome-official.com\/#website"},"primaryImageOfPage":{"@id":"https:\/\/dev.autohome-official.com\/fr\/societe\/ou-sommes-nous\/#primaryimage"},"datePublished":"2016-09-19T13:57:21+00:00","dateModified":"2022-03-07T12:34:58+00:00","description":"O\u00f9 sommes-nous: venez d\u00e9couvrir o\u00f9, depuis 1958, nous r\u00e9alisons le innovant tente de toit de voiture, original et leader sur le march\u00e9.","breadcrumb":{"@id":"https:\/\/dev.autohome-official.com\/fr\/societe\/ou-sommes-nous\/#breadcrumb"},"inLanguage":"fr-FR","potentialAction":[{"@type":"ReadAction","target":["https:\/\/dev.autohome-official.com\/fr\/societe\/ou-sommes-nous\/"]}]},{"@type":"BreadcrumbList","@id":"https:\/\/dev.autohome-official.com\/fr\/societe\/ou-sommes-nous\/#breadcrumb","itemListElement":[{"@type":"ListItem","position":1,"name":"Home","item":"https:\/\/dev.autohome-official.com\/fr\/"},{"@type":"ListItem","position":2,"name":"Soci\u00e9t\u00e9","item":"https:\/\/dev.autohome-official.com\/fr\/societe\/"},{"@type":"ListItem","position":3,"name":"O\u00f9 sommes-nous"}]}]}},"_links":{"self":[{"href":"https:\/\/dev.autohome-official.com\/fr\/wp-json\/wp\/v2\/pages\/14361"}],"collection":[{"href":"https:\/\/dev.autohome-official.com\/fr\/wp-json\/wp\/v2\/pages"}],"about":[{"href":"https:\/\/dev.autohome-official.com\/fr\/wp-json\/wp\/v2\/types\/page"}],"author":[{"embeddable":true,"href":"https:\/\/dev.autohome-official.com\/fr\/wp-json\/wp\/v2\/users\/4"}],"replies":[{"embeddable":true,"href":"https:\/\/dev.autohome-official.com\/fr\/wp-json\/wp\/v2\/comments?post=14361"}],"version-history":[{"count":2,"href":"https:\/\/dev.autohome-official.com\/fr\/wp-json\/wp\/v2\/pages\/14361\/revisions"}],"predecessor-version":[{"id":62387,"href":"https:\/\/dev.autohome-official.com\/fr\/wp-json\/wp\/v2\/pages\/14361\/revisions\/62387"}],"up":[{"embeddable":true,"href":"https:\/\/dev.autohome-official.com\/fr\/wp-json\/wp\/v2\/pages\/13968"}],"wp:featuredmedia":[{"embeddable":true,"href":"https:\/\/dev.autohome-official.com\/fr\/wp-json\/wp\/v2\/media\/53081"}],"wp:attachment":[{"href":"https:\/\/dev.autohome-official.com\/fr\/wp-json\/wp\/v2\/media?parent=14361"}],"curies":[{"name":"wp","href":"https:\/\/api.w.org\/{rel}","templated":true}]}}