{"id":14282,"date":"2016-11-22T12:21:01","date_gmt":"2016-11-22T11:21:01","guid":{"rendered":"https:\/\/dev.autohome-official.com\/produits\/sintesi-gamma-columbus\/"},"modified":"2020-12-03T13:26:53","modified_gmt":"2020-12-03T12:26:53","slug":"synthese-gamme-columbus","status":"publish","type":"page","link":"https:\/\/dev.autohome-official.com\/fr\/produits\/synthese-gamme-columbus\/","title":{"rendered":"Synth\u00e8se gamma Columbus"},"content":{"rendered":"<p>[vc_row el_class=\u00a0\u00bbsubslider\u00a0\u00bb][vc_column][vc_custom_heading text=\u00a0\u00bbSYNTH\u00c8SE GAMME COLUMBUS\u00a0\u00bb font_container=\u00a0\u00bbtag:h1|text_align:left\u00a0\u00bb use_theme_fonts=\u00a0\u00bbyes\u00a0\u00bb][\/vc_column][\/vc_row][vc_row el_class=\u00a0\u00bbstory-skin-white\u00a0\u00bb][vc_column]<div class=\"breadcrumb-wrapper\"><ul class=\"breadcrumbs no-link\"><li><a href=\"https:\/\/dev.autohome-official.com\/fr\/\">Home<\/a> <span><i class=\"icon-right-open\"><\/i><\/span><\/li><li><a href=\"https:\/\/dev.autohome-official.com:443\/fr\/wp-json\/wp\/v2\/pages\/14282\/\"><\/a><\/li><\/ul><\/div>[\/vc_column][\/vc_row][vc_row el_class=\u00a0\u00bbstory-skin-white row-90&Prime;][vc_column][vc_raw_html]JTNDaDQlM0VDT0xVTUJVUyUzQSUyMExFUyUyMFRFTlRFUyUyMERFJTIwVE9JVCUyME9SSUdJTkFMRVMlM0MlMkZoNCUzRSUwQSUzQ3AlM0VMYSUyMHMlQzMlQTlyaWUlMjBDb2x1bWJ1cyUyMG9mZnJlJTIwMTQlMjBtb2QlQzMlQThsZXMlMjBkZSUyMHRlbnRlcyUyMGElMjBjb3F1ZSUyMGVudGklQzMlQThyZW1lbnQlMjByJUMzJUE5YWxpcyVDMyVBOWVzJTIwZW4lMjBmaWJyZSUyMGRlJTIwdmVycmUlMjBldCUyMHV0aWxpc2FudCUyMGxlcyUyMHBsdXMlMjBtJUMzJUE5dGljdWxldXNlcyUyMHRlY2huaXF1ZXMlMjBtYW51ZWxsZXMlMjBhZmluJTIwZGUlMjBnYXJhbnRpciUyMHVuJTIwcHJvZHVpdCUyMGRlJTIwZ3JhbmRlJTIwcXVhbGl0JUMzJUE5LiUyMExhJTIwQ29sdW1idXMlMjBwcm9wb3NlJTIwZGUlMjBkaWZmJUMzJUE5cmVudHMlMjBtb2QlQzMlQThsZXMlMkMlMjBkZSUyMG5vbWJyZXVzZXMlMjBkaW1lbnNpb25zJTJDJTIwdm9sdW1lcyUyQyUyMGNhcGFjaXQlQzMlQTlzJTIwaW50ZXJuZXMlMkMlMjBkb250JTIwY2VydGFpbnMlMjBxdWklMjBwZXJtZXR0ZW50JTIwZCUyN2Fqb3V0ZXIlMjBkZXMlMjBiYXJyZXMlMjBzdXBwbCVDMyVBOW1lbnRhaXJlcyUyMHN1ciUyMGxhJTIwY29xdWUlMjBhZmluJTIwZCUyN3klMjB0cmFuc3BvcnRlciUyMGRlcyUyMHBsYW5jaGVzJTIwZGUlMjBzdXJmJTJDJTIwZGVzJTIwa2F5YWslMjBldCUyMGF1dHJlcyUyMGFjY2Vzc29pcmVzLiUzQyUyRnAlM0UlMEElM0NwJTNFSWwlMjBleGlzdGUlMjB0cm9pcyUyMGxhcmdldXJzJTNBJTIwU21hbGwlMjBwb3VyJTIwMiUyMGFkdWx0ZXMlMkMlMjBNZWRpdW0lMjBwb3VyJTIwMiUyMGFkdWx0ZXMlMjBldCUyMDElMjBlbmZhbnQlMkMlMjBMYXJnZSUyMHBvdXIlMjAyJTIwYWR1bHRlcyUyMGV0JTIwMiUyMGVuZmFudHMuJTNDYnIlM0UlMEElQzMlODAlMjBsYSUyMGRlbWFuZGUlMkMlMjBzdXIlMjBsYSUyMHMlQzMlQTlyaWUlMjBDb2x1bWJ1cyUyMFZhcmlhbnQlMjBTbWFsbCUyMGV0JTIwTWVkaXVtJTJDJTIwbGVzJTIwbW9kJUMzJUE4bGVzJTIwcGV1dmVudCUyMCVDMyVBQXRyZSUyMHByb3BvcyVDMyVBOXMlMjBlbiUyMHZlcnNpb24lMjBwbHVzJTIwbG9uZ3VlJTNBJTIwWC1Mb25nJTIwJTI4TCUzRDIzMCUyMGNtJTI5LiUzQyUyRnAlM0UlMEElM0NwJTNFTCVFMiU4MCU5OW91dmVydHVyZSUyMGRlJTIwbGElMjBjb3F1ZSUyMHNlJTIwZmFpdCUyMGF1dG9tYXRpcXVlbWVudCUyMGdyJUMzJUEyY2UlMjAlQzMlQTAlMjAyJTIwcmVzc29ydHMlMjAlQzMlQTAlMjBnYXolMjBwYXJmYWl0ZW1lbnQlMjBpbnQlQzMlQTlnciVDMyVBOXMlMjBldCUyMGRpbWVuc2lvbm4lQzMlQTlzJTIwYWZpbiUyMGRlJTIwc3VwcG9ydGVyJTIwbiUyN2ltcG9ydGUlMjBxdWVsbGVzJTIwdGVtcCVDMyVBOXJhdHVyZXMlMjBtJUMzJUFBbWUlMjBleHRyJUMzJUFBbWVzLiUzQyUyRnAlM0U=[\/vc_raw_html][vc_empty_space height=\u00a0\u00bb20px\u00a0\u00bb][\/vc_column][\/vc_row][vc_row el_class=\u00a0\u00bbstory-skin-white row-90&Prime;][vc_column width=\u00a0\u00bb1\/3&Prime;][vc_row_inner][vc_column_inner width=\u00a0\u00bb1\/12&Prime;][\/vc_column_inner][vc_column_inner width=\u00a0\u00bb5\/6&Prime;][vc_btn title=\u00a0\u00bbCOLUMBUS\u00a0\u00bb style=\u00a0\u00bbflat\u00a0\u00bb shape=\u00a0\u00bbsquare\u00a0\u00bb color=\u00a0\u00bbdanger\u00a0\u00bb size=\u00a0\u00bblg\u00a0\u00bb align=\u00a0\u00bbleft\u00a0\u00bb button_block=\u00a0\u00bbtrue\u00a0\u00bb el_class=\u00a0\u00bbbutton-sintesi\u00a0\u00bb link=\u00a0\u00bburl:http%3A%2F%2Fdev.autohome-official.com%2Ffr%2Fprodotti%2Fsintesi-gamma-columbus%2Fcolumbus%2F|||\u00a0\u00bb][vc_raw_html]JTNDcCUzRSUwQSUzQ3N0cm9uZyUzRSUwQVNNQUxMJTJGTUVESVVNJTJGTEFSR0UlMjAlM0MlMkZiciUzRSUwQVNNQUxMJTIwWC1MT05HJTJGTUVESVVNJTIwWC1MT05HJTIwJTNDJTJGYnIlM0UlMEElM0MlMkZzdHJvbmclM0UlMEFTeXN0JUMzJUE4bWUlMjBkJTI3b3V2ZXJ0dXJlJTIwJUMzJUEwJTIwZ2F6JTNDJTJGYnIlM0UlMEFWb2x1bWUlMjBlbnYuJTJBJTNBJTIwJTNDJTJGYnIlM0UlMEFTbWFsbCUyMDE5NkwlMkMlMjBNZWRpdW0lMjAyMjBMJTJDJTIwTGFyZ2UlMjAyNjBMJTBBJTNDJTJGcCUzRQ==[\/vc_raw_html][\/vc_column_inner][vc_column_inner width=\u00a0\u00bb5\/6&Prime;][\/vc_column_inner][vc_column_inner width=\u00a0\u00bb1\/6&Prime;][\/vc_column_inner][\/vc_row_inner][\/vc_column][vc_column width=\u00a0\u00bb1\/3&Prime;][vc_row_inner][vc_column_inner width=\u00a0\u00bb1\/12&Prime;][\/vc_column_inner][vc_column_inner width=\u00a0\u00bb5\/6&Prime;][vc_btn title=\u00a0\u00bbCOLUMBUS VARIANT\u00a0\u00bb style=\u00a0\u00bbflat\u00a0\u00bb shape=\u00a0\u00bbsquare\u00a0\u00bb color=\u00a0\u00bbdanger\u00a0\u00bb size=\u00a0\u00bblg\u00a0\u00bb align=\u00a0\u00bbleft\u00a0\u00bb button_block=\u00a0\u00bbtrue\u00a0\u00bb el_class=\u00a0\u00bbbutton-sintesi\u00a0\u00bb link=\u00a0\u00bburl:http%3A%2F%2Fdev.autohome-official.com%2Ffr%2Fprodotti%2Fsintesi-gamma-columbus%2Fcolumbus-variant%2F|||\u00a0\u00bb][vc_raw_html]JTNDcCUzRSUwQSUzQ3N0cm9uZyUzRSUwQVNNQUxMJTJGTUVESVVNJTJGTEFSR0UlMjAlM0MlMkZiciUzRSUwQVNNQUxMJTIwLSUyMFgtTE9ORyUyRk1FRElVTSUyMFgtTE9ORyUyRlgtTEFSR0UlMjAlM0MlMkZiciUzRSUwQSUzQyUyRnN0cm9uZyUzRSUwQVN5c3QlQzMlQThtZSUyMGQlMjdvdXZlcnR1cmUlMjAlQzMlQTAlMjBnYXolM0MlMkZiciUzRSUwQVZvbHVtZSUyMGVudi4lMkElM0ElMjAlM0MlMkZiciUzRSUwQVNtYWxsJTIwMTk2TCUyQyUyME1lZGl1bSUyMDIyMEwlMkMlMjBMYXJnZSUyMDI2MEwlMkMlMjAlM0MlMkZiciUzRVgtTGFyZ2UlMjAyNjBMJTBBJTNDJTJGcCUzRQ==[\/vc_raw_html][\/vc_column_inner][vc_column_inner width=\u00a0\u00bb5\/6&Prime;][\/vc_column_inner][vc_column_inner width=\u00a0\u00bb1\/6&Prime;][\/vc_column_inner][\/vc_row_inner][\/vc_column][vc_column width=\u00a0\u00bb1\/3&Prime;][vc_row_inner][vc_column_inner width=\u00a0\u00bb1\/6&Prime;][\/vc_column_inner][vc_column_inner width=\u00a0\u00bb5\/6&Prime;][vc_btn title=\u00a0\u00bbCOLUMBUS CARBON FIBER\u00a0\u00bb style=\u00a0\u00bbflat\u00a0\u00bb shape=\u00a0\u00bbsquare\u00a0\u00bb color=\u00a0\u00bbdanger\u00a0\u00bb size=\u00a0\u00bblg\u00a0\u00bb align=\u00a0\u00bbleft\u00a0\u00bb button_block=\u00a0\u00bbtrue\u00a0\u00bb el_class=\u00a0\u00bbbutton-sintesi\u00a0\u00bb link=\u00a0\u00bburl:http%3A%2F%2Fdev.autohome-official.com%2Ffr%2Fprodotti%2Fsintesi-gamma-columbus%2Fcolumbus-carbon-fiber%2F|||\u00a0\u00bb][vc_raw_html]JTNDcCUzRSUwQSUzQ3N0cm9uZyUzRSUwQVNNQUxMJTJGTUVESVVNJTIwJTNDJTJGYnIlM0UlMjAlM0MlMkZzdHJvbmclM0UlMEElM0MlMkZiciUzRSUyMCUwQVN5c3QlQzMlQThtZSUyMGQlMjdvdXZlcnR1cmUlMjAlQzMlQTAlMjBnYXolM0MlMkZiciUzRSUwQVZvbHVtZSUyMGVudi4lMkElM0ElMjAlM0MlMkZiciUzRSUwQVNtYWxsJTIwMTk2JTIwTCUyQyUyME1lZGl1bSUyMDIyMCUyMEwlMEElM0MlMkZwJTNF[\/vc_raw_html][\/vc_column_inner][vc_column_inner width=\u00a0\u00bb1\/12&Prime;][\/vc_column_inner][vc_column_inner width=\u00a0\u00bb5\/6&Prime;][\/vc_column_inner][\/vc_row_inner][\/vc_column][vc_column][vc_raw_html]JTNDcCUzRSUyOCUyQSUyOSUyMFZhbGV1ciUyMGFwcHJveGltYXRpdmUlMjBpbmRpcXVhbnQlMkMlMjBhdmVjJTIwbCUyN2F1dmVudCUyMGZlcm0lQzMlQTklMkMlMjBsYSUyMGNhcGFjaXQlQzMlQTklMjB2b2x1bSVDMyVBOXRyaXF1ZSUyMGRlJTIwbGElMjBjb3F1ZSUyMHN1cCVDMyVBOXJpZXVyZSUyMHBvdXIlMjBhY2N1ZWlsbGlyJTIwZW4lMjBwbHVzJTIwZGUlMjBsJTI3ZXNzZW50aWVsJTIwZGUlMjBudWl0JTJDJTIwc2FjcyUyMGRlJTIwY291Y2hhZ2UlMjB2b2x1bWluZXV4JTJDJTIwY291dmVydHVyZXMlMkMlMjBiZWF1dCVDMyVBOSUyQyUyMHNhY3MlMjBkZSUyMHNwb3J0JTJDJTIwc2FjcyUyMGRlJTIwcGxhZ2UlMjBldCUyMCVDMyVBOXF1aXBlbWVudCUyMGRlJTIwdmFsZXVyLiUyMFRvdXQlMjBjb2ZmcmUtZm9ydCUyMCVDMyVBMCUyMGwlMjdhYnJpJTIwZHUlMjB0ZW1wcyUzQyUyRnAlM0U=[\/vc_raw_html][\/vc_column][\/vc_row]<\/p>\n","protected":false},"excerpt":{"rendered":"<p>[vc_row el_class=\u00a0\u00bbsubslider\u00a0\u00bb][vc_column][vc_custom_heading text=\u00a0\u00bbSYNTH\u00c8SE GAMME COLUMBUS\u00a0\u00bb font_container=\u00a0\u00bbtag:h1|text_align:left\u00a0\u00bb use_theme_fonts=\u00a0\u00bbyes\u00a0\u00bb][\/vc_column][\/vc_row][vc_row el_class=\u00a0\u00bbstory-skin-white\u00a0\u00bb][vc_column][\/vc_column][\/vc_row][vc_row el_class=\u00a0\u00bbstory-skin-white row-90&Prime;][vc_column][vc_raw_html]JTNDaDQlM0VDT0xVTUJVUyUzQSUyMExFUyUyMFRFTlRFUyUyMERFJTIwVE9JVCUyME9SSUdJTkFMRVMlM0MlMkZoNCUzRSUwQSUzQ3AlM0VMYSUyMHMlQzMlQTlyaWUlMjBDb2x1bWJ1cyUyMG9mZnJlJTIwMTQlMjBtb2QlQzMlQThsZXMlMjBkZSUyMHRlbnRlcyUyMGElMjBjb3F1ZSUyMGVudGklQzMlQThyZW1lbnQlMjByJUMzJUE5YWxpcyVDMyVBOWVzJTIwZW4lMjBmaWJyZSUyMGRlJTIwdmVycmUlMjBldCUyMHV0aWxpc2FudCUyMGxlcyUyMHBsdXMlMjBtJUMzJUE5dGljdWxldXNlcyUyMHRlY2huaXF1ZXMlMjBtYW51ZWxsZXMlMjBhZmluJTIwZGUlMjBnYXJhbnRpciUyMHVuJTIwcHJvZHVpdCUyMGRlJTIwZ3JhbmRlJTIwcXVhbGl0JUMzJUE5LiUyMExhJTIwQ29sdW1idXMlMjBwcm9wb3NlJTIwZGUlMjBkaWZmJUMzJUE5cmVudHMlMjBtb2QlQzMlQThsZXMlMkMlMjBkZSUyMG5vbWJyZXVzZXMlMjBkaW1lbnNpb25zJTJDJTIwdm9sdW1lcyUyQyUyMGNhcGFjaXQlQzMlQTlzJTIwaW50ZXJuZXMlMkMlMjBkb250JTIwY2VydGFpbnMlMjBxdWklMjBwZXJtZXR0ZW50JTIwZCUyN2Fqb3V0ZXIlMjBkZXMlMjBiYXJyZXMlMjBzdXBwbCVDMyVBOW1lbnRhaXJlcyUyMHN1ciUyMGxhJTIwY29xdWUlMjBhZmluJTIwZCUyN3klMjB0cmFuc3BvcnRlciUyMGRlcyUyMHBsYW5jaGVzJTIwZGUlMjBzdXJmJTJDJTIwZGVzJTIwa2F5YWslMjBldCUyMGF1dHJlcyUyMGFjY2Vzc29pcmVzLiUzQyUyRnAlM0UlMEElM0NwJTNFSWwlMjBleGlzdGUlMjB0cm9pcyUyMGxhcmdldXJzJTNBJTIwU21hbGwlMjBwb3VyJTIwMiUyMGFkdWx0ZXMlMkMlMjBNZWRpdW0lMjBwb3VyJTIwMiUyMGFkdWx0ZXMlMjBldCUyMDElMjBlbmZhbnQlMkMlMjBMYXJnZSUyMHBvdXIlMjAyJTIwYWR1bHRlcyUyMGV0JTIwMiUyMGVuZmFudHMuJTNDYnIlM0UlMEElQzMlODAlMjBsYSUyMGRlbWFuZGUlMkMlMjBzdXIlMjBsYSUyMHMlQzMlQTlyaWUlMjBDb2x1bWJ1cyUyMFZhcmlhbnQlMjBTbWFsbCUyMGV0JTIwTWVkaXVtJTJDJTIwbGVzJTIwbW9kJUMzJUE4bGVzJTIwcGV1dmVudCUyMCVDMyVBQXRyZSUyMHByb3BvcyVDMyVBOXMlMjBlbiUyMHZlcnNpb24lMjBwbHVzJTIwbG9uZ3VlJTNBJTIwWC1Mb25nJTIwJTI4TCUzRDIzMCUyMGNtJTI5LiUzQyUyRnAlM0UlMEElM0NwJTNFTCVFMiU4MCU5OW91dmVydHVyZSUyMGRlJTIwbGElMjBjb3F1ZSUyMHNlJTIwZmFpdCUyMGF1dG9tYXRpcXVlbWVudCUyMGdyJUMzJUEyY2UlMjAlQzMlQTAlMjAyJTIwcmVzc29ydHMlMjAlQzMlQTAlMjBnYXolMjBwYXJmYWl0ZW1lbnQlMjBpbnQlQzMlQTlnciVDMyVBOXMlMjBldCUyMGRpbWVuc2lvbm4lQzMlQTlzJTIwYWZpbiUyMGRlJTIwc3VwcG9ydGVyJTIwbiUyN2ltcG9ydGUlMjBxdWVsbGVzJTIwdGVtcCVDMyVBOXJhdHVyZXMlMjBtJUMzJUFBbWUlMjBleHRyJUMzJUFBbWVzLiUzQyUyRnAlM0U=[\/vc_raw_html][vc_empty_space height=\u00a0\u00bb20px\u00a0\u00bb][\/vc_column][\/vc_row][vc_row el_class=\u00a0\u00bbstory-skin-white row-90&Prime;][vc_column width=\u00a0\u00bb1\/3&Prime;][vc_row_inner][vc_column_inner width=\u00a0\u00bb1\/12&Prime;][\/vc_column_inner][vc_column_inner width=\u00a0\u00bb5\/6&Prime;][vc_btn title=\u00a0\u00bbCOLUMBUS\u00a0\u00bb style=\u00a0\u00bbflat\u00a0\u00bb shape=\u00a0\u00bbsquare\u00a0\u00bb color=\u00a0\u00bbdanger\u00a0\u00bb size=\u00a0\u00bblg\u00a0\u00bb align=\u00a0\u00bbleft\u00a0\u00bb button_block=\u00a0\u00bbtrue\u00a0\u00bb el_class=\u00a0\u00bbbutton-sintesi\u00a0\u00bb link=\u00a0\u00bburl:http%3A%2F%2Fdev.autohome-official.com%2Ffr%2Fprodotti%2Fsintesi-gamma-columbus%2Fcolumbus%2F|||\u00a0\u00bb][vc_raw_html]JTNDcCUzRSUwQSUzQ3N0cm9uZyUzRSUwQVNNQUxMJTJGTUVESVVNJTJGTEFSR0UlMjAlM0MlMkZiciUzRSUwQVNNQUxMJTIwWC1MT05HJTJGTUVESVVNJTIwWC1MT05HJTIwJTNDJTJGYnIlM0UlMEElM0MlMkZzdHJvbmclM0UlMEFTeXN0JUMzJUE4bWUlMjBkJTI3b3V2ZXJ0dXJlJTIwJUMzJUEwJTIwZ2F6JTNDJTJGYnIlM0UlMEFWb2x1bWUlMjBlbnYuJTJBJTNBJTIwJTNDJTJGYnIlM0UlMEFTbWFsbCUyMDE5NkwlMkMlMjBNZWRpdW0lMjAyMjBMJTJDJTIwTGFyZ2UlMjAyNjBMJTBBJTNDJTJGcCUzRQ==[\/vc_raw_html][\/vc_column_inner][vc_column_inner width=\u00a0\u00bb5\/6&Prime;][\/vc_column_inner][vc_column_inner<span class=\"excerpt-hellip\"> [\u2026]<\/span><\/p>\n","protected":false},"author":4,"featured_media":53649,"parent":14012,"menu_order":0,"comment_status":"closed","ping_status":"closed","template":"","meta":[],"yoast_head":"<!-- This site is optimized with the Yoast SEO Premium plugin v18.6 (Yoast SEO v19.2) - https:\/\/yoast.com\/wordpress\/plugins\/seo\/ -->\n<title>Tentes de toit de voiture Columbus<\/title>\n<meta name=\"description\" content=\"Vaste choix de tentes de toit de voiture de la ligne Columbus, fiables et r\u00e9sistantes, elles sont parfaites pour des voyages aventureux ou des vacances en camping, haute qualit\u00e9 certifi\u00e9e. D\u00e9couvrez tous les mod\u00e8les !\" \/>\n<meta name=\"robots\" content=\"noindex, follow, max-snippet:-1, max-image-preview:large, max-video-preview:-1\" \/>\n<meta property=\"og:locale\" content=\"fr_FR\" \/>\n<meta property=\"og:type\" content=\"article\" \/>\n<meta property=\"og:title\" content=\"Synth\u00e8se gamma Columbus\" \/>\n<meta property=\"og:description\" content=\"Vaste choix de tentes de toit de voiture de la ligne Columbus, fiables et r\u00e9sistantes, elles sont parfaites pour des voyages aventureux ou des vacances en camping, haute qualit\u00e9 certifi\u00e9e. D\u00e9couvrez tous les mod\u00e8les !\" \/>\n<meta property=\"og:url\" content=\"https:\/\/dev.autohome-official.com\/fr\/produits\/synthese-gamme-columbus\/\" \/>\n<meta property=\"og:site_name\" content=\"Autohome\" \/>\n<meta property=\"article:publisher\" content=\"https:\/\/www.facebook.com\/Autohome.Official.Page\" \/>\n<meta property=\"article:modified_time\" content=\"2020-12-03T12:26:53+00:00\" \/>\n<meta property=\"og:image\" content=\"https:\/\/dev.autohome-official.com\/wp-content\/uploads\/2021\/01\/Gamma-Columbus-Autohome.jpg\" \/>\n\t<meta property=\"og:image:width\" content=\"800\" \/>\n\t<meta property=\"og:image:height\" content=\"533\" \/>\n\t<meta property=\"og:image:type\" content=\"image\/jpeg\" \/>\n<meta name=\"author\" content=\"Amministratore Autohome\" \/>\n<meta name=\"twitter:card\" content=\"summary\" \/>\n<meta name=\"twitter:label1\" content=\"Dur\u00e9e de lecture estim\u00e9e\" \/>\n\t<meta name=\"twitter:data1\" content=\"3 minutes\" \/>\n<script type=\"application\/ld+json\" class=\"yoast-schema-graph\">{\"@context\":\"https:\/\/schema.org\",\"@graph\":[{\"@type\":\"Organization\",\"@id\":\"https:\/\/dev.autohome-official.com\/#organization\",\"name\":\"Autohome\",\"url\":\"https:\/\/dev.autohome-official.com\/\",\"sameAs\":[\"https:\/\/www.instagram.com\/autohome_official\/\",\"http:\/\/www.youtube.com\/user\/AutohomeOfficial\",\"https:\/\/www.facebook.com\/Autohome.Official.Page\"],\"logo\":{\"@type\":\"ImageObject\",\"inLanguage\":\"fr-FR\",\"@id\":\"https:\/\/dev.autohome-official.com\/#\/schema\/logo\/image\/\",\"url\":\"https:\/\/dev.autohome-official.com\/wp-content\/uploads\/2016\/10\/logo.png\",\"contentUrl\":\"https:\/\/dev.autohome-official.com\/wp-content\/uploads\/2016\/10\/logo.png\",\"width\":295,\"height\":80,\"caption\":\"Autohome\"},\"image\":{\"@id\":\"https:\/\/dev.autohome-official.com\/#\/schema\/logo\/image\/\"}},{\"@type\":\"WebSite\",\"@id\":\"https:\/\/dev.autohome-official.com\/#website\",\"url\":\"https:\/\/dev.autohome-official.com\/\",\"name\":\"Autohome\",\"description\":\"Tende da tetto - Dachzelte - Roof Top Tents - Tentes de Toit\",\"publisher\":{\"@id\":\"https:\/\/dev.autohome-official.com\/#organization\"},\"potentialAction\":[{\"@type\":\"SearchAction\",\"target\":{\"@type\":\"EntryPoint\",\"urlTemplate\":\"https:\/\/dev.autohome-official.com\/?s={search_term_string}\"},\"query-input\":\"required name=search_term_string\"}],\"inLanguage\":\"fr-FR\"},{\"@type\":\"ImageObject\",\"inLanguage\":\"fr-FR\",\"@id\":\"https:\/\/dev.autohome-official.com\/fr\/produits\/synthese-gamme-columbus\/#primaryimage\",\"url\":\"https:\/\/dev.autohome-official.com\/wp-content\/uploads\/2021\/01\/Gamma-Columbus-Autohome.jpg\",\"contentUrl\":\"https:\/\/dev.autohome-official.com\/wp-content\/uploads\/2021\/01\/Gamma-Columbus-Autohome.jpg\",\"width\":800,\"height\":533,\"caption\":\"Gamma Columbus Autohome\"},{\"@type\":\"WebPage\",\"@id\":\"https:\/\/dev.autohome-official.com\/fr\/produits\/synthese-gamme-columbus\/#webpage\",\"url\":\"https:\/\/dev.autohome-official.com\/fr\/produits\/synthese-gamme-columbus\/\",\"name\":\"Tentes de toit de voiture Columbus\",\"isPartOf\":{\"@id\":\"https:\/\/dev.autohome-official.com\/#website\"},\"primaryImageOfPage\":{\"@id\":\"https:\/\/dev.autohome-official.com\/fr\/produits\/synthese-gamme-columbus\/#primaryimage\"},\"datePublished\":\"2016-11-22T11:21:01+00:00\",\"dateModified\":\"2020-12-03T12:26:53+00:00\",\"description\":\"Vaste choix de tentes de toit de voiture de la ligne Columbus, fiables et r\u00e9sistantes, elles sont parfaites pour des voyages aventureux ou des vacances en camping, haute qualit\u00e9 certifi\u00e9e. D\u00e9couvrez tous les mod\u00e8les !\",\"breadcrumb\":{\"@id\":\"https:\/\/dev.autohome-official.com\/fr\/produits\/synthese-gamme-columbus\/#breadcrumb\"},\"inLanguage\":\"fr-FR\",\"potentialAction\":[{\"@type\":\"ReadAction\",\"target\":[\"https:\/\/dev.autohome-official.com\/fr\/produits\/synthese-gamme-columbus\/\"]}]},{\"@type\":\"BreadcrumbList\",\"@id\":\"https:\/\/dev.autohome-official.com\/fr\/produits\/synthese-gamme-columbus\/#breadcrumb\",\"itemListElement\":[{\"@type\":\"ListItem\",\"position\":1,\"name\":\"Home\",\"item\":\"https:\/\/dev.autohome-official.com\/fr\/\"},{\"@type\":\"ListItem\",\"position\":2,\"name\":\"Produits\",\"item\":\"https:\/\/dev.autohome-official.com\/fr\/produits\/\"},{\"@type\":\"ListItem\",\"position\":3,\"name\":\"Synth\u00e8se gamma Columbus\"}]}]}<\/script>\n<!-- \/ Yoast SEO Premium plugin. -->","yoast_head_json":{"title":"Tentes de toit de voiture Columbus","description":"Vaste choix de tentes de toit de voiture de la ligne Columbus, fiables et r\u00e9sistantes, elles sont parfaites pour des voyages aventureux ou des vacances en camping, haute qualit\u00e9 certifi\u00e9e. D\u00e9couvrez tous les mod\u00e8les !","robots":{"index":"noindex","follow":"follow","max-snippet":"max-snippet:-1","max-image-preview":"max-image-preview:large","max-video-preview":"max-video-preview:-1"},"og_locale":"fr_FR","og_type":"article","og_title":"Synth\u00e8se gamma Columbus","og_description":"Vaste choix de tentes de toit de voiture de la ligne Columbus, fiables et r\u00e9sistantes, elles sont parfaites pour des voyages aventureux ou des vacances en camping, haute qualit\u00e9 certifi\u00e9e. D\u00e9couvrez tous les mod\u00e8les !","og_url":"https:\/\/dev.autohome-official.com\/fr\/produits\/synthese-gamme-columbus\/","og_site_name":"Autohome","article_publisher":"https:\/\/www.facebook.com\/Autohome.Official.Page","article_modified_time":"2020-12-03T12:26:53+00:00","og_image":[{"width":800,"height":533,"url":"https:\/\/dev.autohome-official.com\/wp-content\/uploads\/2021\/01\/Gamma-Columbus-Autohome.jpg","type":"image\/jpeg"}],"author":"Amministratore Autohome","twitter_card":"summary","twitter_misc":{"Dur\u00e9e de lecture estim\u00e9e":"3 minutes"},"schema":{"@context":"https:\/\/schema.org","@graph":[{"@type":"Organization","@id":"https:\/\/dev.autohome-official.com\/#organization","name":"Autohome","url":"https:\/\/dev.autohome-official.com\/","sameAs":["https:\/\/www.instagram.com\/autohome_official\/","http:\/\/www.youtube.com\/user\/AutohomeOfficial","https:\/\/www.facebook.com\/Autohome.Official.Page"],"logo":{"@type":"ImageObject","inLanguage":"fr-FR","@id":"https:\/\/dev.autohome-official.com\/#\/schema\/logo\/image\/","url":"https:\/\/dev.autohome-official.com\/wp-content\/uploads\/2016\/10\/logo.png","contentUrl":"https:\/\/dev.autohome-official.com\/wp-content\/uploads\/2016\/10\/logo.png","width":295,"height":80,"caption":"Autohome"},"image":{"@id":"https:\/\/dev.autohome-official.com\/#\/schema\/logo\/image\/"}},{"@type":"WebSite","@id":"https:\/\/dev.autohome-official.com\/#website","url":"https:\/\/dev.autohome-official.com\/","name":"Autohome","description":"Tende da tetto - Dachzelte - Roof Top Tents - Tentes de Toit","publisher":{"@id":"https:\/\/dev.autohome-official.com\/#organization"},"potentialAction":[{"@type":"SearchAction","target":{"@type":"EntryPoint","urlTemplate":"https:\/\/dev.autohome-official.com\/?s={search_term_string}"},"query-input":"required name=search_term_string"}],"inLanguage":"fr-FR"},{"@type":"ImageObject","inLanguage":"fr-FR","@id":"https:\/\/dev.autohome-official.com\/fr\/produits\/synthese-gamme-columbus\/#primaryimage","url":"https:\/\/dev.autohome-official.com\/wp-content\/uploads\/2021\/01\/Gamma-Columbus-Autohome.jpg","contentUrl":"https:\/\/dev.autohome-official.com\/wp-content\/uploads\/2021\/01\/Gamma-Columbus-Autohome.jpg","width":800,"height":533,"caption":"Gamma Columbus Autohome"},{"@type":"WebPage","@id":"https:\/\/dev.autohome-official.com\/fr\/produits\/synthese-gamme-columbus\/#webpage","url":"https:\/\/dev.autohome-official.com\/fr\/produits\/synthese-gamme-columbus\/","name":"Tentes de toit de voiture Columbus","isPartOf":{"@id":"https:\/\/dev.autohome-official.com\/#website"},"primaryImageOfPage":{"@id":"https:\/\/dev.autohome-official.com\/fr\/produits\/synthese-gamme-columbus\/#primaryimage"},"datePublished":"2016-11-22T11:21:01+00:00","dateModified":"2020-12-03T12:26:53+00:00","description":"Vaste choix de tentes de toit de voiture de la ligne Columbus, fiables et r\u00e9sistantes, elles sont parfaites pour des voyages aventureux ou des vacances en camping, haute qualit\u00e9 certifi\u00e9e. D\u00e9couvrez tous les mod\u00e8les !","breadcrumb":{"@id":"https:\/\/dev.autohome-official.com\/fr\/produits\/synthese-gamme-columbus\/#breadcrumb"},"inLanguage":"fr-FR","potentialAction":[{"@type":"ReadAction","target":["https:\/\/dev.autohome-official.com\/fr\/produits\/synthese-gamme-columbus\/"]}]},{"@type":"BreadcrumbList","@id":"https:\/\/dev.autohome-official.com\/fr\/produits\/synthese-gamme-columbus\/#breadcrumb","itemListElement":[{"@type":"ListItem","position":1,"name":"Home","item":"https:\/\/dev.autohome-official.com\/fr\/"},{"@type":"ListItem","position":2,"name":"Produits","item":"https:\/\/dev.autohome-official.com\/fr\/produits\/"},{"@type":"ListItem","position":3,"name":"Synth\u00e8se gamma Columbus"}]}]}},"_links":{"self":[{"href":"https:\/\/dev.autohome-official.com\/fr\/wp-json\/wp\/v2\/pages\/14282"}],"collection":[{"href":"https:\/\/dev.autohome-official.com\/fr\/wp-json\/wp\/v2\/pages"}],"about":[{"href":"https:\/\/dev.autohome-official.com\/fr\/wp-json\/wp\/v2\/types\/page"}],"author":[{"embeddable":true,"href":"https:\/\/dev.autohome-official.com\/fr\/wp-json\/wp\/v2\/users\/4"}],"replies":[{"embeddable":true,"href":"https:\/\/dev.autohome-official.com\/fr\/wp-json\/wp\/v2\/comments?post=14282"}],"version-history":[{"count":0,"href":"https:\/\/dev.autohome-official.com\/fr\/wp-json\/wp\/v2\/pages\/14282\/revisions"}],"up":[{"embeddable":true,"href":"https:\/\/dev.autohome-official.com\/fr\/wp-json\/wp\/v2\/pages\/14012"}],"wp:featuredmedia":[{"embeddable":true,"href":"https:\/\/dev.autohome-official.com\/fr\/wp-json\/wp\/v2\/media\/53649"}],"wp:attachment":[{"href":"https:\/\/dev.autohome-official.com\/fr\/wp-json\/wp\/v2\/media?parent=14282"}],"curies":[{"name":"wp","href":"https:\/\/api.w.org\/{rel}","templated":true}]}}