{"id":13999,"date":"2016-11-07T10:18:59","date_gmt":"2016-11-07T09:18:59","guid":{"rendered":"https:\/\/dev.autohome-official.com\/societe\/world-best-seller\/"},"modified":"2022-01-19T14:51:56","modified_gmt":"2022-01-19T13:51:56","slug":"world-best-seller","status":"publish","type":"page","link":"https:\/\/dev.autohome-official.com\/fr\/societe\/world-best-seller\/","title":{"rendered":"World Best Seller"},"content":{"rendered":"<p>[vc_row full_width=\u00a0\u00bbstretch_row\u00a0\u00bb equal_height=\u00a0\u00bbyes\u00a0\u00bb el_class=\u00a0\u00bbmb0 story-skin-white\u00a0\u00bb][vc_column width=\u00a0\u00bb1\/3&Prime; offset=\u00a0\u00bbvc_hidden-sm vc_hidden-xs\u00a0\u00bb][vc_single_image image=\u00a0\u00bb54284&Prime; img_size=\u00a0\u00bbfull\u00a0\u00bb][\/vc_column][vc_column width=\u00a0\u00bb2\/3&Prime; offset=\u00a0\u00bbvc_hidden-sm vc_hidden-xs\u00a0\u00bb]<div class=\"breadcrumb-wrapper\"><ul class=\"breadcrumbs no-link\"><li><a href=\"https:\/\/dev.autohome-official.com\/fr\/\">Home<\/a> <span><i class=\"icon-right-open\"><\/i><\/span><\/li><li><a href=\"https:\/\/dev.autohome-official.com:443\/fr\/wp-json\/wp\/v2\/pages\/13999\/\"><\/a><\/li><\/ul><\/div>[vc_raw_html el_class=\u00a0\u00bbbtop ta-justify\u00a0\u00bb]JTNDaDElMjBzdHlsZSUzRCUyMmZvbnQtc2l6ZSUzQSUyMDUwcHglM0IlMjIlM0VVTiUyMEJFU1QlMjBTRUxMRVIlMjBEQU5TJTIwTEUlMjBNT05ERSUyMEVOVElFUiUzQyUyRmgxJTNFJTBBJTNDYnIlMjAlMkYlM0UlMEElM0NwJTNFRW4lMjBjaG9pc2lzc2FudCUyMHVuJTIwYXJ0aWNsZSUyMEF1dG9ob21lJTJDJTIwdm91cyUyMGFjYyVDMyVBOGRlcmV6JTIwJUMzJUEwJTIwdW5lJTIwdmFzdGUlMjBnYW1tZSUyMGRlJTIwcHJvZHVpdHMlMjB0ZXN0JUMzJUE5cyUyMGF1JTIwY291cnMlMjBkZSUyMHNvaXhhbnRlJTIwYW5uJUMzJUE5ZXMlMjBkJTI3ZXhwJUMzJUE5cmllbmNlJTIwZXQlMjBxdWklMjAlQzMlQTAlMjAlQzMlQTl0JUMzJUE5JTIwciVDMyVBOWNvbXBlbnMlQzMlQTllJTIwc2klMjBsJTI3b24lMjBlbiUyMGNyb2l0JTIwdW4lMjBzdWNjJUMzJUE4cyUyMHNhbnMlMjBwYXJlaWwlMjBhdSUyMG5pdmVhdSUyMGRlcyUyMHZlbnRlcy4lMjBUb3V0ZXMlMjBsZXMlMjB0ZW50ZXMlMjBkZSUyMHRvaXQlMjAlMjBvbnQlMjAlQzMlQTl0JUMzJUE5JTIwdGVzdCVDMyVBOWVzJTIwZGFucyUyMGxlcyUyMGNvbmRpdGlvbnMlMjBsZXMlMjBwbHVzJTIwZXh0ciVDMyVBQW1lcyUzQiUyMGR1JTIwZnJvaWQlMjBwb2xhaXJlJTIwYXUlMjBjbGltYXQlMjB0b3JyaWRlJTIwZHUlMjBkJUMzJUE5c2VydCUyQyUyMGRlcyUyMHRlbXAlQzMlQUF0ZXMlMjBkZSUyMHNhYmxlJTIwYXV4JTIwcGx1aWVzJTIwdHJvcGljYWxlcyUyMGRpbHV2aWVubmVzLiUyMExlcyUyMHRlbnRlcyUyMGRlJTIwdG9pdCUyMG9yaWdpbmFsZXMlMjBzb250JTIwZXhwb3J0JUMzJUE5ZXMlMjBkYW5zJTIwbGUlMjBtb25kZSUyMGVudGllciUyMGV0JTIwc29udCUyMGNvbnNpZCVDMyVBOXIlQzMlQTllcyUyMGNvbW1lJTIwZGVzJTIwcHJvZHVpdHMlMjB0ZWNobmlxdWVzJTIwJUMzJUEwJTIwcGFydCUyMGVudGklQzMlQThyZSUyQyUyMGF1JTIwc2VydmljZSUyMGRlcyUyMHZveWFnZXVycyUyMGV4cGVydHMlMjBldCUyMGV4aWdlYW50cy4lMjBJbCUyMHMlMjdhZ2l0JTIwZGUlMjB0ZW50ZXMlMjBkZSUyMHRvaXQlMjByJUMzJUE5c2lzdGFudGVzJTJDJTIwciVDMyVBOWFsaXMlQzMlQTllcyUyMGF2ZWMlMjBsZXMlMjBtZWlsbGV1cnMlMjBtYXQlQzMlQTlyaWF1eCUyMGNlJTIwcXVpJTIwZW4lMjBmYWl0JTIwZGVzJTIwdGVudGVzJTIwZGUlMjB0ciVDMyVBOHMlMjBncmFuZGUlMjBxdWFsaXQlQzMlQTkuJTNDJTJGcCUzRQ==[\/vc_raw_html][\/vc_column][\/vc_row][vc_row full_width=\u00a0\u00bbstretch_row\u00a0\u00bb equal_height=\u00a0\u00bbyes\u00a0\u00bb el_class=\u00a0\u00bbmb0 story-skin-white\u00a0\u00bb][vc_column width=\u00a0\u00bb2\/3&Prime; offset=\u00a0\u00bbvc_hidden-sm\u00a0\u00bb][vc_single_image image=\u00a0\u00bb530&Prime; img_size=\u00a0\u00bbfull\u00a0\u00bb][\/vc_column][vc_column width=\u00a0\u00bb1\/3&Prime; offset=\u00a0\u00bbvc_hidden-sm\u00a0\u00bb][vc_single_image image=\u00a0\u00bb534&Prime; img_size=\u00a0\u00bbfull\u00a0\u00bb][\/vc_column][\/vc_row][vc_row full_width=\u00a0\u00bbstretch_row\u00a0\u00bb equal_height=\u00a0\u00bbyes\u00a0\u00bb el_class=\u00a0\u00bbmb0 story-skin-white\u00a0\u00bb][vc_column width=\u00a0\u00bb1\/3&Prime; offset=\u00a0\u00bbvc_hidden-sm vc_hidden-xs\u00a0\u00bb][vc_raw_html]JTNDcCUzRUF1dG9ob21lJTIwbmUlMjBzZSUyMGxpbWl0ZSUyMHBhcyUyMCVDMyVBMCUyMCVDMyVBQXRyZSUyMHVuZSUyMG1hcnF1ZSUyMGRlJTIwc3VjYyVDMyVBOHMlMkMlMjBjJTI3ZXN0JTIwdW5lJTIwaWQlQzMlQTllJTIwcG91ciUyMHZpdnJlJTIwZW4lMjBwbGVpbiUyMGFpciUyMGRlJTIwZmElQzMlQTdvbiUyMHMlQzMlQkJyZSUyMGV0JTIwY29uZm9ydGFibGUuJTIwU3VyJTIwdW5lJTIwcGV0aXRlJTIwY2l0YWRpbmUlMjBwb3VyJTIwdW4lMjB0cmFucXVpbGxlJTIwd2Vlay1lbmQlMjBlbiUyMGZhbWlsbGUlMjBjb21tZSUyMHN1ciUyMHVuJTIwZ3JvcyUyMDR4NCUyMHBvdXIlMjBzZSUyMGxhbmNlciUyMGRhbnMlMjB1bmUlMjBhdmVudHVyZSUyMGF1eCUyMGNvbmZpbnMlMjBkZSUyMGwlMjdpbXBvc3NpYmxlLiUyMERhbnMlMjBub3RyZSUyMHRlbnRlJTIwZGUlMjB0b2l0JTIwcG91ciUyMGF1dG8lMkMlMjByaWVuJTIwbiUyN2ElMjAlQzMlQTl0JUMzJUE5JTIwbiVDMyVBOWdsaWclQzMlQTklM0ElMjB1bmUlMjBncmFuZGUlMjBxdWFsaXQlQzMlQTklMjBkZXMlMjB0aXNzdXMlMkMlMjBkZXMlMjByJUMzJUE5c2luZXMlMjBldCUyMGRlcyUyMG0lQzMlQTl0YXV4JTIwcXVpJTIwZ2FyYW50aXNzZW50JTIwdW4lMjBjb25mb3J0JTIwZXQlMjB1bmUlMjBzJUMzJUE5Y3VyaXQlQzMlQTklMjBzYW5zJTIwJUMzJUE5Z2FsLiUyMEF1dG9ob21lJTIwZXN0JTIwbGUlMjBudW0lQzMlQTlybyUyMHVuJTIwY29uY2VybmFudCUyMGxlcyUyMHByb2R1aXRzJTIwdmVuZHVzJTJDJTIwbGElMjBnYW1tZSUyMGQlMjdhcnRpY2xlcyUyMGV0JTIwbGElMjBkaXN0cmlidXRpb24lMjBpbnRlcm5hdGlvbmFsZS4lM0MlMkZwJTNF[\/vc_raw_html][\/vc_column][vc_column width=\u00a0\u00bb2\/3&Prime; offset=\u00a0\u00bbvc_hidden-sm vc_hidden-xs\u00a0\u00bb][vc_single_image image=\u00a0\u00bb55577&Prime; img_size=\u00a0\u00bbfull\u00a0\u00bb][\/vc_column][\/vc_row][vc_row full_width=\u00a0\u00bbstretch_row\u00a0\u00bb equal_height=\u00a0\u00bbyes\u00a0\u00bb el_class=\u00a0\u00bbmb0 story-skin-white\u00a0\u00bb][vc_column width=\u00a0\u00bb2\/3&Prime; offset=\u00a0\u00bbvc_hidden-sm vc_hidden-xs\u00a0\u00bb][vc_single_image image=\u00a0\u00bb55581&Prime; img_size=\u00a0\u00bbfull\u00a0\u00bb][\/vc_column][vc_column width=\u00a0\u00bb1\/3&Prime; offset=\u00a0\u00bbvc_hidden-sm vc_hidden-xs\u00a0\u00bb][vc_single_image image=\u00a0\u00bb55585&Prime; img_size=\u00a0\u00bbfull\u00a0\u00bb][\/vc_column][\/vc_row][vc_row full_width=\u00a0\u00bbstretch_row\u00a0\u00bb equal_height=\u00a0\u00bbyes\u00a0\u00bb el_class=\u00a0\u00bbmb0 story-skin-white\u00a0\u00bb][vc_column offset=\u00a0\u00bbvc_hidden-lg vc_hidden-md\u00a0\u00bb el_class=\u00a0\u00bbbtop ta-justify\u00a0\u00bb]<div class=\"breadcrumb-wrapper\"><ul class=\"breadcrumbs no-link\"><li><a href=\"https:\/\/dev.autohome-official.com\/fr\/\">Home<\/a> <span><i class=\"icon-right-open\"><\/i><\/span><\/li><li><a href=\"https:\/\/dev.autohome-official.com:443\/fr\/wp-json\/wp\/v2\/pages\/13999\/\"><\/a><\/li><\/ul><\/div>[vc_raw_html el_class=\u00a0\u00bbbtop ta-justify\u00a0\u00bb]JTNDaDElMjBzdHlsZSUzRCUyMmZvbnQtc2l6ZSUzQSUyMDUwcHglM0IlMjBtYXJnaW4tbGVmdCUzQSUyMDQwcHglM0IlMjBtYXJnaW4tcmlnaHQlM0ElMjA0MHB4JTNCJTIyJTNFVU4lMjBCRVNUJTIwU0VMTEVSJTIwREFOUyUyMExFJTIwTU9OREUlMjBFTlRJRVIlM0MlMkZoMSUzRSUwQSUzQ2JyJTIwJTJGJTNFJTBBJTNDcCUyMHN0eWxlJTNEJTIybWFyZ2luLWxlZnQlM0ElMjA0MHB4JTNCJTIwbWFyZ2luLXJpZ2h0JTNBJTIwNDBweCUzQiUyMiUzRUVuJTIwY2hvaXNpc3NhbnQlMjB1biUyMGFydGljbGUlMjBBdXRvaG9tZSUyQyUyMHZvdXMlMjBhY2MlQzMlQThkZXJleiUyMCVDMyVBMCUyMHVuZSUyMHZhc3RlJTIwZ2FtbWUlMjBkZSUyMHByb2R1aXRzJTIwdGVzdCVDMyVBOXMlMjBhdSUyMGNvdXJzJTIwZGUlMjBzb2l4YW50ZSUyMGFubiVDMyVBOWVzJTIwZCUyN2V4cCVDMyVBOXJpZW5jZSUyMGV0JTIwcXVpJTIwJUMzJUEwJTIwJUMzJUE5dCVDMyVBOSUyMHIlQzMlQTljb21wZW5zJUMzJUE5ZSUyMHNpJTIwbCUyN29uJTIwZW4lMjBjcm9pdCUyMHVuJTIwc3VjYyVDMyVBOHMlMjBzYW5zJTIwcGFyZWlsJTIwYXUlMjBuaXZlYXUlMjBkZXMlMjB2ZW50ZXMuJTIwVG91dGVzJTIwbGVzJTIwdGVudGVzJTIwZGUlMjB0b2l0JTIwJTIwb250JTIwJUMzJUE5dCVDMyVBOSUyMHRlc3QlQzMlQTllcyUyMGRhbnMlMjBsZXMlMjBjb25kaXRpb25zJTIwbGVzJTIwcGx1cyUyMGV4dHIlQzMlQUFtZXMlM0IlMjBkdSUyMGZyb2lkJTIwcG9sYWlyZSUyMGF1JTIwY2xpbWF0JTIwdG9ycmlkZSUyMGR1JTIwZCVDMyVBOXNlcnQlMkMlMjBkZXMlMjB0ZW1wJUMzJUFBdGVzJTIwZGUlMjBzYWJsZSUyMGF1eCUyMHBsdWllcyUyMHRyb3BpY2FsZXMlMjBkaWx1dmllbm5lcy4lMjBMZXMlMjB0ZW50ZXMlMjBkZSUyMHRvaXQlMjBvcmlnaW5hbGVzJTIwc29udCUyMGV4cG9ydCVDMyVBOWVzJTIwZGFucyUyMGxlJTIwbW9uZGUlMjBlbnRpZXIlMjBldCUyMHNvbnQlMjBjb25zaWQlQzMlQTlyJUMzJUE5ZXMlMjBjb21tZSUyMGRlcyUyMHByb2R1aXRzJTIwdGVjaG5pcXVlcyUyMCVDMyVBMCUyMHBhcnQlMjBlbnRpJUMzJUE4cmUlMkMlMjBhdSUyMHNlcnZpY2UlMjBkZXMlMjB2b3lhZ2V1cnMlMjBleHBlcnRzJTIwZXQlMjBleGlnZWFudHMuJTIwSWwlMjBzJTI3YWdpdCUyMGRlJTIwdGVudGVzJTIwZGUlMjB0b2l0JTIwciVDMyVBOXNpc3RhbnRlcyUyQyUyMHIlQzMlQTlhbGlzJUMzJUE5ZXMlMjBhdmVjJTIwbGVzJTIwbWVpbGxldXJzJTIwbWF0JUMzJUE5cmlhdXglMjBjZSUyMHF1aSUyMGVuJTIwZmFpdCUyMGRlcyUyMHRlbnRlcyUyMGRlJTIwdHIlQzMlQThzJTIwZ3JhbmRlJTIwcXVhbGl0JUMzJUE5LiUzQyUyRnAlM0U=[\/vc_raw_html][vc_empty_space][vc_row_inner][vc_column_inner width=\u00a0\u00bb1\/3&Prime;][vc_single_image image=\u00a0\u00bb54284&Prime; img_size=\u00a0\u00bbfull\u00a0\u00bb][\/vc_column_inner][vc_column_inner width=\u00a0\u00bb1\/3&Prime;][vc_single_image image=\u00a0\u00bb28123&Prime; img_size=\u00a0\u00bbfull\u00a0\u00bb][\/vc_column_inner][vc_column_inner width=\u00a0\u00bb1\/3&Prime;][vc_single_image image=\u00a0\u00bb534&Prime; img_size=\u00a0\u00bbfull\u00a0\u00bb][\/vc_column_inner][\/vc_row_inner][vc_empty_space][vc_row_inner][vc_column_inner][vc_raw_html el_class=\u00a0\u00bbbtop ta-justify\u00a0\u00bb]JTNDcCUyMHN0eWxlJTNEJTIybWFyZ2luLWxlZnQlM0ElMjA0MHB4JTNCJTIwbWFyZ2luLXJpZ2h0JTNBJTIwNDBweCUzQiUyMiUzRUF1dG9ob21lJTIwbmUlMjBzZSUyMGxpbWl0ZSUyMHBhcyUyMCVDMyVBMCUyMCVDMyVBQXRyZSUyMHVuZSUyMG1hcnF1ZSUyMGRlJTIwc3VjYyVDMyVBOHMlMkMlMjBjJTI3ZXN0JTIwdW5lJTIwaWQlQzMlQTllJTIwcG91ciUyMHZpdnJlJTIwZW4lMjBwbGVpbiUyMGFpciUyMGRlJTIwZmElQzMlQTdvbiUyMHMlQzMlQkJyZSUyMGV0JTIwY29uZm9ydGFibGUuJTIwU3VyJTIwdW5lJTIwcGV0aXRlJTIwY2l0YWRpbmUlMjBwb3VyJTIwdW4lMjB0cmFucXVpbGxlJTIwd2Vlay1lbmQlMjBlbiUyMGZhbWlsbGUlMjBjb21tZSUyMHN1ciUyMHVuJTIwZ3JvcyUyMDR4NCUyMHBvdXIlMjBzZSUyMGxhbmNlciUyMGRhbnMlMjB1bmUlMjBhdmVudHVyZSUyMGF1eCUyMGNvbmZpbnMlMjBkZSUyMGwlMjdpbXBvc3NpYmxlLiUyMERhbnMlMjBub3RyZSUyMHRlbnRlJTIwZGUlMjB0b2l0JTIwcG91ciUyMGF1dG8lMkMlMjByaWVuJTIwbiUyN2ElMjAlQzMlQTl0JUMzJUE5JTIwbiVDMyVBOWdsaWclQzMlQTklM0ElMjB1bmUlMjBncmFuZGUlMjBxdWFsaXQlQzMlQTklMjBkZXMlMjB0aXNzdXMlMkMlMjBkZXMlMjByJUMzJUE5c2luZXMlMjBldCUyMGRlcyUyMG0lQzMlQTl0YXV4JTIwcXVpJTIwZ2FyYW50aXNzZW50JTIwdW4lMjBjb25mb3J0JTIwZXQlMjB1bmUlMjBzJUMzJUE5Y3VyaXQlQzMlQTklMjBzYW5zJTIwJUMzJUE5Z2FsLiUyMEF1dG9ob21lJTIwZXN0JTIwbGUlMjBudW0lQzMlQTlybyUyMHVuJTIwY29uY2VybmFudCUyMGxlcyUyMHByb2R1aXRzJTIwdmVuZHVzJTJDJTIwbGElMjBnYW1tZSUyMGQlMjdhcnRpY2xlcyUyMGV0JTIwbGElMjBkaXN0cmlidXRpb24lMjBpbnRlcm5hdGlvbmFsZS4lM0MlMkZwJTNF[\/vc_raw_html][\/vc_column_inner][\/vc_row_inner][vc_empty_space][vc_row_inner equal_height=\u00a0\u00bbyes\u00a0\u00bb][vc_column_inner][vc_single_image image=\u00a0\u00bb55581&Prime; img_size=\u00a0\u00bb1280 x 450&Prime;][\/vc_column_inner][\/vc_row_inner][\/vc_column][\/vc_row]<\/p>\n","protected":false},"excerpt":{"rendered":"<p>[vc_row full_width=\u00a0\u00bbstretch_row\u00a0\u00bb equal_height=\u00a0\u00bbyes\u00a0\u00bb el_class=\u00a0\u00bbmb0 story-skin-white\u00a0\u00bb][vc_column width=\u00a0\u00bb1\/3&Prime; offset=\u00a0\u00bbvc_hidden-sm vc_hidden-xs\u00a0\u00bb][vc_single_image image=\u00a0\u00bb54284&Prime; img_size=\u00a0\u00bbfull\u00a0\u00bb][\/vc_column][vc_column width=\u00a0\u00bb2\/3&Prime; offset=\u00a0\u00bbvc_hidden-sm vc_hidden-xs\u00a0\u00bb][vc_raw_html el_class=\u00a0\u00bbbtop ta-justify\u00a0\u00bb]JTNDaDElMjBzdHlsZSUzRCUyMmZvbnQtc2l6ZSUzQSUyMDUwcHglM0IlMjIlM0VVTiUyMEJFU1QlMjBTRUxMRVIlMjBEQU5TJTIwTEUlMjBNT05ERSUyMEVOVElFUiUzQyUyRmgxJTNFJTBBJTNDYnIlMjAlMkYlM0UlMEElM0NwJTNFRW4lMjBjaG9pc2lzc2FudCUyMHVuJTIwYXJ0aWNsZSUyMEF1dG9ob21lJTJDJTIwdm91cyUyMGFjYyVDMyVBOGRlcmV6JTIwJUMzJUEwJTIwdW5lJTIwdmFzdGUlMjBnYW1tZSUyMGRlJTIwcHJvZHVpdHMlMjB0ZXN0JUMzJUE5cyUyMGF1JTIwY291cnMlMjBkZSUyMHNvaXhhbnRlJTIwYW5uJUMzJUE5ZXMlMjBkJTI3ZXhwJUMzJUE5cmllbmNlJTIwZXQlMjBxdWklMjAlQzMlQTAlMjAlQzMlQTl0JUMzJUE5JTIwciVDMyVBOWNvbXBlbnMlQzMlQTllJTIwc2klMjBsJTI3b24lMjBlbiUyMGNyb2l0JTIwdW4lMjBzdWNjJUMzJUE4cyUyMHNhbnMlMjBwYXJlaWwlMjBhdSUyMG5pdmVhdSUyMGRlcyUyMHZlbnRlcy4lMjBUb3V0ZXMlMjBsZXMlMjB0ZW50ZXMlMjBkZSUyMHRvaXQlMjAlMjBvbnQlMjAlQzMlQTl0JUMzJUE5JTIwdGVzdCVDMyVBOWVzJTIwZGFucyUyMGxlcyUyMGNvbmRpdGlvbnMlMjBsZXMlMjBwbHVzJTIwZXh0ciVDMyVBQW1lcyUzQiUyMGR1JTIwZnJvaWQlMjBwb2xhaXJlJTIwYXUlMjBjbGltYXQlMjB0b3JyaWRlJTIwZHUlMjBkJUMzJUE5c2VydCUyQyUyMGRlcyUyMHRlbXAlQzMlQUF0ZXMlMjBkZSUyMHNhYmxlJTIwYXV4JTIwcGx1aWVzJTIwdHJvcGljYWxlcyUyMGRpbHV2aWVubmVzLiUyMExlcyUyMHRlbnRlcyUyMGRlJTIwdG9pdCUyMG9yaWdpbmFsZXMlMjBzb250JTIwZXhwb3J0JUMzJUE5ZXMlMjBkYW5zJTIwbGUlMjBtb25kZSUyMGVudGllciUyMGV0JTIwc29udCUyMGNvbnNpZCVDMyVBOXIlQzMlQTllcyUyMGNvbW1lJTIwZGVzJTIwcHJvZHVpdHMlMjB0ZWNobmlxdWVzJTIwJUMzJUEwJTIwcGFydCUyMGVudGklQzMlQThyZSUyQyUyMGF1JTIwc2VydmljZSUyMGRlcyUyMHZveWFnZXVycyUyMGV4cGVydHMlMjBldCUyMGV4aWdlYW50cy4lMjBJbCUyMHMlMjdhZ2l0JTIwZGUlMjB0ZW50ZXMlMjBkZSUyMHRvaXQlMjByJUMzJUE5c2lzdGFudGVzJTJDJTIwciVDMyVBOWFsaXMlQzMlQTllcyUyMGF2ZWMlMjBsZXMlMjBtZWlsbGV1cnMlMjBtYXQlQzMlQTlyaWF1eCUyMGNlJTIwcXVpJTIwZW4lMjBmYWl0JTIwZGVzJTIwdGVudGVzJTIwZGUlMjB0ciVDMyVBOHMlMjBncmFuZGUlMjBxdWFsaXQlQzMlQTkuJTNDJTJGcCUzRQ==[\/vc_raw_html][\/vc_column][\/vc_row][vc_row full_width=\u00a0\u00bbstretch_row\u00a0\u00bb equal_height=\u00a0\u00bbyes\u00a0\u00bb el_class=\u00a0\u00bbmb0 story-skin-white\u00a0\u00bb][vc_column width=\u00a0\u00bb2\/3&Prime; offset=\u00a0\u00bbvc_hidden-sm\u00a0\u00bb][vc_single_image image=\u00a0\u00bb530&Prime; img_size=\u00a0\u00bbfull\u00a0\u00bb][\/vc_column][vc_column width=\u00a0\u00bb1\/3&Prime; offset=\u00a0\u00bbvc_hidden-sm\u00a0\u00bb][vc_single_image image=\u00a0\u00bb534&Prime;<span class=\"excerpt-hellip\"> [\u2026]<\/span><\/p>\n","protected":false},"author":4,"featured_media":53091,"parent":13968,"menu_order":0,"comment_status":"closed","ping_status":"closed","template":"template-azienda.php","meta":[],"yoast_head":"<!-- This site is optimized with the Yoast SEO Premium plugin v18.6 (Yoast SEO v19.2) - https:\/\/yoast.com\/wordpress\/plugins\/seo\/ -->\n<title>World Best Seller | Le meilleures tentes de toit de voitures au monde<\/title>\n<meta name=\"description\" content=\"World Best Seller | Tentes de toit de voitures fabriqu\u00e9es en Italie. Autohome est leader sur le march\u00e9 en termes de ventes et de qualit\u00e9.\" \/>\n<meta name=\"robots\" content=\"noindex, follow, max-snippet:-1, max-image-preview:large, max-video-preview:-1\" \/>\n<meta property=\"og:locale\" content=\"fr_FR\" \/>\n<meta property=\"og:type\" content=\"article\" \/>\n<meta property=\"og:title\" content=\"World Best Seller\" \/>\n<meta property=\"og:description\" content=\"World Best Seller | Tentes de toit de voitures fabriqu\u00e9es en Italie. Autohome est leader sur le march\u00e9 en termes de ventes et de qualit\u00e9.\" \/>\n<meta property=\"og:url\" content=\"https:\/\/dev.autohome-official.com\/fr\/societe\/world-best-seller\/\" \/>\n<meta property=\"og:site_name\" content=\"Autohome\" \/>\n<meta property=\"article:publisher\" content=\"https:\/\/www.facebook.com\/Autohome.Official.Page\" \/>\n<meta property=\"article:modified_time\" content=\"2022-01-19T13:51:56+00:00\" \/>\n<meta property=\"og:image\" content=\"https:\/\/dev.autohome-official.com\/wp-content\/uploads\/2020\/11\/autohome-World-Best-Seller.jpg\" \/>\n\t<meta property=\"og:image:width\" content=\"800\" \/>\n\t<meta property=\"og:image:height\" content=\"533\" \/>\n\t<meta property=\"og:image:type\" content=\"image\/jpeg\" \/>\n<meta name=\"author\" content=\"Amministratore Autohome\" \/>\n<meta name=\"twitter:card\" content=\"summary\" \/>\n<meta name=\"twitter:label1\" content=\"Dur\u00e9e de lecture estim\u00e9e\" \/>\n\t<meta name=\"twitter:data1\" content=\"4 minutes\" \/>\n<script type=\"application\/ld+json\" class=\"yoast-schema-graph\">{\"@context\":\"https:\/\/schema.org\",\"@graph\":[{\"@type\":\"Organization\",\"@id\":\"https:\/\/dev.autohome-official.com\/#organization\",\"name\":\"Autohome\",\"url\":\"https:\/\/dev.autohome-official.com\/\",\"sameAs\":[\"https:\/\/www.instagram.com\/autohome_official\/\",\"http:\/\/www.youtube.com\/user\/AutohomeOfficial\",\"https:\/\/www.facebook.com\/Autohome.Official.Page\"],\"logo\":{\"@type\":\"ImageObject\",\"inLanguage\":\"fr-FR\",\"@id\":\"https:\/\/dev.autohome-official.com\/#\/schema\/logo\/image\/\",\"url\":\"https:\/\/dev.autohome-official.com\/wp-content\/uploads\/2016\/10\/logo.png\",\"contentUrl\":\"https:\/\/dev.autohome-official.com\/wp-content\/uploads\/2016\/10\/logo.png\",\"width\":295,\"height\":80,\"caption\":\"Autohome\"},\"image\":{\"@id\":\"https:\/\/dev.autohome-official.com\/#\/schema\/logo\/image\/\"}},{\"@type\":\"WebSite\",\"@id\":\"https:\/\/dev.autohome-official.com\/#website\",\"url\":\"https:\/\/dev.autohome-official.com\/\",\"name\":\"Autohome\",\"description\":\"Tende da tetto - Dachzelte - Roof Top Tents - Tentes de Toit\",\"publisher\":{\"@id\":\"https:\/\/dev.autohome-official.com\/#organization\"},\"potentialAction\":[{\"@type\":\"SearchAction\",\"target\":{\"@type\":\"EntryPoint\",\"urlTemplate\":\"https:\/\/dev.autohome-official.com\/?s={search_term_string}\"},\"query-input\":\"required name=search_term_string\"}],\"inLanguage\":\"fr-FR\"},{\"@type\":\"ImageObject\",\"inLanguage\":\"fr-FR\",\"@id\":\"https:\/\/dev.autohome-official.com\/fr\/societe\/world-best-seller\/#primaryimage\",\"url\":\"https:\/\/dev.autohome-official.com\/wp-content\/uploads\/2020\/11\/autohome-World-Best-Seller.jpg\",\"contentUrl\":\"https:\/\/dev.autohome-official.com\/wp-content\/uploads\/2020\/11\/autohome-World-Best-Seller.jpg\",\"width\":800,\"height\":533,\"caption\":\"autohome World Best Seller\"},{\"@type\":\"WebPage\",\"@id\":\"https:\/\/dev.autohome-official.com\/fr\/societe\/world-best-seller\/#webpage\",\"url\":\"https:\/\/dev.autohome-official.com\/fr\/societe\/world-best-seller\/\",\"name\":\"World Best Seller | Le meilleures tentes de toit de voitures au monde\",\"isPartOf\":{\"@id\":\"https:\/\/dev.autohome-official.com\/#website\"},\"primaryImageOfPage\":{\"@id\":\"https:\/\/dev.autohome-official.com\/fr\/societe\/world-best-seller\/#primaryimage\"},\"datePublished\":\"2016-11-07T09:18:59+00:00\",\"dateModified\":\"2022-01-19T13:51:56+00:00\",\"description\":\"World Best Seller | Tentes de toit de voitures fabriqu\u00e9es en Italie. Autohome est leader sur le march\u00e9 en termes de ventes et de qualit\u00e9.\",\"breadcrumb\":{\"@id\":\"https:\/\/dev.autohome-official.com\/fr\/societe\/world-best-seller\/#breadcrumb\"},\"inLanguage\":\"fr-FR\",\"potentialAction\":[{\"@type\":\"ReadAction\",\"target\":[\"https:\/\/dev.autohome-official.com\/fr\/societe\/world-best-seller\/\"]}]},{\"@type\":\"BreadcrumbList\",\"@id\":\"https:\/\/dev.autohome-official.com\/fr\/societe\/world-best-seller\/#breadcrumb\",\"itemListElement\":[{\"@type\":\"ListItem\",\"position\":1,\"name\":\"Home\",\"item\":\"https:\/\/dev.autohome-official.com\/fr\/\"},{\"@type\":\"ListItem\",\"position\":2,\"name\":\"Soci\u00e9t\u00e9\",\"item\":\"https:\/\/dev.autohome-official.com\/fr\/societe\/\"},{\"@type\":\"ListItem\",\"position\":3,\"name\":\"World Best Seller\"}]}]}<\/script>\n<!-- \/ Yoast SEO Premium plugin. -->","yoast_head_json":{"title":"World Best Seller | Le meilleures tentes de toit de voitures au monde","description":"World Best Seller | Tentes de toit de voitures fabriqu\u00e9es en Italie. Autohome est leader sur le march\u00e9 en termes de ventes et de qualit\u00e9.","robots":{"index":"noindex","follow":"follow","max-snippet":"max-snippet:-1","max-image-preview":"max-image-preview:large","max-video-preview":"max-video-preview:-1"},"og_locale":"fr_FR","og_type":"article","og_title":"World Best Seller","og_description":"World Best Seller | Tentes de toit de voitures fabriqu\u00e9es en Italie. Autohome est leader sur le march\u00e9 en termes de ventes et de qualit\u00e9.","og_url":"https:\/\/dev.autohome-official.com\/fr\/societe\/world-best-seller\/","og_site_name":"Autohome","article_publisher":"https:\/\/www.facebook.com\/Autohome.Official.Page","article_modified_time":"2022-01-19T13:51:56+00:00","og_image":[{"width":800,"height":533,"url":"https:\/\/dev.autohome-official.com\/wp-content\/uploads\/2020\/11\/autohome-World-Best-Seller.jpg","type":"image\/jpeg"}],"author":"Amministratore Autohome","twitter_card":"summary","twitter_misc":{"Dur\u00e9e de lecture estim\u00e9e":"4 minutes"},"schema":{"@context":"https:\/\/schema.org","@graph":[{"@type":"Organization","@id":"https:\/\/dev.autohome-official.com\/#organization","name":"Autohome","url":"https:\/\/dev.autohome-official.com\/","sameAs":["https:\/\/www.instagram.com\/autohome_official\/","http:\/\/www.youtube.com\/user\/AutohomeOfficial","https:\/\/www.facebook.com\/Autohome.Official.Page"],"logo":{"@type":"ImageObject","inLanguage":"fr-FR","@id":"https:\/\/dev.autohome-official.com\/#\/schema\/logo\/image\/","url":"https:\/\/dev.autohome-official.com\/wp-content\/uploads\/2016\/10\/logo.png","contentUrl":"https:\/\/dev.autohome-official.com\/wp-content\/uploads\/2016\/10\/logo.png","width":295,"height":80,"caption":"Autohome"},"image":{"@id":"https:\/\/dev.autohome-official.com\/#\/schema\/logo\/image\/"}},{"@type":"WebSite","@id":"https:\/\/dev.autohome-official.com\/#website","url":"https:\/\/dev.autohome-official.com\/","name":"Autohome","description":"Tende da tetto - Dachzelte - Roof Top Tents - Tentes de Toit","publisher":{"@id":"https:\/\/dev.autohome-official.com\/#organization"},"potentialAction":[{"@type":"SearchAction","target":{"@type":"EntryPoint","urlTemplate":"https:\/\/dev.autohome-official.com\/?s={search_term_string}"},"query-input":"required name=search_term_string"}],"inLanguage":"fr-FR"},{"@type":"ImageObject","inLanguage":"fr-FR","@id":"https:\/\/dev.autohome-official.com\/fr\/societe\/world-best-seller\/#primaryimage","url":"https:\/\/dev.autohome-official.com\/wp-content\/uploads\/2020\/11\/autohome-World-Best-Seller.jpg","contentUrl":"https:\/\/dev.autohome-official.com\/wp-content\/uploads\/2020\/11\/autohome-World-Best-Seller.jpg","width":800,"height":533,"caption":"autohome World Best Seller"},{"@type":"WebPage","@id":"https:\/\/dev.autohome-official.com\/fr\/societe\/world-best-seller\/#webpage","url":"https:\/\/dev.autohome-official.com\/fr\/societe\/world-best-seller\/","name":"World Best Seller | Le meilleures tentes de toit de voitures au monde","isPartOf":{"@id":"https:\/\/dev.autohome-official.com\/#website"},"primaryImageOfPage":{"@id":"https:\/\/dev.autohome-official.com\/fr\/societe\/world-best-seller\/#primaryimage"},"datePublished":"2016-11-07T09:18:59+00:00","dateModified":"2022-01-19T13:51:56+00:00","description":"World Best Seller | Tentes de toit de voitures fabriqu\u00e9es en Italie. Autohome est leader sur le march\u00e9 en termes de ventes et de qualit\u00e9.","breadcrumb":{"@id":"https:\/\/dev.autohome-official.com\/fr\/societe\/world-best-seller\/#breadcrumb"},"inLanguage":"fr-FR","potentialAction":[{"@type":"ReadAction","target":["https:\/\/dev.autohome-official.com\/fr\/societe\/world-best-seller\/"]}]},{"@type":"BreadcrumbList","@id":"https:\/\/dev.autohome-official.com\/fr\/societe\/world-best-seller\/#breadcrumb","itemListElement":[{"@type":"ListItem","position":1,"name":"Home","item":"https:\/\/dev.autohome-official.com\/fr\/"},{"@type":"ListItem","position":2,"name":"Soci\u00e9t\u00e9","item":"https:\/\/dev.autohome-official.com\/fr\/societe\/"},{"@type":"ListItem","position":3,"name":"World Best Seller"}]}]}},"_links":{"self":[{"href":"https:\/\/dev.autohome-official.com\/fr\/wp-json\/wp\/v2\/pages\/13999"}],"collection":[{"href":"https:\/\/dev.autohome-official.com\/fr\/wp-json\/wp\/v2\/pages"}],"about":[{"href":"https:\/\/dev.autohome-official.com\/fr\/wp-json\/wp\/v2\/types\/page"}],"author":[{"embeddable":true,"href":"https:\/\/dev.autohome-official.com\/fr\/wp-json\/wp\/v2\/users\/4"}],"replies":[{"embeddable":true,"href":"https:\/\/dev.autohome-official.com\/fr\/wp-json\/wp\/v2\/comments?post=13999"}],"version-history":[{"count":2,"href":"https:\/\/dev.autohome-official.com\/fr\/wp-json\/wp\/v2\/pages\/13999\/revisions"}],"predecessor-version":[{"id":61099,"href":"https:\/\/dev.autohome-official.com\/fr\/wp-json\/wp\/v2\/pages\/13999\/revisions\/61099"}],"up":[{"embeddable":true,"href":"https:\/\/dev.autohome-official.com\/fr\/wp-json\/wp\/v2\/pages\/13968"}],"wp:featuredmedia":[{"embeddable":true,"href":"https:\/\/dev.autohome-official.com\/fr\/wp-json\/wp\/v2\/media\/53091"}],"wp:attachment":[{"href":"https:\/\/dev.autohome-official.com\/fr\/wp-json\/wp\/v2\/media?parent=13999"}],"curies":[{"name":"wp","href":"https:\/\/api.w.org\/{rel}","templated":true}]}}