{"id":62537,"date":"2022-03-14T15:12:05","date_gmt":"2022-03-14T14:12:05","guid":{"rendered":"https:\/\/dev.autohome-official.com\/perche-autohome\/mechanical-safety-tents\/"},"modified":"2022-03-15T09:13:15","modified_gmt":"2022-03-15T08:13:15","slug":"mechanical-safety-tents","status":"publish","type":"page","link":"https:\/\/dev.autohome-official.com\/de\/perche-autohome\/mechanical-safety-tents\/","title":{"rendered":"Mechanical Safety &#8211; Tents"},"content":{"rendered":"<p>[vc_row][vc_column offset=&#8220;vc_hidden-lg vc_hidden-md vc_hidden-sm&#8220;][vc_empty_space height=&#8220;0px&#8220;][\/vc_column][\/vc_row][vc_row][vc_column offset=&#8220;vc_hidden-lg vc_hidden-md vc_hidden-xs&#8220;][vc_empty_space height=&#8220;0px&#8220;][\/vc_column][\/vc_row][vc_row][vc_column][vc_empty_space height=&#8220;&#8220;]<div class=\"breadcrumb-wrapper\"><ul class=\"breadcrumbs no-link\"><li><a href=\"https:\/\/dev.autohome-official.com\/de\/\">Startseite<\/a> <span><i class=\"icon-right-open\"><\/i><\/span><\/li><li><a href=\"https:\/\/dev.autohome-official.com:443\/de\/wp-json\/wp\/v2\/pages\/62537\/\"><\/a><\/li><\/ul><\/div>[vc_raw_html el_class=&#8220;story-skin-white mobileNoPadding&#8220; css=&#8220;.vc_custom_1647331670246{margin-bottom: 0px !important;padding-right: 5% !important;padding-left: 5% !important;}&#8220;]JTNDcCUzRU1pdCUyMGdybyVDMyU5RmVyJTIwWnVmcmllZGVuZWl0JTIwdGVpbGVuJTIwd2lyJTIwSWhuZW4lMjBtaXQlMkMlMjBkYXNzJTIwQXV0b2hvbWUlQzIlQUUlMjBkaWUlMjBmb2xnZW5kZW4lMjB2b24lMjBkZXIlMjBBdXRvbW9iaWxpbmR1c3RyaWUlMjBnZWZvcmRlcnRlbiUyMFByJUMzJUJDZnVuZ2VuJTJDJTIwZGllJTIwdm9uJTIwZGVyJTIwZGVyJTIwenVzdCVDMyVBNG5kaWdlbiUyMFN0ZWxsZSUyMFQlQzMlOUNWJTIwUyVDMyU5Q0QlMjBkdXJjaGdlZiVDMyVCQ2hydCUyMHd1cmRlbiUyQyUyMGVyZm9sZ3JlaWNoJTIwYmVzdGFuZGVuJTIwaGF0LiUzQyUyRnAlM0U=[\/vc_raw_html][\/vc_column][\/vc_row][vc_row equal_height=&#8220;yes&#8220; el_class=&#8220;story-skin-white mobileNoPadding&#8220; css=&#8220;.vc_custom_1646383768662{padding-right: 5% !important;padding-left: 5% !important;}&#8220;][vc_column offset=&#8220;vc_hidden-xs&#8220;][vc_single_image image=&#8220;62459&#8243; img_size=&#8220;full&#8220; css=&#8220;.vc_custom_1647330749758{margin-bottom: 25px !important;}&#8220;][\/vc_column][\/vc_row][vc_row full_width=&#8220;stretch_row&#8220; equal_height=&#8220;yes&#8220; el_class=&#8220;story-skin-white mobileNoPadding&#8220; css=&#8220;.vc_custom_1646382933589{padding-right: 5% !important;padding-left: 5% !important;}&#8220;][vc_column offset=&#8220;vc_hidden-lg vc_hidden-md vc_hidden-sm&#8220;][vc_single_image image=&#8220;62483&#8243; img_size=&#8220;full&#8220;][\/vc_column][\/vc_row][vc_row equal_height=&#8220;yes&#8220; el_class=&#8220;story-skin-white mobileNoPadding&#8220; css=&#8220;.vc_custom_1646384799674{padding-right: 5% !important;padding-left: 5% !important;}&#8220;][vc_column][vc_raw_html css=&#8220;.vc_custom_1647331691292{margin-bottom: 20px !important;}&#8220;]JTNDaDIlM0VQUiVDMyU5Q0ZVTkdFTiUyMEFNJTIwREFDSFpFTFQlMjBCRVolQzMlOUNHTElDSCUyME1FQ0hBTklTQ0hFUiUyMFNJQ0hFUkhFSVQlM0MlMkZoMiUzRSUwQSUzQ3AlM0VGb3JtdWxhciUzQSUyMElUQV9GXzA5LjAxRSUzQ2JyJTJGJTNFVEVTVEJFUklDSFQlMjBOci4lMjBNRVMxODMwNzYyQTAxVFIlM0MlMkZwJTNFJTBB[\/vc_raw_html][vc_raw_html css=&#8220;.vc_custom_1647331701488{margin-bottom: 0px !important;}&#8220;]JTNDaDQlM0VEVVJBQklMSVRZJTIwVEVTVCUzQyUyRmg0JTNFJTBBJTNDaDMlM0VQUiVDMyU5Q0ZVTkclMjBERVIlMjBIQUxUQkFSS0VJVCUzQSUyMCVDMyU5NkZGTkVOJTJDJTIwU0NITElFJUMzJTlGRU4lMjBVTkQlMjBSRUklQzMlOUZWRVJTQ0hMVVNTJTIwJTI4MzAwJTIwTUFMJTI5JTNDJTJGaDMlM0U=[\/vc_raw_html][\/vc_column][\/vc_row][vc_row][vc_column offset=&#8220;vc_hidden-xs&#8220;][vc_single_image image=&#8220;62501&#8243; img_size=&#8220;full&#8220; alignment=&#8220;center&#8220;][\/vc_column][\/vc_row][vc_row][vc_column offset=&#8220;vc_hidden-lg vc_hidden-md vc_hidden-sm&#8220;][vc_single_image image=&#8220;62525&#8243; img_size=&#8220;full&#8220; alignment=&#8220;center&#8220;][vc_single_image image=&#8220;62529&#8243; img_size=&#8220;full&#8220;][vc_single_image image=&#8220;62513&#8243; img_size=&#8220;full&#8220;][\/vc_column][\/vc_row][vc_row css=&#8220;.vc_custom_1646229943605{padding-right: 5% !important;padding-left: 5% !important;}&#8220;][vc_column][vc_column_text]Der Test besteht darin, das Zelt in 300 Zyklen zu entriegeln, zu \u00f6ffnen, zu schlie\u00dfen und zu verriegeln.<\/p>\n<p>Das Entriegeln, \u04e6ffnen, Schlie\u00dfen und Verriegeln des Zeltes + Rei\u00dfverschluss werden als 1 Zyklus betrachtet.<\/p>\n<p>Der Test wurde von einem Pr\u00fcfer durchgef\u00fchrt, der die erforderlichen 300 Zyklen manuell absolvierte.<\/p>\n<p>Der Test wurde mit einem positiven Ergebnis durchgef\u00fchrt, am Ende des Tests wurden keine Sch\u00e4den oder Br\u00fcche festgestellt, die Fehlfunktionen des Produkts verursachen k\u00f6nnten<\/p>\n<p>Pr\u00fcfungsergebnis: <strong>BESTANDEN<\/strong>[\/vc_column_text][vc_separator][\/vc_column][\/vc_row][vc_row el_class=&#8220;story-skin-white mobileNoPadding&#8220; css=&#8220;.vc_custom_1646229958375{padding-right: 5% !important;padding-left: 5% !important;}&#8220;][vc_column][vc_raw_html css=&#8220;.vc_custom_1647331730397{margin-bottom: 0px !important;}&#8220;]JTNDaDQlM0VWRVJUSUNBTCUyMFRFU1QlM0MlMkZoNCUzRSUwQSUzQ2gzJTNFU1RVUlpURVNUJTIwVk9NJTIwQVVUT0RBQ0glMjAlM0MlMkZoMyUzRQ==[\/vc_raw_html][\/vc_column][\/vc_row][vc_row css=&#8220;.vc_custom_1646229967953{padding-right: 5% !important;padding-left: 5% !important;}&#8220;][vc_column offset=&#8220;vc_hidden-xs&#8220;][vc_single_image image=&#8220;62505&#8243; img_size=&#8220;full&#8220; alignment=&#8220;center&#8220;][vc_column_text]<strong>Der Test wurde aus einer H\u00f6he von 1500 mm durchgef\u00fchrt. Zwei Aufschl\u00e4ge wurden verzeichnet:<\/strong><\/p>\n<p>&#8211; Einer auf der L\u00e4ngsseite<\/p>\n<p>&#8211; Einer auf der kurzen Seite<\/p>\n<p>Am Ende des Aufpralls wurde ein Schaden an der Aufschlagstelle festgestellt und das Produkt ist leicht verformt.<br \/>\nDie Funktionen, f\u00fcr die das Produkt hergestellt wurde, blieben jedoch beibehalten.<\/p>\n<p>Pr\u00fcfungsergebnis: <strong>BESTANDEN<\/strong>[\/vc_column_text][vc_separator][\/vc_column][\/vc_row][vc_row css=&#8220;.vc_custom_1646229967953{padding-right: 5% !important;padding-left: 5% !important;}&#8220;][vc_column offset=&#8220;vc_hidden-lg vc_hidden-md vc_hidden-sm&#8220;][vc_single_image image=&#8220;62517&#8243; img_size=&#8220;full&#8220; alignment=&#8220;center&#8220;][vc_column_text]<strong>Der Test wurde aus einer H\u00f6he von 1500 mm durchgef\u00fchrt. Zwei Aufschl\u00e4ge wurden verzeichnet:<\/strong><\/p>\n<p>&#8211; Einer auf der L\u00e4ngsseite<\/p>\n<p>&#8211; Einer auf der kurzen Seite<\/p>\n<p>Am Ende des Aufpralls wurde ein Schaden an der Aufschlagstelle festgestellt und das Produkt ist leicht verformt.<br \/>\nDie Funktionen, f\u00fcr die das Produkt hergestellt wurde, blieben jedoch beibehalten.<\/p>\n<p>Pr\u00fcfungsergebnis: <strong>BESTANDEN<\/strong>[\/vc_column_text][vc_separator][\/vc_column][\/vc_row][vc_row el_class=&#8220;story-skin-white mobileNoPadding&#8220; css=&#8220;.vc_custom_1646229980145{padding-right: 5% !important;padding-left: 5% !important;}&#8220;][vc_column][vc_raw_html css=&#8220;.vc_custom_1647331953082{margin-bottom: 0px !important;}&#8220;]JTNDaDQlM0VBU1NFTUJMWSUyMERVUkFUSU9OJTIwVEVTVCUzQyUyRmg0JTNFJTBBJTNDaDMlM0VQUiVDMyU5Q0ZVTkclMjBERVIlMjBNT05UQUdFREFVRVIlM0MlMkZoMyUzRQ==[\/vc_raw_html][\/vc_column][\/vc_row][vc_row][vc_column offset=&#8220;vc_hidden-xs&#8220;][vc_single_image image=&#8220;62509&#8243; img_size=&#8220;full&#8220; alignment=&#8220;center&#8220;][\/vc_column][\/vc_row][vc_row][vc_column offset=&#8220;vc_hidden-lg vc_hidden-md vc_hidden-sm&#8220;][vc_single_image image=&#8220;62521&#8243; img_size=&#8220;full&#8220; alignment=&#8220;center&#8220;][\/vc_column][\/vc_row][vc_row css=&#8220;.vc_custom_1646229987556{padding-right: 5% !important;padding-left: 5% !important;}&#8220;][vc_column][vc_column_text]Der Test besteht in der Durchf\u00fchrung des Auf- und Abbaus des Zeltes auf den Dachgep\u00e4cktr\u00e4gergestellen gem\u00e4\u00df der Montageanleitung.<\/p>\n<p>Der Test muss 50 Mal durchgef\u00fchrt werden.<\/p>\n<p>Wir haben eine leichte Verformung der Klemme festgestellt.<\/p>\n<p>Pr\u00fcfungsergebnis: <strong>BESTANDEN<\/strong>[\/vc_column_text][\/vc_column][\/vc_row][vc_row][vc_column][\/vc_column][\/vc_row]<\/p>\n","protected":false},"excerpt":{"rendered":"<p>[vc_row][vc_column offset=&#8220;vc_hidden-lg vc_hidden-md vc_hidden-sm&#8220;][vc_empty_space height=&#8220;0px&#8220;][\/vc_column][\/vc_row][vc_row][vc_column offset=&#8220;vc_hidden-lg vc_hidden-md vc_hidden-xs&#8220;][vc_empty_space height=&#8220;0px&#8220;][\/vc_column][\/vc_row][vc_row][vc_column][vc_empty_space height=&#8220;&#8220;][vc_raw_html el_class=&#8220;story-skin-white mobileNoPadding&#8220; css=&#8220;.vc_custom_1647331670246{margin-bottom: 0px !important;padding-right: 5% !important;padding-left: 5% !important;}&#8220;]JTNDcCUzRU1pdCUyMGdybyVDMyU5RmVyJTIwWnVmcmllZGVuZWl0JTIwdGVpbGVuJTIwd2lyJTIwSWhuZW4lMjBtaXQlMkMlMjBkYXNzJTIwQXV0b2hvbWUlQzIlQUUlMjBkaWUlMjBmb2xnZW5kZW4lMjB2b24lMjBkZXIlMjBBdXRvbW9iaWxpbmR1c3RyaWUlMjBnZWZvcmRlcnRlbiUyMFByJUMzJUJDZnVuZ2VuJTJDJTIwZGllJTIwdm9uJTIwZGVyJTIwZGVyJTIwenVzdCVDMyVBNG5kaWdlbiUyMFN0ZWxsZSUyMFQlQzMlOUNWJTIwUyVDMyU5Q0QlMjBkdXJjaGdlZiVDMyVCQ2hydCUyMHd1cmRlbiUyQyUyMGVyZm9sZ3JlaWNoJTIwYmVzdGFuZGVuJTIwaGF0LiUzQyUyRnAlM0U=[\/vc_raw_html][\/vc_column][\/vc_row][vc_row equal_height=&#8220;yes&#8220; el_class=&#8220;story-skin-white mobileNoPadding&#8220; css=&#8220;.vc_custom_1646383768662{padding-right: 5% !important;padding-left: 5%<span class=\"excerpt-hellip\"> [\u2026]<\/span><\/p>\n","protected":false},"author":4,"featured_media":0,"parent":62449,"menu_order":0,"comment_status":"closed","ping_status":"closed","template":"","meta":[],"yoast_head":"<!-- This site is optimized with the Yoast SEO Premium plugin v18.6 (Yoast SEO v19.2) - https:\/\/yoast.com\/wordpress\/plugins\/seo\/ -->\n<title>Mechanical Safety - Tents - Autohome<\/title>\n<meta name=\"robots\" content=\"noindex, follow, max-snippet:-1, max-image-preview:large, max-video-preview:-1\" \/>\n<meta property=\"og:locale\" content=\"de_DE\" \/>\n<meta property=\"og:type\" content=\"article\" \/>\n<meta property=\"og:title\" content=\"Mechanical Safety - Tents\" \/>\n<meta property=\"og:description\" content=\"[vc_row][vc_column offset=&#8220;vc_hidden-lg vc_hidden-md vc_hidden-sm&#8220;][vc_empty_space height=&#8220;0px&#8220;][\/vc_column][\/vc_row][vc_row][vc_column offset=&#8220;vc_hidden-lg vc_hidden-md vc_hidden-xs&#8220;][vc_empty_space height=&#8220;0px&#8220;][\/vc_column][\/vc_row][vc_row][vc_column][vc_empty_space height=&#8220;&#8220;][vc_raw_html el_class=&#8220;story-skin-white mobileNoPadding&#8220; css=&#8220;.vc_custom_1647331670246{margin-bottom: 0px !important;padding-right: 5% !important;padding-left: 5% !important;}&#8220;]JTNDcCUzRU1pdCUyMGdybyVDMyU5RmVyJTIwWnVmcmllZGVuZWl0JTIwdGVpbGVuJTIwd2lyJTIwSWhuZW4lMjBtaXQlMkMlMjBkYXNzJTIwQXV0b2hvbWUlQzIlQUUlMjBkaWUlMjBmb2xnZW5kZW4lMjB2b24lMjBkZXIlMjBBdXRvbW9iaWxpbmR1c3RyaWUlMjBnZWZvcmRlcnRlbiUyMFByJUMzJUJDZnVuZ2VuJTJDJTIwZGllJTIwdm9uJTIwZGVyJTIwZGVyJTIwenVzdCVDMyVBNG5kaWdlbiUyMFN0ZWxsZSUyMFQlQzMlOUNWJTIwUyVDMyU5Q0QlMjBkdXJjaGdlZiVDMyVCQ2hydCUyMHd1cmRlbiUyQyUyMGVyZm9sZ3JlaWNoJTIwYmVzdGFuZGVuJTIwaGF0LiUzQyUyRnAlM0U=[\/vc_raw_html][\/vc_column][\/vc_row][vc_row equal_height=&#8220;yes&#8220; el_class=&#8220;story-skin-white mobileNoPadding&#8220; css=&#8220;.vc_custom_1646383768662{padding-right: 5% !important;padding-left: 5% [\u2026]\" \/>\n<meta property=\"og:url\" content=\"https:\/\/dev.autohome-official.com\/de\/perche-autohome\/mechanical-safety-tents\/\" \/>\n<meta property=\"og:site_name\" content=\"Autohome\" \/>\n<meta property=\"article:publisher\" content=\"https:\/\/www.facebook.com\/Autohome.Official.Page\" \/>\n<meta property=\"article:modified_time\" content=\"2022-03-15T08:13:15+00:00\" \/>\n<meta name=\"author\" content=\"Amministratore Autohome\" \/>\n<meta name=\"twitter:card\" content=\"summary\" \/>\n<meta name=\"twitter:label1\" content=\"Gesch\u00e4tzte Lesezeit\" \/>\n\t<meta name=\"twitter:data1\" content=\"2 Minuten\" \/>\n<script type=\"application\/ld+json\" class=\"yoast-schema-graph\">{\"@context\":\"https:\/\/schema.org\",\"@graph\":[{\"@type\":\"Organization\",\"@id\":\"https:\/\/dev.autohome-official.com\/#organization\",\"name\":\"Autohome\",\"url\":\"https:\/\/dev.autohome-official.com\/\",\"sameAs\":[\"https:\/\/www.instagram.com\/autohome_official\/\",\"http:\/\/www.youtube.com\/user\/AutohomeOfficial\",\"https:\/\/www.facebook.com\/Autohome.Official.Page\"],\"logo\":{\"@type\":\"ImageObject\",\"inLanguage\":\"de-DE\",\"@id\":\"https:\/\/dev.autohome-official.com\/#\/schema\/logo\/image\/\",\"url\":\"https:\/\/dev.autohome-official.com\/wp-content\/uploads\/2016\/10\/logo.png\",\"contentUrl\":\"https:\/\/dev.autohome-official.com\/wp-content\/uploads\/2016\/10\/logo.png\",\"width\":295,\"height\":80,\"caption\":\"Autohome\"},\"image\":{\"@id\":\"https:\/\/dev.autohome-official.com\/#\/schema\/logo\/image\/\"}},{\"@type\":\"WebSite\",\"@id\":\"https:\/\/dev.autohome-official.com\/#website\",\"url\":\"https:\/\/dev.autohome-official.com\/\",\"name\":\"Autohome\",\"description\":\"dachzelt  - roof top tents Made in Italy\",\"publisher\":{\"@id\":\"https:\/\/dev.autohome-official.com\/#organization\"},\"potentialAction\":[{\"@type\":\"SearchAction\",\"target\":{\"@type\":\"EntryPoint\",\"urlTemplate\":\"https:\/\/dev.autohome-official.com\/?s={search_term_string}\"},\"query-input\":\"required name=search_term_string\"}],\"inLanguage\":\"de-DE\"},{\"@type\":\"WebPage\",\"@id\":\"https:\/\/dev.autohome-official.com\/de\/perche-autohome\/mechanical-safety-tents\/#webpage\",\"url\":\"https:\/\/dev.autohome-official.com\/de\/perche-autohome\/mechanical-safety-tents\/\",\"name\":\"Mechanical Safety - Tents - Autohome\",\"isPartOf\":{\"@id\":\"https:\/\/dev.autohome-official.com\/#website\"},\"datePublished\":\"2022-03-14T14:12:05+00:00\",\"dateModified\":\"2022-03-15T08:13:15+00:00\",\"breadcrumb\":{\"@id\":\"https:\/\/dev.autohome-official.com\/de\/perche-autohome\/mechanical-safety-tents\/#breadcrumb\"},\"inLanguage\":\"de-DE\",\"potentialAction\":[{\"@type\":\"ReadAction\",\"target\":[\"https:\/\/dev.autohome-official.com\/de\/perche-autohome\/mechanical-safety-tents\/\"]}]},{\"@type\":\"BreadcrumbList\",\"@id\":\"https:\/\/dev.autohome-official.com\/de\/perche-autohome\/mechanical-safety-tents\/#breadcrumb\",\"itemListElement\":[{\"@type\":\"ListItem\",\"position\":1,\"name\":\"Home\",\"item\":\"https:\/\/dev.autohome-official.com\/de\/\"},{\"@type\":\"ListItem\",\"position\":2,\"name\":\"Warum Autohome\",\"item\":\"https:\/\/dev.autohome-official.com\/de\/perche-autohome\/\"},{\"@type\":\"ListItem\",\"position\":3,\"name\":\"Mechanical Safety &#8211; Tents\"}]}]}<\/script>\n<!-- \/ Yoast SEO Premium plugin. -->","yoast_head_json":{"title":"Mechanical Safety - Tents - Autohome","robots":{"index":"noindex","follow":"follow","max-snippet":"max-snippet:-1","max-image-preview":"max-image-preview:large","max-video-preview":"max-video-preview:-1"},"og_locale":"de_DE","og_type":"article","og_title":"Mechanical Safety - Tents","og_description":"[vc_row][vc_column offset=&#8220;vc_hidden-lg vc_hidden-md vc_hidden-sm&#8220;][vc_empty_space height=&#8220;0px&#8220;][\/vc_column][\/vc_row][vc_row][vc_column offset=&#8220;vc_hidden-lg vc_hidden-md vc_hidden-xs&#8220;][vc_empty_space height=&#8220;0px&#8220;][\/vc_column][\/vc_row][vc_row][vc_column][vc_empty_space height=&#8220;&#8220;][vc_raw_html el_class=&#8220;story-skin-white mobileNoPadding&#8220; css=&#8220;.vc_custom_1647331670246{margin-bottom: 0px !important;padding-right: 5% !important;padding-left: 5% !important;}&#8220;]JTNDcCUzRU1pdCUyMGdybyVDMyU5RmVyJTIwWnVmcmllZGVuZWl0JTIwdGVpbGVuJTIwd2lyJTIwSWhuZW4lMjBtaXQlMkMlMjBkYXNzJTIwQXV0b2hvbWUlQzIlQUUlMjBkaWUlMjBmb2xnZW5kZW4lMjB2b24lMjBkZXIlMjBBdXRvbW9iaWxpbmR1c3RyaWUlMjBnZWZvcmRlcnRlbiUyMFByJUMzJUJDZnVuZ2VuJTJDJTIwZGllJTIwdm9uJTIwZGVyJTIwZGVyJTIwenVzdCVDMyVBNG5kaWdlbiUyMFN0ZWxsZSUyMFQlQzMlOUNWJTIwUyVDMyU5Q0QlMjBkdXJjaGdlZiVDMyVCQ2hydCUyMHd1cmRlbiUyQyUyMGVyZm9sZ3JlaWNoJTIwYmVzdGFuZGVuJTIwaGF0LiUzQyUyRnAlM0U=[\/vc_raw_html][\/vc_column][\/vc_row][vc_row equal_height=&#8220;yes&#8220; el_class=&#8220;story-skin-white mobileNoPadding&#8220; css=&#8220;.vc_custom_1646383768662{padding-right: 5% !important;padding-left: 5% [\u2026]","og_url":"https:\/\/dev.autohome-official.com\/de\/perche-autohome\/mechanical-safety-tents\/","og_site_name":"Autohome","article_publisher":"https:\/\/www.facebook.com\/Autohome.Official.Page","article_modified_time":"2022-03-15T08:13:15+00:00","author":"Amministratore Autohome","twitter_card":"summary","twitter_misc":{"Gesch\u00e4tzte Lesezeit":"2 Minuten"},"schema":{"@context":"https:\/\/schema.org","@graph":[{"@type":"Organization","@id":"https:\/\/dev.autohome-official.com\/#organization","name":"Autohome","url":"https:\/\/dev.autohome-official.com\/","sameAs":["https:\/\/www.instagram.com\/autohome_official\/","http:\/\/www.youtube.com\/user\/AutohomeOfficial","https:\/\/www.facebook.com\/Autohome.Official.Page"],"logo":{"@type":"ImageObject","inLanguage":"de-DE","@id":"https:\/\/dev.autohome-official.com\/#\/schema\/logo\/image\/","url":"https:\/\/dev.autohome-official.com\/wp-content\/uploads\/2016\/10\/logo.png","contentUrl":"https:\/\/dev.autohome-official.com\/wp-content\/uploads\/2016\/10\/logo.png","width":295,"height":80,"caption":"Autohome"},"image":{"@id":"https:\/\/dev.autohome-official.com\/#\/schema\/logo\/image\/"}},{"@type":"WebSite","@id":"https:\/\/dev.autohome-official.com\/#website","url":"https:\/\/dev.autohome-official.com\/","name":"Autohome","description":"dachzelt  - roof top tents Made in Italy","publisher":{"@id":"https:\/\/dev.autohome-official.com\/#organization"},"potentialAction":[{"@type":"SearchAction","target":{"@type":"EntryPoint","urlTemplate":"https:\/\/dev.autohome-official.com\/?s={search_term_string}"},"query-input":"required name=search_term_string"}],"inLanguage":"de-DE"},{"@type":"WebPage","@id":"https:\/\/dev.autohome-official.com\/de\/perche-autohome\/mechanical-safety-tents\/#webpage","url":"https:\/\/dev.autohome-official.com\/de\/perche-autohome\/mechanical-safety-tents\/","name":"Mechanical Safety - Tents - Autohome","isPartOf":{"@id":"https:\/\/dev.autohome-official.com\/#website"},"datePublished":"2022-03-14T14:12:05+00:00","dateModified":"2022-03-15T08:13:15+00:00","breadcrumb":{"@id":"https:\/\/dev.autohome-official.com\/de\/perche-autohome\/mechanical-safety-tents\/#breadcrumb"},"inLanguage":"de-DE","potentialAction":[{"@type":"ReadAction","target":["https:\/\/dev.autohome-official.com\/de\/perche-autohome\/mechanical-safety-tents\/"]}]},{"@type":"BreadcrumbList","@id":"https:\/\/dev.autohome-official.com\/de\/perche-autohome\/mechanical-safety-tents\/#breadcrumb","itemListElement":[{"@type":"ListItem","position":1,"name":"Home","item":"https:\/\/dev.autohome-official.com\/de\/"},{"@type":"ListItem","position":2,"name":"Warum Autohome","item":"https:\/\/dev.autohome-official.com\/de\/perche-autohome\/"},{"@type":"ListItem","position":3,"name":"Mechanical Safety &#8211; Tents"}]}]}},"_links":{"self":[{"href":"https:\/\/dev.autohome-official.com\/de\/wp-json\/wp\/v2\/pages\/62537"}],"collection":[{"href":"https:\/\/dev.autohome-official.com\/de\/wp-json\/wp\/v2\/pages"}],"about":[{"href":"https:\/\/dev.autohome-official.com\/de\/wp-json\/wp\/v2\/types\/page"}],"author":[{"embeddable":true,"href":"https:\/\/dev.autohome-official.com\/de\/wp-json\/wp\/v2\/users\/4"}],"replies":[{"embeddable":true,"href":"https:\/\/dev.autohome-official.com\/de\/wp-json\/wp\/v2\/comments?post=62537"}],"version-history":[{"count":2,"href":"https:\/\/dev.autohome-official.com\/de\/wp-json\/wp\/v2\/pages\/62537\/revisions"}],"predecessor-version":[{"id":62541,"href":"https:\/\/dev.autohome-official.com\/de\/wp-json\/wp\/v2\/pages\/62537\/revisions\/62541"}],"up":[{"embeddable":true,"href":"https:\/\/dev.autohome-official.com\/de\/wp-json\/wp\/v2\/pages\/62449"}],"wp:attachment":[{"href":"https:\/\/dev.autohome-official.com\/de\/wp-json\/wp\/v2\/media?parent=62537"}],"curies":[{"name":"wp","href":"https:\/\/api.w.org\/{rel}","templated":true}]}}