{"id":60255,"date":"2021-12-16T11:57:02","date_gmt":"2021-12-16T10:57:02","guid":{"rendered":"https:\/\/dev.autohome-official.com\/?page_id=60255"},"modified":"2021-12-16T15:38:16","modified_gmt":"2021-12-16T14:38:16","slug":"qualitaetsorientierte-managementstrategie","status":"publish","type":"page","link":"https:\/\/dev.autohome-official.com\/de\/qualitaetsorientierte-managementstrategie\/","title":{"rendered":"QUALIT\u00c4TSORIENTIERTE MANAGEMENTSTRATEGIE"},"content":{"rendered":"<p>[vc_row el_class=&#8220;mb0 story-skin-white&#8220; css=&#8220;.vc_custom_1480350526264{padding-top: 72px !important;}&#8220;][vc_column]<div class=\"breadcrumb-wrapper\"><ul class=\"breadcrumbs no-link\"><li><a href=\"https:\/\/dev.autohome-official.com\/de\/\">Startseite<\/a> <span><i class=\"icon-right-open\"><\/i><\/span><\/li><li><a href=\"https:\/\/dev.autohome-official.com:443\/de\/wp-json\/wp\/v2\/pages\/60255\/\"><\/a><\/li><\/ul><\/div>[\/vc_column][\/vc_row][vc_row el_class=&#8220;mb0 story-skin-white&#8220; css=&#8220;.vc_custom_1480415910447{padding-right: 5% !important;padding-left: 5% !important;}&#8220;][vc_column offset=&#8220;vc_hidden-sm vc_hidden-xs&#8220;][vc_empty_space height=&#8220;30px&#8220;][\/vc_column][\/vc_row][vc_row el_class=&#8220;story-skin-white product-tab-container-row&#8220;][vc_column][vc_tta_tabs style=&#8220;flat&#8220; shape=&#8220;square&#8220; color=&#8220;white&#8220; gap=&#8220;1&#8243; active_section=&#8220;1&#8243; no_fill_content_area=&#8220;true&#8220; el_class=&#8220;product-page maggiolina-airlander&#8220;][vc_tta_section title=&#8220;QUALIT\u00c4TSPOLITIK&#8220; tab_id=&#8220;1512568506793-9ec8bd43-aea5&#8243;][vc_row_inner][vc_column_inner el_class=&#8220;mobilePaddingSide&#8220;][vc_column_text]<\/p>\n<h1 style=\"font-size: 40px; text-transform: uppercase;\">Qualit\u00e4tsorientierte Managementstrategie<\/h1>\n<p>Das Management von AutoHome &#8211; Zifer Italia Srl beabsichtigt, seine Produkte und seine Pr\u00e4senz im Markt im Laufe der Zeit zu verbessern, indem es den Kunden und allen beteiligten Parteien einen Mehrwert bietet, in \u00dcbereinstimmung mit den geltenden Gesetzen und mit dem qualitativ hohen Wert seiner Produkte und Dienstleistungen.<br \/>\nAus diesen Gr\u00fcnden h\u00e4lt das Management es f\u00fcr wesentlich, eine der Organisation angemessene &#8222;Qualit\u00e4tspolitik&#8220; zu definieren und umzusetzen..<\/p>\n<p>&nbsp;<\/p>\n<p>Zielstellungen von AutoHome &#8211; ZIfer Italia Srl:<\/p>\n<p>&nbsp;<\/p>\n<p>&#x2714;\u00a0 die vollst\u00e4ndige Zufriedenstellung der Bed\u00fcrfnisse und Erwartungen des Kunden\/ Auftraggebers und des Marktes;<br \/>\n&#x2714;\u00a0 die Erlangung und Aufrechterhaltung der Qualit\u00e4tszertifizierung.<\/p>\n<p>&nbsp;<\/p>\n<p>Um diese Ziele zu erreichen, verpflichtet sich die Organisation:<\/p>\n<p>&nbsp;<\/p>\n<p>&#x2714; das Qualit\u00e4tsmanagementsystem kontinuierlich zu verbessern;<br \/>\n&#x2714; die Angemessenheit, Einhaltung und Wirksamkeit des QMS durch interne und externe Audits zu \u00fcberpr\u00fcfen;<br \/>\n&#x2714; neue messbare Ziele zu definieren, um eine gr\u00f6\u00dftm\u00f6gliche Einbeziehung aller Mitarbeiter zu erreichen.<br \/>\n&#x2714; die dem Kunden angebotenen Produkte und Dienstleistungen zu \u00fcberwachen, um eine kontinuierliche und st\u00e4ndige Verbesserung zu erreichen.<br \/>\n&#x2714; die erforderlichen Mittel zur Verf\u00fcgung zu stellen, um an das Bewusstsein aller Mitarbeiter bez\u00fcglich strikter Einhaltung der im Qualit\u00e4tshandbuch und in den anderen Systemdokumenten enthaltenen Angaben zu appellieren.<br \/>\n&#x2714; jeder im Qualit\u00e4tshandbuch und in den anderen Dokumenten des QMS genannten Funktion im Rahmen ihrer Aufgaben die Verantwortung f\u00fcr die Anwendung der entsprechenden Angaben und Verfahren zuzuweisen.<\/p>\n<p>&nbsp;<\/p>\n<p>Der Gesch\u00e4ftsf\u00fchrer verpflichtet sich, die notwendigen Ressourcen bereitzustellen, um alle Mitarbeiter f\u00fcr die strikte Einhaltung der im Qualit\u00e4tshandbuch und in den anderen Dokumenten des Qualit\u00e4tssystems enthaltenen Vorschriften zu sensibilisieren.[\/vc_column_text][\/vc_column_inner][vc_column_inner][vc_empty_space height=&#8220;30px&#8220;][\/vc_column_inner][\/vc_row_inner][\/vc_tta_section][\/vc_tta_tabs][\/vc_column][\/vc_row][vc_row][vc_column offset=&#8220;vc_hidden-lg vc_hidden-md vc_hidden-sm vc_hidden-xs&#8220;][vc_raw_html]JTVCcmVhbDNkZmxpcGJvb2slMjBpZCUzRCUyNzUlMjclNUQ=[\/vc_raw_html][\/vc_column][\/vc_row]<\/p>\n","protected":false},"excerpt":{"rendered":"<p>[vc_row el_class=&#8220;mb0 story-skin-white&#8220; css=&#8220;.vc_custom_1480350526264{padding-top: 72px !important;}&#8220;][vc_column][\/vc_column][\/vc_row][vc_row el_class=&#8220;mb0 story-skin-white&#8220; css=&#8220;.vc_custom_1480415910447{padding-right: 5% !important;padding-left: 5% !important;}&#8220;][vc_column offset=&#8220;vc_hidden-sm vc_hidden-xs&#8220;][vc_empty_space height=&#8220;30px&#8220;][\/vc_column][\/vc_row][vc_row el_class=&#8220;story-skin-white product-tab-container-row&#8220;][vc_column][vc_tta_tabs style=&#8220;flat&#8220; shape=&#8220;square&#8220; color=&#8220;white&#8220; gap=&#8220;1&#8243; active_section=&#8220;1&#8243; no_fill_content_area=&#8220;true&#8220; el_class=&#8220;product-page maggiolina-airlander&#8220;][vc_tta_section<span class=\"excerpt-hellip\"> [\u2026]<\/span><\/p>\n","protected":false},"author":4,"featured_media":0,"parent":0,"menu_order":0,"comment_status":"closed","ping_status":"closed","template":"","meta":[],"yoast_head":"<!-- This site is optimized with the Yoast SEO Premium plugin v18.6 (Yoast SEO v19.2) - https:\/\/yoast.com\/wordpress\/plugins\/seo\/ -->\n<title>Qualit\u00e4tsorientierte Managementstrategie<\/title>\n<meta name=\"description\" content=\"Das Management von AutoHome - Zifer Italia Srl beabsichtigt, seine Produkte und seine Pr\u00e4senz im Markt im Laufe der Zeit zu verbessern, indem es den Kunden und allen beteiligten Parteien einen Mehrwert bietet, in \u00dcbereinstimmung mit den geltenden Gesetzen und mit dem qualitativ hohen Wert seiner Produkte und Dienstleistungen.\" \/>\n<meta name=\"robots\" content=\"noindex, follow, max-snippet:-1, max-image-preview:large, max-video-preview:-1\" \/>\n<meta property=\"og:locale\" content=\"de_DE\" \/>\n<meta property=\"og:type\" content=\"article\" \/>\n<meta property=\"og:title\" content=\"QUALIT\u00c4TSORIENTIERTE MANAGEMENTSTRATEGIE\" \/>\n<meta property=\"og:description\" content=\"Das Management von AutoHome - Zifer Italia Srl beabsichtigt, seine Produkte und seine Pr\u00e4senz im Markt im Laufe der Zeit zu verbessern, indem es den Kunden und allen beteiligten Parteien einen Mehrwert bietet, in \u00dcbereinstimmung mit den geltenden Gesetzen und mit dem qualitativ hohen Wert seiner Produkte und Dienstleistungen.\" \/>\n<meta property=\"og:url\" content=\"https:\/\/dev.autohome-official.com\/de\/qualitaetsorientierte-managementstrategie\/\" \/>\n<meta property=\"og:site_name\" content=\"Autohome\" \/>\n<meta property=\"article:publisher\" content=\"https:\/\/www.facebook.com\/Autohome.Official.Page\" \/>\n<meta property=\"article:modified_time\" content=\"2021-12-16T14:38:16+00:00\" \/>\n<meta name=\"author\" content=\"Amministratore Autohome\" \/>\n<meta name=\"twitter:card\" content=\"summary\" \/>\n<meta name=\"twitter:label1\" content=\"Gesch\u00e4tzte Lesezeit\" \/>\n\t<meta name=\"twitter:data1\" content=\"2 Minuten\" \/>\n<script type=\"application\/ld+json\" class=\"yoast-schema-graph\">{\"@context\":\"https:\/\/schema.org\",\"@graph\":[{\"@type\":\"Organization\",\"@id\":\"https:\/\/dev.autohome-official.com\/#organization\",\"name\":\"Autohome\",\"url\":\"https:\/\/dev.autohome-official.com\/\",\"sameAs\":[\"https:\/\/www.instagram.com\/autohome_official\/\",\"http:\/\/www.youtube.com\/user\/AutohomeOfficial\",\"https:\/\/www.facebook.com\/Autohome.Official.Page\"],\"logo\":{\"@type\":\"ImageObject\",\"inLanguage\":\"de-DE\",\"@id\":\"https:\/\/dev.autohome-official.com\/#\/schema\/logo\/image\/\",\"url\":\"https:\/\/dev.autohome-official.com\/wp-content\/uploads\/2016\/10\/logo.png\",\"contentUrl\":\"https:\/\/dev.autohome-official.com\/wp-content\/uploads\/2016\/10\/logo.png\",\"width\":295,\"height\":80,\"caption\":\"Autohome\"},\"image\":{\"@id\":\"https:\/\/dev.autohome-official.com\/#\/schema\/logo\/image\/\"}},{\"@type\":\"WebSite\",\"@id\":\"https:\/\/dev.autohome-official.com\/#website\",\"url\":\"https:\/\/dev.autohome-official.com\/\",\"name\":\"Autohome\",\"description\":\"dachzelt  - roof top tents Made in Italy\",\"publisher\":{\"@id\":\"https:\/\/dev.autohome-official.com\/#organization\"},\"potentialAction\":[{\"@type\":\"SearchAction\",\"target\":{\"@type\":\"EntryPoint\",\"urlTemplate\":\"https:\/\/dev.autohome-official.com\/?s={search_term_string}\"},\"query-input\":\"required name=search_term_string\"}],\"inLanguage\":\"de-DE\"},{\"@type\":\"WebPage\",\"@id\":\"https:\/\/dev.autohome-official.com\/de\/qualitaetsorientierte-managementstrategie\/#webpage\",\"url\":\"https:\/\/dev.autohome-official.com\/de\/qualitaetsorientierte-managementstrategie\/\",\"name\":\"Qualit\u00e4tsorientierte Managementstrategie\",\"isPartOf\":{\"@id\":\"https:\/\/dev.autohome-official.com\/#website\"},\"datePublished\":\"2021-12-16T10:57:02+00:00\",\"dateModified\":\"2021-12-16T14:38:16+00:00\",\"description\":\"Das Management von AutoHome - Zifer Italia Srl beabsichtigt, seine Produkte und seine Pr\u00e4senz im Markt im Laufe der Zeit zu verbessern, indem es den Kunden und allen beteiligten Parteien einen Mehrwert bietet, in \u00dcbereinstimmung mit den geltenden Gesetzen und mit dem qualitativ hohen Wert seiner Produkte und Dienstleistungen.\",\"breadcrumb\":{\"@id\":\"https:\/\/dev.autohome-official.com\/de\/qualitaetsorientierte-managementstrategie\/#breadcrumb\"},\"inLanguage\":\"de-DE\",\"potentialAction\":[{\"@type\":\"ReadAction\",\"target\":[\"https:\/\/dev.autohome-official.com\/de\/qualitaetsorientierte-managementstrategie\/\"]}]},{\"@type\":\"BreadcrumbList\",\"@id\":\"https:\/\/dev.autohome-official.com\/de\/qualitaetsorientierte-managementstrategie\/#breadcrumb\",\"itemListElement\":[{\"@type\":\"ListItem\",\"position\":1,\"name\":\"Home\",\"item\":\"https:\/\/dev.autohome-official.com\/de\/\"},{\"@type\":\"ListItem\",\"position\":2,\"name\":\"QUALIT\u00c4TSORIENTIERTE MANAGEMENTSTRATEGIE\"}]}]}<\/script>\n<!-- \/ Yoast SEO Premium plugin. -->","yoast_head_json":{"title":"Qualit\u00e4tsorientierte Managementstrategie","description":"Das Management von AutoHome - Zifer Italia Srl beabsichtigt, seine Produkte und seine Pr\u00e4senz im Markt im Laufe der Zeit zu verbessern, indem es den Kunden und allen beteiligten Parteien einen Mehrwert bietet, in \u00dcbereinstimmung mit den geltenden Gesetzen und mit dem qualitativ hohen Wert seiner Produkte und Dienstleistungen.","robots":{"index":"noindex","follow":"follow","max-snippet":"max-snippet:-1","max-image-preview":"max-image-preview:large","max-video-preview":"max-video-preview:-1"},"og_locale":"de_DE","og_type":"article","og_title":"QUALIT\u00c4TSORIENTIERTE MANAGEMENTSTRATEGIE","og_description":"Das Management von AutoHome - Zifer Italia Srl beabsichtigt, seine Produkte und seine Pr\u00e4senz im Markt im Laufe der Zeit zu verbessern, indem es den Kunden und allen beteiligten Parteien einen Mehrwert bietet, in \u00dcbereinstimmung mit den geltenden Gesetzen und mit dem qualitativ hohen Wert seiner Produkte und Dienstleistungen.","og_url":"https:\/\/dev.autohome-official.com\/de\/qualitaetsorientierte-managementstrategie\/","og_site_name":"Autohome","article_publisher":"https:\/\/www.facebook.com\/Autohome.Official.Page","article_modified_time":"2021-12-16T14:38:16+00:00","author":"Amministratore Autohome","twitter_card":"summary","twitter_misc":{"Gesch\u00e4tzte Lesezeit":"2 Minuten"},"schema":{"@context":"https:\/\/schema.org","@graph":[{"@type":"Organization","@id":"https:\/\/dev.autohome-official.com\/#organization","name":"Autohome","url":"https:\/\/dev.autohome-official.com\/","sameAs":["https:\/\/www.instagram.com\/autohome_official\/","http:\/\/www.youtube.com\/user\/AutohomeOfficial","https:\/\/www.facebook.com\/Autohome.Official.Page"],"logo":{"@type":"ImageObject","inLanguage":"de-DE","@id":"https:\/\/dev.autohome-official.com\/#\/schema\/logo\/image\/","url":"https:\/\/dev.autohome-official.com\/wp-content\/uploads\/2016\/10\/logo.png","contentUrl":"https:\/\/dev.autohome-official.com\/wp-content\/uploads\/2016\/10\/logo.png","width":295,"height":80,"caption":"Autohome"},"image":{"@id":"https:\/\/dev.autohome-official.com\/#\/schema\/logo\/image\/"}},{"@type":"WebSite","@id":"https:\/\/dev.autohome-official.com\/#website","url":"https:\/\/dev.autohome-official.com\/","name":"Autohome","description":"dachzelt  - roof top tents Made in Italy","publisher":{"@id":"https:\/\/dev.autohome-official.com\/#organization"},"potentialAction":[{"@type":"SearchAction","target":{"@type":"EntryPoint","urlTemplate":"https:\/\/dev.autohome-official.com\/?s={search_term_string}"},"query-input":"required name=search_term_string"}],"inLanguage":"de-DE"},{"@type":"WebPage","@id":"https:\/\/dev.autohome-official.com\/de\/qualitaetsorientierte-managementstrategie\/#webpage","url":"https:\/\/dev.autohome-official.com\/de\/qualitaetsorientierte-managementstrategie\/","name":"Qualit\u00e4tsorientierte Managementstrategie","isPartOf":{"@id":"https:\/\/dev.autohome-official.com\/#website"},"datePublished":"2021-12-16T10:57:02+00:00","dateModified":"2021-12-16T14:38:16+00:00","description":"Das Management von AutoHome - Zifer Italia Srl beabsichtigt, seine Produkte und seine Pr\u00e4senz im Markt im Laufe der Zeit zu verbessern, indem es den Kunden und allen beteiligten Parteien einen Mehrwert bietet, in \u00dcbereinstimmung mit den geltenden Gesetzen und mit dem qualitativ hohen Wert seiner Produkte und Dienstleistungen.","breadcrumb":{"@id":"https:\/\/dev.autohome-official.com\/de\/qualitaetsorientierte-managementstrategie\/#breadcrumb"},"inLanguage":"de-DE","potentialAction":[{"@type":"ReadAction","target":["https:\/\/dev.autohome-official.com\/de\/qualitaetsorientierte-managementstrategie\/"]}]},{"@type":"BreadcrumbList","@id":"https:\/\/dev.autohome-official.com\/de\/qualitaetsorientierte-managementstrategie\/#breadcrumb","itemListElement":[{"@type":"ListItem","position":1,"name":"Home","item":"https:\/\/dev.autohome-official.com\/de\/"},{"@type":"ListItem","position":2,"name":"QUALIT\u00c4TSORIENTIERTE MANAGEMENTSTRATEGIE"}]}]}},"_links":{"self":[{"href":"https:\/\/dev.autohome-official.com\/de\/wp-json\/wp\/v2\/pages\/60255"}],"collection":[{"href":"https:\/\/dev.autohome-official.com\/de\/wp-json\/wp\/v2\/pages"}],"about":[{"href":"https:\/\/dev.autohome-official.com\/de\/wp-json\/wp\/v2\/types\/page"}],"author":[{"embeddable":true,"href":"https:\/\/dev.autohome-official.com\/de\/wp-json\/wp\/v2\/users\/4"}],"replies":[{"embeddable":true,"href":"https:\/\/dev.autohome-official.com\/de\/wp-json\/wp\/v2\/comments?post=60255"}],"version-history":[{"count":2,"href":"https:\/\/dev.autohome-official.com\/de\/wp-json\/wp\/v2\/pages\/60255\/revisions"}],"predecessor-version":[{"id":60287,"href":"https:\/\/dev.autohome-official.com\/de\/wp-json\/wp\/v2\/pages\/60255\/revisions\/60287"}],"wp:attachment":[{"href":"https:\/\/dev.autohome-official.com\/de\/wp-json\/wp\/v2\/media?parent=60255"}],"curies":[{"name":"wp","href":"https:\/\/api.w.org\/{rel}","templated":true}]}}