{"id":26115,"date":"2017-08-21T16:00:53","date_gmt":"2017-08-21T14:00:53","guid":{"rendered":"https:\/\/dev.autohome-official.com\/?page_id=26115\/"},"modified":"2020-04-22T17:20:49","modified_gmt":"2020-04-22T15:20:49","slug":"waehle-autohome-2","status":"publish","type":"page","link":"https:\/\/dev.autohome-official.com\/de\/produkte\/waehle-autohome-2\/","title":{"rendered":"Zertifizierte Qualit\u00e4t"},"content":{"rendered":"<p>[vc_row css=&#8220;.vc_custom_1585684198190{margin-top: 72px !important;}&#8220;][vc_column]<div class=\"breadcrumb-wrapper\"><ul class=\"breadcrumbs no-link\"><li><a href=\"https:\/\/dev.autohome-official.com\/de\/\">Startseite<\/a> <span><i class=\"icon-right-open\"><\/i><\/span><\/li><li><a href=\"https:\/\/dev.autohome-official.com:443\/de\/wp-json\/wp\/v2\/pages\/26115\/\"><\/a><\/li><\/ul><\/div>[\/vc_column][\/vc_row][vc_row el_class=&#8220;story-skin-white mobileNoPadding&#8220; css=&#8220;.vc_custom_1587568847418{padding-right: 5% !important;padding-left: 5% !important;}&#8220;][vc_column][vc_column_text]<img loading=\"lazy\" class=\"aligncenter wp-image-33334 size-full\" src=\"https:\/\/dev.autohome-official.com\/wp-content\/uploads\/2018\/01\/Z1_en-3D_N.png\" alt=\"\" width=\"354\" height=\"354\" srcset=\"https:\/\/dev.autohome-official.com\/wp-content\/uploads\/2018\/01\/Z1_en-3D_N.png 354w, https:\/\/dev.autohome-official.com\/wp-content\/uploads\/2018\/01\/Z1_en-3D_N-150x150.png 150w, https:\/\/dev.autohome-official.com\/wp-content\/uploads\/2018\/01\/Z1_en-3D_N-50x50.png 50w\" sizes=\"(max-width: 354px) 100vw, 354px\" \/>[\/vc_column_text][vc_raw_html]JTNDaDQlM0UlMjBXQVJVTSUyMEFVVE9IT01FJTIwRUlORSUzQ2JyJTIwJTJGJTNFJTBBemVydGlmaXppZXJ0ZSUyMFF1YWxpdCVDMyVBNHQlMjBnYXJhbnRpZXJlbiUwQWthbm4lMjAlM0MlMkZoNCUzRSUwQSUzQ3AlM0VBVVRPSE9NRSUyMHZlcnBmbGljaHRldCUyMHNpY2glMjByZWdlbG0lQzMlQTQlQzMlOUZpZyUyMGFuJTIwdmVyc2NoaWVkZW5lbiUyMEVuZ2FnZW1lbnRzJTJDJTIwZGllJTIwZiVDMyVCQ3IlMjBGb3JzY2h1bmclMjB1bmQlMjBpbm5vdmF0aW9uJTIwc3RlaGVuLiUyMEVzJTIwd3VyZGUlMjBlaW5lJTIwaW50ZXJuYXRpb25hbGUlMjBaZXJ0aWZpemllcnVuZyUyMHZvbSUyMFQlQzMlOUNWJTIwUyVDMyU5Q0QlMjBiZXN0JUMzJUE0dGlndCUyQyUyMGRpZSUyMGRhcyUyMGF1JUMzJTlGZXJnZXclQzMlQjZobmxpY2hlJTIwTWElQzMlOUYlMjBhbiUyMFNpY2hlcmhlaXQlMjB1bmQlMjBkaWUlMjBRdWFsaXQlQzMlQTR0JTIwYmVsZWdlbi4lMjBFaW5lJTIwWmVydGlmaXppZXJ1bmclMkMlMjBkaWUlMjB0YXRzJUMzJUE0Y2hsaWNoJTJDJTIwZGllJTIwYmVzdGUlMjBRdWFsaXQlQzMlQTR0JTIwZGVyJTIwT3JpZ2luYWxpdCVDMyVBNHQlMjB1bmQlMjBkaWUlMjB3ZWx0d2VpdCUyMG1laXN0dmVya2F1ZnRlbiUyMERhY2h6ZWx0ZSUyMGJlc3QlQzMlQTRya2VuJTIwa2Fubi4lMEElM0NiciUyMCUyRiUzRSUwQSUzQ2JyJTIwJTJGJTNFJTBBJTNDYSUyMGRhdGEtcmVsJTNEJTIycHJldHR5UGhvdG8lNUJyZWwtMjI1OC0xMDA2ODIzOTElNUQlMjIlMjBjbGFzcyUzRCUyMmxpbmttb3JlJTIwcHJldHR5cGhvdG8lMjIlMjBzdHlsZSUzRCUyMnBvc2l0aW9uJTNBYWJzb2x1dGUlM0IlMjBtYXJnaW4tdG9wJTNBMCUzQiUyMiUyMGhyZWYlM0QlMjIlMkZ3cC1jb250ZW50JTJGdXBsb2FkcyUyRjIwMTglMkYxMCUyRkFUVEVTVEFUSU9OLVpJRkVSLTIwMTguanBnJTIyJTNFVklFVyUyMFFVQUxJVFklMjBDRVJUSUZJQ0FURVMlMjAlM0NiciUyRiUzRSUwQSUyMCUyMCUzQ2ElMjBjbGFzcyUzRCUyMnByZXR0eXBob3RvJTIyJTIwc3R5bGUlM0QlMjJkaXNwbGF5JTNBaGlkZSUyMiUyMGRhdGEtcmVsJTNEJTIycHJldHR5UGhvdG8lNUJyZWwtMjI1OC0xMDA2ODIzOTElNUQlMjIlMjBocmVmJTNEJTIyJTJGd3AtY29udGVudCUyRnVwbG9hZHMlMkYyMDE4JTJGMTAlMkZDZXJ0aWZpYXRvLVRVVi1TVUQtMS5qcGclMjIlM0UlM0MlMkZhJTNFJTBBJTNDYnIlMjAlMkYlM0UlMEElM0NiciUyMCUyRiUzRSUwQSUzQ2g0JTNFV0FTJTIwSVNUJTIwRElFJTIwWkVSVElGSVpJRVJVTkclM0YlM0MlMkZoNCUzRSUwQSUzQ3AlM0VFcyUyMGlzdCUyMGRpZSUyMExpemVueiUyMGYlQzMlQkNyJTIwZGllJTIwUXVhbGl0JUMzJUE0dCUyMHVuZCUyMGluZm9sZ2VkZXNzZW4lMjBkaWUlMjBHYXJhbnRpZSUyMGYlQzMlQkNyJTIwZGVuJTIwRW5kdmVyYnJhdWNoZXIlMkMlMjBpbSUyMEJlc2l0eiUyMGVpbmVzJTIwJTIwUXVhbGl0JUMzJUE0dHNwcm9kdWt0ZXMlMjB6dSUyMHNlaW4uJTIwRGVyJTIwQmVncmklRUYlQUMlODAlMjAlMjJaZXJ0aSVFRiVBQyU4MXppZXJ1bmclMjIlMjBrb21tdCUyMGF1cyUyMGRlbSUyMExhdGVpbmlzY2hlbiUyMCUyMmNlcnR1bSUyMGZhY2VyZSUyMiUyQyUyMHdhcyUyMCUyMnNpY2hlciUyMHN0ZWxsZW4lRTIlODAlOUMlMjBiZWRldXRldC4lMjBBdXMlMjBkaWVzZW0lMjBHcnVuZCUyMHd1cmRlbiUyMGRpZSUyMEF1dG9ob21lLURhY2h6ZWx0ZSUyMGRlbiUyMHN0cmVuZ3N0ZW4lMjBUZXN0cyUyMGRlcyUyMFQlQzMlOUNWJTIwUyVDMyU5Q0QlMjB1bmQlMjBhbmRlcmVyJTIwdW5hYmglQzMlQTRuZ2lnZW4lMjBaZXJ0aSVFRiVBQyU4MXppZXJ1bmdzaW5zdGl0dXRlJTIwdW50ZXJ3b3JmZW4uJTNDYnIlMkYlM0UlMEFEZXIlMjBUJUMzJTlDViUyMFMlQzMlOUNEJTIwaXN0JTIwZGllJTIwZWluemlnZSUyMFplcnRpJUVGJUFDJTgxemllcnVuZ21ldGhvZGUlMkMlMjBkaWUlMjBkaWUlMjBRdWFsaXQlQzMlQTR0JTIwdW5kJTIwQmV0cmllYnNpY2hlcmhlaXQlMjBkZXMlMjBaZWx0ZXMlMjBnYXJhbnRpZXJlbiUyMGthbm4lMjAlM0NiciUyRiUzRSUyMCUzQ2JyJTJGJTNFJTBBJTNDaDQlM0UlMjBWT1JTSUNIVCUyMCUzQyUyRmg0JTNFJTBBSW0lMjBNYXJrdCUyMHdlcmRlbiUyMERhY2h6ZWx0ZSUyMGFuZ2Vib3RlbiUyQyUyMGRpZSUyMGtlaW5lcmxlaSUyMG9mZml6aWVsbGUlMjBaZXJ0aWZpemllcnVuZyUyMGRlcyUyMFByb2R1a3RzJTIwaGFiZW4lM0IlMjBtYW5jaGUlMjB2ZXJicmVpdGVuJTIwJUMzJUI2ZmZlbnRsaWNoJTIwc29nYXIlMjBUZWlsemVydGlmaXppZXJ1bmdlbiUyMG9kZXIlMjBlaW5mYWNoZSUyMERldGFpbHMuJTIwTWlzc3RyYXVlbiUyMFNpZSUyMFRlaWx6ZXJ0aWZpemllcnVuZ2VuJTIwb2RlciUyMFplcnRpZml6aWVydW5nZW4lMjBUeXAlMjBJU08lMjA5MDAxJTJDJTIwZGllJTIwdm9uJTIwZWluaWdlbiUyMFZlcmslQzMlQTR1ZmVybiUyMGJlYW5zdGFuZGV0JTIwd2VyZGVuJTJDJTIwd2VpbCUyMHNpZSUyMGRpZSUyMEJldHJpZWJzb3JnYW5pc2F0aW9uJTIwYmV0cmVmZmVuJTIwJTIwdW5kJTIwa2VpbmVzZmFsbHMlMjBlaW5lJTIwR2FyYW50aWUlMjBmJUMzJUJDciUyMGRpZSUyMFF1YWxpdCVDMyVBNHQlMjB1bmQlMjBTaWNoZXJoZWl0JTIwZGVzJTIwWmVsdGVzJTIwc2luZCUyQyUyMGRhcyUyMFNpZSUyMGthdWZlbi4lMjAlM0NiciUyMCUyRiUzRSUwQUF1dG9ob21lLURhY2h6ZWx0ZSUyMGhpbmdlZ2VuJTIwaGFiZW4lMjBzdHJlbmdlJTIwUXVhbGl0JUMzJUE0dHN0ZXN0cyUyMGJleiVDMyVCQ2dsaWNoJTIwZGVyJTIwdmVyd2VuZGV0ZW4lMjBNYXRlcmlhbGllbiUyMGJlc3RhbmRlbiUyQyUyMGRpZSUyMGluJTIwZGVuJTIwTGFib3JhdG9yaWVuJTIwYW5lcmthbm50ZXIlMjBFaW5yaWNodHVuZ2VuJTJDJTIwZGFydW50ZXIlMjBhdWNoJTIwZGVyJTIwZGV1dHNjaGUlMjBUJTIwJUMzJTlDJTIwViUyMCUyMFMlMjAlQzMlOUMlMjBEJTJDJTIwZHVyY2hnZWYlQzMlQkNocnQlMjB3dXJkZW4uJTIwJTNDYnIlMjAlMkYlM0UlMEFEaWUlMjBBVVRPSE9NRS1aZXJ0aWZpemllcnVuZyUyMGlzdCUyMGdsb2JhbCUyMHVuZCUyMGRlY2t0JTIwZGFzJTIwZ2VzYW10ZSUyMFByb2R1a3QlMjBhYi4lMjBFcyUyMGhhbmRlbHQlMjBzaWNoJTIwbmljaHQlMjB1bSUyMGVpbmUlMjBUZWlsemVydGlmaXppZXJ1bmclMkMlMjBkaWUlMjBzaWNoJTIwZWluemlnJTIwdW5kJTIwYWxsZWluJTIwYXVmJTIwZWluZmFjaGUlMjBEZXRhaWxzJTIwYmV6aWVodC4lMEElM0NiciUyMCUyRiUzRSUyMCUzQ2JyJTIwJTJGJTNFJTBBJTBBRGllJTIwQVVUT0hPTUUtUHJvZHVrdGUlMjBoYWJlbiUyMGZvbGdlbmRlJTIwVGVzdHMlMjBlcmZvbGdyZWljaCUyMGJlc3RhbmRlbiUzQSUyMCUzQ2JyJTIwJTJGJTNFJTBBMS4lMjBQciVDMyVCQ2Z1bmclMjBuYWNoJTIwMy44JTIwZGVyJTIwRElOJTIwNzUzMDIlMjAlMkYlMjAwMi45MSUzQiUzQ2JyJTIwJTJGJTNFJTBBMi4lMjBQciVDMyVCQ2Z1bmclMjBuYWNoJTIwMy45LjIlMjBkZXIlMjBESU4lMjA3NTMwMiUyMCUyRiUyMDAyLjkxJTNCJTNDYnIlMjAlMkYlM0UlMEEzLiUyMFByJUMzJUJDZnVuZyUyMG5hY2glMjAzLjkuMyUyMGRlciUyMERJTiUyMDc1MzAyJTIwJTJGJTIwMDIuOTElM0IlM0NiciUyMCUyRiUzRSUwQTQuJTIwUHIlQzMlQkNmdW5nJTIwbmFjaCUyMDMuOS40JTIwZGVyJTIwRElOJTIwNzUzMDIlMjAlMkYlMjAwMi45MSUzQiUzQ2JyJTIwJTJGJTNFJTBBNS4lMjBEaWUlMjBaZXJ0aWZpemllcnVuZ3NudW1tZXIlMjBpc3QlM0ElMjBaMSUyMDE3JTIwMTAlMjAwMTgyOSUyMDAwMSUzQiUzQ2JyJTIwJTJGJTNFJTBBNi4lMjBCZWglQzMlQjZyZGVuJTIwayVDMyVCNm5uZW4lMjAlQzMlQkNiZXJwciVDMyVCQ2ZlbiUyQyUyMGRhc3MlMjBkaWUlMjBaZXJ0aWZpa2F0ZSUyMG5pY2h0JTIwZ2VmJUMzJUE0bHNjaHQlMjBzaW5kLiUzQiUzQ2JyJTIwJTJGJTNFJTBBNy4lMjBEaWUlMjBwcm9mZXNzaW9uZWxsZW4lMjBLJUMzJUE0dWZlciUyMGslQzMlQjZubmVuJTIwc2ljaCUyMExpZWZlcmFudGVuJTIwdW5kJTIwUHJvZHVrdGUlMjBtaXQlMjBkZW4lMjB2b3JoYW5kZW5lbiUyMFplcnRpZml6aWVydW5nZW4lMjBuYWNoJTIwUXVhbGl0JUMzJUE0dCUyMHVuZCUyMFNpY2hlcmhlaXQlMjBhdXNzdWNoZW4lM0IlM0NiciUyMCUyRiUzRSUwQTguJTIwRW5ka3VuZGVuJTIwaGFiZW4lMjBkaWUlMjBNJUMzJUI2Z2xpY2hrZWl0JTJDJTIwemVydGlmaXppZXJ0ZSUyMHVuZCUyMCUyMnNpY2hlcmUlMjIlMjBQcm9kdWt0ZSUyMHp1JTIwa2F1ZmVuLiUwQSUzQyUyRmJyJTNFJTBBJTNDJTJGYnIlM0UlMEElM0MlMkZwJTNF[\/vc_raw_html][\/vc_column][\/vc_row]<\/p>\n","protected":false},"excerpt":{"rendered":"<p>[vc_row css=&#8220;.vc_custom_1585684198190{margin-top: 72px !important;}&#8220;][vc_column][\/vc_column][\/vc_row][vc_row el_class=&#8220;story-skin-white mobileNoPadding&#8220; css=&#8220;.vc_custom_1587568847418{padding-right: 5% !important;padding-left: 5% !important;}&#8220;][vc_column][vc_column_text][\/vc_column_text][vc_raw_html]JTNDaDQlM0UlMjBXQVJVTSUyMEFVVE9IT01FJTIwRUlORSUzQ2JyJTIwJTJGJTNFJTBBemVydGlmaXppZXJ0ZSUyMFF1YWxpdCVDMyVBNHQlMjBnYXJhbnRpZXJlbiUwQWthbm4lMjAlM0MlMkZoNCUzRSUwQSUzQ3AlM0VBVVRPSE9NRSUyMHZlcnBmbGljaHRldCUyMHNpY2glMjByZWdlbG0lQzMlQTQlQzMlOUZpZyUyMGFuJTIwdmVyc2NoaWVkZW5lbiUyMEVuZ2FnZW1lbnRzJTJDJTIwZGllJTIwZiVDMyVCQ3IlMjBGb3JzY2h1bmclMjB1bmQlMjBpbm5vdmF0aW9uJTIwc3RlaGVuLiUyMEVzJTIwd3VyZGUlMjBlaW5lJTIwaW50ZXJuYXRpb25hbGUlMjBaZXJ0aWZpemllcnVuZyUyMHZvbSUyMFQlQzMlOUNWJTIwUyVDMyU5Q0QlMjBiZXN0JUMzJUE0dGlndCUyQyUyMGRpZSUyMGRhcyUyMGF1JUMzJTlGZXJnZXclQzMlQjZobmxpY2hlJTIwTWElQzMlOUYlMjBhbiUyMFNpY2hlcmhlaXQlMjB1bmQlMjBkaWUlMjBRdWFsaXQlQzMlQTR0JTIwYmVsZWdlbi4lMjBFaW5lJTIwWmVydGlmaXppZXJ1bmclMkMlMjBkaWUlMjB0YXRzJUMzJUE0Y2hsaWNoJTJDJTIwZGllJTIwYmVzdGUlMjBRdWFsaXQlQzMlQTR0JTIwZGVyJTIwT3JpZ2luYWxpdCVDMyVBNHQlMjB1bmQlMjBkaWUlMjB3ZWx0d2VpdCUyMG1laXN0dmVya2F1ZnRlbiUyMERhY2h6ZWx0ZSUyMGJlc3QlQzMlQTRya2VuJTIwa2Fubi4lMEElM0NiciUyMCUyRiUzRSUwQSUzQ2JyJTIwJTJGJTNFJTBBJTNDYSUyMGRhdGEtcmVsJTNEJTIycHJldHR5UGhvdG8lNUJyZWwtMjI1OC0xMDA2ODIzOTElNUQlMjIlMjBjbGFzcyUzRCUyMmxpbmttb3JlJTIwcHJldHR5cGhvdG8lMjIlMjBzdHlsZSUzRCUyMnBvc2l0aW9uJTNBYWJzb2x1dGUlM0IlMjBtYXJnaW4tdG9wJTNBMCUzQiUyMiUyMGhyZWYlM0QlMjIlMkZ3cC1jb250ZW50JTJGdXBsb2FkcyUyRjIwMTglMkYxMCUyRkFUVEVTVEFUSU9OLVpJRkVSLTIwMTguanBnJTIyJTNFVklFVyUyMFFVQUxJVFklMjBDRVJUSUZJQ0FURVMlMjAlM0NiciUyRiUzRSUwQSUyMCUyMCUzQ2ElMjBjbGFzcyUzRCUyMnByZXR0eXBob3RvJTIyJTIwc3R5bGUlM0QlMjJkaXNwbGF5JTNBaGlkZSUyMiUyMGRhdGEtcmVsJTNEJTIycHJldHR5UGhvdG8lNUJyZWwtMjI1OC0xMDA2ODIzOTElNUQlMjIlMjBocmVmJTNEJTIyJTJGd3AtY29udGVudCUyRnVwbG9hZHMlMkYyMDE4JTJGMTAlMkZDZXJ0aWZpYXRvLVRVVi1TVUQtMS5qcGclMjIlM0UlM0MlMkZhJTNFJTBBJTNDYnIlMjAlMkYlM0UlMEElM0NiciUyMCUyRiUzRSUwQSUzQ2g0JTNFV0FTJTIwSVNUJTIwRElFJTIwWkVSVElGSVpJRVJVTkclM0YlM0MlMkZoNCUzRSUwQSUzQ3AlM0VFcyUyMGlzdCUyMGRpZSUyMExpemVueiUyMGYlQzMlQkNyJTIwZGllJTIwUXVhbGl0JUMzJUE0dCUyMHVuZCUyMGluZm9sZ2VkZXNzZW4lMjBkaWUlMjBHYXJhbnRpZSUyMGYlQzMlQkNyJTIwZGVuJTIwRW5kdmVyYnJhdWNoZXIlMkMlMjBpbSUyMEJlc2l0eiUyMGVpbmVzJTIwJTIwUXVhbGl0JUMzJUE0dHNwcm9kdWt0ZXMlMjB6dSUyMHNlaW4uJTIwRGVyJTIwQmVncmklRUYlQUMlODAlMjAlMjJaZXJ0aSVFRiVBQyU4MXppZXJ1bmclMjIlMjBrb21tdCUyMGF1cyUyMGRlbSUyMExhdGVpbmlzY2hlbiUyMCUyMmNlcnR1bSUyMGZhY2VyZSUyMiUyQyUyMHdhcyUyMCUyMnNpY2hlciUyMHN0ZWxsZW4lRTIlODAlOUMlMjBiZWRldXRldC4lMjBBdXMlMjBkaWVzZW0lMjBHcnVuZCUyMHd1cmRlbiUyMGRpZSUyMEF1dG9ob21lLURhY2h6ZWx0ZSUyMGRlbiUyMHN0cmVuZ3N0ZW4lMjBUZXN0cyUyMGRlcyUyMFQlQzMlOUNWJTIwUyVDMyU5Q0QlMjB1bmQlMjBhbmRlcmVyJTIwdW5hYmglQzMlQTRuZ2lnZW4lMjBaZXJ0aSVFRiVBQyU4MXppZXJ1bmdzaW5zdGl0dXRlJTIwdW50ZXJ3b3JmZW4uJTNDYnIlMkYlM0UlMEFEZXIlMjBUJUMzJTlDViUyMFMlQzMlOUNEJTIwaXN0JTIwZGllJTIwZWluemlnZSUyMFplcnRpJUVGJUFDJTgxemllcnVuZ21ldGhvZGUlMkMlMjBkaWUlMjBkaWUlMjBRdWFsaXQlQzMlQTR0JTIwdW5kJTIwQmV0cmllYnNpY2hlcmhlaXQlMjBkZXMlMjBaZWx0ZXMlMjBnYXJhbnRpZXJlbiUyMGthbm4lMjAlM0NiciUyRiUzRSUyMCUzQ2JyJTJGJTNFJTBBJTNDaDQlM0UlMjBWT1JTSUNIVCUyMCUzQyUyRmg0JTNFJTBBSW0lMjBNYXJrdCUyMHdlcmRlbiUyMERhY2h6ZWx0ZSUyMGFuZ2Vib3RlbiUyQyUyMGRpZSUyMGtlaW5lcmxlaSUyMG9mZml6aWVsbGUlMjBaZXJ0aWZpemllcnVuZyUyMGRlcyUyMFByb2R1a3RzJTIwaGFiZW4lM0IlMjBtYW5jaGUlMjB2ZXJicmVpdGVuJTIwJUMzJUI2ZmZlbnRsaWNoJTIwc29nYXIlMjBUZWlsemVydGlmaXppZXJ1bmdlbiUyMG9kZXIlMjBlaW5mYWNoZSUyMERldGFpbHMuJTIwTWlzc3RyYXVlbiUyMFNpZSUyMFRlaWx6ZXJ0aWZpemllcnVuZ2VuJTIwb2RlciUyMFplcnRpZml6aWVydW5nZW4lMjBUeXAlMjBJU08lMjA5MDAxJTJDJTIwZGllJTIwdm9uJTIwZWluaWdlbiUyMFZlcmslQzMlQTR1ZmVybiUyMGJlYW5zdGFuZGV0JTIwd2VyZGVuJTJDJTIwd2VpbCUyMHNpZSUyMGRpZSUyMEJldHJpZWJzb3JnYW5pc2F0aW9uJTIwYmV0cmVmZmVuJTIwJTIwdW5kJTIwa2VpbmVzZmFsbHMlMjBlaW5lJTIwR2FyYW50aWUlMjBmJUMzJUJDciUyMGRpZSUyMFF1YWxpdCVDMyVBNHQlMjB1bmQlMjBTaWNoZXJoZWl0JTIwZGVzJTIwWmVsdGVzJTIwc2luZCUyQyUyMGRhcyUyMFNpZSUyMGthdWZlbi4lMjAlM0NiciUyMCUyRiUzRSUwQUF1dG9ob21lLURhY2h6ZWx0ZSUyMGhpbmdlZ2VuJTIwaGFiZW4lMjBzdHJlbmdlJTIwUXVhbGl0JUMzJUE0dHN0ZXN0cyUyMGJleiVDMyVCQ2dsaWNoJTIwZGVyJTIwdmVyd2VuZGV0ZW4lMjBNYXRlcmlhbGllbiUyMGJlc3RhbmRlbiUyQyUyMGRpZSUyMGluJTIwZGVuJTIwTGFib3JhdG9yaWVuJTIwYW5lcmthbm50ZXIlMjBFaW5yaWNodHVuZ2VuJTJDJTIwZGFydW50ZXIlMjBhdWNoJTIwZGVyJTIwZGV1dHNjaGUlMjBUJTIwJUMzJTlDJTIwViUyMCUyMFMlMjAlQzMlOUMlMjBEJTJDJTIwZHVyY2hnZWYlQzMlQkNocnQlMjB3dXJkZW4uJTIwJTNDYnIlMjAlMkYlM0UlMEFEaWUlMjBBVVRPSE9NRS1aZXJ0aWZpemllcnVuZyUyMGlzdCUyMGdsb2JhbCUyMHVuZCUyMGRlY2t0JTIwZGFzJTIwZ2VzYW10ZSUyMFByb2R1a3QlMjBhYi4lMjBFcyUyMGhhbmRlbHQlMjBzaWNoJTIwbmljaHQlMjB1bSUyMGVpbmUlMjBUZWlsemVydGlmaXppZXJ1bmclMkMlMjBkaWUlMjBzaWNoJTIwZWluemlnJTIwdW5kJTIwYWxsZWluJTIwYXVmJTIwZWluZmFjaGUlMjBEZXRhaWxzJTIwYmV6aWVodC4lMEElM0NiciUyMCUyRiUzRSUyMCUzQ2JyJTIwJTJGJTNFJTBBJTBBRGllJTIwQVVUT0hPTUUtUHJvZHVrdGUlMjBoYWJlbiUyMGZvbGdlbmRlJTIwVGVzdHMlMjBlcmZvbGdyZWljaCUyMGJlc3RhbmRlbiUzQSUyMCUzQ2JyJTIwJTJGJTNFJTBBMS4lMjBQciVDMyVCQ2Z1bmclMjBuYWNoJTIwMy44JTIwZGVyJTIwRElOJTIwNzUzMDIlMjAlMkYlMjAwMi45MSUzQiUzQ2JyJTIwJTJGJTNFJTBBMi4lMjBQciVDMyVCQ2Z1bmclMjBuYWNoJTIwMy45LjIlMjBkZXIlMjBESU4lMjA3NTMwMiUyMCUyRiUyMDAyLjkxJTNCJTNDYnIlMjAlMkYlM0UlMEEzLiUyMFByJUMzJUJDZnVuZyUyMG5hY2glMjAzLjkuMyUyMGRlciUyMERJTiUyMDc1MzAyJTIwJTJGJTIwMDIuOTElM0IlM0NiciUyMCUyRiUzRSUwQTQuJTIwUHIlQzMlQkNmdW5nJTIwbmFjaCUyMDMuOS40JTIwZGVyJTIwRElOJTIwNzUzMDIlMjAlMkYlMjAwMi45MSUzQiUzQ2JyJTIwJTJGJTNFJTBBNS4lMjBEaWUlMjBaZXJ0aWZpemllcnVuZ3NudW1tZXIlMjBpc3QlM0ElMjBaMSUyMDE3JTIwMTAlMjAwMTgyOSUyMDAwMSUzQiUzQ2JyJTIwJTJGJTNFJTBBNi4lMjBCZWglQzMlQjZyZGVuJTIwayVDMyVCNm5uZW4lMjAlQzMlQkNiZXJwciVDMyVCQ2ZlbiUyQyUyMGRhc3MlMjBkaWUlMjBaZXJ0aWZpa2F0ZSUyMG5pY2h0JTIwZ2VmJUMzJUE0bHNjaHQlMjBzaW5kLiUzQiUzQ2JyJTIwJTJGJTNFJTBBNy4lMjBEaWUlMjBwcm9mZXNzaW9uZWxsZW4lMjBLJUMzJUE0dWZlciUyMGslQzMlQjZubmVuJTIwc2ljaCUyMExpZWZlcmFudGVuJTIwdW5kJTIwUHJvZHVrdGUlMjBtaXQlMjBkZW4lMjB2b3JoYW5kZW5lbiUyMFplcnRpZml6aWVydW5nZW4lMjBuYWNoJTIwUXVhbGl0JUMzJUE0dCUyMHVuZCUyMFNpY2hlcmhlaXQlMjBhdXNzdWNoZW4lM0IlM0NiciUyMCUyRiUzRSUwQTguJTIwRW5ka3VuZGVuJTIwaGFiZW4lMjBkaWUlMjBNJUMzJUI2Z2xpY2hrZWl0JTJDJTIwemVydGlmaXppZXJ0ZSUyMHVuZCUyMCUyMnNpY2hlcmUlMjIlMjBQcm9kdWt0ZSUyMHp1JTIwa2F1ZmVuLiUwQSUzQyUyRmJyJTNFJTBBJTNDJTJGYnIlM0UlMEElM0MlMkZwJTNF[\/vc_raw_html][\/vc_column][\/vc_row]<\/p>\n","protected":false},"author":2,"featured_media":53729,"parent":10578,"menu_order":0,"comment_status":"closed","ping_status":"closed","template":"","meta":[],"yoast_head":"<!-- This site is optimized with the Yoast SEO Premium plugin v18.6 (Yoast SEO v19.2) - https:\/\/yoast.com\/wordpress\/plugins\/seo\/ -->\n<title>Zertifizierte Qualit\u00e4t - Autohome<\/title>\n<meta name=\"description\" content=\"Alle Autodachzelte Autohome haben das Qualit\u00e4ts- und Sicherheitssigel vom T\u00dcV Rheinland. Das schafft Vertrauen und Vorteile f\u00fcr Kunden, die sichere Qualit\u00e4ts-Dachzelte kaufen wollen.\" \/>\n<meta name=\"robots\" content=\"noindex, follow, max-snippet:-1, max-image-preview:large, max-video-preview:-1\" \/>\n<meta property=\"og:locale\" content=\"de_DE\" \/>\n<meta property=\"og:type\" content=\"article\" \/>\n<meta property=\"og:title\" content=\"Zertifizierte Qualit\u00e4t\" \/>\n<meta property=\"og:description\" content=\"Alle Autodachzelte Autohome haben das Qualit\u00e4ts- und Sicherheitssigel vom T\u00dcV Rheinland. Das schafft Vertrauen und Vorteile f\u00fcr Kunden, die sichere Qualit\u00e4ts-Dachzelte kaufen wollen.\" \/>\n<meta property=\"og:url\" content=\"https:\/\/dev.autohome-official.com\/de\/produkte\/waehle-autohome-2\/\" \/>\n<meta property=\"og:site_name\" content=\"Autohome\" \/>\n<meta property=\"article:publisher\" content=\"https:\/\/www.facebook.com\/Autohome.Official.Page\" \/>\n<meta property=\"article:modified_time\" content=\"2020-04-22T15:20:49+00:00\" \/>\n<meta property=\"og:image\" content=\"https:\/\/dev.autohome-official.com\/wp-content\/uploads\/2021\/01\/TUV-Autohome-Official.jpg\" \/>\n\t<meta property=\"og:image:width\" content=\"800\" \/>\n\t<meta property=\"og:image:height\" content=\"533\" \/>\n\t<meta property=\"og:image:type\" content=\"image\/jpeg\" \/>\n<meta name=\"author\" content=\"Valentina Daina\" \/>\n<meta name=\"twitter:card\" content=\"summary\" \/>\n<meta name=\"twitter:label1\" content=\"Gesch\u00e4tzte Lesezeit\" \/>\n\t<meta name=\"twitter:data1\" content=\"2 Minuten\" \/>\n<script type=\"application\/ld+json\" class=\"yoast-schema-graph\">{\"@context\":\"https:\/\/schema.org\",\"@graph\":[{\"@type\":\"Organization\",\"@id\":\"https:\/\/dev.autohome-official.com\/#organization\",\"name\":\"Autohome\",\"url\":\"https:\/\/dev.autohome-official.com\/\",\"sameAs\":[\"https:\/\/www.instagram.com\/autohome_official\/\",\"http:\/\/www.youtube.com\/user\/AutohomeOfficial\",\"https:\/\/www.facebook.com\/Autohome.Official.Page\"],\"logo\":{\"@type\":\"ImageObject\",\"inLanguage\":\"de-DE\",\"@id\":\"https:\/\/dev.autohome-official.com\/#\/schema\/logo\/image\/\",\"url\":\"https:\/\/dev.autohome-official.com\/wp-content\/uploads\/2016\/10\/logo.png\",\"contentUrl\":\"https:\/\/dev.autohome-official.com\/wp-content\/uploads\/2016\/10\/logo.png\",\"width\":295,\"height\":80,\"caption\":\"Autohome\"},\"image\":{\"@id\":\"https:\/\/dev.autohome-official.com\/#\/schema\/logo\/image\/\"}},{\"@type\":\"WebSite\",\"@id\":\"https:\/\/dev.autohome-official.com\/#website\",\"url\":\"https:\/\/dev.autohome-official.com\/\",\"name\":\"Autohome\",\"description\":\"dachzelt  - roof top tents Made in Italy\",\"publisher\":{\"@id\":\"https:\/\/dev.autohome-official.com\/#organization\"},\"potentialAction\":[{\"@type\":\"SearchAction\",\"target\":{\"@type\":\"EntryPoint\",\"urlTemplate\":\"https:\/\/dev.autohome-official.com\/?s={search_term_string}\"},\"query-input\":\"required name=search_term_string\"}],\"inLanguage\":\"de-DE\"},{\"@type\":\"ImageObject\",\"inLanguage\":\"de-DE\",\"@id\":\"https:\/\/dev.autohome-official.com\/de\/produkte\/waehle-autohome-2\/#primaryimage\",\"url\":\"https:\/\/dev.autohome-official.com\/wp-content\/uploads\/2021\/01\/TUV-Autohome-Official.jpg\",\"contentUrl\":\"https:\/\/dev.autohome-official.com\/wp-content\/uploads\/2021\/01\/TUV-Autohome-Official.jpg\",\"width\":800,\"height\":533,\"caption\":\"TUV Autohome Official\"},{\"@type\":\"WebPage\",\"@id\":\"https:\/\/dev.autohome-official.com\/de\/produkte\/waehle-autohome-2\/#webpage\",\"url\":\"https:\/\/dev.autohome-official.com\/de\/produkte\/waehle-autohome-2\/\",\"name\":\"Zertifizierte Qualit\u00e4t - Autohome\",\"isPartOf\":{\"@id\":\"https:\/\/dev.autohome-official.com\/#website\"},\"primaryImageOfPage\":{\"@id\":\"https:\/\/dev.autohome-official.com\/de\/produkte\/waehle-autohome-2\/#primaryimage\"},\"datePublished\":\"2017-08-21T14:00:53+00:00\",\"dateModified\":\"2020-04-22T15:20:49+00:00\",\"description\":\"Alle Autodachzelte Autohome haben das Qualit\u00e4ts- und Sicherheitssigel vom T\u00dcV Rheinland. Das schafft Vertrauen und Vorteile f\u00fcr Kunden, die sichere Qualit\u00e4ts-Dachzelte kaufen wollen.\",\"breadcrumb\":{\"@id\":\"https:\/\/dev.autohome-official.com\/de\/produkte\/waehle-autohome-2\/#breadcrumb\"},\"inLanguage\":\"de-DE\",\"potentialAction\":[{\"@type\":\"ReadAction\",\"target\":[\"https:\/\/dev.autohome-official.com\/de\/produkte\/waehle-autohome-2\/\"]}]},{\"@type\":\"BreadcrumbList\",\"@id\":\"https:\/\/dev.autohome-official.com\/de\/produkte\/waehle-autohome-2\/#breadcrumb\",\"itemListElement\":[{\"@type\":\"ListItem\",\"position\":1,\"name\":\"Home\",\"item\":\"https:\/\/dev.autohome-official.com\/de\/\"},{\"@type\":\"ListItem\",\"position\":2,\"name\":\"Produkte\",\"item\":\"https:\/\/dev.autohome-official.com\/de\/produkte\/\"},{\"@type\":\"ListItem\",\"position\":3,\"name\":\"Zertifizierte Qualit\u00e4t\"}]}]}<\/script>\n<!-- \/ Yoast SEO Premium plugin. -->","yoast_head_json":{"title":"Zertifizierte Qualit\u00e4t - Autohome","description":"Alle Autodachzelte Autohome haben das Qualit\u00e4ts- und Sicherheitssigel vom T\u00dcV Rheinland. Das schafft Vertrauen und Vorteile f\u00fcr Kunden, die sichere Qualit\u00e4ts-Dachzelte kaufen wollen.","robots":{"index":"noindex","follow":"follow","max-snippet":"max-snippet:-1","max-image-preview":"max-image-preview:large","max-video-preview":"max-video-preview:-1"},"og_locale":"de_DE","og_type":"article","og_title":"Zertifizierte Qualit\u00e4t","og_description":"Alle Autodachzelte Autohome haben das Qualit\u00e4ts- und Sicherheitssigel vom T\u00dcV Rheinland. Das schafft Vertrauen und Vorteile f\u00fcr Kunden, die sichere Qualit\u00e4ts-Dachzelte kaufen wollen.","og_url":"https:\/\/dev.autohome-official.com\/de\/produkte\/waehle-autohome-2\/","og_site_name":"Autohome","article_publisher":"https:\/\/www.facebook.com\/Autohome.Official.Page","article_modified_time":"2020-04-22T15:20:49+00:00","og_image":[{"width":800,"height":533,"url":"https:\/\/dev.autohome-official.com\/wp-content\/uploads\/2021\/01\/TUV-Autohome-Official.jpg","type":"image\/jpeg"}],"author":"Valentina Daina","twitter_card":"summary","twitter_misc":{"Gesch\u00e4tzte Lesezeit":"2 Minuten"},"schema":{"@context":"https:\/\/schema.org","@graph":[{"@type":"Organization","@id":"https:\/\/dev.autohome-official.com\/#organization","name":"Autohome","url":"https:\/\/dev.autohome-official.com\/","sameAs":["https:\/\/www.instagram.com\/autohome_official\/","http:\/\/www.youtube.com\/user\/AutohomeOfficial","https:\/\/www.facebook.com\/Autohome.Official.Page"],"logo":{"@type":"ImageObject","inLanguage":"de-DE","@id":"https:\/\/dev.autohome-official.com\/#\/schema\/logo\/image\/","url":"https:\/\/dev.autohome-official.com\/wp-content\/uploads\/2016\/10\/logo.png","contentUrl":"https:\/\/dev.autohome-official.com\/wp-content\/uploads\/2016\/10\/logo.png","width":295,"height":80,"caption":"Autohome"},"image":{"@id":"https:\/\/dev.autohome-official.com\/#\/schema\/logo\/image\/"}},{"@type":"WebSite","@id":"https:\/\/dev.autohome-official.com\/#website","url":"https:\/\/dev.autohome-official.com\/","name":"Autohome","description":"dachzelt  - roof top tents Made in Italy","publisher":{"@id":"https:\/\/dev.autohome-official.com\/#organization"},"potentialAction":[{"@type":"SearchAction","target":{"@type":"EntryPoint","urlTemplate":"https:\/\/dev.autohome-official.com\/?s={search_term_string}"},"query-input":"required name=search_term_string"}],"inLanguage":"de-DE"},{"@type":"ImageObject","inLanguage":"de-DE","@id":"https:\/\/dev.autohome-official.com\/de\/produkte\/waehle-autohome-2\/#primaryimage","url":"https:\/\/dev.autohome-official.com\/wp-content\/uploads\/2021\/01\/TUV-Autohome-Official.jpg","contentUrl":"https:\/\/dev.autohome-official.com\/wp-content\/uploads\/2021\/01\/TUV-Autohome-Official.jpg","width":800,"height":533,"caption":"TUV Autohome Official"},{"@type":"WebPage","@id":"https:\/\/dev.autohome-official.com\/de\/produkte\/waehle-autohome-2\/#webpage","url":"https:\/\/dev.autohome-official.com\/de\/produkte\/waehle-autohome-2\/","name":"Zertifizierte Qualit\u00e4t - Autohome","isPartOf":{"@id":"https:\/\/dev.autohome-official.com\/#website"},"primaryImageOfPage":{"@id":"https:\/\/dev.autohome-official.com\/de\/produkte\/waehle-autohome-2\/#primaryimage"},"datePublished":"2017-08-21T14:00:53+00:00","dateModified":"2020-04-22T15:20:49+00:00","description":"Alle Autodachzelte Autohome haben das Qualit\u00e4ts- und Sicherheitssigel vom T\u00dcV Rheinland. Das schafft Vertrauen und Vorteile f\u00fcr Kunden, die sichere Qualit\u00e4ts-Dachzelte kaufen wollen.","breadcrumb":{"@id":"https:\/\/dev.autohome-official.com\/de\/produkte\/waehle-autohome-2\/#breadcrumb"},"inLanguage":"de-DE","potentialAction":[{"@type":"ReadAction","target":["https:\/\/dev.autohome-official.com\/de\/produkte\/waehle-autohome-2\/"]}]},{"@type":"BreadcrumbList","@id":"https:\/\/dev.autohome-official.com\/de\/produkte\/waehle-autohome-2\/#breadcrumb","itemListElement":[{"@type":"ListItem","position":1,"name":"Home","item":"https:\/\/dev.autohome-official.com\/de\/"},{"@type":"ListItem","position":2,"name":"Produkte","item":"https:\/\/dev.autohome-official.com\/de\/produkte\/"},{"@type":"ListItem","position":3,"name":"Zertifizierte Qualit\u00e4t"}]}]}},"_links":{"self":[{"href":"https:\/\/dev.autohome-official.com\/de\/wp-json\/wp\/v2\/pages\/26115"}],"collection":[{"href":"https:\/\/dev.autohome-official.com\/de\/wp-json\/wp\/v2\/pages"}],"about":[{"href":"https:\/\/dev.autohome-official.com\/de\/wp-json\/wp\/v2\/types\/page"}],"author":[{"embeddable":true,"href":"https:\/\/dev.autohome-official.com\/de\/wp-json\/wp\/v2\/users\/2"}],"replies":[{"embeddable":true,"href":"https:\/\/dev.autohome-official.com\/de\/wp-json\/wp\/v2\/comments?post=26115"}],"version-history":[{"count":0,"href":"https:\/\/dev.autohome-official.com\/de\/wp-json\/wp\/v2\/pages\/26115\/revisions"}],"up":[{"embeddable":true,"href":"https:\/\/dev.autohome-official.com\/de\/wp-json\/wp\/v2\/pages\/10578"}],"wp:featuredmedia":[{"embeddable":true,"href":"https:\/\/dev.autohome-official.com\/de\/wp-json\/wp\/v2\/media\/53729"}],"wp:attachment":[{"href":"https:\/\/dev.autohome-official.com\/de\/wp-json\/wp\/v2\/media?parent=26115"}],"curies":[{"name":"wp","href":"https:\/\/api.w.org\/{rel}","templated":true}]}}