{"id":17670,"date":"2017-07-10T23:49:38","date_gmt":"2017-07-10T21:49:38","guid":{"rendered":"https:\/\/dev.autohome-official.com\/?page_id=17670\/"},"modified":"2022-02-02T13:59:07","modified_gmt":"2022-02-02T12:59:07","slug":"smukfest","status":"publish","type":"page","link":"https:\/\/dev.autohome-official.com\/de\/experience\/smukfest\/","title":{"rendered":"SmukFest"},"content":{"rendered":"<p>[vc_row full_width=&#8220;stretch_row&#8220; equal_height=&#8220;yes&#8220; el_class=&#8220;mb0 story-skin-white&#8220;][vc_column width=&#8220;2\/3&#8243;]<div class=\"breadcrumb-wrapper\"><ul class=\"breadcrumbs no-link\"><li><a href=\"https:\/\/dev.autohome-official.com\/de\/\">Startseite<\/a> <span><i class=\"icon-right-open\"><\/i><\/span><\/li><li><a href=\"https:\/\/dev.autohome-official.com:443\/de\/wp-json\/wp\/v2\/pages\/17670\/\"><\/a><\/li><\/ul><\/div>[vc_raw_html el_class=&#8220;p0bottom btop mobileSquareBlock&#8220;]JTNDaDElMjBzdHlsZSUzRCUyMmZvbnQtc2l6ZSUzQSUyMDQwcHglM0IlMjIlM0VURU5USE9VU0UlM0MlMkZoMSUzRSUwQSUwQSUzQ3AlM0UlMEFUZW50aG91c2UlMjBpc3QlMjBlaW5lJTIwc3BlemllbGxlJTIwRGFjaHplbHQtVmVyc2lvbiUyMGRpZSUyMHZvbiUyMEF1dG9ob21lJTIwaW4lMjBadXNhbW1lbmFyYmVpdCUyMG1pdCUyMGRlbiUyME1pdGFyYmVpdGVybiUyMGRlcyUyMFNtdWtmZXN0cyUyMGVudHN0YW5kZW4lMjBpc3QuJTIwRGFzJTIwUHVibGlrdW0lMjBzb2xsJTIwdyVDMyVBNGhyZW5kJTIwZGVyJTIwYmVydSVDQyU4OGhtdGVuJTIwQmllcmZlc3R0YWdlJTIwZGllJTIwamVkZXMlMjBKYWhyJTIwaW4lMjBEJUMzJUE0bmVtYXJrJTIwU2thbmRlbmJvcmclMjBzdGF0dGZpbmRlbiUyQyUyMGVpbmVuJTIwYmVxdWVtZW4lMjBTY2hsYWZwbGF0eiUyMHZvcmZpbmRlbiUyMGslQzMlQjZubmVuLiUwQSUzQyUyRnAlM0UlMEElM0NhJTIwY2xhc3MlM0QlMjJsaW5rbW9yZSUyMiUyMGhyZWYlM0QlMjIlMkZkZSUyRmdhbGxlcnklMkZzbXVrZmVzdC1nYWxsZXJ5JTJGJTIyJTNFTU9SRSUyMFNNVUtGRVNUJTIwR0FMTEVSWSUzQyUyRmElM0U=[\/vc_raw_html][\/vc_column][vc_column width=&#8220;1\/3&#8243;][vc_single_image image=&#8220;17673&#8243; img_size=&#8220;full&#8220; onclick=&#8220;custom_link&#8220; link=&#8220;https:\/\/www.smukfest.dk\/&#8220;][\/vc_column][\/vc_row][vc_row full_width=&#8220;stretch_row&#8220; equal_height=&#8220;yes&#8220; content_placement=&#8220;middle&#8220; el_class=&#8220;mb0 story-skin-white&#8220;][vc_column width=&#8220;2\/3&#8243; offset=&#8220;vc_hidden-xs&#8220;][vc_single_image image=&#8220;17681&#8243; img_size=&#8220;full&#8220;][\/vc_column][vc_column width=&#8220;1\/3&#8243; el_class=&#8220;story-skin-white&#8220;][vc_raw_html 0=&#8220;&#8220; el_class=&#8220;mobileSquareBlock&#8220;]JTNDcCUzRSUzQ3NwYW4lMjBjbGFzcyUzRCUyMnN1YnRpdGxlLWJveCUyMiUzRVdFTk4lMjBFSU4lMjBURU5USE9VU0UlMjBHRU1JRVRFVCUyMFdJUkQlMjBCRUtPTU1UJTIwTUFOJTNBJTNDJTJGc3BhbiUzRSUzQyUyRnAlM0UlMEElMEElM0NwJTNFLSUyMEVpbiUyMFplbHQlMkMlMjBkaWVzZXIlMjB2b20lMjBCb2RlbiUyMGFiZ2Vob2JlbiUyMGlzdCUyMCUyOGNhLiUyMDMwJTIwY20lMjklMjBtaXQlMjBlaW5lciUyME1hdHJhdHplJTIwbWl0JTIwZGVuJTIwTWElQzMlOUZlbiUyMDEzNSUyMHglMjAyMDAlMjBjbS4lM0MlMkZwJTNFJTBBJTBBJTNDcCUzRS0lMjBFaW5lJTIwaW50ZXJuZSUyMEJlbGV1Y2h0dW5nJTIwbWl0JTIwZWluZXIlMjBTdGVja2Rvc2VuYnUlQ0MlODhjaHNlJTIwZnUlQ0MlODhyJTIwZGllJTIwQXVmbGFkdW5nJTIwZWluZXMlMjBUZWxlZm9ucy4lM0MlMkZwJTNFJTBBJTBBJTNDcCUzRS0lMjBWaWVsJTIwUGxhdHolMjBmdSVDQyU4OHIlMjBadWJlaCVDMyVCNnJ0ZWlsZS4lM0MlMkZwJTNFJTBBJTBBJTNDcCUzRS0lMjBBYnNjaGxpZSVDMyU5RmJhcmUlMjBrbGVpbmUlMjBTY2hyJUMzJUE0bmtlJTJDJTIwZGllJTIwaW0lMjBaZWx0JTIwaW50ZWdyaWVydCUyMHNpbmQuJTBBJTNDJTJGcCUzRQ==[\/vc_raw_html][\/vc_column][vc_column width=&#8220;2\/3&#8243; offset=&#8220;vc_hidden-lg vc_hidden-md vc_hidden-sm&#8220;][vc_single_image image=&#8220;28600&#8243; img_size=&#8220;full&#8220;][\/vc_column][\/vc_row][vc_row full_width=&#8220;stretch_row&#8220; equal_height=&#8220;yes&#8220; content_placement=&#8220;middle&#8220; el_class=&#8220;mb0 story-skin-white&#8220;][vc_column width=&#8220;1\/3&#8243; el_class=&#8220;story-skin-white&#8220;][vc_raw_html 0=&#8220;&#8220; el_class=&#8220;mobileSquareBlock&#8220;]JTNDcCUzRSUzQ3NwYW4lMjBjbGFzcyUzRCUyMnN1YnRpdGxlLWJveCUyMiUzRUFVVE9IT01FJTIwQkVJTSUyMFNNVUtGRVNUJTIwU0VJVCUyMDIwMDglMjBQUiVDMyU4NFNFTlQlM0MlMkZzcGFuJTNFJTNDJTJGcCUzRSUwQSUwQSUzQ3AlM0UlMEFJbSUyMER1cmNoc2Nobml0dCUyMHdlcmRlbiUyMHUlQ0MlODhiZXIlMjA0NTAlMjBaZWx0ZSUyMGltJTIwZ3JvJUMzJTlGZW4lMjBQYXJrJTIwaW4lMjBkZXIlMjBOJUMzJUE0aGUlMjBkZXMlMjBXYWxkZXMlMjBpbnN0YWxsaWVydC4lMjAlMEElM0NiciUyRiUzRSUwQUplZGVzJTIwWmVsdCUyMHRyJUMzJUE0Z3QlMjBncm8lQzMlOUZmbCVDMyVBNGNoaWclMjBlaW4lMjBXZXJiZXBsYWthdCUyMGRhcyUyMGluZGl2aWR1ZWxsJTIwZ2VmZXJ0aWd0JTIwd2lyZC4lMjBBbmRlcmUlMjBaZWx0ZSUyMHdlcmRlbiUyMGZ1JUNDJTg4ciUyMGRhcyUyME9yZ2FuaXNhdG9yaXNjaGUtVGVhbSUyMGRlcyUyMEZlc3RpdmFscyUyMGF1ZiUyMGRlbiUyMEF1dG9zJTIwaW5zdGFsbGllcnQuJTBBJTNDJTJGcCUzRQ==[\/vc_raw_html][\/vc_column][vc_column width=&#8220;2\/3&#8243; offset=&#8220;vc_hidden-xs&#8220;][vc_single_image image=&#8220;17685&#8243; img_size=&#8220;full&#8220;][\/vc_column][vc_column width=&#8220;2\/3&#8243; offset=&#8220;vc_hidden-lg vc_hidden-md vc_hidden-sm&#8220;][vc_single_image image=&#8220;28604&#8243; img_size=&#8220;full&#8220;][\/vc_column][\/vc_row][vc_row full_width=&#8220;stretch_row&#8220; equal_height=&#8220;yes&#8220; content_placement=&#8220;middle&#8220; el_class=&#8220;mb0 story-skin-white&#8220;][vc_column width=&#8220;2\/3&#8243; offset=&#8220;vc_hidden-xs&#8220;][vc_single_image image=&#8220;17689&#8243; img_size=&#8220;full&#8220;][\/vc_column][vc_column width=&#8220;1\/3&#8243; el_class=&#8220;story-skin-white&#8220;][vc_raw_html 0=&#8220;&#8220; el_class=&#8220;mobileSquareBlock&#8220;]JTNDcCUzRSUzQ3NwYW4lMjBjbGFzcyUzRCUyMnN1YnRpdGxlLWJveCUyMiUzRVNtdWtmZXN0JTNDJTJGc3Ryb25nJTNFJTNDJTJGcCUzRSUwQSUzQ3AlM0UlMEFFaW5lJTIwZ3JvJUMzJTlGZSUyME9yZ2FuaXNhdGlvbiUyMGRpZSUyMGh1bmRlcnRwcm96ZW50aWclMjB2b20lMjBTa2FuZGVyYm9yZyUyMEZlc3RpdmFsY2x1YiUyMGltJTIwQmVzaXR6JTIwaXN0JTIwdW5kJTIwdSVDQyU4OGJlciUyMDE0LjAwMCUyMHN0aW1tYmVyZWNodGlndGUlMjBNaXRnbGllZGVyJTIwZW50aCVDMyVBNGx0JTIwLiUwQSUzQ2JyJTJGJTNFJTBBVGF1c2VuZGUlMjB2b24lMjBGcmVpd2lsbGlnZW4lMkMlMjBkaWUlMjBtaXQlMjBncm8lQzMlOUZlciUyMExlaWRlbnNjaGFmdCUyMHVuZCUyMEJlZ2Vpc3RlcnVuZyUyMHByb2ZpdGxvcyUyMGRpZSUyMFNrYW5kZXJib3JnJTIwRmVzdGl2YWwlMjBvcmdhbmlzaWVyZW4lMjB1bmQlMjBsZWl0ZW4uJTBBJTNDJTJGcCUzRQ==[\/vc_raw_html][\/vc_column][vc_column width=&#8220;2\/3&#8243; offset=&#8220;vc_hidden-lg vc_hidden-md vc_hidden-sm&#8220;][vc_single_image image=&#8220;28608&#8243; img_size=&#8220;full&#8220;][\/vc_column][\/vc_row][vc_row full_width=&#8220;stretch_row&#8220; equal_height=&#8220;yes&#8220; content_placement=&#8220;middle&#8220; el_class=&#8220;mb0 story-skin-white&#8220;][vc_column width=&#8220;1\/3&#8243; el_class=&#8220;story-skin-white&#8220;][vc_raw_html 0=&#8220;&#8220; el_class=&#8220;mobileSquareBlock&#8220;]JTNDcCUzRSUzQ3NwYW4lMjBjbGFzcyUzRCUyMnN1YnRpdGxlLWJveCUyMiUzRUclQzMlODRTVEUlM0MlMkZzcGFuJTNFJTNDJTJGcCUzRSUwQSUwQSUzQ3AlM0UlMEFEaWUlMjBOYWNoZnJhZ2UlMjBhbiUyMGRpZSUyMEthcnRlbiUyMHN0ZWlndCUyMGplZGVzJTIwSmFociUyMGltbWVyJTIwbWVoci4lMjBFaW4lMjBNb25hdCUyMHZvciUyMGRlciUyMFZlcmFuc3RhbHR1bmclMjBzaW5kJTIwYmVyZWl0cyUyMGFsbGUlMjBUaWNrZXRzJTIwYXVzdmVya2F1ZnQlMkMlMjBlYmVuc28lMjB3aWUlMjBkaWUlMjBSZXNlcnZpZXJ1bmdlbiUyMGRlciUyMFRlbnRob3VzZS1aZWx0ZS4lMjBJbm5lcmhhbGIlMjB3ZW5pZ2VyJTIwVGFnZSUyMHNpbmQlMjBkaWUlMjBSZXNlcnZpZXJ1bmdlbiUyMGF1c2dlYnVjaHQlMkMlMjBhdWZncnVuZCUyMGRlcyUyMGJlc2NociVDMyVBNG5rdGVuJTIwS29udGluZ2VudHMlMjB1bmQlMjBkZXIlMjBCZWxpZWJ0aGVpdC4lMEElM0MlMkZwJTNF[\/vc_raw_html][\/vc_column][vc_column width=&#8220;2\/3&#8243; offset=&#8220;vc_hidden-xs&#8220;][vc_single_image image=&#8220;17693&#8243; img_size=&#8220;full&#8220;][\/vc_column][vc_column width=&#8220;2\/3&#8243; offset=&#8220;vc_hidden-lg vc_hidden-md vc_hidden-sm&#8220;][vc_single_image image=&#8220;28612&#8243; img_size=&#8220;full&#8220;][\/vc_column][\/vc_row][vc_row full_width=&#8220;stretch_row_content_no_spaces&#8220; equal_height=&#8220;yes&#8220; content_placement=&#8220;middle&#8220; el_class=&#8220;mb0 story-skin-white&#8220;][vc_column width=&#8220;1\/3&#8243;][vc_single_image image=&#8220;17697&#8243; img_size=&#8220;full&#8220;][\/vc_column][vc_column width=&#8220;1\/3&#8243; el_class=&#8220;story-skin-white&#8220;][vc_raw_html 0=&#8220;&#8220; el_class=&#8220;mobileSquareBlock&#8220;]JTNDcCUzRSUzQ3NwYW4lMjBjbGFzcyUzRCUyMnN1YnRpdGxlLWJveCUyMiUzRVNJQ0hFUkhFSVQlM0MlMkZzdHJvbmclM0UlM0MlMkZwJTNFJTBBJTNDcCUzRSUwQUF1Y2glMjBkaWUlMjBTaWNoZXJoZWl0c29yZ2FuaXNhdGlvbiUyMGlzdCUyMGF1ZiUyMGZyZWl3aWxsaWdlciUyMEJhc2lzLiUwQSUzQ2JyJTJGJTNFJTBBU2VociUyMHByb2Zlc3Npb25lbGxlcyUyMFBlcnNvbmFsJTJDJTIwZGllJTIwbWl0JTIwZWluZW0lMjBMJUMzJUE0Y2hlbG4lMjBkaWUlMjBTaWNoZXJoZWl0JTIwYWxsZXIlMjBHJUMzJUE0c3RlJTIwYmVzY2hhZmZlbi4lMjBEaWUlMjBkdXJjaCUyMFNlcmlvc2l0JUMzJUE0dCUyMHVuZCUyMER1cmNoc2V0enVuZ3N2ZXJtJUMzJUI2Z2VuJTIwYWxsZSUyMFZvcnNjaHJpZnRlbiUyMHVuZCUyMGRlcmVuJTIwVmVyaGFsdGVuc3JlZ2VsbiUyMHVtc2V0emVuJTJDJTIwc293aWUlMjBlaW5lJTIwc3RyZW5nZSUyMEFsa29ob2xwb2xpdGlrJTIwdmVybGVpaGVuLiUwQSUzQyUyRnAlM0U=[\/vc_raw_html][\/vc_column][vc_column width=&#8220;1\/3&#8243;][vc_single_image image=&#8220;17701&#8243; img_size=&#8220;full&#8220;][\/vc_column][\/vc_row][vc_row full_width=&#8220;stretch_row&#8220; equal_height=&#8220;yes&#8220; content_placement=&#8220;middle&#8220; el_class=&#8220;mb0 story-skin-white&#8220;][vc_column width=&#8220;2\/3&#8243; offset=&#8220;vc_hidden-xs&#8220;][vc_single_image image=&#8220;17705&#8243; img_size=&#8220;full&#8220;][\/vc_column][vc_column width=&#8220;1\/3&#8243;][vc_single_image image=&#8220;17709&#8243; img_size=&#8220;full&#8220;][\/vc_column][vc_column width=&#8220;2\/3&#8243; offset=&#8220;vc_hidden-lg vc_hidden-md vc_hidden-sm&#8220;][vc_single_image image=&#8220;28616&#8243; img_size=&#8220;full&#8220;][\/vc_column][\/vc_row]<\/p>\n","protected":false},"excerpt":{"rendered":"<p>[vc_row full_width=&#8220;stretch_row&#8220; equal_height=&#8220;yes&#8220; el_class=&#8220;mb0 story-skin-white&#8220;][vc_column width=&#8220;2\/3&#8243;][vc_raw_html el_class=&#8220;p0bottom btop mobileSquareBlock&#8220;]JTNDaDElMjBzdHlsZSUzRCUyMmZvbnQtc2l6ZSUzQSUyMDQwcHglM0IlMjIlM0VURU5USE9VU0UlM0MlMkZoMSUzRSUwQSUwQSUzQ3AlM0UlMEFUZW50aG91c2UlMjBpc3QlMjBlaW5lJTIwc3BlemllbGxlJTIwRGFjaHplbHQtVmVyc2lvbiUyMGRpZSUyMHZvbiUyMEF1dG9ob21lJTIwaW4lMjBadXNhbW1lbmFyYmVpdCUyMG1pdCUyMGRlbiUyME1pdGFyYmVpdGVybiUyMGRlcyUyMFNtdWtmZXN0cyUyMGVudHN0YW5kZW4lMjBpc3QuJTIwRGFzJTIwUHVibGlrdW0lMjBzb2xsJTIwdyVDMyVBNGhyZW5kJTIwZGVyJTIwYmVydSVDQyU4OGhtdGVuJTIwQmllcmZlc3R0YWdlJTIwZGllJTIwamVkZXMlMjBKYWhyJTIwaW4lMjBEJUMzJUE0bmVtYXJrJTIwU2thbmRlbmJvcmclMjBzdGF0dGZpbmRlbiUyQyUyMGVpbmVuJTIwYmVxdWVtZW4lMjBTY2hsYWZwbGF0eiUyMHZvcmZpbmRlbiUyMGslQzMlQjZubmVuLiUwQSUzQyUyRnAlM0UlMEElM0NhJTIwY2xhc3MlM0QlMjJsaW5rbW9yZSUyMiUyMGhyZWYlM0QlMjIlMkZkZSUyRmdhbGxlcnklMkZzbXVrZmVzdC1nYWxsZXJ5JTJGJTIyJTNFTU9SRSUyMFNNVUtGRVNUJTIwR0FMTEVSWSUzQyUyRmElM0U=[\/vc_raw_html][\/vc_column][vc_column width=&#8220;1\/3&#8243;][vc_single_image image=&#8220;17673&#8243; img_size=&#8220;full&#8220; onclick=&#8220;custom_link&#8220; link=&#8220;https:\/\/www.smukfest.dk\/&#8220;][\/vc_column][\/vc_row][vc_row full_width=&#8220;stretch_row&#8220; equal_height=&#8220;yes&#8220; content_placement=&#8220;middle&#8220; el_class=&#8220;mb0 story-skin-white&#8220;][vc_column width=&#8220;2\/3&#8243; offset=&#8220;vc_hidden-xs&#8220;][vc_single_image image=&#8220;17681&#8243; img_size=&#8220;full&#8220;][\/vc_column][vc_column width=&#8220;1\/3&#8243; el_class=&#8220;story-skin-white&#8220;][vc_raw_html 0=&#8220;&#8220;<span class=\"excerpt-hellip\"> [\u2026]<\/span><\/p>\n","protected":false},"author":2,"featured_media":53772,"parent":8682,"menu_order":0,"comment_status":"closed","ping_status":"closed","template":"template-experience.php","meta":[],"yoast_head":"<!-- This site is optimized with the Yoast SEO Premium plugin v18.6 (Yoast SEO v19.2) - https:\/\/yoast.com\/wordpress\/plugins\/seo\/ -->\n<title>SmukFest TentHouse-Autohome<\/title>\n<meta name=\"description\" content=\"Tenthouse ist eine Sonderanfertigung eines Autohome-Autodachzeltes in Zusammenarbeit mit dem ber\u00fchmten SMUKFEST Bierfestival in Skanderborg\/D\u00e4nemark, um den Publikum w\u00e4hrend des Festivals eine Schlafm\u00f6glichkeit bieten zu k\u00f6nnen.\" \/>\n<meta name=\"robots\" content=\"noindex, follow, max-snippet:-1, max-image-preview:large, max-video-preview:-1\" \/>\n<meta property=\"og:locale\" content=\"de_DE\" \/>\n<meta property=\"og:type\" content=\"article\" \/>\n<meta property=\"og:title\" content=\"SmukFest\" \/>\n<meta property=\"og:description\" content=\"Tenthouse ist eine Sonderanfertigung eines Autohome-Autodachzeltes in Zusammenarbeit mit dem ber\u00fchmten SMUKFEST Bierfestival in Skanderborg\/D\u00e4nemark, um den Publikum w\u00e4hrend des Festivals eine Schlafm\u00f6glichkeit bieten zu k\u00f6nnen.\" \/>\n<meta property=\"og:url\" content=\"https:\/\/dev.autohome-official.com\/de\/experience\/smukfest\/\" \/>\n<meta property=\"og:site_name\" content=\"Autohome\" \/>\n<meta property=\"article:publisher\" content=\"https:\/\/www.facebook.com\/Autohome.Official.Page\" \/>\n<meta property=\"article:modified_time\" content=\"2022-02-02T12:59:07+00:00\" \/>\n<meta property=\"og:image\" content=\"https:\/\/dev.autohome-official.com\/wp-content\/uploads\/2021\/01\/SmukFest-Autohome-Official.jpg\" \/>\n\t<meta property=\"og:image:width\" content=\"800\" \/>\n\t<meta property=\"og:image:height\" content=\"533\" \/>\n\t<meta property=\"og:image:type\" content=\"image\/jpeg\" \/>\n<meta name=\"author\" content=\"Valentina Daina\" \/>\n<meta name=\"twitter:card\" content=\"summary\" \/>\n<meta name=\"twitter:label1\" content=\"Gesch\u00e4tzte Lesezeit\" \/>\n\t<meta name=\"twitter:data1\" content=\"4 Minuten\" \/>\n<script type=\"application\/ld+json\" class=\"yoast-schema-graph\">{\"@context\":\"https:\/\/schema.org\",\"@graph\":[{\"@type\":\"Organization\",\"@id\":\"https:\/\/dev.autohome-official.com\/#organization\",\"name\":\"Autohome\",\"url\":\"https:\/\/dev.autohome-official.com\/\",\"sameAs\":[\"https:\/\/www.instagram.com\/autohome_official\/\",\"http:\/\/www.youtube.com\/user\/AutohomeOfficial\",\"https:\/\/www.facebook.com\/Autohome.Official.Page\"],\"logo\":{\"@type\":\"ImageObject\",\"inLanguage\":\"de-DE\",\"@id\":\"https:\/\/dev.autohome-official.com\/#\/schema\/logo\/image\/\",\"url\":\"https:\/\/dev.autohome-official.com\/wp-content\/uploads\/2016\/10\/logo.png\",\"contentUrl\":\"https:\/\/dev.autohome-official.com\/wp-content\/uploads\/2016\/10\/logo.png\",\"width\":295,\"height\":80,\"caption\":\"Autohome\"},\"image\":{\"@id\":\"https:\/\/dev.autohome-official.com\/#\/schema\/logo\/image\/\"}},{\"@type\":\"WebSite\",\"@id\":\"https:\/\/dev.autohome-official.com\/#website\",\"url\":\"https:\/\/dev.autohome-official.com\/\",\"name\":\"Autohome\",\"description\":\"dachzelt  - roof top tents Made in Italy\",\"publisher\":{\"@id\":\"https:\/\/dev.autohome-official.com\/#organization\"},\"potentialAction\":[{\"@type\":\"SearchAction\",\"target\":{\"@type\":\"EntryPoint\",\"urlTemplate\":\"https:\/\/dev.autohome-official.com\/?s={search_term_string}\"},\"query-input\":\"required name=search_term_string\"}],\"inLanguage\":\"de-DE\"},{\"@type\":\"ImageObject\",\"inLanguage\":\"de-DE\",\"@id\":\"https:\/\/dev.autohome-official.com\/de\/experience\/smukfest\/#primaryimage\",\"url\":\"https:\/\/dev.autohome-official.com\/wp-content\/uploads\/2021\/01\/SmukFest-Autohome-Official.jpg\",\"contentUrl\":\"https:\/\/dev.autohome-official.com\/wp-content\/uploads\/2021\/01\/SmukFest-Autohome-Official.jpg\",\"width\":800,\"height\":533,\"caption\":\"SmukFest Autohome Official\"},{\"@type\":\"WebPage\",\"@id\":\"https:\/\/dev.autohome-official.com\/de\/experience\/smukfest\/#webpage\",\"url\":\"https:\/\/dev.autohome-official.com\/de\/experience\/smukfest\/\",\"name\":\"SmukFest TentHouse-Autohome\",\"isPartOf\":{\"@id\":\"https:\/\/dev.autohome-official.com\/#website\"},\"primaryImageOfPage\":{\"@id\":\"https:\/\/dev.autohome-official.com\/de\/experience\/smukfest\/#primaryimage\"},\"datePublished\":\"2017-07-10T21:49:38+00:00\",\"dateModified\":\"2022-02-02T12:59:07+00:00\",\"description\":\"Tenthouse ist eine Sonderanfertigung eines Autohome-Autodachzeltes in Zusammenarbeit mit dem ber\u00fchmten SMUKFEST Bierfestival in Skanderborg\/D\u00e4nemark, um den Publikum w\u00e4hrend des Festivals eine Schlafm\u00f6glichkeit bieten zu k\u00f6nnen.\",\"breadcrumb\":{\"@id\":\"https:\/\/dev.autohome-official.com\/de\/experience\/smukfest\/#breadcrumb\"},\"inLanguage\":\"de-DE\",\"potentialAction\":[{\"@type\":\"ReadAction\",\"target\":[\"https:\/\/dev.autohome-official.com\/de\/experience\/smukfest\/\"]}]},{\"@type\":\"BreadcrumbList\",\"@id\":\"https:\/\/dev.autohome-official.com\/de\/experience\/smukfest\/#breadcrumb\",\"itemListElement\":[{\"@type\":\"ListItem\",\"position\":1,\"name\":\"Home\",\"item\":\"https:\/\/dev.autohome-official.com\/de\/\"},{\"@type\":\"ListItem\",\"position\":2,\"name\":\"Experience\",\"item\":\"https:\/\/dev.autohome-official.com\/de\/experience\/\"},{\"@type\":\"ListItem\",\"position\":3,\"name\":\"SmukFest\"}]}]}<\/script>\n<!-- \/ Yoast SEO Premium plugin. -->","yoast_head_json":{"title":"SmukFest TentHouse-Autohome","description":"Tenthouse ist eine Sonderanfertigung eines Autohome-Autodachzeltes in Zusammenarbeit mit dem ber\u00fchmten SMUKFEST Bierfestival in Skanderborg\/D\u00e4nemark, um den Publikum w\u00e4hrend des Festivals eine Schlafm\u00f6glichkeit bieten zu k\u00f6nnen.","robots":{"index":"noindex","follow":"follow","max-snippet":"max-snippet:-1","max-image-preview":"max-image-preview:large","max-video-preview":"max-video-preview:-1"},"og_locale":"de_DE","og_type":"article","og_title":"SmukFest","og_description":"Tenthouse ist eine Sonderanfertigung eines Autohome-Autodachzeltes in Zusammenarbeit mit dem ber\u00fchmten SMUKFEST Bierfestival in Skanderborg\/D\u00e4nemark, um den Publikum w\u00e4hrend des Festivals eine Schlafm\u00f6glichkeit bieten zu k\u00f6nnen.","og_url":"https:\/\/dev.autohome-official.com\/de\/experience\/smukfest\/","og_site_name":"Autohome","article_publisher":"https:\/\/www.facebook.com\/Autohome.Official.Page","article_modified_time":"2022-02-02T12:59:07+00:00","og_image":[{"width":800,"height":533,"url":"https:\/\/dev.autohome-official.com\/wp-content\/uploads\/2021\/01\/SmukFest-Autohome-Official.jpg","type":"image\/jpeg"}],"author":"Valentina Daina","twitter_card":"summary","twitter_misc":{"Gesch\u00e4tzte Lesezeit":"4 Minuten"},"schema":{"@context":"https:\/\/schema.org","@graph":[{"@type":"Organization","@id":"https:\/\/dev.autohome-official.com\/#organization","name":"Autohome","url":"https:\/\/dev.autohome-official.com\/","sameAs":["https:\/\/www.instagram.com\/autohome_official\/","http:\/\/www.youtube.com\/user\/AutohomeOfficial","https:\/\/www.facebook.com\/Autohome.Official.Page"],"logo":{"@type":"ImageObject","inLanguage":"de-DE","@id":"https:\/\/dev.autohome-official.com\/#\/schema\/logo\/image\/","url":"https:\/\/dev.autohome-official.com\/wp-content\/uploads\/2016\/10\/logo.png","contentUrl":"https:\/\/dev.autohome-official.com\/wp-content\/uploads\/2016\/10\/logo.png","width":295,"height":80,"caption":"Autohome"},"image":{"@id":"https:\/\/dev.autohome-official.com\/#\/schema\/logo\/image\/"}},{"@type":"WebSite","@id":"https:\/\/dev.autohome-official.com\/#website","url":"https:\/\/dev.autohome-official.com\/","name":"Autohome","description":"dachzelt  - roof top tents Made in Italy","publisher":{"@id":"https:\/\/dev.autohome-official.com\/#organization"},"potentialAction":[{"@type":"SearchAction","target":{"@type":"EntryPoint","urlTemplate":"https:\/\/dev.autohome-official.com\/?s={search_term_string}"},"query-input":"required name=search_term_string"}],"inLanguage":"de-DE"},{"@type":"ImageObject","inLanguage":"de-DE","@id":"https:\/\/dev.autohome-official.com\/de\/experience\/smukfest\/#primaryimage","url":"https:\/\/dev.autohome-official.com\/wp-content\/uploads\/2021\/01\/SmukFest-Autohome-Official.jpg","contentUrl":"https:\/\/dev.autohome-official.com\/wp-content\/uploads\/2021\/01\/SmukFest-Autohome-Official.jpg","width":800,"height":533,"caption":"SmukFest Autohome Official"},{"@type":"WebPage","@id":"https:\/\/dev.autohome-official.com\/de\/experience\/smukfest\/#webpage","url":"https:\/\/dev.autohome-official.com\/de\/experience\/smukfest\/","name":"SmukFest TentHouse-Autohome","isPartOf":{"@id":"https:\/\/dev.autohome-official.com\/#website"},"primaryImageOfPage":{"@id":"https:\/\/dev.autohome-official.com\/de\/experience\/smukfest\/#primaryimage"},"datePublished":"2017-07-10T21:49:38+00:00","dateModified":"2022-02-02T12:59:07+00:00","description":"Tenthouse ist eine Sonderanfertigung eines Autohome-Autodachzeltes in Zusammenarbeit mit dem ber\u00fchmten SMUKFEST Bierfestival in Skanderborg\/D\u00e4nemark, um den Publikum w\u00e4hrend des Festivals eine Schlafm\u00f6glichkeit bieten zu k\u00f6nnen.","breadcrumb":{"@id":"https:\/\/dev.autohome-official.com\/de\/experience\/smukfest\/#breadcrumb"},"inLanguage":"de-DE","potentialAction":[{"@type":"ReadAction","target":["https:\/\/dev.autohome-official.com\/de\/experience\/smukfest\/"]}]},{"@type":"BreadcrumbList","@id":"https:\/\/dev.autohome-official.com\/de\/experience\/smukfest\/#breadcrumb","itemListElement":[{"@type":"ListItem","position":1,"name":"Home","item":"https:\/\/dev.autohome-official.com\/de\/"},{"@type":"ListItem","position":2,"name":"Experience","item":"https:\/\/dev.autohome-official.com\/de\/experience\/"},{"@type":"ListItem","position":3,"name":"SmukFest"}]}]}},"_links":{"self":[{"href":"https:\/\/dev.autohome-official.com\/de\/wp-json\/wp\/v2\/pages\/17670"}],"collection":[{"href":"https:\/\/dev.autohome-official.com\/de\/wp-json\/wp\/v2\/pages"}],"about":[{"href":"https:\/\/dev.autohome-official.com\/de\/wp-json\/wp\/v2\/types\/page"}],"author":[{"embeddable":true,"href":"https:\/\/dev.autohome-official.com\/de\/wp-json\/wp\/v2\/users\/2"}],"replies":[{"embeddable":true,"href":"https:\/\/dev.autohome-official.com\/de\/wp-json\/wp\/v2\/comments?post=17670"}],"version-history":[{"count":2,"href":"https:\/\/dev.autohome-official.com\/de\/wp-json\/wp\/v2\/pages\/17670\/revisions"}],"predecessor-version":[{"id":61595,"href":"https:\/\/dev.autohome-official.com\/de\/wp-json\/wp\/v2\/pages\/17670\/revisions\/61595"}],"up":[{"embeddable":true,"href":"https:\/\/dev.autohome-official.com\/de\/wp-json\/wp\/v2\/pages\/8682"}],"wp:featuredmedia":[{"embeddable":true,"href":"https:\/\/dev.autohome-official.com\/de\/wp-json\/wp\/v2\/media\/53772"}],"wp:attachment":[{"href":"https:\/\/dev.autohome-official.com\/de\/wp-json\/wp\/v2\/media?parent=17670"}],"curies":[{"name":"wp","href":"https:\/\/api.w.org\/{rel}","templated":true}]}}