{"id":10819,"date":"2016-09-16T15:32:30","date_gmt":"2016-09-16T13:32:30","guid":{"rendered":"https:\/\/dev.autohome-official.com\/de\/catalogo\/"},"modified":"2022-04-01T10:34:18","modified_gmt":"2022-04-01T08:34:18","slug":"katalog-2-2","status":"publish","type":"page","link":"https:\/\/dev.autohome-official.com\/de\/katalog-2-2\/","title":{"rendered":"KATALOG"},"content":{"rendered":"<p>[vc_row el_class=&#8220;mb0 story-skin-white&#8220; css=&#8220;.vc_custom_1480350526264{padding-top: 72px !important;}&#8220;][vc_column]<div class=\"breadcrumb-wrapper\"><ul class=\"breadcrumbs no-link\"><li><a href=\"https:\/\/dev.autohome-official.com\/de\/\">Startseite<\/a> <span><i class=\"icon-right-open\"><\/i><\/span><\/li><li><a href=\"https:\/\/dev.autohome-official.com:443\/de\/wp-json\/wp\/v2\/pages\/10819\/\"><\/a><\/li><\/ul><\/div>[\/vc_column][vc_column][vc_empty_space height=&#8220;30px&#8220; el_class=&#8220;autohome_mobile_hide&#8220;][\/vc_column][\/vc_row][vc_row el_class=&#8220;story-skin-white&#8220;][vc_column][vc_tta_tabs style=&#8220;flat&#8220; shape=&#8220;square&#8220; color=&#8220;white&#8220; gap=&#8220;1&#8243; active_section=&#8220;1&#8243; no_fill_content_area=&#8220;true&#8220; el_class=&#8220;product-page maggiolina-airlander&#8220;][vc_tta_section title=&#8220;KATALOG DURCHBL\u00c4TTERN&#8220; tab_id=&#8220;1512634874426-79862bd5-a2bd&#8220;][vc_row_inner][vc_column_inner offset=&#8220;vc_hidden-sm vc_hidden-xs&#8220;][vc_empty_space height=&#8220;30px&#8220;][\/vc_column_inner][vc_column_inner][vc_raw_html]JTNDaDElMjBzdHlsZSUzRCUyMmZvbnQtc2l6ZSUzQSUyMDQwcHglM0IlMjIlM0VBVVRPSE9NRSUyME9GRklaSUVMTEVSJTIwS0FUQUxPRyUyMDIwMjElMkYyMDIyJTNDJTJGaDElM0U=[\/vc_raw_html][\/vc_column_inner][vc_column_inner][vc_empty_space height=&#8220;15px&#8220;][\/vc_column_inner][vc_column_inner el_class=&#8220;mobilePaddingSide&#8220; width=&#8220;1\/3&#8243;][vc_single_image image=&#8220;39767&#8243; img_size=&#8220;full&#8220; alignment=&#8220;center&#8220; el_class=&#8220;autoWidth Catalog2019DE&#8220;][\/vc_column_inner][vc_column_inner el_class=&#8220;mobilePaddingSide&#8220; width=&#8220;2\/3&#8243;][vc_column_text]Der Katalog beinhaltet ausf\u00fchrlche Informationen und reichlich Bilder.<br \/>\nBereits beim Durchbl\u00e4ttern beginnt Dein Urlaub &#8211; ein kurzer Wochenendtrip oder die anspruchsvollste Abenteuerreise.<\/p>\n<p>&nbsp;<\/p>\n<p>&nbsp;<\/p>\n<p>&nbsp;<\/p>\n<h5><a class=\"Catalog2020DE\" rel=\"noopener noreferrer\">ONLINE-KATALOG DURCHLBL\u00c4TTERN<\/a><\/h5>\n<h5><a id=\"download-catalogo\" class=\"catalogDown\" href=\"https:\/\/dev.autohome-official.com\/wp-content\/uploads\/2021\/09\/CATALOGOAUTOHOMEDE2021.pdf\" rel=\"noopener noreferrer\" download=\"https:\/\/dev.autohome-official.com\/wp-content\/uploads\/2021\/09\/CATALOGOAUTOHOMEDE2021.pdf\">PDF HERUNTERLADEN [15,5MB]<\/a><\/h5>\n<p>[\/vc_column_text][\/vc_column_inner][vc_column_inner offset=&#8220;vc_hidden-sm vc_hidden-xs&#8220;][vc_empty_space height=&#8220;30px&#8220;][\/vc_column_inner][vc_column_inner offset=&#8220;vc_hidden-lg vc_hidden-md vc_hidden-sm vc_hidden-xs&#8220;][vc_raw_html]JTVCcmVhbDNkZmxpcGJvb2slMjBpZCUzRCUyNzQlMjclNUQlMEElNUJyZWFsM2RmbGlwYm9vayUyMGlkJTNEJTI3MTclMjclNUQ=[\/vc_raw_html][\/vc_column_inner][\/vc_row_inner][\/vc_tta_section][vc_tta_section title=&#8220;PREISELISTE DURCHBL\u00c4TTERN&#8220; tab_id=&#8220;1562082102077-82879a89-4fb3&#8243;][vc_row_inner][vc_column_inner offset=&#8220;vc_hidden-sm vc_hidden-xs&#8220;][vc_empty_space height=&#8220;30px&#8220;][\/vc_column_inner][vc_column_inner][vc_raw_html]JTNDaDElMjBzdHlsZSUzRCUyMmZvbnQtc2l6ZSUzQSUyMDQwcHglM0IlMjIlM0VBVVRPSE9NRSUyME9GRklaSUVMTEVSJTIwUFJFSVNFTElTVEUlMjAyMDIxJTNDJTJGaDElM0U=[\/vc_raw_html][\/vc_column_inner][vc_column_inner][vc_empty_space height=&#8220;15px&#8220;][\/vc_column_inner][vc_column_inner el_class=&#8220;mobilePaddingSide&#8220; width=&#8220;1\/3&#8243;][vc_single_image image=&#8220;62421&#8243; img_size=&#8220;full&#8220; alignment=&#8220;center&#8220; el_class=&#8220;autoWidth&#8220;][\/vc_column_inner][vc_column_inner el_class=&#8220;mobilePaddingSide&#8220; width=&#8220;2\/3&#8243;][vc_column_text]<\/p>\n<h5><a class=\"Pricelist2021DE\" rel=\"noopener noreferrer\">ONLINE-PREISELISTE DURCHBL\u00c4TTERN<\/a><\/h5>\n<h5><a class=\"catalogDown\" href=\"https:\/\/dev.autohome-official.com\/wp-content\/uploads\/2021\/10\/Pricelist102021DE.pdf\" target=\"_blank\" rel=\"noopener noreferrer\" download=\"https:\/\/dev.autohome-official.com\/wp-content\/uploads\/2021\/10\/Pricelist102021DE.pdf\">DOWNLOAD PDF [6 MB]<\/a><\/h5>\n<p>[\/vc_column_text][\/vc_column_inner][vc_column_inner offset=&#8220;vc_hidden-sm vc_hidden-xs&#8220;][vc_empty_space height=&#8220;30px&#8220;][\/vc_column_inner][\/vc_row_inner][\/vc_tta_section][vc_tta_section title=&#8220;GRATIS KATALOG ANFORDEN&#8220; tab_id=&#8220;1512634874489-7b96ca7a-ef38&#8243;][vc_row_inner][vc_column_inner offset=&#8220;vc_hidden-sm vc_hidden-xs&#8220;][vc_empty_space height=&#8220;30px&#8220;][\/vc_column_inner][vc_column_inner][vc_raw_html]JTNDaDElMjBzdHlsZSUzRCUyMmZvbnQtc2l6ZSUzQSUyMDQwcHglM0IlMjIlM0VHUkFUSVMlMjBLQVRBTE9HJTIwT05MSU5FJTIwQkVTVEVMTEVOJTNDJTJGaDElM0U=[\/vc_raw_html][\/vc_column_inner][vc_column_inner][vc_empty_space height=&#8220;15px&#8220;][\/vc_column_inner][vc_column_inner width=&#8220;3\/4&#8243;][vc_column_text]<div role=\"form\" class=\"wpcf7\" id=\"wpcf7-f10818-o1\" lang=\"it-IT\" dir=\"ltr\">\n<div class=\"screen-reader-response\"><p role=\"status\" aria-live=\"polite\" aria-atomic=\"true\"><\/p> <ul><\/ul><\/div>\n<form action=\"\/de\/wp-json\/wp\/v2\/pages\/10819\/#wpcf7-f10818-o1\" method=\"post\" class=\"wpcf7-form init wpcf7-acceptance-as-validation\" novalidate=\"novalidate\" data-status=\"init\">\n<div style=\"display: none;\">\n<input type=\"hidden\" name=\"_wpcf7\" value=\"10818\" \/>\n<input type=\"hidden\" name=\"_wpcf7_version\" value=\"5.6\" \/>\n<input type=\"hidden\" name=\"_wpcf7_locale\" value=\"it_IT\" \/>\n<input type=\"hidden\" name=\"_wpcf7_unit_tag\" value=\"wpcf7-f10818-o1\" \/>\n<input type=\"hidden\" name=\"_wpcf7_container_post\" value=\"0\" \/>\n<input type=\"hidden\" name=\"_wpcf7_posted_data_hash\" value=\"\" \/>\n<input type=\"hidden\" name=\"_wpcf7cf_hidden_group_fields\" value=\"[]\" \/>\n<input type=\"hidden\" name=\"_wpcf7cf_hidden_groups\" value=\"[]\" \/>\n<input type=\"hidden\" name=\"_wpcf7cf_visible_groups\" value=\"[]\" \/>\n<input type=\"hidden\" name=\"_wpcf7cf_repeaters\" value=\"[]\" \/>\n<input type=\"hidden\" name=\"_wpcf7cf_steps\" value=\"{}\" \/>\n<input type=\"hidden\" name=\"_wpcf7cf_options\" value=\"{&quot;form_id&quot;:10818,&quot;conditions&quot;:[],&quot;settings&quot;:{&quot;animation&quot;:&quot;yes&quot;,&quot;animation_intime&quot;:200,&quot;animation_outtime&quot;:200,&quot;conditions_ui&quot;:&quot;normal&quot;,&quot;notice_dismissed&quot;:false}}\" \/>\n<\/div>\n<link rel=\"stylesheet\" href=\"https:\/\/dev.autohome-official.com\/wp-content\/plugins\/pdf-forms-for-contact-form-7\/css\/frontend.css\" \/><script type=\"text\/javascript\" src=\"https:\/\/dev.autohome-official.com\/wp-content\/plugins\/pdf-forms-for-contact-form-7\/js\/frontend.js?ver=2.2.5\"><\/script><div class=\"uacf7-form-wrapper-container uacf7-form-10818  \">\n<div class=\"vc_row-flex\">\n<div class=\"vc_col-sm-10\">\n<br>F\u00fclle folgende Felder aus um die Preisliste und den Katalog gratis zu erhalten.<br><br><\/div>\n<\/div>\n<div class=\"vc_row-flex\">\n<div class=\"vc_col-sm-4\"><label for=\"ctrl-your-email\">E-Mail-Adresse<\/label><\/div>\n<div class=\"vc_col-sm-8\"><span class=\"wpcf7-form-control-wrap\" data-name=\"your-email\"><input type=\"email\" name=\"your-email\" value=\"\" size=\"40\" class=\"wpcf7-form-control wpcf7-text wpcf7-email wpcf7-validates-as-required wpcf7-validates-as-email\" id=\"ctrl-your-email\" aria-required=\"true\" aria-invalid=\"false\" placeholder=\"*\" \/><\/span><\/div>\n<\/div>\n<div class=\"vc_row-flex\">\n<div class=\"vc_col-sm-4\"><label for=\"ctrl-your-first-name\">Namen*<\/label><\/div>\n<div class=\"vc_col-sm-8\"><span class=\"wpcf7-form-control-wrap\" data-name=\"your-first-name\"><input type=\"text\" name=\"your-first-name\" value=\"\" size=\"40\" class=\"wpcf7-form-control wpcf7-text wpcf7-validates-as-required\" id=\"ctrl-your-first-name\" aria-required=\"true\" aria-invalid=\"false\" placeholder=\"*\" \/><\/span><\/div>\n<\/div>\n<div class=\"vc_row-flex\">\n<div class=\"vc_col-sm-4\"><label for=\"ctrl-your-last-name\">Vorname*<\/label><\/div>\n<div class=\"vc_col-sm-8\"><span class=\"wpcf7-form-control-wrap\" data-name=\"your-last-name\"><input type=\"text\" name=\"your-last-name\" value=\"\" size=\"40\" class=\"wpcf7-form-control wpcf7-text wpcf7-validates-as-required\" id=\"ctrl-your-last-name\" aria-required=\"true\" aria-invalid=\"false\" placeholder=\"*\" \/><\/span><\/div>\n<\/div>\n<div class=\"vc_row-flex\">\n<div class=\"vc_col-sm-4\"><label for=\"ctrl-your-address\">Adresse*<\/label><\/div>\n<div class=\"vc_col-sm-8\"><span class=\"wpcf7-form-control-wrap\" data-name=\"your-address\"><input type=\"text\" name=\"your-address\" value=\"\" size=\"40\" class=\"wpcf7-form-control wpcf7-text wpcf7-validates-as-required\" id=\"ctrl-your-address\" aria-required=\"true\" aria-invalid=\"false\" placeholder=\"*\" \/><\/span><\/div>\n<\/div>\n<div class=\"vc_row-flex\">\n<div class=\"vc_col-sm-4\"><label for=\"ctrl-your-cap\">Postleitzahl*<\/label><\/div>\n<div class=\"vc_col-sm-8\"><span class=\"wpcf7-form-control-wrap\" data-name=\"your-cap\"><input type=\"text\" name=\"your-cap\" value=\"\" size=\"40\" class=\"wpcf7-form-control wpcf7-text wpcf7-validates-as-required\" id=\"ctrl-your-cap\" aria-required=\"true\" aria-invalid=\"false\" placeholder=\"*\" \/><\/span><\/div>\n<\/div>\n<div class=\"vc_row-flex\">\n<div class=\"vc_col-sm-4\"><label for=\"ctrl-your-town\">Stadt*<\/label><\/div>\n<div class=\"vc_col-sm-8\"><span class=\"wpcf7-form-control-wrap\" data-name=\"your-town\"><input type=\"text\" name=\"your-town\" value=\"\" size=\"40\" class=\"wpcf7-form-control wpcf7-text wpcf7-validates-as-required\" id=\"ctrl-your-town\" aria-required=\"true\" aria-invalid=\"false\" placeholder=\"*\" \/><\/span><\/div>\n<\/div>\n<div class=\"vc_row-flex\">\n<div class=\"vc_col-sm-4\"><label for=\"ctrl-your-country\">Land*<\/label><\/div>\n<div class=\"vc_col-sm-8\"><span class=\"wpcf7-form-control-wrap\" data-name=\"your-country\"><input type=\"text\" name=\"your-country\" value=\"\" size=\"40\" class=\"wpcf7-form-control wpcf7-text wpcf7-validates-as-required\" id=\"ctrl-your-country\" aria-required=\"true\" aria-invalid=\"false\" placeholder=\"*\" \/><\/span><\/div>\n<\/div>\n<div class=\"vc_row-flex\">\n<div class=\"vc_col-sm-4\"><label for=\"ctrl-your-phone\">Telefon<\/label><\/div>\n<div class=\"vc_col-sm-8\"><span class=\"wpcf7-form-control-wrap\" data-name=\"your-phone\"><input type=\"tel\" name=\"your-phone\" value=\"\" size=\"40\" class=\"wpcf7-form-control wpcf7-text wpcf7-tel wpcf7-validates-as-tel\" id=\"ctrl-your-phone\" aria-invalid=\"false\" \/><\/span><\/div>\n<\/div>\n<div class=\"vc_row-flex\">\n<div class=\"vc_col-sm-4\"><label for=\"ctrl-your-website\">Webseite<\/label><\/div>\n<div class=\"vc_col-sm-8\"><span class=\"wpcf7-form-control-wrap\" data-name=\"your-website\"><input type=\"url\" name=\"your-website\" value=\"\" size=\"40\" class=\"wpcf7-form-control wpcf7-text wpcf7-url wpcf7-validates-as-url\" id=\"ctrl-your-website\" aria-invalid=\"false\" \/><\/span><\/div>\n<\/div>\n<div class=\"vc_row-flex\">\n<div class=\"vc_col-sm-12\"><i>Alle Felder mit * m\u00fcssen ausgef\u00fcllt werden.<\/i><\/div>\n<\/div>\n<p>&nbsp;<\/p>\n<p>&nbsp;<\/p>\n<hr\/>\n<p>&nbsp;<\/p>\n<div class=\"vc_row-flex\">\n<div class=\"vc_col-sm-12\">\n<p>Datenschutzerkl\u00e4rung: Nach Ma\u00dfgabe des Gesetzesdekrets Nr. 196\/03 werden die erhobenen Daten ausschlie\u00dflich verwendet, um \u00fcber Aktivit\u00e4ten und Initiativen der Autohome zu informieren und werden nicht an Dritte weitergegeben werden. Die \u00dcbermittlung der Daten ist optional, jedoch k\u00f6nnen ohne sie nicht die gew\u00fcnschten Dienste erbracht werden. Der Betroffene kann das Recht gem\u00e4\u00df Art. 7 Gesetzesdekret Nr. 196\/03 anwenden. Verantwortlich im Sinne des Datenschutzgesetzes ist Autohome \u2013 Viale Risorgimento Nr. 23 \u2013 I - 46017 Rivarolo Mantovano (Mantova) \u2013 Italy.\n<\/p>\n<\/div>\n<\/div>\n<div class=\"vc_row-flex\">\n<div class=\"vc_col-sm-1\"><span class=\"wpcf7-form-control-wrap\" data-name=\"acceptance\"><span class=\"wpcf7-form-control wpcf7-acceptance\"><span class=\"wpcf7-list-item\"><input type=\"checkbox\" name=\"acceptance\" value=\"1\" aria-invalid=\"false\" class=\"tip-on-right\" id=\"ctrl-acceptance\" \/><\/span><\/span><\/span><\/div>\n<div class=\"vc_col-sm-11\"><label for=\"ctrl-acceptance\"> Ich stimme der Datenverarbeitung zu und erm\u00e4chtige Zifer Italia s.r.l. meine Daten dem H\u00e4ndler in meiner Region zu geben sodass er Verbindung mit mir aufnehmen kann.*<\/label><\/div>\n<\/div>\n<p>&nbsp;<\/p>\n<div class=\"vc_row-flex\">\n<div class=\"vc_col-sm-12\">\n<\/div>\n<\/div>\n<p>&nbsp;<\/p>\n<p><span id=\"wpcf7-69e04fae2e729-wrapper\" class=\"wpcf7-form-control-wrap location-162-wrap\" ><label for=\"wpcf7-69e04fae2e729-field\" class=\"hp-message\">lasciare vuoto questo campo.<\/label><input id=\"wpcf7-69e04fae2e729-field\"  placeholder=\"location\"  class=\"wpcf7-form-control wpcf7-text\" type=\"text\" name=\"location-162\" value=\"\" size=\"40\" tabindex=\"-1\" autocomplete=\"off\" \/><\/span><\/p>\n<div class=\"vc_row-flex\">\n<div class=\"vc_col-sm-4\"><\/div>\n<div class=\"vc_col-sm-2\"><input type=\"reset\" value=\"L\u00d6SCHEN\" class=\"wpcf7-form-control wpcf7-submit-reset vc_general vc_btn3 vc_btn3-size-md vc_btn3-shape-square vc_btn3-style-flat vc_btn3-block vc_btn3-color-grey text-center\"\/><\/div>\n<div class=\"vc_col-sm-2\"><input type=\"submit\" value=\"ABSENDEN\" class=\"wpcf7-form-control has-spinner wpcf7-submit vc_general vc_btn3 vc_btn3-size-md vc_btn3-shape-square vc_btn3-style-flat vc_btn3-color-danger vc_btn3-block text-center\" \/><\/div>\n<\/div>\n<p><script>\ndocument.addEventListener( 'wpcf7submit', function( event ) {\n    console.log(\"send Analytics\")\n    ga('send', 'event', {eventCategory: 'Contact Form', eventAction: 'Submit', eventLabel: 'wpcf7-f10818-p10819-o2'});\n}, false );\n<\/script><\/div>\n<input type='hidden' class='wpcf7-pum' value='{\"closepopup\":false,\"closedelay\":0,\"openpopup\":false,\"openpopup_id\":0}' \/><div class=\"wpcf7-response-output\" aria-hidden=\"true\"><\/div><\/form><\/div>[\/vc_column_text][\/vc_column_inner][vc_column_inner width=&#8220;1\/4&#8243;][\/vc_column_inner][vc_column_inner offset=&#8220;vc_hidden-sm vc_hidden-xs&#8220;][vc_empty_space height=&#8220;30px&#8220;][\/vc_column_inner][\/vc_row_inner][\/vc_tta_section][\/vc_tta_tabs][\/vc_column][\/vc_row]<\/p>\n","protected":false},"excerpt":{"rendered":"<p>[vc_row el_class=&#8220;mb0 story-skin-white&#8220; css=&#8220;.vc_custom_1480350526264{padding-top: 72px !important;}&#8220;][vc_column][\/vc_column][vc_column][vc_empty_space height=&#8220;30px&#8220; el_class=&#8220;autohome_mobile_hide&#8220;][\/vc_column][\/vc_row][vc_row el_class=&#8220;story-skin-white&#8220;][vc_column][vc_tta_tabs style=&#8220;flat&#8220; shape=&#8220;square&#8220; color=&#8220;white&#8220; gap=&#8220;1&#8243; active_section=&#8220;1&#8243; no_fill_content_area=&#8220;true&#8220; el_class=&#8220;product-page maggiolina-airlander&#8220;][vc_tta_section title=&#8220;KATALOG DURCHBL\u00c4TTERN&#8220; tab_id=&#8220;1512634874426-79862bd5-a2bd&#8220;][vc_row_inner][vc_column_inner offset=&#8220;vc_hidden-sm vc_hidden-xs&#8220;][vc_empty_space height=&#8220;30px&#8220;][\/vc_column_inner][vc_column_inner][vc_raw_html]JTNDaDElMjBzdHlsZSUzRCUyMmZvbnQtc2l6ZSUzQSUyMDQwcHglM0IlMjIlM0VBVVRPSE9NRSUyME9GRklaSUVMTEVSJTIwS0FUQUxPRyUyMDIwMjElMkYyMDIyJTNDJTJGaDElM0U=[\/vc_raw_html][\/vc_column_inner][vc_column_inner][vc_empty_space height=&#8220;15px&#8220;][\/vc_column_inner][vc_column_inner el_class=&#8220;mobilePaddingSide&#8220; width=&#8220;1\/3&#8243;][vc_single_image<span class=\"excerpt-hellip\"> [\u2026]<\/span><\/p>\n","protected":false},"author":4,"featured_media":53882,"parent":0,"menu_order":0,"comment_status":"closed","ping_status":"closed","template":"","meta":[],"yoast_head":"<!-- This site is optimized with the Yoast SEO Premium plugin v18.6 (Yoast SEO v19.2) - https:\/\/yoast.com\/wordpress\/plugins\/seo\/ -->\n<title>Offizieller Katalog der Original Autohome-Autodachzelte.<\/title>\n<meta name=\"description\" content=\"Bl\u00e4ttere durch und fange an, deinen Urlaub oder Abenteuerreise zu planen. Lade alles von unserer Website herunter!\" \/>\n<meta name=\"robots\" content=\"noindex, follow, max-snippet:-1, max-image-preview:large, max-video-preview:-1\" \/>\n<meta property=\"og:locale\" content=\"de_DE\" \/>\n<meta property=\"og:type\" content=\"article\" \/>\n<meta property=\"og:title\" content=\"KATALOG\" \/>\n<meta property=\"og:description\" content=\"Bl\u00e4ttere durch und fange an, deinen Urlaub oder Abenteuerreise zu planen. Lade alles von unserer Website herunter!\" \/>\n<meta property=\"og:url\" content=\"https:\/\/dev.autohome-official.com\/de\/katalog-2-2\/\" \/>\n<meta property=\"og:site_name\" content=\"Autohome\" \/>\n<meta property=\"article:publisher\" content=\"https:\/\/www.facebook.com\/Autohome.Official.Page\" \/>\n<meta property=\"article:modified_time\" content=\"2022-04-01T08:34:18+00:00\" \/>\n<meta property=\"og:image\" content=\"https:\/\/dev.autohome-official.com\/wp-content\/uploads\/2021\/01\/Catalogue-Autohome-Official.jpg\" \/>\n\t<meta property=\"og:image:width\" content=\"800\" \/>\n\t<meta property=\"og:image:height\" content=\"533\" \/>\n\t<meta property=\"og:image:type\" content=\"image\/jpeg\" \/>\n<meta name=\"author\" content=\"Amministratore Autohome\" \/>\n<meta name=\"twitter:card\" content=\"summary\" \/>\n<meta name=\"twitter:label1\" content=\"Gesch\u00e4tzte Lesezeit\" \/>\n\t<meta name=\"twitter:data1\" content=\"1 Minute\" \/>\n<script type=\"application\/ld+json\" class=\"yoast-schema-graph\">{\"@context\":\"https:\/\/schema.org\",\"@graph\":[{\"@type\":\"Organization\",\"@id\":\"https:\/\/dev.autohome-official.com\/#organization\",\"name\":\"Autohome\",\"url\":\"https:\/\/dev.autohome-official.com\/\",\"sameAs\":[\"https:\/\/www.instagram.com\/autohome_official\/\",\"http:\/\/www.youtube.com\/user\/AutohomeOfficial\",\"https:\/\/www.facebook.com\/Autohome.Official.Page\"],\"logo\":{\"@type\":\"ImageObject\",\"inLanguage\":\"de-DE\",\"@id\":\"https:\/\/dev.autohome-official.com\/#\/schema\/logo\/image\/\",\"url\":\"https:\/\/dev.autohome-official.com\/wp-content\/uploads\/2016\/10\/logo.png\",\"contentUrl\":\"https:\/\/dev.autohome-official.com\/wp-content\/uploads\/2016\/10\/logo.png\",\"width\":295,\"height\":80,\"caption\":\"Autohome\"},\"image\":{\"@id\":\"https:\/\/dev.autohome-official.com\/#\/schema\/logo\/image\/\"}},{\"@type\":\"WebSite\",\"@id\":\"https:\/\/dev.autohome-official.com\/#website\",\"url\":\"https:\/\/dev.autohome-official.com\/\",\"name\":\"Autohome\",\"description\":\"dachzelt  - roof top tents Made in Italy\",\"publisher\":{\"@id\":\"https:\/\/dev.autohome-official.com\/#organization\"},\"potentialAction\":[{\"@type\":\"SearchAction\",\"target\":{\"@type\":\"EntryPoint\",\"urlTemplate\":\"https:\/\/dev.autohome-official.com\/?s={search_term_string}\"},\"query-input\":\"required name=search_term_string\"}],\"inLanguage\":\"de-DE\"},{\"@type\":\"ImageObject\",\"inLanguage\":\"de-DE\",\"@id\":\"https:\/\/dev.autohome-official.com\/de\/katalog-2-2\/#primaryimage\",\"url\":\"https:\/\/dev.autohome-official.com\/wp-content\/uploads\/2021\/01\/Catalogue-Autohome-Official.jpg\",\"contentUrl\":\"https:\/\/dev.autohome-official.com\/wp-content\/uploads\/2021\/01\/Catalogue-Autohome-Official.jpg\",\"width\":800,\"height\":533,\"caption\":\"Catalogue Autohome Official\"},{\"@type\":\"WebPage\",\"@id\":\"https:\/\/dev.autohome-official.com\/de\/katalog-2-2\/#webpage\",\"url\":\"https:\/\/dev.autohome-official.com\/de\/katalog-2-2\/\",\"name\":\"Offizieller Katalog der Original Autohome-Autodachzelte.\",\"isPartOf\":{\"@id\":\"https:\/\/dev.autohome-official.com\/#website\"},\"primaryImageOfPage\":{\"@id\":\"https:\/\/dev.autohome-official.com\/de\/katalog-2-2\/#primaryimage\"},\"datePublished\":\"2016-09-16T13:32:30+00:00\",\"dateModified\":\"2022-04-01T08:34:18+00:00\",\"description\":\"Bl\u00e4ttere durch und fange an, deinen Urlaub oder Abenteuerreise zu planen. Lade alles von unserer Website herunter!\",\"breadcrumb\":{\"@id\":\"https:\/\/dev.autohome-official.com\/de\/katalog-2-2\/#breadcrumb\"},\"inLanguage\":\"de-DE\",\"potentialAction\":[{\"@type\":\"ReadAction\",\"target\":[\"https:\/\/dev.autohome-official.com\/de\/katalog-2-2\/\"]}]},{\"@type\":\"BreadcrumbList\",\"@id\":\"https:\/\/dev.autohome-official.com\/de\/katalog-2-2\/#breadcrumb\",\"itemListElement\":[{\"@type\":\"ListItem\",\"position\":1,\"name\":\"Home\",\"item\":\"https:\/\/dev.autohome-official.com\/de\/\"},{\"@type\":\"ListItem\",\"position\":2,\"name\":\"KATALOG\"}]}]}<\/script>\n<!-- \/ Yoast SEO Premium plugin. -->","yoast_head_json":{"title":"Offizieller Katalog der Original Autohome-Autodachzelte.","description":"Bl\u00e4ttere durch und fange an, deinen Urlaub oder Abenteuerreise zu planen. Lade alles von unserer Website herunter!","robots":{"index":"noindex","follow":"follow","max-snippet":"max-snippet:-1","max-image-preview":"max-image-preview:large","max-video-preview":"max-video-preview:-1"},"og_locale":"de_DE","og_type":"article","og_title":"KATALOG","og_description":"Bl\u00e4ttere durch und fange an, deinen Urlaub oder Abenteuerreise zu planen. Lade alles von unserer Website herunter!","og_url":"https:\/\/dev.autohome-official.com\/de\/katalog-2-2\/","og_site_name":"Autohome","article_publisher":"https:\/\/www.facebook.com\/Autohome.Official.Page","article_modified_time":"2022-04-01T08:34:18+00:00","og_image":[{"width":800,"height":533,"url":"https:\/\/dev.autohome-official.com\/wp-content\/uploads\/2021\/01\/Catalogue-Autohome-Official.jpg","type":"image\/jpeg"}],"author":"Amministratore Autohome","twitter_card":"summary","twitter_misc":{"Gesch\u00e4tzte Lesezeit":"1 Minute"},"schema":{"@context":"https:\/\/schema.org","@graph":[{"@type":"Organization","@id":"https:\/\/dev.autohome-official.com\/#organization","name":"Autohome","url":"https:\/\/dev.autohome-official.com\/","sameAs":["https:\/\/www.instagram.com\/autohome_official\/","http:\/\/www.youtube.com\/user\/AutohomeOfficial","https:\/\/www.facebook.com\/Autohome.Official.Page"],"logo":{"@type":"ImageObject","inLanguage":"de-DE","@id":"https:\/\/dev.autohome-official.com\/#\/schema\/logo\/image\/","url":"https:\/\/dev.autohome-official.com\/wp-content\/uploads\/2016\/10\/logo.png","contentUrl":"https:\/\/dev.autohome-official.com\/wp-content\/uploads\/2016\/10\/logo.png","width":295,"height":80,"caption":"Autohome"},"image":{"@id":"https:\/\/dev.autohome-official.com\/#\/schema\/logo\/image\/"}},{"@type":"WebSite","@id":"https:\/\/dev.autohome-official.com\/#website","url":"https:\/\/dev.autohome-official.com\/","name":"Autohome","description":"dachzelt  - roof top tents Made in Italy","publisher":{"@id":"https:\/\/dev.autohome-official.com\/#organization"},"potentialAction":[{"@type":"SearchAction","target":{"@type":"EntryPoint","urlTemplate":"https:\/\/dev.autohome-official.com\/?s={search_term_string}"},"query-input":"required name=search_term_string"}],"inLanguage":"de-DE"},{"@type":"ImageObject","inLanguage":"de-DE","@id":"https:\/\/dev.autohome-official.com\/de\/katalog-2-2\/#primaryimage","url":"https:\/\/dev.autohome-official.com\/wp-content\/uploads\/2021\/01\/Catalogue-Autohome-Official.jpg","contentUrl":"https:\/\/dev.autohome-official.com\/wp-content\/uploads\/2021\/01\/Catalogue-Autohome-Official.jpg","width":800,"height":533,"caption":"Catalogue Autohome Official"},{"@type":"WebPage","@id":"https:\/\/dev.autohome-official.com\/de\/katalog-2-2\/#webpage","url":"https:\/\/dev.autohome-official.com\/de\/katalog-2-2\/","name":"Offizieller Katalog der Original Autohome-Autodachzelte.","isPartOf":{"@id":"https:\/\/dev.autohome-official.com\/#website"},"primaryImageOfPage":{"@id":"https:\/\/dev.autohome-official.com\/de\/katalog-2-2\/#primaryimage"},"datePublished":"2016-09-16T13:32:30+00:00","dateModified":"2022-04-01T08:34:18+00:00","description":"Bl\u00e4ttere durch und fange an, deinen Urlaub oder Abenteuerreise zu planen. Lade alles von unserer Website herunter!","breadcrumb":{"@id":"https:\/\/dev.autohome-official.com\/de\/katalog-2-2\/#breadcrumb"},"inLanguage":"de-DE","potentialAction":[{"@type":"ReadAction","target":["https:\/\/dev.autohome-official.com\/de\/katalog-2-2\/"]}]},{"@type":"BreadcrumbList","@id":"https:\/\/dev.autohome-official.com\/de\/katalog-2-2\/#breadcrumb","itemListElement":[{"@type":"ListItem","position":1,"name":"Home","item":"https:\/\/dev.autohome-official.com\/de\/"},{"@type":"ListItem","position":2,"name":"KATALOG"}]}]}},"_links":{"self":[{"href":"https:\/\/dev.autohome-official.com\/de\/wp-json\/wp\/v2\/pages\/10819"}],"collection":[{"href":"https:\/\/dev.autohome-official.com\/de\/wp-json\/wp\/v2\/pages"}],"about":[{"href":"https:\/\/dev.autohome-official.com\/de\/wp-json\/wp\/v2\/types\/page"}],"author":[{"embeddable":true,"href":"https:\/\/dev.autohome-official.com\/de\/wp-json\/wp\/v2\/users\/4"}],"replies":[{"embeddable":true,"href":"https:\/\/dev.autohome-official.com\/de\/wp-json\/wp\/v2\/comments?post=10819"}],"version-history":[{"count":2,"href":"https:\/\/dev.autohome-official.com\/de\/wp-json\/wp\/v2\/pages\/10819\/revisions"}],"predecessor-version":[{"id":62628,"href":"https:\/\/dev.autohome-official.com\/de\/wp-json\/wp\/v2\/pages\/10819\/revisions\/62628"}],"wp:featuredmedia":[{"embeddable":true,"href":"https:\/\/dev.autohome-official.com\/de\/wp-json\/wp\/v2\/media\/53882"}],"wp:attachment":[{"href":"https:\/\/dev.autohome-official.com\/de\/wp-json\/wp\/v2\/media?parent=10819"}],"curies":[{"name":"wp","href":"https:\/\/api.w.org\/{rel}","templated":true}]}}