{"id":10759,"date":"2016-09-22T16:39:47","date_gmt":"2016-09-22T14:39:47","guid":{"rendered":"https:\/\/dev.autohome-official.com\/de\/privacy-policy\/"},"modified":"2021-09-27T15:05:09","modified_gmt":"2021-09-27T13:05:09","slug":"datenschutzerklaerung","status":"publish","type":"page","link":"https:\/\/dev.autohome-official.com\/de\/datenschutzerklaerung\/","title":{"rendered":"Datenschutz"},"content":{"rendered":"<p>[vc_row el_class=&#8220;story-skin-white mb0&#8243; css=&#8220;.vc_custom_1484143920958{padding-top: 78px !important;}&#8220;][vc_column]<div class=\"breadcrumb-wrapper\"><ul class=\"breadcrumbs no-link\"><li><a href=\"https:\/\/dev.autohome-official.com\/de\/\">Startseite<\/a> <span><i class=\"icon-right-open\"><\/i><\/span><\/li><li><a href=\"https:\/\/dev.autohome-official.com:443\/de\/wp-json\/wp\/v2\/pages\/10759\/\"><\/a><\/li><\/ul><\/div>[\/vc_column][\/vc_row][vc_row el_class=&#8220;story-skin-white row-90&#8243;][vc_column][vc_column_text]<\/p>\n<h1>PRIVACY POLICY<\/h1>\n<h2>ERKL\u00c4RUNG \u00dcBER DIE VERARBEITUNG PERSONENBEZOGENER DATEN GEM\u00c4SS DER ARTIKEL 13-14 DER VERORDNUNG (EU) 2016\/679 UND DEM GESETZESDEKRET 196\/2003<\/h2>\n<p><strong> I. INFORMATIONEN \u00dcBER DEN DATENSCHUTZ DER WEBSITE<\/strong><\/p>\n<p><strong> 1. <\/strong> Diese Erkl\u00e4rung soll Informationen \u00fcber die Verwaltungsmethoden der Website <a href=\"https:\/\/dev.autohome-official.com\" target=\"_blank\" rel=\"noopener noreferrer\">dev.autohome-official.com<\/a> und <a href=\"https:\/\/www.shop.autohome-official.com\" target=\"_blank\" rel=\"noopener noreferrer\">www.shop.autohome-official.com<\/a> in Bezug auf die Verarbeitung personenbezogener Daten der Benutzer beschreiben, die diese besuchen. Es handelt sich um eine Erkl\u00e4rung, die gem\u00e4\u00df der Verordnung der Europ\u00e4ischen Union Nr. 679\/2016 (DSGVO) und dem Gesetzesdekret 196\/03 (Kodex zum Schutz personenbezogener Daten) erbracht wurde.<br \/>\n<strong> 2. <\/strong> Diese Informationen sind nur f\u00fcr die oben genannte Website erstellt und nicht f\u00fcr andere Websites, die vom Benutzer \u00fcber bestimmte Links aufgerufen werden k\u00f6nnen. Unsere Website k\u00f6nnte daher Links zu anderen Websites enthalten, die nicht Eigentum von ZIFER ITALIA SRL sind bzw. von letzterem nicht kontrolliert werden. Dies k\u00f6nnen beispielsweise Social-Media-Plattformen oder -Dienste sein. ZIFER ITALIA SRL ist nicht f\u00fcr die Datenschutzpraktiken dieser Websites verantwortlich; wenn also der Benutzer Fragen dazu hat, muss er sich daher direkt an diese wenden.<br \/>\n<strong> 3. <\/strong> Diese Informationen k\u00f6nnen sich im Laufe der Zeit \u00e4ndern (auch im Zusammenhang mit dem m\u00f6glichen Inkrafttreten neuer Branchenvorschriften, der Aktualisierung oder Bereitstellung neuer Dienste oder eingetretener technologischer Innovationen), weshalb der Benutzer aufgefordert wird, diese Seite regelm\u00e4\u00dfig zu konsultieren.<\/p>\n<p><strong> II. INHABER DER DATENVERARBEITUNG UND DATENBEKANNTGABE AN DRITTE <\/strong><\/p>\n<p><strong> 1. <\/strong> Der Inhaber der Datenverarbeitung ist ZIFER ITALIA SRL, in der Person seines vor\u00fcbergehenden gesetzlichen Vertreters, mit Sitz in Rivarolo Mantovano (MN), viale Risorgimento 23 (Steuernummer und Umsatzsteuer-Identifikationsnummer: 01329850208). Der Benutzer kann sich unter der E-Mail-Anschrift <a href=\"mailto:info@autohome.it\"> info@autohome.it <\/a> oder per Post unter der Anschrift der Gesellschaft in Rivarolo Mantovano (MN), Viale Risorgimento 23 an ZIFER ITALIA SRL wenden.<br \/>\n<strong> 2. <\/strong> Die personenbezogenen Daten, die der Benutzer an ZIFER ITALIA SRL \u00fcbermitteln m\u00f6chte, k\u00f6nnen von Zifer (als Inhaber der Datenverarbeitung), von dessen Mitarbeitern (als zur Verarbeitung befugte Personen) sowie von den mit der Datenverarbeitung vom Inhaber betrauten Verantwortlichen verarbeitet werden.<br \/>\n<strong> 3. <\/strong> ZIFER ITALIA SRL arbeitet mit mehreren vertrauensw\u00fcrdigen Betreibern zusammen, um sicherzustellen, dass den Benutzern, seinen Gesch\u00e4ftspartnern und Mitarbeitern die bestm\u00f6glichen Erfahrungen geboten werden. Das bedeutet, dass neben dem Inhaber in einigen F\u00e4llen auch andere an der Organisation der Website dev.autohome-official.com beteiligte Personen (Verwaltungspersonal, Personal der kaufm\u00e4nnischen Abteilung, aus der Marketing- und Rechtsabteilung, Systemadministratoren) oder externe Personen (wie Lieferanten von technischen Diensten Dritter, Wartungspersonal, Hosting-Provider, IT-Unternehmen, Kommunikationsagenturen) Zugriff auf die Daten haben k\u00f6nnten. Die aktualisierte Liste der Verantwortlichen kann jederzeit beim Inhaber der Datenverarbeitung angefordert werden. Auf jeden Fall wird die logische und physische Sicherheit der Daten und im Allgemeinen die Vertraulichkeit der verarbeiteten personenbezogenen Daten gew\u00e4hrleistet, indem alle erforderlichen technischen und organisatorischen Ma\u00dfnahmen ergriffen werden, die angemessen sind, deren Sicherheit zu gew\u00e4hrleisten.<br \/>\n<strong> 4. <\/strong> Die erhobenen personenbezogenen Daten k\u00f6nnen ins Ausland, auch au\u00dferhalb der Europ\u00e4ischen Union, an Personen \u00fcbermittelt werden, die beim Verkauf der Produkte von ZIFER ITALIA SRL Kundendienst leisten oder auf jedem Fall an der Unternehmensorganisation von Zifer beteiligt sind. In solchen F\u00e4llen erfolgt die Datenverarbeitung in \u00dcbereinstimmung mit den geltenden Gesetzen und unter Anwendung der von Zeit zu Zeit als am besten geeigneten Garantien, um die Rechte der interessierten Parteien, wie Angemessenheitsbeschl\u00fcsse und Standardvertragsklauseln, zu gew\u00e4hrleisten.<br \/>\n<strong> 5. Nur f\u00fcr Bestellungen mit deutscher\/ \u00f6sterreichischer Rechnungsadresse. <\/strong><br \/>\nUm Ihnen die Zahlungsmethoden von Klarna anbieten zu k\u00f6nnen, kann es sein, dass wir im Kassiervorgang Ihre personenbezogenen Daten in Form von Kontakt und Bestelldaten an Klarna weitergeben, damit Klarna pr\u00fcfen kann, ob Sie f\u00fcr die Zahlungsmethoden von Klarna in Frage kommen und Klarna die Zahlungsmethoden auf Sie zuschneiden kann. Ihre \u00fcbermittelten personenbezogenen Daten werden im Einklang mit der Klarna Datenschutzerkl\u00e4rung verarbeitet.<\/p>\n<p><strong> III. MODALIT\u00c4T UND ORT DES DATENSCHUTZES<\/strong><\/p>\n<p><strong> 1. <\/strong> ZIFER ITALIA SRL sch\u00fctzt die erhobenen Daten durch geeignete Sicherheitsma\u00dfnahmen unter Ber\u00fccksichtigung des Stands der Technik sowie Art, Gegenstand, Kontext und Zweck der Verarbeitung sowie des Risikos der Wahrscheinlichkeit und Schwere der Verletzung von Rechten und Freiheiten nat\u00fcrlicher Personen. Alle personenbezogenen Daten, die der Benutzer ZIFER ITALIA SRL mitteilen m\u00f6chte, werden am Sitz des Unternehmens in Rivarolo Mantovano (Mn), viale Risorgimento 23 aufbewahrt.<br \/>\n<strong> 2. <\/strong> Alle personenbezogenen Daten werden mit gr\u00f6\u00dfter Achtung der Gesetze und in absoluter Sicherheit behandelt. ZIFER ITALIA SRL stellt sicher, dass die gespeicherten personenbezogenen Daten genau, zweckdienlich und nicht \u00fcbertrieben, aktualisiert, f\u00fcr die Zeit aufbewahrt werden, die f\u00fcr die Erbringung der vom Benutzer angeforderten Dienste unbedingt erforderlich ist (unbeschadet der gesetzlich vorgeschriebenen maximalen Aufbewahrungszeiten) und in v\u00f6lliger Sicherheit aufbewahrt, um den Zugriff Dritter zu verhindern.<\/p>\n<p><strong> IV. TIPOLOGIE DER VERARBEITETEN DATEN <\/strong><br \/>\nPersonenbezogene Daten, die erfasst werden d\u00fcrfen, sind die folgenden:<\/p>\n<p><strong> i) Navigationsdaten <\/strong> Die Computersysteme und Softwareverfahren, die zum Betrieb der Website <a href=\"https:\/\/dev.autohome-official.com\" target=\"_blank\" rel=\"noopener noreferrer\">dev.autohome-official.com<\/a> verwendet werden, erfassen bei normalem Betrieb einige personenbezogene Daten, die dann implizit bei der Verwendung von Internet-Kommunikationsprotokollen \u00fcbertragen werden. Hierbei handelt es sich um Informationen, die ihrer Natur nach durch Verkn\u00fcpfung und Verarbeitung mit Daten im Besitz Dritter eine Identifizierung der Nutzer erm\u00f6glichen k\u00f6nnten (z.B. IP-Adresse, Dom\u00e4nennamen der Computer, die von Benutzern verwendet werden, die sich mit der Site verbinden, die Zugriffszeit auf der Site, die Besuchsdauer auf jeder Seite, Clickstream-Analyse usw.).<br \/>\nDiese Daten werden ausschlie\u00dflich dazu verwendet, statistische Informationen zu erhalten (daher sind sie anonym) und um das korrekte Funktionieren der Website zu \u00fcberpr\u00fcfen.<br \/>\n<strong> ii) Vom Nutzer freiwillig bereitgestellte personenbezogene Daten <\/strong><br \/>\n<strong> 1. <\/strong>Die Bereitstellung personenbezogener Daten muss als freiwillig betrachtet werden, aber deren Nichtbereitstellung kann dazu f\u00fchren, dass die vom Unternehmen angeforderten Dienstleistungen nicht erbracht werden k\u00f6nnen.<br \/>\nDie pers\u00f6nlichen Daten, die der Benutzer f\u00fcr die Registrierung auf der Website dev.autohome-official.com angeben muss, sind: Vorname, Nachname, Geburtsdatum und -ort, Wohn- \/ B\u00fcroadresse, Telefonnummer, E-Mail-Adresse, Passwort. Die Registrierung ist bei Abwicklung des Kaufs eines Produkts obligatorisch, aber auf jeden Fall nicht bindend f\u00fcr den Kauf.<br \/>\n<strong> 2. <\/strong> Alle diese Informationen k\u00f6nnen direkt vom Benutzer im Kontobereich der SHOP-Site verwaltet und ge\u00e4ndert werden; derzeit ist es dem Benutzer nicht m\u00f6glich, die angabepflichtigen Daten, die f\u00fcr den Kauf erforderlich sind, selbstst\u00e4ndig zu l\u00f6schen. Aus diesem Grund ist es unerl\u00e4sslich, den Inhaber (Zifer Italia srl) auf die Shop-Site durch eine spezifische Anfrage per E-Mail an die Adresse info@autohome.it aufmerksam zu machen.<br \/>\n<strong> iii) Cookies <\/strong><br \/>\nDie Website dev.autohome-official.com verwendet Tracking-Tools. F\u00fcr weitere Informationen wird auf die Cookie-Richtlinie auf der Website selbst verwiesen.<\/p>\n<p><strong> V. ZWECK DER VERARBEITUNG<\/strong><\/p>\n<p><strong> 1. <\/strong> Im Einklang mit der einschl\u00e4gigen Gesetzesbestimmung zum Schutz personenbezogener Daten werden die Daten vom Inhaber f\u00fcr die folgenden Servicezwecke gespeichert, erfasst und verarbeitet:<br \/>\n&#8211; Verwaltung von Benutzeranfragen;<br \/>\n&#8211; Optimierung der Verwendbarkeit der Website;<br \/>\n&#8211; interne Forschungs- und Entwicklungst\u00e4tigkeiten (z.B. ZIFER ITALIA SRL erlauben, Umfragen zur Verbesserung der Qualit\u00e4t der angebotenen Produkte und erbrachten durchzuf\u00fchren);<br \/>\n&#8211; Marketinginitiativen (z.B. Versenden von kommerziellen und \/ oder verkaufsf\u00f6rdernden Mitteilungen \u00fcber Produkte und Dienstleistungen von ZIFER ITALIA SRL auch durch kostenlose Zusendung von Newsletter, Katalogen und \/ oder Preislisten per E-Mail oder Normalbrief);<br \/>\n&#8211; Profiling (z.B. Analyse des Nutzerverhaltens, der Gewohnheiten und Konsumneigungen des Nutzers, um die spezifischen Bed\u00fcrfnisse der Kundschaft zufriedenzustellen);<br \/>\n&#8211; Erf\u00fcllung gesetzlicher Pflichten;<br \/>\n&#8211; Schutz der Netz- und Datensicherheit bei rechtswidrigen Handlungen (z.B. Verlust, Diebstahl, Besch\u00e4digung, unbefugter Zugriff);<br \/>\n&#8211; Feststellung, Aus\u00fcbung oder Verteidigung eines Rechts vor Gericht oder auf Anfrage einer Beh\u00f6rde;<\/p>\n<p><strong> 2. <\/strong> Die Daten k\u00f6nnen in Papierform, automatisiert oder elektronisch verarbeitet werden, insbesondere per Post oder E-Mail, Telefon (z.B. automatisierte Anrufe, SMS, MMS), Fax und jeden anderen IT-Kanal. (z.B. Websites, mobile Apps).<\/p>\n<p><strong> VI. AUFBEWAHRUNG DER DATEN<\/strong><\/p>\n<p><strong> 1. <\/strong> Sofern nicht ausdr\u00fccklich die Absicht ge\u00e4u\u00dfert wird, die Daten zu entfernen (au\u00dfer in F\u00e4llen, in denen die Verarbeitung auf einer anderen Rechtsgrundlage als der Einwilligung erfolgt), werden die personenbezogenen Daten der betroffenen Person aufbewahrt, solange wie sie f\u00fcr die rechtm\u00e4\u00dfigen Zwecke, f\u00fcr die sie erfasst wurden, erforderlich sind.<br \/>\n<strong> 2. <\/strong> ZIFER ITALIA SRL kann diese Daten auf jeden Fall f\u00fcr einen l\u00e4ngeren Zeitraum aufbewahren, um etwaige Beanstandungen und \/ oder Streitigkeiten bearbeiten zu k\u00f6nnen sowie Untersuchungen zu Computerkriminalit\u00e4t gegen Attacken auf die Website durchzuf\u00fchren.<br \/>\n<strong> 3. <\/strong> Bei der Festlegung der Aufbewahrungsfristen von Daten werden folgende Kriterien zugrunde gelegt: Informationen, die dem Nutzer diesbez\u00fcglich auf der Website oder in deren Nutzungsbedingungen zur Verf\u00fcgung gestellt werden, sowie die geltenden vertraglichen Regelungen, die zwingenden Fristen f\u00fcr Gesetze, relevante regulatorische Verpflichtungen und Branchenstandards.<\/p>\n<p><strong> VII. BENUTZERRECHTE<\/strong><\/p>\n<p><strong> 1. <\/strong> Der Nutzer kann jederzeit die ihm vorbehaltenen Rechte aus\u00fcben:<br \/>\n&#8211; Recht auf Zugang zu personenbezogenen Daten: Es ist das Recht des Benutzers, eine Best\u00e4tigung dar\u00fcber zu erhalten oder zumindest, ob eine Verarbeitung der ihn betreffenden Daten l\u00e4uft, und in diesem Fall die entsprechenden Informationen zu erhalten, wie: Zweck der Datenverarbeitung, Kategorie der verarbeiteten personenbezogenen Daten, Aufbewahrungsfrist der verarbeiteten Daten, Empf\u00e4nger, denen diese mitgeteilt werden k\u00f6nnen (Artikel 15, DSGVO);<br \/>\n&#8211; Recht auf Berichtigung: Es ist das Recht des Nutzers, die Berichtigung ihn betreffender unzutreffender personenbezogener Daten und die Erg\u00e4nzung unvollst\u00e4ndiger personenbezogener Daten zu erwirken (Artikel 16, DSGVO);<br \/>\n&#8211; Recht auf Vergessenwerden: Es ist das Recht des Benutzers, die L\u00f6schung der ihn betreffenden personenbezogenen Daten in den von der DSGVO vorgesehenen F\u00e4llen zu verlangen (Artikel 17, DSGVO);<br \/>\n&#8211; Recht auf Einschr\u00e4nkung der Verarbeitung: Es ist das Recht des Nutzers, vom Inhaber die Einschr\u00e4nkung der Datenverarbeitung in den von der DSGVO vorgesehenen F\u00e4llen zu verlangen (Artikel 18, DSGVO);<br \/>\n&#8211; Widerspruchsrecht: Es ist das Recht des Benutzers, der Verarbeitung der Daten zu widersprechen, es sei denn, der Inhaber hat berechtigte Gr\u00fcnde, die Verarbeitung fortzusetzen (Artikel 19, DSGVO);<br \/>\n&#8211; Recht auf Daten\u00fcbertragbarkeit: Es ist das Recht des Benutzers, die dem Inhaber zur Verf\u00fcgung gestellten personenbezogenen Daten in einem strukturierten Format zu erhalten, das allgemein verwendet und von einem automatischen Ger\u00e4t gelesen werden kann, sowie in den von der DSGVO vorgesehenen F\u00e4llen zu verlangen, dass diese ungehindert an einen anderen Inhaber \u00fcbermittelt werden (Artikel 20, DSGVO);<br \/>\n&#8211; Widerspruchsrecht: Es ist das Recht des Nutzers, die Einwilligung zu bestimmten Arten der Datenverarbeitung (z.B. zu Marketingzwecken) zu widerrufen. Die Aus\u00fcbung dieses Rechts beeintr\u00e4chtigt in keiner Weise die Rechtm\u00e4\u00dfigkeit der vor dem Widerruf durchgef\u00fchrten Verarbeitungen;<br \/>\n&#8211; Beschwerderecht: Der Nutzer hat das Recht, sich in Abh\u00e4ngigkeit von seinem gew\u00f6hnlichen Aufenthaltsort, seinem Arbeitsplatz oder Orts der Rechtsverletzung bei der zust\u00e4ndigen Aufsichtsbeh\u00f6rde zu beschweren; f\u00fcr Italien ist der Datenschutzbeauftragte f\u00fcr den Schutz personenbezogener Daten zust\u00e4ndig, der \u00fcber die auf der Website http:\/\/www.garanteprivacy.it angegebenen Kontaktdaten erreichbar ist.<\/p>\n<p><strong> 2. <\/strong> Der Betroffen kann die oben aufgelisteten Recht wahrnehmen, indem er sich auf dem Postweg an den Hersteller ZIFER ITALIA SRL, Rivarolo Mantovano (MN), Viale Risorgimento 23 wendet oder eine E-Mail an die folgende Anschrift info@autohome.it schickt.[\/vc_column_text][\/vc_column][\/vc_row]<\/p>\n","protected":false},"excerpt":{"rendered":"<p>[vc_row el_class=&#8220;story-skin-white mb0&#8243; css=&#8220;.vc_custom_1484143920958{padding-top: 78px !important;}&#8220;][vc_column][\/vc_column][\/vc_row][vc_row el_class=&#8220;story-skin-white row-90&#8243;][vc_column][vc_column_text] PRIVACY POLICY ERKL\u00c4RUNG \u00dcBER DIE VERARBEITUNG PERSONENBEZOGENER DATEN GEM\u00c4SS DER ARTIKEL 13-14 DER VERORDNUNG (EU) 2016\/679 UND DEM<span class=\"excerpt-hellip\"> [\u2026]<\/span><\/p>\n","protected":false},"author":4,"featured_media":0,"parent":0,"menu_order":0,"comment_status":"closed","ping_status":"closed","template":"","meta":[],"yoast_head":"<!-- This site is optimized with the Yoast SEO Premium plugin v18.6 (Yoast SEO v19.2) - https:\/\/yoast.com\/wordpress\/plugins\/seo\/ -->\n<title>Datenschutz - Autohome Dachzelt<\/title>\n<meta name=\"robots\" content=\"noindex, follow, max-snippet:-1, max-image-preview:large, max-video-preview:-1\" \/>\n<meta property=\"og:locale\" content=\"de_DE\" \/>\n<meta property=\"og:type\" content=\"article\" \/>\n<meta property=\"og:title\" content=\"Datenschutz\" \/>\n<meta property=\"og:description\" content=\"[vc_row el_class=&#8220;story-skin-white mb0&#8243; css=&#8220;.vc_custom_1484143920958{padding-top: 78px !important;}&#8220;][vc_column][\/vc_column][\/vc_row][vc_row el_class=&#8220;story-skin-white row-90&#8243;][vc_column][vc_column_text] PRIVACY POLICY ERKL\u00c4RUNG \u00dcBER DIE VERARBEITUNG PERSONENBEZOGENER DATEN GEM\u00c4SS DER ARTIKEL 13-14 DER VERORDNUNG (EU) 2016\/679 UND DEM [\u2026]\" \/>\n<meta property=\"og:url\" content=\"https:\/\/dev.autohome-official.com\/de\/datenschutzerklaerung\/\" \/>\n<meta property=\"og:site_name\" content=\"Autohome\" \/>\n<meta property=\"article:publisher\" content=\"https:\/\/www.facebook.com\/Autohome.Official.Page\" \/>\n<meta property=\"article:modified_time\" content=\"2021-09-27T13:05:09+00:00\" \/>\n<meta name=\"author\" content=\"Amministratore Autohome\" \/>\n<meta name=\"twitter:card\" content=\"summary\" \/>\n<meta name=\"twitter:label1\" content=\"Gesch\u00e4tzte Lesezeit\" \/>\n\t<meta name=\"twitter:data1\" content=\"8 Minuten\" \/>\n<script type=\"application\/ld+json\" class=\"yoast-schema-graph\">{\"@context\":\"https:\/\/schema.org\",\"@graph\":[{\"@type\":\"Organization\",\"@id\":\"https:\/\/dev.autohome-official.com\/#organization\",\"name\":\"Autohome\",\"url\":\"https:\/\/dev.autohome-official.com\/\",\"sameAs\":[\"https:\/\/www.instagram.com\/autohome_official\/\",\"http:\/\/www.youtube.com\/user\/AutohomeOfficial\",\"https:\/\/www.facebook.com\/Autohome.Official.Page\"],\"logo\":{\"@type\":\"ImageObject\",\"inLanguage\":\"de-DE\",\"@id\":\"https:\/\/dev.autohome-official.com\/#\/schema\/logo\/image\/\",\"url\":\"https:\/\/dev.autohome-official.com\/wp-content\/uploads\/2016\/10\/logo.png\",\"contentUrl\":\"https:\/\/dev.autohome-official.com\/wp-content\/uploads\/2016\/10\/logo.png\",\"width\":295,\"height\":80,\"caption\":\"Autohome\"},\"image\":{\"@id\":\"https:\/\/dev.autohome-official.com\/#\/schema\/logo\/image\/\"}},{\"@type\":\"WebSite\",\"@id\":\"https:\/\/dev.autohome-official.com\/#website\",\"url\":\"https:\/\/dev.autohome-official.com\/\",\"name\":\"Autohome\",\"description\":\"dachzelt  - roof top tents Made in Italy\",\"publisher\":{\"@id\":\"https:\/\/dev.autohome-official.com\/#organization\"},\"potentialAction\":[{\"@type\":\"SearchAction\",\"target\":{\"@type\":\"EntryPoint\",\"urlTemplate\":\"https:\/\/dev.autohome-official.com\/?s={search_term_string}\"},\"query-input\":\"required name=search_term_string\"}],\"inLanguage\":\"de-DE\"},{\"@type\":\"WebPage\",\"@id\":\"https:\/\/dev.autohome-official.com\/de\/datenschutzerklaerung\/#webpage\",\"url\":\"https:\/\/dev.autohome-official.com\/de\/datenschutzerklaerung\/\",\"name\":\"Datenschutz - Autohome Dachzelt\",\"isPartOf\":{\"@id\":\"https:\/\/dev.autohome-official.com\/#website\"},\"datePublished\":\"2016-09-22T14:39:47+00:00\",\"dateModified\":\"2021-09-27T13:05:09+00:00\",\"breadcrumb\":{\"@id\":\"https:\/\/dev.autohome-official.com\/de\/datenschutzerklaerung\/#breadcrumb\"},\"inLanguage\":\"de-DE\",\"potentialAction\":[{\"@type\":\"ReadAction\",\"target\":[\"https:\/\/dev.autohome-official.com\/de\/datenschutzerklaerung\/\"]}]},{\"@type\":\"BreadcrumbList\",\"@id\":\"https:\/\/dev.autohome-official.com\/de\/datenschutzerklaerung\/#breadcrumb\",\"itemListElement\":[{\"@type\":\"ListItem\",\"position\":1,\"name\":\"Home\",\"item\":\"https:\/\/dev.autohome-official.com\/de\/\"},{\"@type\":\"ListItem\",\"position\":2,\"name\":\"Datenschutz\"}]}]}<\/script>\n<!-- \/ Yoast SEO Premium plugin. -->","yoast_head_json":{"title":"Datenschutz - Autohome Dachzelt","robots":{"index":"noindex","follow":"follow","max-snippet":"max-snippet:-1","max-image-preview":"max-image-preview:large","max-video-preview":"max-video-preview:-1"},"og_locale":"de_DE","og_type":"article","og_title":"Datenschutz","og_description":"[vc_row el_class=&#8220;story-skin-white mb0&#8243; css=&#8220;.vc_custom_1484143920958{padding-top: 78px !important;}&#8220;][vc_column][\/vc_column][\/vc_row][vc_row el_class=&#8220;story-skin-white row-90&#8243;][vc_column][vc_column_text] PRIVACY POLICY ERKL\u00c4RUNG \u00dcBER DIE VERARBEITUNG PERSONENBEZOGENER DATEN GEM\u00c4SS DER ARTIKEL 13-14 DER VERORDNUNG (EU) 2016\/679 UND DEM [\u2026]","og_url":"https:\/\/dev.autohome-official.com\/de\/datenschutzerklaerung\/","og_site_name":"Autohome","article_publisher":"https:\/\/www.facebook.com\/Autohome.Official.Page","article_modified_time":"2021-09-27T13:05:09+00:00","author":"Amministratore Autohome","twitter_card":"summary","twitter_misc":{"Gesch\u00e4tzte Lesezeit":"8 Minuten"},"schema":{"@context":"https:\/\/schema.org","@graph":[{"@type":"Organization","@id":"https:\/\/dev.autohome-official.com\/#organization","name":"Autohome","url":"https:\/\/dev.autohome-official.com\/","sameAs":["https:\/\/www.instagram.com\/autohome_official\/","http:\/\/www.youtube.com\/user\/AutohomeOfficial","https:\/\/www.facebook.com\/Autohome.Official.Page"],"logo":{"@type":"ImageObject","inLanguage":"de-DE","@id":"https:\/\/dev.autohome-official.com\/#\/schema\/logo\/image\/","url":"https:\/\/dev.autohome-official.com\/wp-content\/uploads\/2016\/10\/logo.png","contentUrl":"https:\/\/dev.autohome-official.com\/wp-content\/uploads\/2016\/10\/logo.png","width":295,"height":80,"caption":"Autohome"},"image":{"@id":"https:\/\/dev.autohome-official.com\/#\/schema\/logo\/image\/"}},{"@type":"WebSite","@id":"https:\/\/dev.autohome-official.com\/#website","url":"https:\/\/dev.autohome-official.com\/","name":"Autohome","description":"dachzelt  - roof top tents Made in Italy","publisher":{"@id":"https:\/\/dev.autohome-official.com\/#organization"},"potentialAction":[{"@type":"SearchAction","target":{"@type":"EntryPoint","urlTemplate":"https:\/\/dev.autohome-official.com\/?s={search_term_string}"},"query-input":"required name=search_term_string"}],"inLanguage":"de-DE"},{"@type":"WebPage","@id":"https:\/\/dev.autohome-official.com\/de\/datenschutzerklaerung\/#webpage","url":"https:\/\/dev.autohome-official.com\/de\/datenschutzerklaerung\/","name":"Datenschutz - Autohome Dachzelt","isPartOf":{"@id":"https:\/\/dev.autohome-official.com\/#website"},"datePublished":"2016-09-22T14:39:47+00:00","dateModified":"2021-09-27T13:05:09+00:00","breadcrumb":{"@id":"https:\/\/dev.autohome-official.com\/de\/datenschutzerklaerung\/#breadcrumb"},"inLanguage":"de-DE","potentialAction":[{"@type":"ReadAction","target":["https:\/\/dev.autohome-official.com\/de\/datenschutzerklaerung\/"]}]},{"@type":"BreadcrumbList","@id":"https:\/\/dev.autohome-official.com\/de\/datenschutzerklaerung\/#breadcrumb","itemListElement":[{"@type":"ListItem","position":1,"name":"Home","item":"https:\/\/dev.autohome-official.com\/de\/"},{"@type":"ListItem","position":2,"name":"Datenschutz"}]}]}},"_links":{"self":[{"href":"https:\/\/dev.autohome-official.com\/de\/wp-json\/wp\/v2\/pages\/10759"}],"collection":[{"href":"https:\/\/dev.autohome-official.com\/de\/wp-json\/wp\/v2\/pages"}],"about":[{"href":"https:\/\/dev.autohome-official.com\/de\/wp-json\/wp\/v2\/types\/page"}],"author":[{"embeddable":true,"href":"https:\/\/dev.autohome-official.com\/de\/wp-json\/wp\/v2\/users\/4"}],"replies":[{"embeddable":true,"href":"https:\/\/dev.autohome-official.com\/de\/wp-json\/wp\/v2\/comments?post=10759"}],"version-history":[{"count":2,"href":"https:\/\/dev.autohome-official.com\/de\/wp-json\/wp\/v2\/pages\/10759\/revisions"}],"predecessor-version":[{"id":58969,"href":"https:\/\/dev.autohome-official.com\/de\/wp-json\/wp\/v2\/pages\/10759\/revisions\/58969"}],"wp:attachment":[{"href":"https:\/\/dev.autohome-official.com\/de\/wp-json\/wp\/v2\/media?parent=10759"}],"curies":[{"name":"wp","href":"https:\/\/api.w.org\/{rel}","templated":true}]}}