{"id":10243,"date":"2016-12-29T10:45:30","date_gmt":"2016-12-29T09:45:30","guid":{"rendered":"https:\/\/dev.autohome-official.com\/de\/zubehoer\/accessori-overzone\/"},"modified":"2021-12-23T15:24:27","modified_gmt":"2021-12-23T14:24:27","slug":"overzone-zubehoer","status":"publish","type":"page","link":"https:\/\/dev.autohome-official.com\/de\/produkte\/zubehoer\/overzone-zubehoer\/","title":{"rendered":"Overzone zubeh\u00f6r"},"content":{"rendered":"<p>[vc_row el_class=&#8220;subslider row-full hide-in-subpage&#8220;][vc_column][vc_custom_heading text=&#8220;OVERZONE ZUBEH\u00d6R&#8220; font_container=&#8220;tag:h1|text_align:left&#8220; use_theme_fonts=&#8220;yes&#8220;][\/vc_column][\/vc_row][vc_row full_width=&#8220;stretch_row&#8220; el_class=&#8220;story-skin-white mb0 row-full&#8220;][vc_column offset=&#8220;vc_col-lg-8&#8243; el_class=&#8220;story-skin-white left mobileNoPadding&#8220;]<div class=\"breadcrumb-wrapper hide-in-subpage\"><ul class=\"breadcrumbs no-link\"><li><a href=\"https:\/\/dev.autohome-official.com\/de\/\">Startseite<\/a> <span><i class=\"icon-right-open\"><\/i><\/span><\/li><li><a href=\"https:\/\/dev.autohome-official.com:443\/de\/wp-json\/wp\/v2\/pages\/10243\/\"><\/a><\/li><\/ul><\/div>[vc_raw_html css=&#8220;.vc_custom_1515853870411{padding-top: 0px !important;}&#8220;]JTNDaDIlMjBzdHlsZSUzRCUyMmZvbnQtc2l6ZSUzQSUyMDQwcHglM0IlMjIlM0VBVUYlMjBFUkZPTEclMjBQUk9HUkFNTUlFUlQlM0MlMkZoMiUzRSUwQSUzQ3AlM0UlMEFEaWUlMjBVbWtsZWlkZWthYmluZSUyMGlzdCUyMGF1cyUyMGRlbSUyMHNlbGJlbiUyMHF1YWxpdGF0aXZlbiUyMFN0b2ZmJTIwaGVyZ2VzdGVsbHQlMjB3aWUlMjBPdmVyem9uZSUyMHVuZCUyMGlzdCUyMG1pdCUyMGZvbGdlbmRlbiUyMFNhY2hlbiUyMGF1c2dlc3RhdHRldCUzQSUyMDQlMjBXJUMzJUE0bmRlJTIwbWl0JTIwUmVpJUMzJTlGdmVyc2NobHVzcyUyQyUyMDIlMjB3aWVkZXJ2ZXJzY2hsaWUlQzMlOUZiYXJlJTIwRmVuc3RlciUyQyUyMHZvbiUyMGRlbmVuJTIwZWluZXMlMjBmZXN0JTIwdW5kJTIwdHJhbnNwYXJlbnQlMjB1bmQlMjBkYXMlMjBhbmRlcmUlMjBtaXQlMjBNb3NraXRvbmV0eiUyMGlzdC4lMjBEaWUlMjBGZW5zdGVyJTIwc2luZCUyMGF1JUMzJTlGZXJkZW0lMjBhYmR1bmtlbGJhciUyMHVuZCUyMDIlMjBUZWxlc2tvcHN0YW5nZW4lMjBzaW5kJTIwZWJlbmZhbGxzJTIwaW4lMjBkZXIlMjBBdXNzdGF0dHVuZyUyMG1pdCUyMGRhYmVpLiUyMEVpbiUyMHByYWt0aXNjaGVzJTIwdW5kJTIwcGxhdHpzcGFyZW5kZXMlMjBadWJlaCVDMyVCNnIlMkMlMjBkYXMlMjBlaW5lJTIwdmllbGYlQzMlQTRsdGlnZSUyME51dHp1bmclMjBlcm0lQzMlQjZnbGljaHQlMjAlMjhhbHMlMjBLJUMzJUJDY2hlJTJDJTIwVW1rbGVpZGVrYWJpbmUlMjBvZGVyJTIwYWxzJTIwQXVmZW50aGFsdHNyYXVtJTIwenVtJTIwRW50c3Bhbm5lbiUyOSUwQSUzQyUyRnAlM0U=[\/vc_raw_html][\/vc_column][vc_column width=&#8220;1\/3&#8243; offset=&#8220;vc_hidden-md vc_hidden-sm vc_hidden-xs&#8220;][vc_single_image image=&#8220;39780&#8243; img_size=&#8220;full&#8220; el_class=&#8220;white-arrow-bottom&#8220;][\/vc_column][\/vc_row][vc_row full_width=&#8220;stretch_row&#8220; el_class=&#8220;story-skin-white mb0&#8243;][vc_column width=&#8220;1\/2&#8243; offset=&#8220;vc_hidden-lg vc_hidden-md vc_col-xs-12&#8243;][vc_single_image image=&#8220;39780&#8243; img_size=&#8220;500&#215;500&#8243; alignment=&#8220;right&#8220;][\/vc_column][vc_column width=&#8220;1\/2&#8243; offset=&#8220;vc_hidden-lg vc_hidden-md vc_col-xs-12&#8243;][vc_single_image image=&#8220;39784&#8243; img_size=&#8220;500&#215;500&#8243; alignment=&#8220;right&#8220; el_class=&#8220;white-arrow-bottom&#8220;][\/vc_column][vc_column offset=&#8220;vc_col-lg-8 vc_hidden-md vc_hidden-sm vc_hidden-xs&#8220;][vc_single_image image=&#8220;39788&#8243; img_size=&#8220;full&#8220; el_class=&#8220;white-arrow-left&#8220;][\/vc_column][vc_column width=&#8220;1\/3&#8243; offset=&#8220;vc_hidden-lg vc_hidden-sm vc_hidden-xs&#8220;][vc_single_image image=&#8220;39780&#8243; img_size=&#8220;full&#8220;][\/vc_column][vc_column width=&#8220;1\/3&#8243; offset=&#8220;vc_hidden-lg vc_hidden-sm vc_hidden-xs&#8220;][vc_single_image image=&#8220;39780&#8243; img_size=&#8220;640&#215;640&#8243; alignment=&#8220;right&#8220; el_class=&#8220;white-arrow-left&#8220;][\/vc_column][vc_column offset=&#8220;vc_col-lg-4 vc_col-md-4 vc_hidden-sm vc_col-xs-12 vc_hidden-xs&#8220; el_class=&#8220;story-skin-white right&#8220;][vc_raw_html el_class=&#8220;mobileAccessoriesFirstBlock&#8220;]JTNDaDQlM0VWRVJBTkRBJTNDJTJGaDQlM0UlMEElM0NwJTNFJTNDc3Ryb25nJTNFRiVDMyVCQ3IlMjBQS1clM0ElMjBhcnQuJTIwT1olMkYwNEElM0MlMkZzdHJvbmclM0UlM0NiciUyMCUyRiUzRSUwQSUyOFNtYWxsJTIwY20lMjAxMzB4MTgwJTJDJTIwTWVkaXVtJTIwY20lMjAxNjB4MTgwJTJDJTIwTGFyZ2UlMjBjbSUyMDE4MHgxODAlMjklM0MlMkZwJTNFJTBBJTNDcCUzRSUzQ3N0cm9uZyUzRUYlQzMlQkNyJTIwR2VsJUMzJUE0bmRld2FnZW4lM0ElMjBhcnQuJTIwT1olMkYwNUElM0MlMkZzdHJvbmclM0UlM0NiciUyMCUyRiUzRSUwQSUyOFNtYWxsJTIwY20lMjAxMzB4MTgwJTJDJTIwTWVkaXVtJTIwY20lMjAxNjB4MTgwJTJDJTIwTGFyZ2UlMjBjbSUyMDE4MHgxODAlMjklM0MlMkZwJTNFJTBBJTNDZGl2JTIwY2xhc3MlM0QlMjJzdHJ1dHR1cmEtYWwlMjIlM0UlMEElM0NpbWclMjBjbGFzcyUzRCUyMnNpemUtbWVkaXVtJTIwd3AtaW1hZ2UtMTIwMjklMjBhbGlnbmxlZnQlMjBpbWctYWwlMjIlMjBzcmMlM0QlMjJodHRwJTNBJTJGJTJGd3d3LmF1dG9ob21lLW9mZmljaWFsLmNvbSUyRndwLWNvbnRlbnQlMkZ1cGxvYWRzJTJGMjAxNiUyRjEyJTJGc2ltYm9sb19BTC5wbmclMjIlMjBhbHQlM0QlMjIlMjIlMjBoZWlnaHQlM0QlMjI1OCUyMiUyMHdpZHRoJTNEJTIyNjUlMjIlM0VJbiUyMFIlQzMlQjZocmVuZm9ybSUyMGF1cyUyMGVsb3hpZXJ0ZW0lMjBBbHVtaW5pdW0lMEElM0NkaXYlMjBjbGFzcyUzRCUyMmNsZWFyZml4JTIyJTNFJTNDJTJGZGl2JTNFJTBBJTNDJTJGYnIlM0UlMEElM0MlMkZkaXYlM0U=[\/vc_raw_html][vc_btn title=&#8220;ONLINE SHOP&#8220; style=&#8220;flat&#8220; shape=&#8220;square&#8220; color=&#8220;danger&#8220; i_icon_fontawesome=&#8220;fa fa-shopping-cart&#8220; add_icon=&#8220;true&#8220; link=&#8220;url:http%3A%2F%2Fshop.autohome-official.com%2Fde%2Foverzone-zubehoer%2F27-umkleidekabine.html|||&#8220;][\/vc_column][vc_column offset=&#8220;vc_hidden-lg vc_hidden-md&#8220; el_class=&#8220;mobileDisplayFlex&#8220;][vc_raw_html el_class=&#8220;autohome_mobile_padding5&#8243;]JTNDaDQlM0VWRVJBTkRBJTNDJTJGaDQlM0UlMEElM0NwJTNFJTNDc3Ryb25nJTNFRiVDMyVCQ3IlMjBQS1clM0ElMjBhcnQuJTIwT1olMkYwNEElM0NiciUyMCUyRiUzRSUwQSUyOFNtYWxsJTIwY20lMjAxMzB4MTgwJTJDJTIwTWVkaXVtJTIwY20lMjAxNjB4MTgwJTJDJTIwTGFyZ2UlMjBjbSUyMDE4MHgxODAlMjklM0MlMkZzdHJvbmclM0UlM0MlMkZwJTNFJTBBJTNDcCUzRSUzQ3N0cm9uZyUzRUYlQzMlQkNyJTIwR2VsJUMzJUE0bmRld2FnZW4lM0ElMjBhcnQuJTIwT1olMkYwNUElM0NiciUyMCUyRiUzRSUwQSUyOFNtYWxsJTIwY20lMjAxMzB4MTgwJTJDJTIwTWVkaXVtJTIwY20lMjAxNjB4MTgwJTJDJTIwTGFyZ2UlMjBjbSUyMDE4MHgxODAlMjklM0MlMkZzdHJvbmclM0UlM0MlMkZwJTNFJTBBJTNDZGl2JTIwY2xhc3MlM0QlMjJzdHJ1dHR1cmEtYWwlMjIlM0UlMEElM0NpbWclMjBjbGFzcyUzRCUyMnNpemUtbWVkaXVtJTIwd3AtaW1hZ2UtMTIwMjklMjBhbGlnbmxlZnQlMjBpbWctYWwlMjIlMjBzcmMlM0QlMjJodHRwJTNBJTJGJTJGd3d3LmF1dG9ob21lLW9mZmljaWFsLmNvbSUyRndwLWNvbnRlbnQlMkZ1cGxvYWRzJTJGMjAxNiUyRjEyJTJGc2ltYm9sb19BTC5wbmclMjIlMjBhbHQlM0QlMjIlMjIlMjBoZWlnaHQlM0QlMjI1OCUyMiUyMHdpZHRoJTNEJTIyNjUlMjIlM0VJbiUyMFIlQzMlQjZocmVuZm9ybSUyMGF1cyUyMGVsb3hpZXJ0ZW0lMjBBbHVtaW5pdW0lMEElM0NkaXYlMjBjbGFzcyUzRCUyMmNsZWFyZml4JTIyJTNFJTNDJTJGZGl2JTNFJTBBJTNDJTJGYnIlM0UlMEElM0MlMkZkaXYlM0U=[\/vc_raw_html][vc_btn title=&#8220;ONLINE SHOP&#8220; style=&#8220;flat&#8220; shape=&#8220;square&#8220; color=&#8220;danger&#8220; align=&#8220;center&#8220; i_icon_fontawesome=&#8220;fa fa-shopping-cart&#8220; button_block=&#8220;true&#8220; add_icon=&#8220;true&#8220; link=&#8220;url:http%3A%2F%2Fshop.autohome-official.com%2Fde%2Foverzone-zubehoer%2F27-umkleidekabine.html|||&#8220;][\/vc_column][\/vc_row][vc_row full_width=&#8220;stretch_row&#8220; el_class=&#8220;mb0 story-skin-white&#8220;][vc_column offset=&#8220;vc_hidden-lg vc_hidden-md&#8220;][vc_single_image image=&#8220;46996&#8243; img_size=&#8220;full&#8220; el_class=&#8220;white-arrow-bottom&#8220;][\/vc_column][vc_column offset=&#8220;vc_col-lg-4 vc_col-md-4 vc_hidden-sm vc_hidden-xs&#8220; el_class=&#8220;story-skin-white left&#8220;][vc_raw_html]JTNDaDQlM0VUSEVSTU9IQVVCRSUzQyUyRmg0JTNFJTBBJTNDcCUzRSUzQ3N0cm9uZyUzRUFydC4lMjBPWiUyRjAzQSUzQyUyRnN0cm9uZyUzRSUzQyUyRnAlM0UlMEElM0NwJTNFRGllJTIwc2Nob24lMjB0cmFkaXRpb25lbGxlJTIwVGhlcm1vaGF1YmUlMjBiZXN0ZWh0JTIwYXVzJTIwbWl0JTIwUFUtYmVzY2hpY2h0ZXRlbiUyME55bG9uZ2V3ZWJlJTIwdW5kJTIwc29yZ3QlMjBmJUMzJUJDciUyMHp1cyVDMyVBNHR6bGljaGUlMjBJc29sYXRpb24lMjB2b3IlMjBXaW5kJTIwdW5kJTIwSyVDMyVBNGx0ZS4lMEElM0MlMkZwJTNFJTBBJTNDJTJGYnIlM0UlMEE=[\/vc_raw_html][vc_btn title=&#8220;ONLINE SHOP&#8220; style=&#8220;flat&#8220; shape=&#8220;square&#8220; color=&#8220;danger&#8220; i_icon_fontawesome=&#8220;fa fa-shopping-cart&#8220; add_icon=&#8220;true&#8220; link=&#8220;url:http%3A%2F%2Fshop.autohome-official.com%2Fde%2Foverzone-zubehoer%2F26-thermohaube.html|||&#8220;][\/vc_column][vc_column width=&#8220;2\/3&#8243; offset=&#8220;vc_hidden-sm vc_hidden-xs&#8220;][vc_single_image image=&#8220;9349&#8243; img_size=&#8220;full&#8220; el_class=&#8220;white-arrow-right&#8220;][\/vc_column][vc_column offset=&#8220;vc_hidden-lg vc_hidden-md&#8220;][vc_raw_html el_class=&#8220;autohome_mobile_padding5&#8243;]JTNDaDQlM0VUSEVSTU9IQVVCRSUzQyUyRmg0JTNFJTBBJTNDcCUzRSUzQ3N0cm9uZyUzRUFydC4lMjBPWiUyRjAzQSUzQyUyRnN0cm9uZyUzRSUzQyUyRnAlM0UlMEElM0NwJTNFRGllJTIwc2Nob24lMjB0cmFkaXRpb25lbGxlJTIwVGhlcm1vaGF1YmUlMjBiZXN0ZWh0JTIwYXVzJTIwbWl0JTIwUFUtYmVzY2hpY2h0ZXRlbiUyME55bG9uZ2V3ZWJlJTIwdW5kJTIwc29yZ3QlMjBmJUMzJUJDciUyMHp1cyVDMyVBNHR6bGljaGUlMjBJc29sYXRpb24lMjB2b3IlMjBXaW5kJTIwdW5kJTIwSyVDMyVBNGx0ZS4lMEElM0MlMkZwJTNFJTBBJTNDJTJGYnIlM0UlMEE=[\/vc_raw_html][vc_btn title=&#8220;ONLINE SHOP&#8220; style=&#8220;flat&#8220; shape=&#8220;square&#8220; color=&#8220;danger&#8220; align=&#8220;center&#8220; i_icon_fontawesome=&#8220;fa fa-shopping-cart&#8220; button_block=&#8220;true&#8220; add_icon=&#8220;true&#8220; link=&#8220;url:http%3A%2F%2Fshop.autohome-official.com%2Fde%2Foverzone-zubehoer%2F26-thermohaube.html|||&#8220;][\/vc_column][\/vc_row][vc_row full_width=&#8220;stretch_row&#8220; el_class=&#8220;story-skin-white mb0&#8243;][vc_column offset=&#8220;vc_hidden-lg vc_hidden-md&#8220;][vc_single_image image=&#8220;39792&#8243; img_size=&#8220;full&#8220; el_class=&#8220;white-arrow-bottom&#8220;][\/vc_column][vc_column width=&#8220;2\/3&#8243; offset=&#8220;vc_hidden-sm vc_hidden-xs&#8220;][vc_single_image image=&#8220;39711&#8243; img_size=&#8220;full&#8220; el_class=&#8220;white-arrow-left&#8220;][\/vc_column][vc_column offset=&#8220;vc_col-lg-4 vc_col-md-4 vc_hidden-sm vc_hidden-xs&#8220; el_class=&#8220;story-skin-white right&#8220;][vc_raw_html]JTNDaDQlM0VCT0RFTlNUQU5ERiVDMyU5Q1NTRSUzQyUyRmg0JTNFJTBBJTNDcCUzRSUzQ3N0cm9uZyUzRUFydC4lMjBPWiUyRjA1QSUzQyUyRnN0cm9uZyUzRSUzQyUyRnAlM0UlMEElM0NwJTNFQWNodCUyMHJvYnVzdGUlMjBCb2RlbnN0YW5kZiVDMyVCQyVDMyU5RmUlMkMlMjBkaWUlMjBlaW5lJTIwTW9udGFnZSUyMHZvbiUyME92ZXJ6b25lJTIwYXVmJTIwZGVyJTIwRXJkZSUyMGVybSVDMyVCNmdsaWNoZW4uJTIwU2llJTIwc2luZCUyMHVuZ2VmJUMzJUE0aHIlMjAyNSUyMGNtJTIwaG9jaCUyMHVuZCUyMGJpZXRlbiUyMGVpbmVuJTIwU2ljaGVyaGVpdHNhYnN0YW5kJTIwdm9yJTIwRmV1Y2h0aWdrZWl0JTJDJTIwV2Fzc2VyJTIwdW5kJTIwSW5zZWt0ZW4uJTIwS2xhcHBiYXIlMkMlMjB2ZXJzdGVsbGJhciUyMHVuZCUyMHNlaHIlMjBwbGF0enNwYXJlbmQlMkMlMjB3ZXJkZW4lMjBzaWUlMjB1bnRlciUyMGRhcyUyMEJhc2lzdGVpbCUyMHZvbiUyME92ZXJ6b25lJTIwbWl0dGVscyUyMGRlciUyMHByYWt0aXNjaGVuJTIwR3JpZmZlJTIwYW5nZWJyYWNodCUyMHVuZCUyMGslQzMlQjZubmVuJTIwYXVjaCUyMHclQzMlQTRocmVuZCUyMGRlciUyMFJlaXNlJTIwbW9udGllcnQlMjBibGVpYmVuLiUwQSUzQyUyRnAlM0UlMEElM0MlMkZiciUzRQ==[\/vc_raw_html][vc_btn title=&#8220;ONLINE SHOP&#8220; style=&#8220;flat&#8220; shape=&#8220;square&#8220; color=&#8220;danger&#8220; i_icon_fontawesome=&#8220;fa fa-shopping-cart&#8220; add_icon=&#8220;true&#8220; link=&#8220;url:http%3A%2F%2Fshop.autohome-official.com%2Fde%2Foverzone-zubehoer%2F49-bodenstandfuesse.html|||&#8220;][\/vc_column][vc_column offset=&#8220;vc_hidden-lg vc_hidden-md&#8220;][vc_raw_html el_class=&#8220;autohome_mobile_padding5&#8243;]JTNDaDQlM0VCT0RFTlNUQU5ERiVDMyU5Q1NTRSUzQyUyRmg0JTNFJTBBJTNDcCUzRSUzQ3N0cm9uZyUzRUFydC4lMjBPWiUyRjA1QSUzQyUyRnN0cm9uZyUzRSUzQyUyRnAlM0UlMEElM0NwJTNFQWNodCUyMHJvYnVzdGUlMjBCb2RlbnN0YW5kZiVDMyVCQyVDMyU5RmUlMkMlMjBkaWUlMjBlaW5lJTIwTW9udGFnZSUyMHZvbiUyME92ZXJ6b25lJTIwYXVmJTIwZGVyJTIwRXJkZSUyMGVybSVDMyVCNmdsaWNoZW4uJTIwU2llJTIwc2luZCUyMHVuZ2VmJUMzJUE0aHIlMjAyNSUyMGNtJTIwaG9jaCUyMHVuZCUyMGJpZXRlbiUyMGVpbmVuJTIwU2ljaGVyaGVpdHNhYnN0YW5kJTIwdm9yJTIwRmV1Y2h0aWdrZWl0JTJDJTIwV2Fzc2VyJTIwdW5kJTIwSW5zZWt0ZW4uJTIwS2xhcHBiYXIlMkMlMjB2ZXJzdGVsbGJhciUyMHVuZCUyMHNlaHIlMjBwbGF0enNwYXJlbmQlMkMlMjB3ZXJkZW4lMjBzaWUlMjB1bnRlciUyMGRhcyUyMEJhc2lzdGVpbCUyMHZvbiUyME92ZXJ6b25lJTIwbWl0dGVscyUyMGRlciUyMHByYWt0aXNjaGVuJTIwR3JpZmZlJTIwYW5nZWJyYWNodCUyMHVuZCUyMGslQzMlQjZubmVuJTIwYXVjaCUyMHclQzMlQTRocmVuZCUyMGRlciUyMFJlaXNlJTIwbW9udGllcnQlMjBibGVpYmVuLiUwQSUzQyUyRnAlM0UlMEElM0MlMkZiciUzRQ==[\/vc_raw_html][vc_btn title=&#8220;ONLINE SHOP&#8220; style=&#8220;flat&#8220; shape=&#8220;square&#8220; color=&#8220;danger&#8220; align=&#8220;center&#8220; i_icon_fontawesome=&#8220;fa fa-shopping-cart&#8220; button_block=&#8220;true&#8220; add_icon=&#8220;true&#8220; link=&#8220;url:http%3A%2F%2Fshop.autohome-official.com%2Fde%2Foverzone-zubehoer%2F49-bodenstandfuesse.html|||&#8220;][\/vc_column][\/vc_row]<\/p>\n","protected":false},"excerpt":{"rendered":"<p>[vc_row el_class=&#8220;subslider row-full hide-in-subpage&#8220;][vc_column][vc_custom_heading text=&#8220;OVERZONE ZUBEH\u00d6R&#8220; font_container=&#8220;tag:h1|text_align:left&#8220; use_theme_fonts=&#8220;yes&#8220;][\/vc_column][\/vc_row][vc_row full_width=&#8220;stretch_row&#8220; el_class=&#8220;story-skin-white mb0 row-full&#8220;][vc_column offset=&#8220;vc_col-lg-8&#8243; el_class=&#8220;story-skin-white left mobileNoPadding&#8220;][vc_raw_html css=&#8220;.vc_custom_1515853870411{padding-top: 0px !important;}&#8220;]JTNDaDIlMjBzdHlsZSUzRCUyMmZvbnQtc2l6ZSUzQSUyMDQwcHglM0IlMjIlM0VBVUYlMjBFUkZPTEclMjBQUk9HUkFNTUlFUlQlM0MlMkZoMiUzRSUwQSUzQ3AlM0UlMEFEaWUlMjBVbWtsZWlkZWthYmluZSUyMGlzdCUyMGF1cyUyMGRlbSUyMHNlbGJlbiUyMHF1YWxpdGF0aXZlbiUyMFN0b2ZmJTIwaGVyZ2VzdGVsbHQlMjB3aWUlMjBPdmVyem9uZSUyMHVuZCUyMGlzdCUyMG1pdCUyMGZvbGdlbmRlbiUyMFNhY2hlbiUyMGF1c2dlc3RhdHRldCUzQSUyMDQlMjBXJUMzJUE0bmRlJTIwbWl0JTIwUmVpJUMzJTlGdmVyc2NobHVzcyUyQyUyMDIlMjB3aWVkZXJ2ZXJzY2hsaWUlQzMlOUZiYXJlJTIwRmVuc3RlciUyQyUyMHZvbiUyMGRlbmVuJTIwZWluZXMlMjBmZXN0JTIwdW5kJTIwdHJhbnNwYXJlbnQlMjB1bmQlMjBkYXMlMjBhbmRlcmUlMjBtaXQlMjBNb3NraXRvbmV0eiUyMGlzdC4lMjBEaWUlMjBGZW5zdGVyJTIwc2luZCUyMGF1JUMzJTlGZXJkZW0lMjBhYmR1bmtlbGJhciUyMHVuZCUyMDIlMjBUZWxlc2tvcHN0YW5nZW4lMjBzaW5kJTIwZWJlbmZhbGxzJTIwaW4lMjBkZXIlMjBBdXNzdGF0dHVuZyUyMG1pdCUyMGRhYmVpLiUyMEVpbiUyMHByYWt0aXNjaGVzJTIwdW5kJTIwcGxhdHpzcGFyZW5kZXMlMjBadWJlaCVDMyVCNnIlMkMlMjBkYXMlMjBlaW5lJTIwdmllbGYlQzMlQTRsdGlnZSUyME51dHp1bmclMjBlcm0lQzMlQjZnbGljaHQlMjAlMjhhbHMlMjBLJUMzJUJDY2hlJTJDJTIwVW1rbGVpZGVrYWJpbmUlMjBvZGVyJTIwYWxzJTIwQXVmZW50aGFsdHNyYXVtJTIwenVtJTIwRW50c3Bhbm5lbiUyOSUwQSUzQyUyRnAlM0U=[\/vc_raw_html][\/vc_column][vc_column width=&#8220;1\/3&#8243; offset=&#8220;vc_hidden-md vc_hidden-sm vc_hidden-xs&#8220;][vc_single_image image=&#8220;39780&#8243; img_size=&#8220;full&#8220; el_class=&#8220;white-arrow-bottom&#8220;][\/vc_column][\/vc_row][vc_row<span class=\"excerpt-hellip\"> [\u2026]<\/span><\/p>\n","protected":false},"author":4,"featured_media":53698,"parent":10230,"menu_order":0,"comment_status":"closed","ping_status":"closed","template":"template-accessori.php","meta":[],"yoast_head":"<!-- This site is optimized with the Yoast SEO Premium plugin v18.6 (Yoast SEO v19.2) - https:\/\/yoast.com\/wordpress\/plugins\/seo\/ -->\n<title>Produkte: Overzone zubeh\u00f6r - Dachzelt - Autohome<\/title>\n<meta name=\"description\" content=\"Gro\u00dfe Auswahl an Overzone-Zubeh\u00f6r wie Umkleidekabine, Thermohaube, Bodenstandf\u00fc\u00dfe und vieles mehr. Entdecke mehr auf unserer Homepage!\" \/>\n<meta name=\"robots\" content=\"noindex, follow, max-snippet:-1, max-image-preview:large, max-video-preview:-1\" \/>\n<meta property=\"og:locale\" content=\"de_DE\" \/>\n<meta property=\"og:type\" content=\"article\" \/>\n<meta property=\"og:title\" content=\"Overzone zubeh\u00f6r\" \/>\n<meta property=\"og:description\" content=\"Gro\u00dfe Auswahl an Overzone-Zubeh\u00f6r wie Umkleidekabine, Thermohaube, Bodenstandf\u00fc\u00dfe und vieles mehr. Entdecke mehr auf unserer Homepage!\" \/>\n<meta property=\"og:url\" content=\"https:\/\/dev.autohome-official.com\/de\/produkte\/zubehoer\/overzone-zubehoer\/\" \/>\n<meta property=\"og:site_name\" content=\"Autohome\" \/>\n<meta property=\"article:publisher\" content=\"https:\/\/www.facebook.com\/Autohome.Official.Page\" \/>\n<meta property=\"article:modified_time\" content=\"2021-12-23T14:24:27+00:00\" \/>\n<meta property=\"og:image\" content=\"https:\/\/dev.autohome-official.com\/wp-content\/uploads\/2021\/01\/Overzone-Autohome-Official.jpg\" \/>\n\t<meta property=\"og:image:width\" content=\"800\" \/>\n\t<meta property=\"og:image:height\" content=\"533\" \/>\n\t<meta property=\"og:image:type\" content=\"image\/jpeg\" \/>\n<meta name=\"author\" content=\"Amministratore Autohome\" \/>\n<meta name=\"twitter:card\" content=\"summary\" \/>\n<meta name=\"twitter:label1\" content=\"Gesch\u00e4tzte Lesezeit\" \/>\n\t<meta name=\"twitter:data1\" content=\"5 Minuten\" \/>\n<script type=\"application\/ld+json\" class=\"yoast-schema-graph\">{\"@context\":\"https:\/\/schema.org\",\"@graph\":[{\"@type\":\"Organization\",\"@id\":\"https:\/\/dev.autohome-official.com\/#organization\",\"name\":\"Autohome\",\"url\":\"https:\/\/dev.autohome-official.com\/\",\"sameAs\":[\"https:\/\/www.instagram.com\/autohome_official\/\",\"http:\/\/www.youtube.com\/user\/AutohomeOfficial\",\"https:\/\/www.facebook.com\/Autohome.Official.Page\"],\"logo\":{\"@type\":\"ImageObject\",\"inLanguage\":\"de-DE\",\"@id\":\"https:\/\/dev.autohome-official.com\/#\/schema\/logo\/image\/\",\"url\":\"https:\/\/dev.autohome-official.com\/wp-content\/uploads\/2016\/10\/logo.png\",\"contentUrl\":\"https:\/\/dev.autohome-official.com\/wp-content\/uploads\/2016\/10\/logo.png\",\"width\":295,\"height\":80,\"caption\":\"Autohome\"},\"image\":{\"@id\":\"https:\/\/dev.autohome-official.com\/#\/schema\/logo\/image\/\"}},{\"@type\":\"WebSite\",\"@id\":\"https:\/\/dev.autohome-official.com\/#website\",\"url\":\"https:\/\/dev.autohome-official.com\/\",\"name\":\"Autohome\",\"description\":\"dachzelt  - roof top tents Made in Italy\",\"publisher\":{\"@id\":\"https:\/\/dev.autohome-official.com\/#organization\"},\"potentialAction\":[{\"@type\":\"SearchAction\",\"target\":{\"@type\":\"EntryPoint\",\"urlTemplate\":\"https:\/\/dev.autohome-official.com\/?s={search_term_string}\"},\"query-input\":\"required name=search_term_string\"}],\"inLanguage\":\"de-DE\"},{\"@type\":\"ImageObject\",\"inLanguage\":\"de-DE\",\"@id\":\"https:\/\/dev.autohome-official.com\/de\/produkte\/zubehoer\/overzone-zubehoer\/#primaryimage\",\"url\":\"https:\/\/dev.autohome-official.com\/wp-content\/uploads\/2021\/01\/Overzone-Autohome-Official.jpg\",\"contentUrl\":\"https:\/\/dev.autohome-official.com\/wp-content\/uploads\/2021\/01\/Overzone-Autohome-Official.jpg\",\"width\":800,\"height\":533,\"caption\":\"Overzone Autohome Official\"},{\"@type\":\"WebPage\",\"@id\":\"https:\/\/dev.autohome-official.com\/de\/produkte\/zubehoer\/overzone-zubehoer\/#webpage\",\"url\":\"https:\/\/dev.autohome-official.com\/de\/produkte\/zubehoer\/overzone-zubehoer\/\",\"name\":\"Produkte: Overzone zubeh\u00f6r - Dachzelt - Autohome\",\"isPartOf\":{\"@id\":\"https:\/\/dev.autohome-official.com\/#website\"},\"primaryImageOfPage\":{\"@id\":\"https:\/\/dev.autohome-official.com\/de\/produkte\/zubehoer\/overzone-zubehoer\/#primaryimage\"},\"datePublished\":\"2016-12-29T09:45:30+00:00\",\"dateModified\":\"2021-12-23T14:24:27+00:00\",\"description\":\"Gro\u00dfe Auswahl an Overzone-Zubeh\u00f6r wie Umkleidekabine, Thermohaube, Bodenstandf\u00fc\u00dfe und vieles mehr. Entdecke mehr auf unserer Homepage!\",\"breadcrumb\":{\"@id\":\"https:\/\/dev.autohome-official.com\/de\/produkte\/zubehoer\/overzone-zubehoer\/#breadcrumb\"},\"inLanguage\":\"de-DE\",\"potentialAction\":[{\"@type\":\"ReadAction\",\"target\":[\"https:\/\/dev.autohome-official.com\/de\/produkte\/zubehoer\/overzone-zubehoer\/\"]}]},{\"@type\":\"BreadcrumbList\",\"@id\":\"https:\/\/dev.autohome-official.com\/de\/produkte\/zubehoer\/overzone-zubehoer\/#breadcrumb\",\"itemListElement\":[{\"@type\":\"ListItem\",\"position\":1,\"name\":\"Home\",\"item\":\"https:\/\/dev.autohome-official.com\/de\/\"},{\"@type\":\"ListItem\",\"position\":2,\"name\":\"Produkte\",\"item\":\"https:\/\/dev.autohome-official.com\/de\/produkte\/\"},{\"@type\":\"ListItem\",\"position\":3,\"name\":\"Zubeh\u00f6r\",\"item\":\"https:\/\/dev.autohome-official.com\/de\/produkte\/zubehoer\/\"},{\"@type\":\"ListItem\",\"position\":4,\"name\":\"Overzone zubeh\u00f6r\"}]}]}<\/script>\n<!-- \/ Yoast SEO Premium plugin. -->","yoast_head_json":{"title":"Produkte: Overzone zubeh\u00f6r - Dachzelt - Autohome","description":"Gro\u00dfe Auswahl an Overzone-Zubeh\u00f6r wie Umkleidekabine, Thermohaube, Bodenstandf\u00fc\u00dfe und vieles mehr. Entdecke mehr auf unserer Homepage!","robots":{"index":"noindex","follow":"follow","max-snippet":"max-snippet:-1","max-image-preview":"max-image-preview:large","max-video-preview":"max-video-preview:-1"},"og_locale":"de_DE","og_type":"article","og_title":"Overzone zubeh\u00f6r","og_description":"Gro\u00dfe Auswahl an Overzone-Zubeh\u00f6r wie Umkleidekabine, Thermohaube, Bodenstandf\u00fc\u00dfe und vieles mehr. Entdecke mehr auf unserer Homepage!","og_url":"https:\/\/dev.autohome-official.com\/de\/produkte\/zubehoer\/overzone-zubehoer\/","og_site_name":"Autohome","article_publisher":"https:\/\/www.facebook.com\/Autohome.Official.Page","article_modified_time":"2021-12-23T14:24:27+00:00","og_image":[{"width":800,"height":533,"url":"https:\/\/dev.autohome-official.com\/wp-content\/uploads\/2021\/01\/Overzone-Autohome-Official.jpg","type":"image\/jpeg"}],"author":"Amministratore Autohome","twitter_card":"summary","twitter_misc":{"Gesch\u00e4tzte Lesezeit":"5 Minuten"},"schema":{"@context":"https:\/\/schema.org","@graph":[{"@type":"Organization","@id":"https:\/\/dev.autohome-official.com\/#organization","name":"Autohome","url":"https:\/\/dev.autohome-official.com\/","sameAs":["https:\/\/www.instagram.com\/autohome_official\/","http:\/\/www.youtube.com\/user\/AutohomeOfficial","https:\/\/www.facebook.com\/Autohome.Official.Page"],"logo":{"@type":"ImageObject","inLanguage":"de-DE","@id":"https:\/\/dev.autohome-official.com\/#\/schema\/logo\/image\/","url":"https:\/\/dev.autohome-official.com\/wp-content\/uploads\/2016\/10\/logo.png","contentUrl":"https:\/\/dev.autohome-official.com\/wp-content\/uploads\/2016\/10\/logo.png","width":295,"height":80,"caption":"Autohome"},"image":{"@id":"https:\/\/dev.autohome-official.com\/#\/schema\/logo\/image\/"}},{"@type":"WebSite","@id":"https:\/\/dev.autohome-official.com\/#website","url":"https:\/\/dev.autohome-official.com\/","name":"Autohome","description":"dachzelt  - roof top tents Made in Italy","publisher":{"@id":"https:\/\/dev.autohome-official.com\/#organization"},"potentialAction":[{"@type":"SearchAction","target":{"@type":"EntryPoint","urlTemplate":"https:\/\/dev.autohome-official.com\/?s={search_term_string}"},"query-input":"required name=search_term_string"}],"inLanguage":"de-DE"},{"@type":"ImageObject","inLanguage":"de-DE","@id":"https:\/\/dev.autohome-official.com\/de\/produkte\/zubehoer\/overzone-zubehoer\/#primaryimage","url":"https:\/\/dev.autohome-official.com\/wp-content\/uploads\/2021\/01\/Overzone-Autohome-Official.jpg","contentUrl":"https:\/\/dev.autohome-official.com\/wp-content\/uploads\/2021\/01\/Overzone-Autohome-Official.jpg","width":800,"height":533,"caption":"Overzone Autohome Official"},{"@type":"WebPage","@id":"https:\/\/dev.autohome-official.com\/de\/produkte\/zubehoer\/overzone-zubehoer\/#webpage","url":"https:\/\/dev.autohome-official.com\/de\/produkte\/zubehoer\/overzone-zubehoer\/","name":"Produkte: Overzone zubeh\u00f6r - Dachzelt - Autohome","isPartOf":{"@id":"https:\/\/dev.autohome-official.com\/#website"},"primaryImageOfPage":{"@id":"https:\/\/dev.autohome-official.com\/de\/produkte\/zubehoer\/overzone-zubehoer\/#primaryimage"},"datePublished":"2016-12-29T09:45:30+00:00","dateModified":"2021-12-23T14:24:27+00:00","description":"Gro\u00dfe Auswahl an Overzone-Zubeh\u00f6r wie Umkleidekabine, Thermohaube, Bodenstandf\u00fc\u00dfe und vieles mehr. Entdecke mehr auf unserer Homepage!","breadcrumb":{"@id":"https:\/\/dev.autohome-official.com\/de\/produkte\/zubehoer\/overzone-zubehoer\/#breadcrumb"},"inLanguage":"de-DE","potentialAction":[{"@type":"ReadAction","target":["https:\/\/dev.autohome-official.com\/de\/produkte\/zubehoer\/overzone-zubehoer\/"]}]},{"@type":"BreadcrumbList","@id":"https:\/\/dev.autohome-official.com\/de\/produkte\/zubehoer\/overzone-zubehoer\/#breadcrumb","itemListElement":[{"@type":"ListItem","position":1,"name":"Home","item":"https:\/\/dev.autohome-official.com\/de\/"},{"@type":"ListItem","position":2,"name":"Produkte","item":"https:\/\/dev.autohome-official.com\/de\/produkte\/"},{"@type":"ListItem","position":3,"name":"Zubeh\u00f6r","item":"https:\/\/dev.autohome-official.com\/de\/produkte\/zubehoer\/"},{"@type":"ListItem","position":4,"name":"Overzone zubeh\u00f6r"}]}]}},"_links":{"self":[{"href":"https:\/\/dev.autohome-official.com\/de\/wp-json\/wp\/v2\/pages\/10243"}],"collection":[{"href":"https:\/\/dev.autohome-official.com\/de\/wp-json\/wp\/v2\/pages"}],"about":[{"href":"https:\/\/dev.autohome-official.com\/de\/wp-json\/wp\/v2\/types\/page"}],"author":[{"embeddable":true,"href":"https:\/\/dev.autohome-official.com\/de\/wp-json\/wp\/v2\/users\/4"}],"replies":[{"embeddable":true,"href":"https:\/\/dev.autohome-official.com\/de\/wp-json\/wp\/v2\/comments?post=10243"}],"version-history":[{"count":1,"href":"https:\/\/dev.autohome-official.com\/de\/wp-json\/wp\/v2\/pages\/10243\/revisions"}],"predecessor-version":[{"id":60904,"href":"https:\/\/dev.autohome-official.com\/de\/wp-json\/wp\/v2\/pages\/10243\/revisions\/60904"}],"up":[{"embeddable":true,"href":"https:\/\/dev.autohome-official.com\/de\/wp-json\/wp\/v2\/pages\/10230"}],"wp:featuredmedia":[{"embeddable":true,"href":"https:\/\/dev.autohome-official.com\/de\/wp-json\/wp\/v2\/media\/53698"}],"wp:attachment":[{"href":"https:\/\/dev.autohome-official.com\/de\/wp-json\/wp\/v2\/media?parent=10243"}],"curies":[{"name":"wp","href":"https:\/\/api.w.org\/{rel}","templated":true}]}}